{"id":83506,"date":"2021-11-04T11:08:32","date_gmt":"2021-11-04T04:08:32","guid":{"rendered":"https:\/\/corporatecounsels.vn\/legal-culture\/"},"modified":"2022-12-28T15:00:26","modified_gmt":"2022-12-28T08:00:26","slug":"van-hoa-phap-ly","status":"publish","type":"page","link":"https:\/\/corporatecounsels.vn\/vi\/van-hoa-phap-ly\/","title":{"rendered":"V\u0103n h\u00f3a ph\u00e1p ly\u0301"},"content":{"rendered":"","protected":false},"excerpt":{"rendered":"","protected":false},"author":41,"featured_media":84141,"parent":0,"menu_order":0,"comment_status":"closed","ping_status":"closed","template":"page-legal-culture.php","meta":[],"_links":{"self":[{"href":"https:\/\/corporatecounsels.vn\/vi\/wp-json\/wp\/v2\/pages\/83506"}],"collection":[{"href":"https:\/\/corporatecounsels.vn\/vi\/wp-json\/wp\/v2\/pages"}],"about":[{"href":"https:\/\/corporatecounsels.vn\/vi\/wp-json\/wp\/v2\/types\/page"}],"author":[{"embeddable":true,"href":"https:\/\/corporatecounsels.vn\/vi\/wp-json\/wp\/v2\/users\/41"}],"replies":[{"embeddable":true,"href":"https:\/\/corporatecounsels.vn\/vi\/wp-json\/wp\/v2\/comments?post=83506"}],"version-history":[{"count":5,"href":"https:\/\/corporatecounsels.vn\/vi\/wp-json\/wp\/v2\/pages\/83506\/revisions"}],"predecessor-version":[{"id":84739,"href":"https:\/\/corporatecounsels.vn\/vi\/wp-json\/wp\/v2\/pages\/83506\/revisions\/84739"}],"wp:featuredmedia":[{"embeddable":true,"href":"https:\/\/corporatecounsels.vn\/vi\/wp-json\/wp\/v2\/media\/84141"}],"wp:attachment":[{"href":"https:\/\/corporatecounsels.vn\/vi\/wp-json\/wp\/v2\/media?parent=83506"}],"curies":[{"name":"wp","href":"https:\/\/api.w.org\/{rel}","templated":true}]}}