{"id":83497,"date":"2021-11-04T13:33:23","date_gmt":"2021-11-04T06:33:23","guid":{"rendered":"https:\/\/corporatecounsels.vn\/why-us\/"},"modified":"2023-02-23T17:24:49","modified_gmt":"2023-02-23T10:24:49","slug":"ly-do-chon-chung-toi","status":"publish","type":"page","link":"https:\/\/corporatecounsels.vn\/vi\/ly-do-chon-chung-toi\/","title":{"rendered":"V\u00ec sao l\u00e0 ch\u00fang t\u00f4i"},"content":{"rendered":"<p>Corporate Counsels l\u00e0 m\u1ed9t chi nh\u00e1nh chuy\u00ean ng\u00e0nh c\u1ee7a Le &amp; Tran Trial Lawyers, m\u1ed9t c\u00f4ng ty lu\u1eadt h\u00e0ng \u0111\u1ea7u t\u1ea1i Vi\u1ec7t Nam. \u0110\u1ec3 \u0111\u00e1p \u1ee9ng nhu c\u1ea7u t\u01b0 v\u1ea5n doanh nghi\u1ec7p ng\u00e0y c\u00e0ng t\u0103ng c\u1ee7a kh\u00e1ch h\u00e0ng, Le &amp; Tran quy\u1ebft \u0111\u1ecbnh t\u00e2\u0323p trung to\u00e0n b\u1ed9 chi nh\u00e1nh v\u00e0o ma\u0309ng \u0111\u1ea7u t\u01b0 n\u01b0\u1edbc ngo\u00e0i, Mua b\u00e1n v\u00e0 s\u00e1p nh\u1eadp, d\u1ecbch v\u1ee5 t\u00e0i ch\u00ednh, an ninh m\u1ea1ng v\u00e0 c\u00e1c v\u1ea5n \u0111\u1ec1 doanh nghi\u00ea\u0323p kh\u00e1c. Nh\u1edd ngu\u1ed3n l\u1ef1c \u0111\u01b0\u1ee3c ph\u00e2n b\u1ed5 \u0111\u1eb7c bi\u1ec7t \u0111\u1ec3 h\u1ed7 tr\u1ee3 c\u00e1c quy\u1ec1n v\u00e0 ph\u01b0\u01a1ng th\u1ee9c ho\u1ea1t \u0111\u1ed9ng doanh nghi\u00ea\u0323p c\u1ee7a kh\u00e1ch h\u00e0ng, Corporate Counsels t\u1ef1 tin ti\u1ebfp t\u1ee5c di s\u1ea3n cao qu\u00fd c\u1ee7a L\u00ea &amp; Tr\u1ea7n.<\/p>\n<p>V\u1edbi b\u1ec1 d\u00e0y kinh nghi\u1ec7m c\u0169ng nh\u01b0 s\u1ef1 am hi\u1ec3u v\u1ec1 th\u1ecb tr\u01b0\u1eddng kinh doanh t\u1ea1i Vi\u1ec7t Nam, c\u00e1c lu\u1eadt s\u01b0 t\u1ea1i Corporate Counsels \u0111\u01b0\u1ee3c trang b\u1ecb \u0111\u1ea7y \u0111\u1ee7 \u0111\u1ec3 h\u1ed7 tr\u1ee3 doanh nghi\u1ec7p m\u1ecdi nhu c\u1ea7u ph\u00e1p l\u00fd. Cho d\u00f9 l\u00e0 c\u00f4ng ty \u0111a qu\u1ed1c gia hay c\u00f4ng ty \u0111\u1ecba ph\u01b0\u01a1ng, kh\u00e1ch ha\u0300ng \u0111\u1ebfn v\u1edbi ch\u00fang t\u00f4i co\u0301 nhi\u1ec1u th\u0103\u0301c m\u0103\u0301c li\u00ean quan \u0111\u1ebfn c\u00e1c quy \u0111\u1ecbnh c\u1ee7a ch\u00ednh ph\u1ee7, v\u00e2\u0301n \u0111\u00ea\u0300 t\u0103ng tr\u01b0\u1edfng kinh doanh v\u00e0 c\u01a1 c\u1ea5u l\u1ea1i gi\u1ea5y ph\u00e9p th\u01b0\u01a1ng m\u1ea1i c\u0169ng nh\u01b0 qu\u1ea3n tr\u1ecb c\u00f4ng ty. Danh s\u00e1ch kh\u00e1ch h\u00e0ng c\u1ee7a ch\u00fang t\u00f4i bao g\u00f4\u0300m c\u00e1c c\u00f4ng ty chuy\u00ean v\u1ec1 t\u00e0i ch\u00ednh, th\u01b0\u01a1ng m\u1ea1i \u0111i\u1ec7n t\u1eed, b\u1ea3o hi\u1ec3m, n\u0103ng l\u01b0\u1ee3ng, c\u00f4ng ngh\u1ec7 v\u00e0 logistics.<\/p>\n<p>L\u00e0 c\u00f4ng ty lu\u00e2\u0323t c\u00f3 t\u01b0 duy t\u1eadp trung v\u00e0o kh\u00e1ch h\u00e0ng, Corporate Counsels ba\u0309o \u0111\u1ea3m t\u00ecm hi\u1ec3u c\u00e1c vu\u0323 vi\u00ea\u0323c \u0111\u1eb7c bi\u1ec7t c\u1ee7a kha\u0301ch ha\u0300ng \u0111\u1ec3 \u0111i\u1ec1u ch\u1ec9nh \u00fd ki\u1ebfn t\u01b0 v\u00e2\u0301n ph\u00f9 h\u1ee3p nh\u1ea5t v\u1edbi nhu c\u1ea7u v\u00e0 nguy\u1ec7n v\u1ecdng c\u1ee7a kha\u0301ch ha\u0300ng. Ch\u00fang t\u00f4i \u1ee7ng h\u1ed9 s\u1ef1 c\u1ea3i ti\u1ebfn doanh nghi\u00ea\u0323p v\u00e0 hoan ngh\u00eanh t\u00ednh \u0111\u1ed9t ph\u00e1 trong ng\u00e0nh, do \u0111\u00f3, ch\u00fang t\u00f4i s\u1ebd n\u1ed7 l\u1ef1c h\u1ebft s\u1ee9c \u0111\u1ec3 gi\u00fap c\u00e1c doanh nghi\u1ec7p v\u01b0\u1ee3t qua r\u00e0o c\u1ea3n v\u00e0 t\u1ed1i \u01b0u h\u00f3a c\u01a1 h\u1ed9i. T\u01b0 duy c\u1ea7u ti\u1ebfn, c\u00f3 n\u0103ng l\u1ef1c th\u01b0\u0323c s\u01b0\u0323 v\u00e0 c\u01b0\u0323c ky\u0300 c\u00e2\u0309n tro\u0323ng, Corporate Counsels r\u1ea5t h\u00e2n ha\u0323nh \u0111\u01b0\u1ee3c tr\u1edf th\u00e0nh c\u1ed1 v\u1ea5n ph\u00e1p l\u00fd c\u1ee7a kha\u0301ch ha\u0300ng v\u00e0 \u0111\u1ed3ng h\u00e0nh c\u00f9ng kha\u0301ch ha\u0300ng trong su\u1ed1t qu\u00e1 tr\u00ecnh kha\u0301ch ha\u0300ng ghi d\u1ea5u \u1ea5n l\u00ean n\u1ec1n kinh t\u1ebf \u0111\u1ecba ph\u01b0\u01a1ng v\u00e0 to\u00e0n c\u1ea7u.<\/p>","protected":false},"excerpt":{"rendered":"<p>Corporate Counsels l\u00e0 m\u1ed9t chi nh\u00e1nh chuy\u00ean ng\u00e0nh c\u1ee7a Le &amp; Tran Trial Lawyers, m\u1ed9t c\u00f4ng ty lu\u1eadt h\u00e0ng \u0111\u1ea7u t\u1ea1i Vi\u1ec7t Nam. \u0110\u1ec3 \u0111\u00e1p \u1ee9ng nhu c\u1ea7u t\u01b0 v\u1ea5n doanh nghi\u1ec7p ng\u00e0y c\u00e0ng t\u0103ng c\u1ee7a kh\u00e1ch h\u00e0ng, Le &amp; Tran quy\u1ebft \u0111\u1ecbnh t\u00e2\u0323p trung to\u00e0n b\u1ed9 chi nh\u00e1nh v\u00e0o ma\u0309ng \u0111\u1ea7u t\u01b0 n\u01b0\u1edbc ngo\u00e0i, [&hellip;]<\/p>\n","protected":false},"author":41,"featured_media":84647,"parent":0,"menu_order":0,"comment_status":"closed","ping_status":"closed","template":"page-why-us.php","meta":[],"_links":{"self":[{"href":"https:\/\/corporatecounsels.vn\/vi\/wp-json\/wp\/v2\/pages\/83497"}],"collection":[{"href":"https:\/\/corporatecounsels.vn\/vi\/wp-json\/wp\/v2\/pages"}],"about":[{"href":"https:\/\/corporatecounsels.vn\/vi\/wp-json\/wp\/v2\/types\/page"}],"author":[{"embeddable":true,"href":"https:\/\/corporatecounsels.vn\/vi\/wp-json\/wp\/v2\/users\/41"}],"replies":[{"embeddable":true,"href":"https:\/\/corporatecounsels.vn\/vi\/wp-json\/wp\/v2\/comments?post=83497"}],"version-history":[{"count":22,"href":"https:\/\/corporatecounsels.vn\/vi\/wp-json\/wp\/v2\/pages\/83497\/revisions"}],"predecessor-version":[{"id":85402,"href":"https:\/\/corporatecounsels.vn\/vi\/wp-json\/wp\/v2\/pages\/83497\/revisions\/85402"}],"wp:featuredmedia":[{"embeddable":true,"href":"https:\/\/corporatecounsels.vn\/vi\/wp-json\/wp\/v2\/media\/84647"}],"wp:attachment":[{"href":"https:\/\/corporatecounsels.vn\/vi\/wp-json\/wp\/v2\/media?parent=83497"}],"curies":[{"name":"wp","href":"https:\/\/api.w.org\/{rel}","templated":true}]}}