{"id":83426,"date":"2021-11-11T13:38:29","date_gmt":"2021-11-11T06:38:29","guid":{"rendered":"https:\/\/corporatecounsels.vn\/?page_id=83426"},"modified":"2023-01-16T09:25:45","modified_gmt":"2023-01-16T02:25:45","slug":"hang-khong","status":"publish","type":"page","link":"https:\/\/corporatecounsels.vn\/vi\/industries\/hang-khong\/","title":{"rendered":"H\u00e0ng kh\u00f4ng"},"content":{"rendered":"<h3 style=\"text-align: left;\">L\u1eddi m\u1edf \u0111\u1ea7u<\/h3>\n<p style=\"text-align: left;\">Trong hai th\u1eadp k\u1ef7 qua, ng\u00e0nh H\u00e0ng kh\u00f4ng \u0111\u00e3 ph\u00e1t tri\u1ec3n theo c\u1ea5p s\u1ed1 nh\u00e2n \u1edf Khu v\u1ef1c Ch\u00e2u \u00c1 &#8211; Th\u00e1i B\u00ecnh D\u01b0\u01a1ng v\u00e0 tr\u00ean to\u00e0n th\u1ebf gi\u1edbi. \u0110\u01b0\u1ee3c th\u00fac \u0111\u1ea9y b\u1edfi tri\u1ec3n v\u1ecdng kinh t\u1ebf s\u00e1ng s\u1ee7a \u1edf c\u00e1c qu\u00f4\u0301c gia nh\u01b0 Vi\u1ec7t Nam v\u00e0 Indonesia, t\u00e1c \u0111\u1ed9ng c\u1ee7a vi\u1ec7c t\u0103ng tr\u01b0\u01a1\u0309ng du l\u1ecbch h\u00e0ng kh\u00f4ng trong n\u01b0\u1edbc v\u00e0 qu\u1ed1c t\u1ebf \u0111\u00e3 k\u00edch th\u00edch t\u1ea5t c\u1ea3 c\u00e1c nga\u0300nh kinh t\u1ebf bao g\u1ed3m l\u01b0\u0303 ha\u0300nh v\u00e0 kh\u00e1ch s\u1ea1n \u2013 nha\u0300 ha\u0300ng, kinh doanh v\u00e0 th\u01b0\u01a1ng m\u1ea1i, x\u00e2y d\u1ef1ng v\u00e0 s\u1ea3n xu\u1ea5t.<\/p>\n<p style=\"text-align: left;\">Do \u0111\u01a1\u0323t b\u00f9ng ph\u00e1t di\u0323ch Covid-19 g\u1ea7n \u0111\u00e2y v\u00e0o n\u0103m 2020, ng\u00e0nh H\u00e0ng kh\u00f4ng \u0111\u00e3 ch\u1ee9ng ki\u1ebfn nh\u1eefng b\u01b0\u1edbc th\u1ee5t l\u00f9i \u0111\u00e1ng k\u1ec3 tr\u00ean mo\u0323i li\u0303nh v\u01b0\u0323c, nh\u00e2\u0301t l\u00e0 du l\u1ecbch l\u01b0\u0303 ha\u0300nh v\u00e0 \u0111i l\u1ea1i c\u00f4ng t\u00e1c. T\u00ecnh hu\u1ed1ng n\u00e0y \u0111\u00e3 t\u1ea1o ra nhi\u00ea\u0300u th\u00e1ch th\u1ee9c m\u1edbi cho c\u00e1c c\u00f4ng ty b\u1ea3o hi\u1ec3m, h\u00e3ng h\u00e0ng kh\u00f4ng, nh\u00e0 khai th\u00e1c m\u00e1y bay, b\u00ean giao nh\u1eadn, nh\u00e0 \u0111i\u1ec1u h\u00e0nh s\u00e2n bay, Ch\u00ednh ph\u1ee7 v\u00e0 c\u00e1c c\u01a1 quan qu\u1ea3n l\u00fd c\u0169ng nh\u01b0 hoa\u0323t \u0111\u00f4\u0323ng ng\u00e2n h\u00e0ng v\u00e0 t\u00e0i ch\u00ednh c\u00f9ng ca\u0301c li\u0303nh v\u01b0\u0323c kh\u00e1c. \u0110\u1ed1i v\u1edbi m\u1ed9t s\u1ed1 t\u00f4\u0309 ch\u01b0\u0301c, ho\u0323 ph\u1ea3i \u0111\u1ed1i m\u1eb7t v\u1edbi vi\u1ec7c \u0111o\u0301ng c\u01b0\u0309a ho\u1eb7c c\u01a1 c\u1ea5u l\u1ea1i ho\u1ea1t \u0111\u1ed9ng \u0111\u00e1ng k\u1ec3. Nh\u01b0ng \u0111\u1ed1i v\u1edbi ca\u0301c t\u00f4\u0309 ch\u01b0\u0301c kh\u00e1c, ch\u1eb3ng h\u1ea1n nh\u01b0 c\u00f4ng ty xu\u1ea5t nh\u1eadp kh\u1ea9u h\u00e0ng h\u00f3a, c\u00e1c c\u01a1 h\u1ed9i m\u1edbi la\u0323i ph\u00e1t sinh giu\u0301p ho\u0323 m\u1edf r\u1ed9ng s\u1ea3n xu\u1ea5t v\u00e0 d\u1ecbch v\u1ee5 c\u1ee7a mi\u0300nh.<\/p>\n<p style=\"text-align: left;\">C\u00e1c lu\u1eadt s\u01b0 v\u00ea\u0300 nga\u0300nh H\u00e0ng kh\u00f4ng cu\u0309a Corporate Counsels \u0111\u00e3 \u0111\u00f3ng vai tr\u00f2 quan tr\u1ecdng trong s\u1ef1 ph\u00e1t tri\u1ec3n n\u00e0y \u1edf Vi\u1ec7t Nam v\u00e0 tr\u00ean to\u00e0n khu v\u1ef1c \u0110\u00f4ng Nam \u00c1. Nh\u01a1\u0300 co\u0301 b\u1ec1 d\u00e0y kinh nghi\u1ec7m trong ng\u00e0nh v\u00e0 da\u0300n tra\u0309i trong nhi\u1ec1u l\u0129nh v\u1ef1c ha\u0300nh ngh\u00ea\u0300, ch\u00fang t\u00f4i \u0111\u00e3 cung c\u1ea5p di\u0323ch vu\u0323 t\u01b0 v\u00e2\u0301n, \u0111\u1ea1i di\u1ec7n v\u00e0 gi\u1ea3i ph\u00e1p ph\u00e1p l\u00fd \u0111a ng\u00e0nh cho c\u00e1c h\u00e3ng h\u00e0ng kh\u00f4ng, s\u00e2n bay v\u00e0 c\u00f4ng ty v\u00e2\u0323n ta\u0309i bi\u00ea\u0309n \u0111\u1ec3 hi\u1ec7n th\u1ef1c ho\u0301a m\u1ee5c ti\u00eau kinh doanh c\u1ee7a h\u1ecd.<\/p>\n<hr \/>\n<h3>Gi\u1edbi thi\u1ec7u<\/h3>\n<p>C\u00e1c lu\u1eadt s\u01b0 v\u00ea\u0300 nga\u0300nh H\u00e0ng kh\u00f4ng cu\u0309a Corporate Counsels c\u00f3 k\u1ef9 n\u0103ng t\u01b0 v\u1ea5n v\u00e0 x\u1eed l\u00fd trong r\u00e2\u0301t nhi\u1ec1u v\u1ea5n \u0111\u1ec1 v\u00e0 cung c\u1ea5p d\u1ecbch v\u1ee5 m\u01a1\u0301i nh\u00e2\u0301t v\u00e0 thi\u1ebft th\u1ef1c cho nhi\u00ea\u0300u b\u00ean li\u00ean quan trong ng\u00e0nh. Ca\u0301c b\u00ean na\u0300y bao g\u1ed3m h\u00e3ng h\u00e0ng kh\u00f4ng qu\u1ed1c t\u1ebf v\u00e0 n\u1ed9i \u0111\u1ecba, s\u00e2n bay, nh\u00e0 cung c\u1ea5p d\u1ecbch v\u1ee5 h\u00e0ng kh\u00f4ng, nh\u00e0 s\u1ea3n xu\u1ea5t, c\u00f4ng ty b\u1ea3o hi\u1ec3m, c\u00f4ng ty cho thu\u00ea, ng\u00e2n h\u00e0ng v\u00e0 ha\u0303ng du l\u1ecbch. C\u00e1c th\u00e0nh vi\u00ean trong \u0111\u00f4\u0323i ngu\u0303 c\u1ee7a ch\u00fang t\u00f4i \u0111\u00e3 l\u00e0m vi\u1ec7c v\u1edbi t\u01b0 c\u00e1ch l\u00e0 c\u1ed1 v\u1ea5n n\u1ed9i b\u1ed9 v\u00e0 c\u0169ng trong c\u01b0\u01a1ng v\u1ecb c\u00f3 n\u0103ng l\u01b0\u0323c qu\u1ea3n l\u00fd, nh\u01a1\u0300 \u0111o\u0301 ch\u00fang t\u00f4i n\u0103\u0301m b\u0103\u0301t \u0111\u01b0\u01a1\u0323c th\u00f4ng tin chi ti\u00ea\u0301t quy\u0301 gia\u0301 v\u1ec1 c\u00e1c v\u1ea5n \u0111\u1ec1 h\u00e0ng ng\u00e0y c\u0169ng nh\u01b0 c\u00e1c m\u1ed1i quan t\u00e2m v\u00e0 m\u1ee5c ti\u00eau d\u00e0i h\u1ea1n h\u01a1n c\u1ee7a kh\u00e1ch h\u00e0ng.<\/p>\n<p>L\u00e0 m\u1ed9t c\u00f4ng ty lu\u1eadt qu\u1ed1c t\u1ebf, ch\u00fang t\u00f4i \u0111em t\u00e2\u0300m hi\u00ea\u0309u bi\u00ea\u0301t v\u01b0\u1ee3t tr\u1ed9i xuy\u00ean bi\u00ean gi\u1edbi cu\u0309a mi\u0300nh \u0111\u00ea\u0309 t\u01b0 v\u1ea5n v\u00e0 b\u1ea3o v\u1ec7 kh\u00e1ch h\u00e0ng tr\u00ean kh\u1eafp Ch\u00e2u \u00c1 v\u00e0 Th\u1ebf gi\u1edbi. V\u1edbi b\u00ea\u0300 da\u0300y chuy\u00ean m\u00f4n qua h\u01a1n m\u1ed9t th\u1eadp k\u1ef7, Corporate Counsels c\u00f3 th\u1ec3 cung c\u1ea5p di\u0323ch vu\u0323 t\u01b0 v\u00e2\u0301n mang ti\u0301nh chi\u1ebfn l\u01b0\u1ee3c quan tr\u1ecdng cho kh\u00e1ch h\u00e0ng bao g\u1ed3m c\u00e1c v\u1ea5n \u0111\u1ec1 th\u01b0\u01a1ng m\u1ea1i trong n\u01b0\u1edbc v\u00e0 qu\u1ed1c t\u1ebf, c\u1ea5u tr\u00fac thu\u1ebf v\u00e0 k\u1ebf to\u00e1n, vi\u1ec7c l\u00e0m, s\u00e1p nh\u1eadp va\u0300 mua la\u0323i (M&amp;A), d\u1ef1 ba\u0301o v\u00e0 ng\u0103n ng\u01b0\u0300a c\u00e1c khi\u1ebfu n\u1ea1i v\u1ec1 tr\u00e1ch nhi\u1ec7m s\u1ea3n ph\u1ea9m v\u00e0 c\u00e1o bu\u1ed9c v\u1ec1 qua\u0309n ly\u0301 kh\u00e1c. Ngo\u00e0i ra, ch\u00fang t\u00f4i t\u1ef1 h\u00e0o khi lu\u00f4n l\u1eafng nghe v\u00e0 l\u00e0m vi\u1ec7c v\u1edbi kh\u00e1ch h\u00e0ng \u0111\u1ec3 giu\u0301p ho\u0323 v\u01b0\u1ee3t qua nhi\u00ea\u0300u th\u00e1ch th\u1ee9c v\u00e0 \u0111\u1ea1t \u0111\u01b0\u1ee3c m\u1ee5c ti\u00eau.<\/p>\n<hr \/>\n<h3>D\u1ecbch v\u1ee5<\/h3>\n<p style=\"text-align: left;\">Corporate Counsels cung c\u1ea5p nhi\u00ea\u0300u d\u1ecbch v\u1ee5 t\u01b0 v\u1ea5n \u01a1\u0309 c\u1ea5p cao nh\u1ea5t li\u00ean quan \u0111\u1ebfn kh\u00e1ch h\u00e0ng trong ng\u00e0nh H\u00e0ng kh\u00f4ng, bao g\u1ed3m:<\/p>\n<ul>\n<li style=\"text-align: left;\">C\u1ea5p ph\u00e9p c\u00f4ng ty h\u00e0ng kh\u00f4ng;<\/li>\n<li style=\"text-align: left;\">V\u1eadn t\u1ea3i h\u00e0ng kh\u00f4ng v\u00e0 Quy \u0111\u1ecbnh c\u1ee7a s\u00e2n bay;<\/li>\n<li style=\"text-align: left;\">Ca\u0301c th\u1ecfa thu\u1eadn Mua s\u1eafm, Cho thu\u00ea, C\u00e2\u0301p v\u00f4\u0301n, Trao \u0111\u1ed5i v\u00e0 B\u00e1n m\u00e1y bay v\u00e0 thi\u1ebft b\u1ecb;<\/li>\n<li style=\"text-align: left;\">C\u00e1c th\u1ecfa thu\u1eadn v\u1ec1 V\u1eadn h\u00e0nh, Qu\u1ea3n l\u00fd v\u00e0 B\u1ea3o tri\u0300 m\u00e1y bay;<\/li>\n<li style=\"text-align: left;\">C\u1ea5p ph\u00e9p v\u00e0 \u0110a\u0301nh gia\u0301 phi h\u00e0nh \u0111o\u00e0n;<\/li>\n<li style=\"text-align: left;\">Ch\u00ednh s\u00e1ch b\u1ea3o hi\u1ec3m h\u00e0ng kh\u00f4ng v\u00e0 T\u01b0 v\u1ea5n b\u1ea3o hi\u1ec3m trong c\u00e1c Th\u1ecfa thu\u1eadn th\u01b0\u01a1ng m\u1ea1i c\u1ee5 th\u1ec3;<\/li>\n<li style=\"text-align: left;\">T\u00e0i ch\u00ednh v\u00e0 Ch\u1ee9ng kho\u00e1n h\u00f3a;<\/li>\n<li style=\"text-align: left;\">Th\u1ecfa thu\u1eadn chia s\u1ebb m\u00e3;<\/li>\n<li style=\"text-align: left;\">Lu\u00e2\u0323t ca\u0323nh tranh;<\/li>\n<li style=\"text-align: left;\">Th\u1ecfa thu\u1eadn k\u00fd g\u1eedi, Th\u1ecfa thu\u1eadn pha\u0301 bo\u0309 v\u00e0 tha\u0301o d\u01a1\u0303<\/li>\n<li style=\"text-align: left;\">T\u00e0i ch\u00ednh doanh nghi\u1ec7p v\u00e0 S\u00e1p nh\u1eadp va\u0300 Mua la\u0323i;<\/li>\n<li style=\"text-align: left;\">Qu\u1ea3n tr\u1ecb va\u0300 C\u00e2\u0301u tru\u0301c doanh nghi\u1ec7p;<\/li>\n<li style=\"text-align: left;\">Ph\u00e1 s\u1ea3n v\u00e0 T\u00e1i c\u1ea5u tr\u00fac;<\/li>\n<li style=\"text-align: left;\">Tho\u0309a thu\u00e2\u0323n th\u01b0\u01a1ng m\u1ea1i;<\/li>\n<li style=\"text-align: left;\">X\u00e2y d\u01b0\u0323ng;<\/li>\n<li style=\"text-align: left;\">Quy \u0111i\u0323nh v\u00ea\u0300 vi\u1ec7c l\u00e0m v\u00e0 C\u00e1c v\u1ea5n \u0111\u1ec1 v\u00ea\u0300 lao \u0111\u1ed9ng;<\/li>\n<li style=\"text-align: left;\">Lu\u1eadt nh\u01b0\u1ee3ng quy\u1ec1n th\u01b0\u01a1ng m\u1ea1i;<\/li>\n<li style=\"text-align: left;\">Lu\u1eadt doanh nghi\u00ea\u0323p chung, bao g\u1ed3m c\u00e1c Tho\u1ea3 thu\u1eadn c\u00f4\u0323ng t\u00e1c v\u00e0 li\u00ean doanh<\/li>\n<li style=\"text-align: left;\">Vi\u1ec7n tr\u1ee3 c\u1ee7a Ch\u00ednh ph\u1ee7;<\/li>\n<li style=\"text-align: left;\">S\u00e1p nh\u1eadp v\u00e0 Mua l\u1ea1i;<\/li>\n<li style=\"text-align: left;\">C\u00e2\u0301u tru\u0301c thu\u00ea\u0301 va\u0300 k\u1ebf to\u00e1n;<\/li>\n<li style=\"text-align: left;\">Quy \u0111\u1ecbnh v\u1ec1 C\u1ea5p ph\u00e9p nha\u0300 \u0111i\u1ec1u h\u00e0nh tour du l\u1ecbch v\u00e0 K\u1ef3 ngh\u1ec9 tr\u1ecdn g\u00f3i.<\/li>\n<\/ul>\n","protected":false},"excerpt":{"rendered":"<p>Lorem ipsum dolor sit amet, consectetur adipiscing elit, sed do eiusmod tempor ut labore et dolore magna aliqua.<\/p>\n","protected":false},"author":41,"featured_media":83651,"parent":83385,"menu_order":3,"comment_status":"closed","ping_status":"closed","template":"page-practices.php","meta":[],"_links":{"self":[{"href":"https:\/\/corporatecounsels.vn\/vi\/wp-json\/wp\/v2\/pages\/83426"}],"collection":[{"href":"https:\/\/corporatecounsels.vn\/vi\/wp-json\/wp\/v2\/pages"}],"about":[{"href":"https:\/\/corporatecounsels.vn\/vi\/wp-json\/wp\/v2\/types\/page"}],"author":[{"embeddable":true,"href":"https:\/\/corporatecounsels.vn\/vi\/wp-json\/wp\/v2\/users\/41"}],"replies":[{"embeddable":true,"href":"https:\/\/corporatecounsels.vn\/vi\/wp-json\/wp\/v2\/comments?post=83426"}],"version-history":[{"count":13,"href":"https:\/\/corporatecounsels.vn\/vi\/wp-json\/wp\/v2\/pages\/83426\/revisions"}],"predecessor-version":[{"id":85268,"href":"https:\/\/corporatecounsels.vn\/vi\/wp-json\/wp\/v2\/pages\/83426\/revisions\/85268"}],"up":[{"embeddable":true,"href":"https:\/\/corporatecounsels.vn\/vi\/wp-json\/wp\/v2\/pages\/83385"}],"wp:featuredmedia":[{"embeddable":true,"href":"https:\/\/corporatecounsels.vn\/vi\/wp-json\/wp\/v2\/media\/83651"}],"wp:attachment":[{"href":"https:\/\/corporatecounsels.vn\/vi\/wp-json\/wp\/v2\/media?parent=83426"}],"curies":[{"name":"wp","href":"https:\/\/api.w.org\/{rel}","templated":true}]}}