{"id":83422,"date":"2021-11-11T13:39:07","date_gmt":"2021-11-11T06:39:07","guid":{"rendered":"https:\/\/corporatecounsels.vn\/?page_id=83422"},"modified":"2023-01-16T12:41:28","modified_gmt":"2023-01-16T05:41:28","slug":"giao-duc","status":"publish","type":"page","link":"https:\/\/corporatecounsels.vn\/vi\/industries\/giao-duc\/","title":{"rendered":"Gi\u00e1o d\u1ee5c"},"content":{"rendered":"<h3>L\u1eddi m\u1edf \u0111\u1ea7u<\/h3>\n<p>Mu\u0323c ti\u00eau \u0111\u1ea1t \u0111\u01b0\u1ee3c tr\u00ecnh \u0111\u1ed9 ho\u0323c v\u00e2\u0301n cao nh\u1ea5t \u1edf Vi\u1ec7t Nam l\u00e0 \u01b0u ti\u00ean h\u00e0ng \u0111\u1ea7u c\u1ee7a m\u1ecdi gia \u0111\u00ecnh v\u00e0 \u0111i\u00ea\u0300u na\u0300y \u0111\u00e3 \u0103n s\u00e2u v\u00e0o v\u0103n h\u00f3a. C\u00f9ng v\u1edbi qui m\u00f4 d\u00e2n s\u1ed1 tr\u1ebb v\u00e0 m\u01b0\u0301c t\u0103ng tr\u01b0\u1edfng ngo\u1ea1n m\u1ee5c c\u1ee7a n\u1ec1n kinh t\u1ebf trong nh\u1eefng th\u1eadp k\u1ef7 g\u1ea7n \u0111\u00e2y, ng\u00e0nh gi\u00e1o d\u1ee5c Vi\u1ec7t Nam \u0111\u00e3 v\u00e0 \u0111ang ph\u00e1t tri\u1ec3n nhanh cho\u0301ng. T\u1ea5t c\u1ea3 c\u00e1c c\u1ea5p \u0111\u00f4\u0323, t\u1eeb m\u1ea7m non \u0111\u1ebfn \u0111\u1ea1i h\u1ecdc, \u0111\u1ec1u \u0111\u01b0\u1ee3c h\u01b0\u1edfng l\u1ee3i t\u1eeb vi\u00ea\u0323c pha\u0301t tri\u00ea\u0309n n\u00e0y v\u00e0 c\u00e1c doanh nghi\u1ec7p v\u00e0 t\u1ed5 ch\u1ee9c gi\u00e1o d\u1ee5c n\u01b0\u1edbc ngo\u00e0i \u0111\u00e3 \u0111\u1ed5 x\u00f4 t\u1eadn d\u1ee5ng ngu\u1ed3n nh\u00e2n t\u00e0i tr\u00ed tu\u1ec7 co\u0301 ti\u1ec1m n\u0103ng d\u00f4\u0300i da\u0300o c\u1ee7a qu\u1ed1c gia. T\u1ea5t c\u1ea3 c\u00e1c ch\u01b0\u01a1ng tr\u00ecnh \u0111\u1ec1u \u0111\u01b0\u1ee3c nhi\u00ea\u0300u \u1ee9ng vi\u00ean ti\u1ec1m n\u0103ng mong mu\u1ed1n, bao g\u1ed3m ng\u00f4n ng\u1eef ti\u1ebfng Anh, y khoa, kinh doanh, k\u1ef9 thu\u1eadt, k\u1ebf to\u00e1n, gi\u00e1o d\u1ee5c v\u00e0 lu\u1eadt, va\u0300 co\u0300n nhi\u00ea\u0300u ch\u01b0\u01a1ng tri\u0300nh kha\u0301c ch\u01b0a k\u00ea\u0309 h\u00ea\u0301t. C\u00e1c v\u1ecb tr\u00ed \u0111\u0103ng ky\u0301 \u0111\u00ea\u0309 la\u0300m b\u00e0i ki\u1ec3m tra ti\u00eau chu\u1ea9n, ch\u1eb3ng h\u1ea1n nh\u01b0 TOEFL v\u00e0 IELTS, \u0111\u00e3 \u0111\u01b0\u1ee3c \u0111\u1eb7t k\u00edn khi \u1ee9ng vi\u00ean mong mu\u00f4\u0301n ti\u0300m \u0111\u01b0\u01a1\u0323c m\u1ed9t c\u00f4ng vi\u00ea\u0323c trong th\u1ecb tr\u01b0\u1eddng to\u00e0n c\u1ea7u \u0111ang t\u0103ng tr\u01b0\u01a1\u0309ng. \u0110\u1ea1i d\u1ecbch Covid-19 tr\u00ean to\u00e0n th\u1ebf gi\u1edbi g\u1ea7n \u0111\u00e2y \u0111\u00e3 t\u1ea1m th\u1eddi c\u00f3 t\u00e1c \u0111\u1ed9ng \u0111\u00e1ng k\u1ec3 \u0111\u1ebfn ng\u00e0nh gia\u0301o du\u0323c. Tuy nhi\u00ean, s\u1ef1 ph\u00e1t tri\u1ec3n l\u00e2u d\u00e0i c\u1ee7a ng\u00e0nh gi\u00e1o d\u1ee5c Vi\u1ec7t Nam \u0111\u01b0\u1ee3c \u0111\u1ea3m b\u1ea3o nh\u1edd nh\u1eefng y\u1ebfu t\u1ed1 thu\u1eadn l\u1ee3i ro\u0303 r\u00ea\u0323t.<\/p>\n<p>C\u00f9ng v\u1edbi s\u1ef1 t\u0103ng tr\u01b0\u01a1\u0309ng theo c\u1ea5p s\u1ed1 nh\u00e2n n\u00e0y, lu\u1eadt ph\u00e1p Vi\u1ec7t Nam \u0111\u00e3 v\u00e0 \u0111ang thay \u0111\u00f4\u0309i \u0111\u1ec3 ph\u00f9 h\u1ee3p v\u1edbi nhu c\u1ea7u trong n\u01b0\u1edbc v\u00e0 qu\u1ed1c t\u1ebf. M\u1ed9t k\u1ebft qu\u1ea3 \u0111\u00e1ng ch\u00fa \u00fd l\u00e0 \u0111ang c\u00f3 qua\u0301 nhi\u1ec1u lu\u1eadt v\u00e0 ch\u1ec9 th\u1ecb m\u1edbi do ch\u00ednh quy\u1ec1n trung \u01b0\u01a1ng v\u00e0 \u0111\u1ecba ph\u01b0\u01a1ng ban ha\u0300nh h\u00e0ng n\u0103m, ho\u1eb7c th\u1eadm ch\u00ed h\u00e0ng th\u00e1ng. C\u00e1c t\u00f4\u0309 ch\u01b0\u0301c gi\u00e1o d\u1ee5c \u1edf Vi\u1ec7t Nam, \u0111\u1eb7c bi\u1ec7t l\u00e0 t\u00f4\u0309 ch\u01b0\u0301c gi\u00e1o d\u1ee5c c\u00f3 ngu\u1ed3n g\u1ed1c n\u01b0\u1edbc ngo\u00e0i, c\u1ea7n nh\u1eadn bi\u00ea\u0301t \u0111\u01b0\u1ee3c nh\u1eefng thay \u0111\u1ed5i n\u00e0y c\u0169ng nh\u01b0 h\u1ec7 th\u1ed1ng qu\u1ea3n l\u00fd \u0111\u1eb7c th\u00f9 c\u1ee7a nha\u0300 n\u01b0\u1edbc. Do \u0111\u00f3, \u0111i\u1ec1u c\u1ea7n thi\u1ebft l\u00e0 b\u1ea5t k\u1ef3 doanh nghi\u1ec7p n\u00e0o trong nga\u0300nh gi\u00e1o d\u1ee5c \u0111\u00ea\u0300u c\u00e2\u0300n ph\u1ea3i thu\u00ea m\u1ed9t lu\u1eadt s\u01b0 c\u00f3 n\u0103ng l\u1ef1c \u0111\u1ec3 \u0111\u01b0a ra h\u01b0\u1edbng gia\u0309i quy\u00ea\u0301t trong b\u1ed1i c\u1ea3nh v\u00f4 s\u1ed1 lu\u1eadt v\u00e0 quy \u0111\u1ecbnh v\u00e0 tr\u00e1nh nh\u1eefng c\u1ea1m b\u1eaby ti\u1ec1m \u1ea9n.<\/p>\n<hr \/>\n<h3>Gi\u01a1\u0301i thi\u00ea\u0323u<\/h3>\n<p>Corporate Counsels l\u00e0 m\u1ed9t trong s\u1ed1 \u00edt c\u00e1c c\u00f4ng ty lu\u1eadt t\u1ea1i Vi\u1ec7t Nam c\u00f3 b\u00ea\u0300 da\u0300y nhi\u1ec1u n\u0103m kinh nghi\u1ec7m va\u0300 hi\u00ea\u0309u bi\u00ea\u0301t s\u00e2u s\u1eafc v\u1ec1 c\u00e1c lu\u1eadt li\u00ean quan \u0111\u1ebfn l\u0129nh v\u1ef1c gi\u00e1o d\u1ee5c. M\u1ed9t s\u1ed1 lu\u1eadt s\u01b0 c\u1ee7a ch\u00fang t\u00f4i tr\u01b0\u01a1\u0301c \u0111\u00e2y l\u00e0 ng\u01b0\u01a1\u0300i qu\u1ea3n l\u00fd v\u00e0 nh\u00e0 s\u01b0 pha\u0323m \u01a1\u0309 tr\u01b0\u01a1\u0300ng ho\u0323c v\u00e0 c\u00f3 hi\u1ec3u bi\u1ebft \u0111\u0103\u0323c thu\u0300 v\u1ec1 nh\u1eefng g\u00ec c\u1ea7n th\u01b0\u0323c hi\u00ea\u0323n \u0111\u1ec3 duy tr\u00ec ho\u1ea1t \u0111\u1ed9ng cho m\u1ed9t tr\u01b0\u1eddng h\u1ecdc ho\u1eb7c tr\u01b0\u1eddng \u0111\u1ea1i h\u1ecdc. Ngo\u00e0i ra, C\u00f4ng ty co\u0300n c\u00f3 chuy\u00ean m\u00f4n bao qua\u0301t trong c\u00e1c l\u0129nh v\u1ef1c li\u00ean quan \u0111\u1ebfn c\u00e2\u0301p v\u00f4\u0301n v\u00e0 \u0111\u1ea7u t\u01b0, c\u1ea5u tr\u00fac v\u00e0 qu\u1ea3n tr\u1ecb doanh nghi\u1ec7p, c\u00f4ng ngh\u1ec7, b\u1ea5t \u0111\u1ed9ng s\u1ea3n, vi\u1ec7c l\u00e0m, thu\u1ebf v\u00e0 b\u1ea3o hi\u1ec3m, \u0111\u00e2y \u0111\u00ea\u0300u la\u0300 nh\u1eefng y\u1ebfu t\u1ed1 quan tr\u1ecdng \u0111a\u0309m ba\u0309o th\u00e0nh c\u00f4ng cho b\u1ea5t k\u1ef3 t\u1ed5 ch\u1ee9c gi\u00e1o d\u1ee5c n\u00e0o. Kh\u00e1ch h\u00e0ng c\u1ee7a ch\u00fang t\u00f4i bao g\u1ed3m tr\u01b0\u1eddng \u0111\u1ea1i h\u1ecdc, tr\u01b0\u1eddng t\u01b0 th\u1ee5c, tr\u01b0\u1eddng b\u00e1n c\u00f4ng, nh\u00e0 \u0111\u1ea7u t\u01b0, t\u1eadp \u0111o\u00e0n v\u00e0 c\u00e1c t\u1ed5 ch\u1ee9c phi ch\u00ednh ph\u1ee7.<\/p>\n<hr \/>\n<h3>Di\u0323ch vu\u0323<\/h3>\n<ul>\n<li>T\u01b0 v\u1ea5n v\u1ec1 Ch\u1ee9ng nh\u1eadn v\u00e0 C\u1ea5p ph\u00e9p cho c\u00e1c T\u1ed5 ch\u1ee9c gi\u00e1o d\u1ee5c;<\/li>\n<li>H\u1ee3p \u0111\u1ed3ng Kh\u00e1ch h\u00e0ng v\u00e0 Nh\u00e0 cung c\u1ea5p;<\/li>\n<li>Th\u00e0nh l\u00e2\u0323p v\u00e0 Qu\u1ea3n tr\u1ecb kinh doanh cho T\u1ed5 ch\u1ee9c gi\u00e1o d\u1ee5c;<\/li>\n<li>Tho\u0309a thu\u00e2\u0323n H\u01a1\u0323p ta\u0301c v\u00e0 Trao \u0111\u1ed5i gi\u00e1o d\u1ee5c;<\/li>\n<li>Vi\u1ec7c l\u00e0m v\u00e0 Lao \u0111\u1ed9ng;<\/li>\n<li>T\u00e0i ch\u00ednh v\u00e0 \u0110\u1ea7u t\u01b0;<\/li>\n<li>S\u1edf h\u1eefu tr\u00ed tu\u1ec7 v\u00e0 B\u1ea3n quy\u1ec1n;<\/li>\n<li>Lu\u1eadt Marketing v\u00e0 B\u00e1n h\u00e0ng;<\/li>\n<li>Ch\u00ednh s\u00e1ch, Th\u1ee7 t\u1ee5c v\u00e0 C\u00e2\u0309m nang ho\u1ea1t \u0111\u1ed9ng;<\/li>\n<li>B\u1ea5t \u0111\u1ed9ng s\u1ea3n v\u00e0 Cho thu\u00ea;<\/li>\n<li>Tu\u00e2n th\u1ee7 quy \u0111\u1ecbnh v\u1edbi c\u00e1c Lu\u1eadt v\u00e0 Ch\u1ec9 th\u1ecb gi\u00e1o d\u1ee5c;<\/li>\n<li>Thu\u1ebf v\u00e0 K\u1ebf to\u00e1n;<\/li>\n<\/ul>\n","protected":false},"excerpt":{"rendered":"<p>Lorem ipsum dolor sit amet, consectetur adipiscing elit, sed do eiusmod tempor ut labore et dolore magna aliqua.<\/p>\n","protected":false},"author":41,"featured_media":83155,"parent":83385,"menu_order":7,"comment_status":"closed","ping_status":"closed","template":"page-practices.php","meta":[],"_links":{"self":[{"href":"https:\/\/corporatecounsels.vn\/vi\/wp-json\/wp\/v2\/pages\/83422"}],"collection":[{"href":"https:\/\/corporatecounsels.vn\/vi\/wp-json\/wp\/v2\/pages"}],"about":[{"href":"https:\/\/corporatecounsels.vn\/vi\/wp-json\/wp\/v2\/types\/page"}],"author":[{"embeddable":true,"href":"https:\/\/corporatecounsels.vn\/vi\/wp-json\/wp\/v2\/users\/41"}],"replies":[{"embeddable":true,"href":"https:\/\/corporatecounsels.vn\/vi\/wp-json\/wp\/v2\/comments?post=83422"}],"version-history":[{"count":5,"href":"https:\/\/corporatecounsels.vn\/vi\/wp-json\/wp\/v2\/pages\/83422\/revisions"}],"predecessor-version":[{"id":85290,"href":"https:\/\/corporatecounsels.vn\/vi\/wp-json\/wp\/v2\/pages\/83422\/revisions\/85290"}],"up":[{"embeddable":true,"href":"https:\/\/corporatecounsels.vn\/vi\/wp-json\/wp\/v2\/pages\/83385"}],"wp:featuredmedia":[{"embeddable":true,"href":"https:\/\/corporatecounsels.vn\/vi\/wp-json\/wp\/v2\/media\/83155"}],"wp:attachment":[{"href":"https:\/\/corporatecounsels.vn\/vi\/wp-json\/wp\/v2\/media?parent=83422"}],"curies":[{"name":"wp","href":"https:\/\/api.w.org\/{rel}","templated":true}]}}