{"id":83420,"date":"2021-11-11T13:40:46","date_gmt":"2021-11-11T06:40:46","guid":{"rendered":"https:\/\/corporatecounsels.vn\/?page_id=83420"},"modified":"2023-01-16T12:41:16","modified_gmt":"2023-01-16T05:41:16","slug":"nang-luong","status":"publish","type":"page","link":"https:\/\/corporatecounsels.vn\/vi\/industries\/nang-luong\/","title":{"rendered":"N\u0103ng l\u01b0\u1ee3ng"},"content":{"rendered":"<h3>L\u1eddi m\u1edf \u0111\u1ea7u<\/h3>\n<p>Ng\u00e0nh n\u0103ng l\u01b0\u1ee3ng \u1edf Vi\u1ec7t Nam v\u00e0 khu v\u01b0\u0323c \u0110\u00f4ng Nam \u00c1 \u0111\u00e3 ch\u1ee9ng ki\u1ebfn s\u1ef1 t\u0103ng tr\u01b0\u1edfng b\u1ec1n v\u1eefng trong su\u00f4\u0301t hai th\u1eadp k\u1ef7 qua. Trong s\u1ed1 nhi\u1ec1u y\u1ebfu t\u1ed1 go\u0301p ph\u00e2\u0300n va\u0300o s\u1ef1 ph\u00e1t tri\u1ec3n n\u00e0y l\u00e0 s\u1ea3n l\u01b0\u1ee3ng c\u00f4ng nghi\u1ec7p t\u0103ng nhanh, t\u0103ng tr\u01b0\u1edfng chi ti\u00eau c\u1ee7a ng\u01b0\u1eddi ti\u00eau d\u00f9ng v\u00e0 ti\u0300nh tra\u0323ng bu\u0300ng n\u00f4\u0309 c\u00e1c d\u1ef1 \u00e1n c\u01a1 s\u1edf h\u1ea1 t\u1ea7ng m\u1edbi. An ninh n\u0103ng l\u01b0\u1ee3ng l\u00e0 \u01b0u ti\u00ean quan tr\u1ecdng \u0111\u1ed1i v\u1edbi Vi\u1ec7t Nam v\u00e0 c\u00e1c qu\u1ed1c gia kh\u00e1c trong khu v\u1ef1c c\u0169ng nh\u01b0 la\u0300 m\u00f4\u0301i quan nga\u0323i v\u1ec1 t\u00ednh s\u1eb5n c\u00f3 v\u00e0 chi ph\u00ed cho n\u0103ng l\u01b0\u1ee3ng. Hoa\u0323t \u0111\u00f4\u0323ng s\u1ea3n xu\u1ea5t \u0111i\u1ec7n c\u0169ng \u0111\u00e3 c\u00f3 nh\u1eefng thay \u0111\u1ed5i, v\u1edbi th\u1ee7y \u0111i\u1ec7n, than v\u00e0 kh\u00ed \u0111\u1ed1t t\u1ef1 nhi\u00ean v\u1eabn chi\u1ebfm \u01b0u th\u1ebf trong khu v\u1ef1c, v\u1edbi s\u1ef1 chi\u00ea\u0301m li\u0303nh g\u1ea7n \u0111\u00e2y c\u1ee7a nhi\u00ea\u0300u d\u1ef1 \u00e1n n\u0103ng l\u01b0\u1ee3ng sinh h\u1ecdc, n\u0103ng l\u01b0\u1ee3ng m\u1eb7t tr\u1eddi v\u00e0 \u0111i\u1ec7n gi\u00f3. Nh\u00ecn chung, Vi\u1ec7t Nam v\u00e0 khu v\u1ef1c \u0110\u00f4ng Nam \u00c1 v\u1eabn s\u1ebd l\u00e0 khu v\u1ef1c h\u1ea5p d\u1eabn \u0111\u1ed1i v\u1edbi \u0111\u1ea7u t\u01b0 n\u0103ng l\u01b0\u1ee3ng trong nh\u1eefng n\u0103m t\u1edbi, \u0111\u1eb7c bi\u1ec7t l\u00e0 trong l\u0129nh v\u1ef1c n\u0103ng l\u01b0\u1ee3ng t\u00e1i t\u1ea1o.<\/p>\n<p>B\u1ea5t ch\u1ea5p nh\u1eefng c\u01a1 h\u1ed9i m\u00e0 khu v\u1ef1c mang l\u1ea1i, c\u00e1c c\u00f4ng ty n\u0103ng l\u01b0\u1ee3ng ph\u1ea3i \u0111\u1ed1i m\u1eb7t v\u1edbi nhi\u00ea\u0300u th\u00e1ch th\u1ee9c ph\u1ee9c t\u1ea1p kh\u00e1c bi\u1ec7t v\u1edbi c\u00e1c nga\u0300nh kinh t\u1ebf kh\u00e1c, ch\u1eb3ng h\u1ea1n nh\u01b0 chi\u0323u s\u1ef1 gi\u00e1m s\u00e1t c\u1ee7a Chi\u0301nh phu\u0309 v\u00e0 c\u01a1 quan qu\u1ea3n l\u00fd, c\u00e1c m\u1ed1i quan nga\u0323i v\u1ec1 m\u00f4i tr\u01b0\u1eddng v\u00e0 c\u00e1c v\u1ea5n \u0111\u1ec1 \u0111\u1eb7c bi\u1ec7t v\u00ea\u0300 c\u00e2\u0301p v\u00f4\u0301n v\u00e0 t\u00e0i s\u1ea3n. Do b\u1ed1i c\u1ea3nh ph\u00e1p l\u00fd c\u1ee7a Vi\u1ec7t Nam kh\u00f4ng ng\u1eebng thay \u0111\u1ed5i nhanh ch\u00f3ng, \u0111i\u1ec1u quan tr\u1ecdng \u0111\u00f4\u0301i v\u01a1\u0301i c\u00f4ng ty n\u0103ng l\u01b0\u1ee3ng ho\u1eb7c t\u1eadp \u0111o\u00e0n \u0111\u1ea7u t\u01b0 la\u0300 ho\u0323 ph\u1ea3i thu\u00ea \u0111\u01b0\u01a1\u0323c c\u1ed1 v\u1ea5n ph\u00e1p l\u00fd c\u00f3 n\u0103ng l\u1ef1c \u0111\u1ec3 v\u01b0\u1ee3t qua nh\u1eefng tr\u1edf ng\u1ea1i v\u00e0 t\u1eadn d\u1ee5ng ca\u0301c c\u01a1 h\u1ed9i.<\/p>\n<hr \/>\n<h3>Gi\u1edbi thi\u1ec7u<\/h3>\n<p>Hoa\u0323t \u0111\u00f4\u0323ng ha\u0300nh ngh\u00ea\u0300 v\u00ea\u0300 nga\u0300nh n\u0103ng l\u01b0\u1ee3ng t\u1ea1i Corporate Counsels bao g\u1ed3m h\u00e0ng lo\u1ea1t c\u00e1c v\u1ea5n \u0111\u1ec1 m\u00e0 ng\u00e0nh n\u0103ng l\u01b0\u1ee3ng ph\u1ea3i \u0111\u1ed1i m\u1eb7t, ch\u0103\u0309ng ha\u0323n nh\u01b0 s\u00e1p nh\u1eadp v\u00e0 mua l\u1ea1i gi\u1eefa c\u00e1c c\u00f4ng ty c\u1ed5 ph\u1ea7n cung c\u1ea5p \u0111i\u1ec7n v\u00e0 kh\u00ed \u0111\u1ed1t, v\u1ea5n \u0111\u1ec1 m\u1ea5t kh\u1ea3 n\u0103ng thanh to\u00e1n v\u00e0 t\u00e1i c\u1ea5u tr\u00fac doanh nghi\u1ec7p, t\u00e0i tr\u1ee3 n\u1ee3 v\u00e0 v\u1ed1n ch\u1ee7 s\u1edf h\u1eefu, th\u00e0nh l\u00e2\u0323p v\u00e0 v\u1eadn h\u00e0nh c\u00f4ng ty \u0111i\u1ec1u h\u00e0nh th\u1ecb tr\u01b0\u1eddng n\u0103ng l\u01b0\u1ee3ng, ph\u00e1t tri\u1ec3n d\u1ef1 \u00e1n v\u00e0 c\u00e1c v\u1ea5n \u0111\u1ec1 v\u1ec1 qua\u0309n ly\u0301. Ch\u00fang t\u00f4i c\u0169ng l\u00e0m vi\u1ec7c v\u1edbi c\u00e1c ng\u00e0nh c\u00f4ng nghi\u1ec7p v\u00e0 doanh nghi\u1ec7p hi\u1ec7n h\u01b0\u0303u \u0111\u1ec3 gi\u1ea3m ph\u00e1t th\u1ea3i kh\u00ed nh\u00e0 k\u00ednh v\u00e0 giu\u0301p ho\u0323 ti\u00ea\u0301t ki\u00ea\u0323m n\u0103ng l\u01b0\u1ee3ng h\u01a1n. Ngoa\u0300i ra, c\u00e1c lu\u1eadt s\u01b0 c\u1ee7a ch\u00fang t\u00f4i \u00e1p d\u1ee5ng c\u00e1ch ti\u1ebfp c\u1eadn \u0111a nga\u0300nh \u0111\u1ed1i v\u1edbi t\u1ea5t c\u1ea3 c\u00e1c v\u1ea5n \u0111\u1ec1, c\u00f3 xem xe\u0301t \u0111\u1ebfn c\u00e1c m\u1ed1i quan nga\u0323i v\u1ec1 m\u00f4i tr\u01b0\u1eddng, v\u1ea5n \u0111\u1ec1 thu\u1ebf, lao \u0111\u1ed9ng v\u00e0 vi\u1ec7c l\u00e0m, th\u00f4ng tin truy\u1ec1n th\u00f4ng, b\u1ea5t \u0111\u1ed9ng s\u1ea3n\/t\u00e0i s\u1ea3n v\u00e0 s\u1edf h\u1eefu tr\u00ed tu\u1ec7 cu\u0300ng nhi\u00ea\u0300u v\u1ea5n \u0111\u1ec1 kh\u00e1c. Nh\u1edd \u0111\u00f3, chu\u0301ng t\u00f4i gi\u1edbi thi\u1ec7u c\u00e1c gi\u1ea3i ph\u00e1p s\u00e1ng t\u1ea1o, linh ho\u1ea1t kh\u00f4ng ch\u1ec9 \u0111\u00e1p \u1ee9ng nhu c\u1ea7u c\u1ee7a kh\u00e1ch h\u00e0ng m\u00e0 c\u00f2n h\u1ed7 tr\u1ee3 h\u1ecd \u0111\u1ea1t \u0111\u01b0\u1ee3c c\u00e1c m\u1ee5c ti\u00eau kinh doanh c\u1ee7a m\u00ecnh.<\/p>\n<p>\u0110\u00f4\u0323i ngu\u0303 lu\u1eadt s\u01b0 c\u1ee7a Corporate Counsels c\u00f3 kinh nghi\u1ec7m r\u1ed9ng r\u00e3i trong nga\u0300nh n\u0103ng l\u01b0\u1ee3ng v\u00e0 li\u00ean t\u1ee5c \u0111\u01b0\u1ee3c Chambers &amp; Partners v\u00e0 c\u00e1c \u1ea5n ph\u1ea9m ph\u00e1p l\u00fd h\u00e0ng \u0111\u1ea7u kh\u00e1c x\u1ebfp h\u1ea1ng trong nh\u00f3m d\u1eabn \u0111\u1ea7u. C\u1ea3 kh\u00e1ch h\u00e0ng qu\u1ed1c t\u1ebf v\u00e0 trong n\u01b0\u01a1\u0301c th\u01b0\u1eddng xuy\u00ean cho\u0323n C\u00f4ng ty c\u1ee7a ch\u00fang t\u00f4i la\u0300m \u0111\u1ed1i t\u00e1c tin c\u1eady trong l\u0129nh v\u1ef1c \u0111ang thay \u0111\u1ed5i v\u00e0 m\u1edf r\u1ed9ng nhanh ch\u00f3ng n\u00e0y. Corporate Counsels cam k\u1ebft lu\u00f4n \u0111i \u0111\u1ea7u v\u00ea\u0300 nh\u1eefng ph\u00e1t tri\u1ec3n trong nga\u0300nh n\u0103ng l\u01b0\u1ee3ng v\u00e0 \u0111\u1ea1i di\u1ec7n cho nhi\u1ec1u kh\u00e1ch h\u00e0ng, bao g\u1ed3m c\u00f4ng ty ti\u1ec7n \u00edch \u0111i\u1ec7n va\u0300 n\u0103ng l\u01b0\u01a1\u0323ng, nha\u0300 cung c\u1ea5p va\u0300 b\u00ean cho thu\u00ea s\u01b0\u0309 du\u0323ng \u0111i\u00ea\u0323n, nh\u00e0 s\u1ea3n xu\u1ea5t n\u0103ng l\u01b0\u01a1\u0323ng \u0111\u1ed9c l\u1eadp, nh\u00e0 ph\u00e1t tri\u1ec3n, nh\u00e0 th\u1ea7u x\u00e2y d\u1ef1ng, chu\u0309 th\u00e2\u0300u, c\u00f4ng ty co\u0301 v\u1ed1n \u0111\u1ea7u t\u01b0 m\u1ea1o hi\u1ec3m v\u00e0 c\u00f4ng ty v\u00f4\u0301n t\u01b0 nh\u00e2n, c\u0169ng nh\u01b0 c\u00e1c nh\u00e0 \u0111\u1ea7u t\u01b0 chi\u1ebfn l\u01b0\u1ee3c.<\/p>\n<hr \/>\n<h3>D\u1ecbch v\u1ee5<\/h3>\n<p>Corporate Counsels cung c\u1ea5p di\u0323ch vu\u0323 t\u01b0 v\u00e2\u0301n cho kh\u00e1ch h\u00e0ng v\u1ec1 nhi\u1ec1u v\u1ea5n \u0111\u1ec1 li\u00ean quan \u0111\u1ebfn n\u0103ng l\u01b0\u1ee3ng, bao g\u1ed3m:<\/p>\n<ul>\n<li>\u0110\u1ea7u t\u01b0 n\u0103ng l\u01b0\u1ee3ng<\/li>\n<li>Th\u00e0nh l\u00e2\u0323p doanh nghi\u1ec7p trong nga\u0300nh n\u0103ng l\u01b0\u1ee3ng<\/li>\n<li>Quy \u0111\u1ecbnh v\u00e0 Gi\u1ea5y ph\u00e9p v\u1ec1 m\u00f4i tr\u01b0\u1eddng<\/li>\n<li>C\u00e2\u0301p v\u00f4\u0301n v\u00e0 Ch\u1ee9ng kho\u00e1n h\u00f3a<\/li>\n<li>S\u1edf h\u1eefu tr\u00ed tu\u1ec7<\/li>\n<li>Cho thu\u00ea v\u00e0 S\u1ea3n xu\u1ea5t<\/li>\n<li>S\u1eed d\u1ee5ng \u0111\u1ea5t v\u00e0 c\u00e1c v\u1ea5n \u0111\u1ec1 m\u00f4i tr\u01b0\u1eddng<\/li>\n<li>Th\u1ecfa thu\u1eadn ho\u1ea1t \u0111\u1ed9ng<\/li>\n<li>T\u00e0i ch\u00ednh d\u1ef1 \u00e1n v\u00e0 Giao d\u1ecbch ph\u00e1t tri\u1ec3n<\/li>\n<li>S\u00e1p nh\u1eadp va\u0300 Mua la\u0323i d\u1ef1 \u00e1n, Li\u00ean doanh v\u00e0 Chuy\u00ea\u0309n nh\u01b0\u01a1\u0323ng<\/li>\n<li>B\u1ea5t \u0111\u1ed9ng s\u1ea3n v\u00e0 T\u00e0i s\u1ea3n<\/li>\n<li>C\u00e1c v\u1ea5n \u0111\u1ec1 qua\u0309n ly\u0301<\/li>\n<li>T\u00e1i c\u1ea5u tr\u00fac v\u00e0 Gi\u1ea3i th\u1ec3<\/li>\n<li>Cho\u0323n \u0111i\u0323a \u0111i\u00ea\u0309m, C\u1ea5p ph\u00e9p v\u00e0 \u0110\u00f3ng c\u1eeda c\u01a1 s\u01a1\u0309<\/li>\n<li>Thu\u1ebf v\u00e0 K\u1ebf to\u00e1n<\/li>\n<li>Giao th\u00f4ng v\u00e2\u0323n ta\u0309i v\u00e0 Ph\u00e2n ph\u1ed1i<\/li>\n<\/ul>\n","protected":false},"excerpt":{"rendered":"<p>Lorem ipsum dolor sit amet, consectetur adipiscing elit, sed do eiusmod tempor ut labore et dolore magna aliqua.<\/p>\n","protected":false},"author":41,"featured_media":83660,"parent":83385,"menu_order":9,"comment_status":"closed","ping_status":"closed","template":"page-practices.php","meta":[],"_links":{"self":[{"href":"https:\/\/corporatecounsels.vn\/vi\/wp-json\/wp\/v2\/pages\/83420"}],"collection":[{"href":"https:\/\/corporatecounsels.vn\/vi\/wp-json\/wp\/v2\/pages"}],"about":[{"href":"https:\/\/corporatecounsels.vn\/vi\/wp-json\/wp\/v2\/types\/page"}],"author":[{"embeddable":true,"href":"https:\/\/corporatecounsels.vn\/vi\/wp-json\/wp\/v2\/users\/41"}],"replies":[{"embeddable":true,"href":"https:\/\/corporatecounsels.vn\/vi\/wp-json\/wp\/v2\/comments?post=83420"}],"version-history":[{"count":6,"href":"https:\/\/corporatecounsels.vn\/vi\/wp-json\/wp\/v2\/pages\/83420\/revisions"}],"predecessor-version":[{"id":85266,"href":"https:\/\/corporatecounsels.vn\/vi\/wp-json\/wp\/v2\/pages\/83420\/revisions\/85266"}],"up":[{"embeddable":true,"href":"https:\/\/corporatecounsels.vn\/vi\/wp-json\/wp\/v2\/pages\/83385"}],"wp:featuredmedia":[{"embeddable":true,"href":"https:\/\/corporatecounsels.vn\/vi\/wp-json\/wp\/v2\/media\/83660"}],"wp:attachment":[{"href":"https:\/\/corporatecounsels.vn\/vi\/wp-json\/wp\/v2\/media?parent=83420"}],"curies":[{"name":"wp","href":"https:\/\/api.w.org\/{rel}","templated":true}]}}