{"id":83418,"date":"2021-11-11T13:42:23","date_gmt":"2021-11-11T06:42:23","guid":{"rendered":"https:\/\/corporatecounsels.vn\/?page_id=83418"},"modified":"2023-01-16T12:40:47","modified_gmt":"2023-01-16T05:40:47","slug":"chinh-phu-khu-vuc-cong","status":"publish","type":"page","link":"https:\/\/corporatecounsels.vn\/vi\/industries\/chinh-phu-khu-vuc-cong\/","title":{"rendered":"Ch\u00ednh ph\u1ee7 &#038; Khu v\u1ef1c c\u00f4ng"},"content":{"rendered":"<h3>L\u1eddi m\u1edf \u0111\u1ea7u<\/h3>\n<p>Trong su\u00f4\u0301t hai th\u1eadp k\u1ef7 qua, b\u1ed1i c\u1ea3nh kinh t\u1ebf v\u00e0 Ch\u00ednh ph\u1ee7 c\u1ee7a Vi\u1ec7t Nam \u0111\u00e3 thay \u0111\u1ed5i \u0111\u00e1ng k\u1ec3. N\u1ed5i l\u00ean nh\u01b0 m\u1ed9t \u0111\u1ea7u t\u00e0u c\u00f4ng nghi\u1ec7p, m\u01b0\u0301c t\u0103ng tr\u01b0\u1edfng GDP \u0111\u1ea1t trung b\u00ecnh kho\u1ea3ng 7% m\u1ed7i n\u0103m tr\u01b0\u1edbc \u0111\u1ea1i d\u1ecbch Covid-19. L\u1ef1c l\u01b0\u1ee3ng lao \u0111\u1ed9ng tr\u1ebb, c\u00f3 tr\u00ecnh \u0111\u1ed9 v\u00e0 th\u00f4ng th\u1ea1o k\u1ef9 thu\u1eadt s\u1ed1, k\u1ebft h\u1ee3p v\u1edbi nh\u1eefng c\u1ea3i thi\u1ec7n v\u1ec1 c\u01a1 s\u1edf h\u1ea1 t\u1ea7ng v\u00e0 chi\u0301nh sa\u0301ch t\u1ea1o thu\u1eadn l\u1ee3i cho th\u01b0\u01a1ng m\u1ea1i c\u1ee7a Ch\u00ednh ph\u1ee7, \u0111\u00e3 bi\u1ebfn \u0111\u1ea5t n\u01b0\u1edbc tr\u1edf th\u00e0nh \u0111i\u00ea\u0309m \u0111\u00ea\u0301n an toa\u0300n cho c\u1ea3 c\u00f4ng ty trong n\u01b0\u1edbc v\u00e0 t\u1eadp \u0111o\u00e0n \u0111a qu\u1ed1c gia mu\u1ed1n m\u1edf r\u1ed9ng s\u1ea3n xu\u1ea5t v\u00e0 th\u1ecb tr\u01b0\u1eddng. Tr\u00ean th\u1ef1c t\u1ebf, m\u01b0\u0301c t\u0103ng tr\u01b0\u1edfng doanh nghi\u1ec7p trong n\u01b0\u1edbc v\u00e0 gia\u0301 tri\u0323 \u0111\u1ea7u t\u01b0 \u0111a qu\u1ed1c gia \u0111\u1ec1u \u0111a\u0323t tha\u0300nh t\u01b0\u0323u \u0111\u00e1ng kinh ng\u1ea1c b\u1ea5t ch\u1ea5p \u0111\u1ea1i d\u1ecbch, v\u1edbi v\u1ed1n \u0111\u1ea7u t\u01b0 FDI \u0111\u1ea1t tr\u00ean 14 t\u1ef7 USD trong n\u0103m 2020.<\/p>\n<p>Kh\u00f4ng c\u00f3 g\u00ec ph\u1ea3i b\u00e0n c\u00e3i khi Vi\u1ec7t Nam \u0111\u00e3 v\u01b0\u1ee3t qua \u0111\u01b0\u1ee3c \u0111i\u00ea\u0300u ti\u00ea\u0301ng l\u00e0 n\u01a1i kh\u00f3 kinh doanh. \u0110\u00e2y l\u00e0 k\u1ebft qu\u1ea3 c\u1ee7a nhi\u1ec1u thay \u0111\u1ed5i v\u00ea\u0300 ch\u00ednh s\u00e1ch v\u00e0 n\u1ed7 l\u1ef1c n\u00e2ng c\u1ea5p kh\u00f4ng ng\u1eebng c\u1ee7a Ch\u00ednh ph\u1ee7 trong m\u01b0\u1eddi n\u0103m qua. V\u00ed d\u1ee5: ph\u1ea7n l\u1edbn c\u00e1c th\u1ee7 t\u1ee5c v\u00ea\u0300 tu\u00e2n th\u1ee7 quy \u0111\u1ecbnh hi\u1ec7n nay \u0111\u00ea\u0300u co\u0301 th\u00ea\u0309 th\u01b0\u0323c hi\u00ea\u0323n tr\u1ef1c tuy\u1ebfn v\u00e0 th\u1eddi gian \u0111\u0103ng k\u00fd kinh doanh hi\u1ec7n \u0111\u00e3 \u0111\u01b0\u1ee3c gi\u1ea3m t\u1eeb 30% \u0111\u1ebfn 50%. Ngo\u00e0i ra, Ch\u00ednh ph\u1ee7 c\u0169ng ban h\u00e0nh m\u1ed9t s\u1ed1 ch\u00ednh s\u00e1ch h\u01b0\u1edbng v\u1ec1 doanh nghi\u1ec7p, ch\u1eb3ng h\u1ea1n nh\u01b0 thay \u0111\u1ed5i v\u1ec1 thu\u1ebf GTGT v\u00e0 thu\u1ebf thu nh\u1eadp doanh nghi\u1ec7p. H\u01a1n n\u1eefa, Ch\u00ednh ph\u1ee7 Vi\u1ec7t Nam \u0111\u00e3 \u1ea5n \u0111\u1ecbnh th\u1eddi h\u1ea1n cho nhi\u00ea\u0300u c\u01a1 quan ph\u00ea duy\u00ea\u0323t \u0111\u1ec3 c\u00e1c c\u00f4ng ty th\u00e0nh l\u1eadp d\u1ef1 \u00e1n ho\u1eb7c c\u00f4ng vi\u00ea\u0323c kinh doanh trong n\u01b0\u1edbc. M\u1ed9t v\u00ed d\u1ee5 kh\u00e1c l\u00e0 th\u1ee7 t\u1ee5c xu\u1ea5t nh\u1eadp kh\u1ea9u \u0111\u00e3 \u0111\u01b0\u01a1\u0323c s\u0103\u0301p x\u00ea\u0301p h\u1ee3p l\u00fd h\u01a1n nh\u01a1\u0300 nhi\u00ea\u0300u ca\u0309i ti\u1ebfn trong h\u1ec7 th\u1ed1ng th\u00f4ng quan h\u00e0ng h\u00f3a t\u1ef1 \u0111\u1ed9ng v\u00e0 s\u00f4\u0301 gi\u01a1\u0300 ho\u1ea1t \u0111\u1ed9ng k\u00e9o d\u00e0i. T\u1ea5t c\u1ea3 nh\u1eefng thay \u0111\u1ed5i n\u00e0y (c\u00f9ng nhi\u1ec1u thay \u0111\u1ed5i kh\u00e1c) cho th\u1ea5y Vi\u1ec7t Nam, \u0111\u1ed1i t\u00e1c c\u1ef1c k\u1ef3 quan tr\u1ecdng trong nhi\u1ec1u hi\u1ec7p \u0111\u1ecbnh th\u01b0\u01a1ng m\u1ea1i qu\u1ed1c t\u1ebf, \u0111ang tr\u00ean m\u1ed9t l\u1ed9 tr\u00ecnh ch\u0103\u0301c ch\u0103\u0301n \u0111\u1ec3 v\u01b0\u01a1n l\u00ean tr\u1edf th\u00e0nh \u0111\u1ed9ng l\u1ef1c kinh t\u1ebf h\u00e0ng \u0111\u1ea7u c\u1ee7a khu v\u01b0\u0323c \u0110\u00f4ng Nam \u00c1.<\/p>\n<hr \/>\n<h3>Gi\u1edbi thi\u1ec7u<\/h3>\n<p>Nh\u1edd nh\u1eefng ti\u1ebfn b\u1ed9 quan tr\u1ecdng v\u1ec1 li\u0303nh v\u01b0\u0323c kinh t\u1ebf v\u00e0 qua\u0309n ly\u0301 na\u0300y \u1edf Vi\u1ec7t Nam, h\u1ec7 th\u1ed1ng lu\u1eadt ph\u00e1p \u0111ang kh\u00f4ng ng\u1eebng ph\u00e1t tri\u1ec3n v\u00e0 thay \u0111\u1ed5i. Tr\u00ean th\u1ef1c t\u1ebf, c\u00e1c c\u01a1 quan v\u00e0 t\u1ed5 ch\u1ee9c Ch\u00ednh ph\u1ee7 \u1edf Vi\u1ec7t Nam \u0111ang ph\u1ea3i \u0111\u1ed1i m\u1eb7t v\u1edbi s\u1ef1 gi\u00e1m s\u00e1t v\u00e0 nhu c\u1ea7u ng\u00e0y c\u00e0ng t\u0103ng \u0111\u1ed1i v\u1edbi c\u00e1c d\u1ecbch v\u1ee5 c\u00f4ng v\u00e0 c\u01a1 s\u1edf h\u1ea1 t\u1ea7ng (nh\u00e2\u0301t l\u00e0 trong hoa\u0300n c\u1ea3nh kinh t\u1ebf kh\u00f4ng \u1ed5n \u0111\u1ecbnh nh\u01b0 hi\u1ec7n nay). Do \u0111\u00f3, \u0111i\u1ec1u quan tr\u1ecdng \u0111\u1ed1i v\u1edbi c\u00e1c t\u00f4\u0309 ch\u01b0\u0301c c\u00f4ng l\u00e0 ph\u1ea3i thu\u00ea \u0111\u01b0\u1ee3c m\u1ed9t \u0111\u1ed1i t\u00e1c ph\u00e1p l\u00fd c\u00f3 n\u0103ng l\u1ef1c v\u00e0 tin c\u1eady \u0111\u1ec3 h\u1ed7 tr\u1ee3 \u0111\u01b0a ra h\u01b0\u1edbng gia\u0309i quy\u00ea\u0301t cho nhi\u00ea\u0300u th\u00e1ch th\u1ee9c kh\u00e1c nhau m\u00e0 Ch\u00ednh ph\u1ee7 v\u00e0 khu v\u1ef1c c\u00f4ng \u0111ang \u0111\u1ed1i m\u1eb7t. C\u00e1c lu\u1eadt s\u01b0 t\u1ea1i Corporate Counsels c\u00f3 b\u00ea\u0300 da\u0300y nhi\u1ec1u n\u0103m kinh nghi\u1ec7m v\u00e0 ki\u00ea\u0301n th\u01b0\u0301c s\u00e2u r\u00f4\u0323ng v\u1ec1 c\u1ea5u tr\u00fac h\u00ea\u0323 th\u00f4\u0301ng qua\u0309n l\u00fd c\u1ee7a Vi\u1ec7t Nam. T\u1eeb lu\u1eadt v\u1ec1 c\u1ea1nh tranh, \u0111\u1ea7u t\u01b0, th\u01b0\u01a1ng m\u1ea1i \u0111i\u1ec7n t\u1eed v\u00e0 b\u1ea3o v\u1ec7 quy\u1ec1n s\u1edf h\u1eefu tr\u00ed tu\u1ec7 \u0111\u1ebfn c\u01a1 s\u1edf h\u1ea1 t\u1ea7ng, mua s\u0103\u0301m v\u00e0 ch\u0103m s\u00f3c s\u1ee9c kh\u1ecfe, \u0111\u00f4\u0323i ngu\u0303 lu\u1eadt s\u01b0 c\u1ee7a ch\u00fang t\u00f4i \u0111\u00e3 \u0111i \u0111\u1ea7u trong l\u0129nh v\u1ef1c ha\u0300nh ngh\u00ea\u0300 ph\u00e1p ly\u0301 t\u1ea1i Vi\u1ec7t Nam trong h\u01a1n m\u1ed9t th\u1eadp k\u1ef7 qua.<\/p>\n<p>Khi l\u1ee3i \u00edch c\u1ee7a c\u00e1c kh\u00e1ch h\u00e0ng Ch\u00ednh ph\u1ee7, kh\u00e1ch h\u00e0ng v\u00ea\u0300 qu\u1ea3n l\u00fd v\u00e0 kh\u00e1ch h\u00e0ng v\u00ea\u0300 ch\u00ednh s\u00e1ch c\u00f4ng c\u1ee7a ch\u00fang t\u00f4i giao nhau v\u1edbi doanh nghi\u1ec7p t\u01b0 nh\u00e2n, c\u00e1c lu\u1eadt s\u01b0 c\u1ee7a Corporate Counsels c\u00f3 kh\u1ea3 n\u0103ng qu\u1ea3n l\u00fd b\u1ea5t k\u1ef3 v\u1ea5n \u0111\u1ec1 n\u00e0o tr\u00ean nhi\u1ec1u nga\u0300nh kh\u00e1c nhau. C\u00e1c nga\u0300nh n\u00e0y bao g\u1ed3m h\u00e0nh ch\u00ednh, truy\u1ec1n th\u00f4ng, an ninh m\u1ea1ng v\u00e0 quy\u1ec1n ri\u00eang t\u01b0, h\u00ea\u0323 th\u00f4\u0301ng thu\u1ebf, gi\u00e1o d\u1ee5c, lao \u0111\u1ed9ng v\u00e0 vi\u1ec7c l\u00e0m, n\u0103ng l\u01b0\u1ee3ng v\u00e0 m\u00f4i tr\u01b0\u1eddng, s\u1edf h\u1eefu tr\u00ed tu\u1ec7, c\u00f4ng ngh\u1ec7, x\u00e2y d\u1ef1ng v\u00e0 mua s\u0103\u0301m c\u00f9ng r\u00e2\u0301t nhi\u1ec1u nga\u0300nh kh\u00e1c. N\u00f3i t\u00f3m l\u1ea1i, ch\u00fang t\u00f4i \u0111\u00e3 cung c\u1ea5p c\u00e1c gi\u1ea3i ph\u00e1p b\u1ec1n v\u1eefng trong nhi\u00ea\u0300u n\u0103m qua cho kh\u00e1ch h\u00e0ng Ch\u00ednh ph\u1ee7 v\u00e0 khu v\u1ef1c c\u00f4ng, tu\u00e2n th\u1ee7 nghi\u00eam ch\u1ec9nh v\u1edbi lu\u1eadt ph\u00e1p Vi\u1ec7t Nam c\u0169ng nh\u01b0 c\u00e1c m\u1ee5c ti\u00eau ch\u00ednh s\u00e1ch c\u00f4ng c\u1ee7a h\u1ecd.<\/p>\n<hr \/>\n<h3>D\u1ecbch v\u1ee5<\/h3>\n<p>Corporate Counsels cung c\u1ea5p nhi\u1ec1u di\u0323ch vu\u0323 t\u01b0 v\u00e2\u0301n cho c\u00e1c t\u00f4\u0309 ch\u01b0\u0301c Ch\u00ednh ph\u1ee7 v\u00e0 Khu v\u1ef1c c\u00f4ng trong c\u00e1c v\u1ea5n \u0111\u1ec1 bao g\u1ed3m:<\/p>\n<ul>\n<li>Lu\u1eadt h\u00e0nh ch\u00ednh v\u00e0 c\u00f4ng pha\u0301p;<\/li>\n<li>T\u00e0i ch\u00ednh ng\u00e2n h\u00e0ng;<\/li>\n<li>T\u1ed1 t\u1ee5ng th\u01b0\u01a1ng m\u1ea1i v\u00e0 h\u00e0nh ch\u00ednh;<\/li>\n<li>D\u1ef1 \u00e1n c\u01a1 s\u1edf h\u1ea1 t\u1ea7ng c\u00f4ng c\u1ed9ng ph\u1ee9c h\u01a1\u0323p, x\u00e2y d\u1ef1ng v\u00e0 mua s\u0103\u0301m;<\/li>\n<li>C\u00e1c v\u1ea5n \u0111\u1ec1 v\u1ec1 c\u1ea1nh tranh v\u00e0 tu\u00e2n th\u1ee7 quy \u0111\u1ecbnh;<\/li>\n<li>An ninh m\u1ea1ng v\u00e0 b\u1ea3o v\u1ec7 d\u1eef li\u1ec7u;<\/li>\n<li>Gi\u00e1o d\u1ee5c;<\/li>\n<li>Ch\u0103m s\u00f3c s\u1ee9c kh\u1ecfe;<\/li>\n<li>R\u00e0 so\u00e1t t\u01b0 ph\u00e1p, \u0111i\u1ec1u tra n\u1ed9i b\u1ed9 v\u00e0 c\u00e1c th\u1ee7 t\u1ee5c x\u01b0\u0309 ly\u0301 k\u1ef7 lu\u1eadt li\u00ean quan \u0111\u1ebfn c\u00e1c c\u01a1 quan c\u00f4ng quy\u1ec1n;<\/li>\n<li>V\u1ea5n \u0111\u1ec1 lao \u0111\u1ed9ng v\u00e0 vi\u1ec7c l\u00e0m;<\/li>\n<li>C\u00e1c ch\u01b0\u01a1ng tr\u00ecnh t\u00e1i c\u1ea5u tru\u0301c va\u0300 chuy\u1ec3n \u0111\u1ed5i theo h\u01b0\u1edbng ch\u00ednh s\u00e1ch;<\/li>\n<li>T\u01b0 nh\u00e2n h\u00f3a, c\u1ea5u tru\u0301c h\u1ee3p t\u00e1c c\u00f4ng &#8211; t\u01b0 v\u00e0 SOE (doanh nghi\u1ec7p nh\u00e0 n\u01b0\u1edbc);<\/li>\n<li>Qu\u1ea3n l\u00fd t\u00e0i s\u1ea3n v\u00e0 c\u01a1 s\u1edf v\u1eadt ch\u1ea5t;<\/li>\n<li>H\u00ea\u0323 th\u00f4\u0301ng thu\u00ea\u0301;<\/li>\n<li>C\u00f4ng ngh\u1ec7 v\u00e0 s\u1edf h\u1eefu tr\u00ed tu\u1ec7.<\/li>\n<\/ul>\n","protected":false},"excerpt":{"rendered":"<p>Lorem ipsum dolor sit amet, consectetur adipiscing elit, sed do eiusmod tempor ut labore et dolore magna aliqua.<\/p>\n","protected":false},"author":41,"featured_media":83669,"parent":83385,"menu_order":13,"comment_status":"closed","ping_status":"closed","template":"page-practices.php","meta":[],"_links":{"self":[{"href":"https:\/\/corporatecounsels.vn\/vi\/wp-json\/wp\/v2\/pages\/83418"}],"collection":[{"href":"https:\/\/corporatecounsels.vn\/vi\/wp-json\/wp\/v2\/pages"}],"about":[{"href":"https:\/\/corporatecounsels.vn\/vi\/wp-json\/wp\/v2\/types\/page"}],"author":[{"embeddable":true,"href":"https:\/\/corporatecounsels.vn\/vi\/wp-json\/wp\/v2\/users\/41"}],"replies":[{"embeddable":true,"href":"https:\/\/corporatecounsels.vn\/vi\/wp-json\/wp\/v2\/comments?post=83418"}],"version-history":[{"count":6,"href":"https:\/\/corporatecounsels.vn\/vi\/wp-json\/wp\/v2\/pages\/83418\/revisions"}],"predecessor-version":[{"id":85286,"href":"https:\/\/corporatecounsels.vn\/vi\/wp-json\/wp\/v2\/pages\/83418\/revisions\/85286"}],"up":[{"embeddable":true,"href":"https:\/\/corporatecounsels.vn\/vi\/wp-json\/wp\/v2\/pages\/83385"}],"wp:featuredmedia":[{"embeddable":true,"href":"https:\/\/corporatecounsels.vn\/vi\/wp-json\/wp\/v2\/media\/83669"}],"wp:attachment":[{"href":"https:\/\/corporatecounsels.vn\/vi\/wp-json\/wp\/v2\/media?parent=83418"}],"curies":[{"name":"wp","href":"https:\/\/api.w.org\/{rel}","templated":true}]}}