{"id":83416,"date":"2021-11-11T13:41:36","date_gmt":"2021-11-11T06:41:36","guid":{"rendered":"https:\/\/corporatecounsels.vn\/?page_id=83416"},"modified":"2023-01-16T12:40:55","modified_gmt":"2023-01-16T05:40:55","slug":"cong-nghe","status":"publish","type":"page","link":"https:\/\/corporatecounsels.vn\/vi\/industries\/cong-nghe\/","title":{"rendered":"C\u00f4ng ngh\u1ec7"},"content":{"rendered":"<h3>L\u1eddi m\u1edf \u0111\u1ea7u<\/h3>\n<p>C\u00f4ng ngh\u1ec7 t\u00e0i ch\u00ednh (FinTech) \u0111\u00e3 ch\u1ee9ng ki\u1ebfn s\u1ef1 ph\u00e1t tri\u1ec3n nhanh ch\u00f3ng mang ti\u0301nh hi\u00ea\u0323n t\u01b0\u01a1\u0323ng \u1edf c\u1ea3 Vi\u1ec7t Nam v\u00e0 to\u00e0n c\u1ea7u, khi cu\u1ed9c c\u00e1ch m\u1ea1ng k\u1ef9 thu\u1eadt s\u1ed1 ti\u1ebfp t\u1ee5c thay \u0111\u1ed5i v\u00e0 x\u00e1c \u0111\u1ecbnh l\u1ea1i vai tr\u00f2 v\u00e0 ch\u1ee9c n\u0103ng truy\u1ec1n th\u1ed1ng c\u1ee7a c\u00e1c d\u1ecbch v\u1ee5 t\u00e0i ch\u00ednh. K\u1ec3 t\u1eeb n\u0103m 2014, c\u00e1c c\u00f4ng ty Fintech \u01a1\u0309 \u0110\u00f4ng Nam \u00c1 \u0111\u00e3 t\u0103ng c\u00e2\u0301p v\u1ed1n \u0111\u1ea7u t\u01b0 m\u1ea1o hi\u1ec3m t\u1eeb 35 tri\u1ec7u \u0111\u00f4 la l\u00ean 679 tri\u1ec7u \u0111\u00f4 la v\u00e0o n\u0103m 2018 v\u00e0 1,14 t\u1ef7 \u0111\u00f4 la v\u00e0o n\u0103m 2019. Trong khi Singapore v\u00e0 H\u1ed3ng K\u00f4ng t\u1eeb l\u00e2u \u0111\u00e3 l\u00e0 trung t\u00e2m FinTech \u1edf ch\u00e2u \u00c1, c\u00e1c c\u00f4ng ty kh\u1edfi nghi\u1ec7p t\u1eeb Vi\u1ec7t Nam v\u00e0 khu v\u1ef1c \u0110\u00f4ng Nam \u00c1 \u0111\u00e3 v\u00e0 \u0111ang thu h\u00fat nhi\u1ec1u \u0111\u1ea7u t\u01b0 h\u01a1n trong nh\u1eefng n\u0103m g\u1ea7n \u0111\u00e2y. S\u00f4\u0301 li\u00ea\u0323u th\u1ef1c t\u1ebf cho th\u00e2\u0301y, ph\u00e2\u0300n \u0111o\u0301ng go\u0301p c\u00e2\u0301p v\u1ed1n \u0111\u1ea7u t\u01b0 m\u1ea1o hi\u1ec3m trong khu v\u1ef1c c\u1ee7a Vi\u1ec7t Nam d\u00e0nh cho li\u0303nh v\u01b0\u0323c FinTech \u0111\u00e3 t\u0103ng v\u1ecdt t\u1eeb 0,4% l\u00ean 36% ch\u1ec9 trong 9 th\u00e1ng trong n\u0103m 2019.<\/p>\n<p>Cu\u0323m t\u01b0\u0300 \u201cFinTech\u201d nghe c\u00f3 v\u1ebb gi\u1ed1ng nh\u01b0 m\u1ed9t ph\u01b0\u01a1ng th\u1ee9c m\u01a1 h\u00f4\u0300 \u2013 t\u01b0\u0301c la\u0300 c\u00e1c kh\u00eda c\u1ea1nh c\u00f4ng ngh\u1ec7 c\u1ee7a d\u1ecbch v\u1ee5 t\u00e0i ch\u00ednh ho\u1eb7c c\u00e1c \u1ee9ng d\u1ee5ng t\u00e0i ch\u00ednh c\u1ee7a c\u00f4ng ngh\u1ec7 \u2013 c\u00f3 kh\u1ea3 n\u0103ng khi\u1ebfn n\u00f3 gi\u1ed1ng nh\u01b0 m\u1ed9t \u201cnh\u00e2n t\u00f4\u0301 h\u1ed7 tr\u1ee3\u201d trong n\u1ec1n kinh t\u1ebf t\u01b0\u01a1ng lai r\u1ed9ng l\u01a1\u0301n h\u01a1n. Tuy nhi\u00ean, ng\u00e0nh n\u00e0y c\u00f3 nh\u1eefng quan h\u00ea\u0323 m\u00e2\u0323t thi\u00ea\u0301t r\u1ed9ng h\u01a1n nhi\u00ea\u0300u, \u1ea3nh h\u01b0\u1edfng \u0111\u1ebfn t\u1ea5t c\u1ea3 t\u01b0\u0300 c\u00e1c giao d\u1ecbch t\u00e0i ch\u00ednh quan tr\u1ecdng \u0111\u1ebfn c\u00e1c giao d\u1ecbch h\u00e0ng ng\u00e0y c\u1ee7a c\u00e1 nh\u00e2n. Se\u0303 kh\u00f4ng qu\u00e1 l\u1eddi khi nh\u00e2\u0323n \u0111i\u0323nh r\u1eb1ng trong th\u1ebf gi\u1edbi ng\u00e0y nay, FinTech chi\u0301nh l\u00e0 m\u0169i nh\u1ecdn c\u1ee7a n\u1ec1n kinh t\u1ebf k\u1ef9 thu\u1eadt s\u1ed1 v\u00e0 l\u00e0 l\u0129nh v\u1ef1c mang la\u0323i nhi\u00ea\u0300u h\u01b0\u0301ng thu\u0301, kh\u00f4ng ng\u1eebng ph\u00e1t tri\u1ec3n.<\/p>\n<p>FinTech th\u01b0\u1eddng h\u01b0\u1edbng t\u1edbi t\u01b0\u01a1ng lai v\u00e0 c\u00f4ng ngh\u1ec7 n\u00e0y kh\u00f4ng nh\u1ea5t thi\u1ebft ph\u1ea3i lu\u00f4n ph\u00f9 h\u1ee3p v\u1edbi c\u00e1c h\u00ea\u0323 th\u00f4\u0301ng qua\u0309n ly\u0301 hi\u1ec7n h\u00e0nh. Do \u0111\u00f3, c\u00f3 r\u1ea5t nhi\u1ec1u v\u00e2\u0301n \u0111\u00ea\u0300 ch\u01b0a bi\u1ebft m\u00e0 c\u00e1c ng\u00e2n h\u00e0ng, nh\u00e0 \u0111\u1ea7u t\u01b0, c\u00f4ng ty b\u1ea3o hi\u1ec3m, c\u1ed1 v\u1ea5n t\u00e0i ch\u00ednh v\u00e0 ca\u0301c t\u00f4\u0309 ch\u01b0\u0301c kh\u00e1c b\u1eaft bu\u1ed9c ph\u1ea3i \u0111\u01b0a ra h\u01b0\u1edbng gia\u0309i quy\u00ea\u0301t \u0111\u1ec3 g\u1eb7t h\u00e1i th\u00e0nh c\u00f4ng v\u00e0 tu\u00e2n th\u1ee7 lu\u1eadt ph\u00e1p. Vai tr\u00f2 c\u1ee7a lu\u1eadt s\u01b0 v\u00ea\u0300 ma\u0309ng c\u00f4ng ngh\u1ec7 li\u00ean quan \u0111\u1ebfn vi\u1ec7c giao ti\u1ebfp v\u1edbi c\u00e1c chu\u0309 th\u00e2\u0300u v\u00e0 thay \u0111\u1ed5i t\u1ea7m nh\u00ecn v\u00e0 k\u1ebf ho\u1ea1ch c\u1ee7a h\u1ecd \u0111\u00f4\u0301i v\u01a1\u0301i c\u00e1c \u0111\u01a1n vi\u0323 qu\u1ea3n l\u00fd. Ngo\u00e0i ra, c\u00e1c lu\u1eadt s\u01b0 h\u00e0nh ngh\u1ec1 v\u00ea\u0300 ma\u0309ng c\u00f4ng ngh\u1ec7 c\u1ea7n ph\u1ea3i ti\u00ea\u0301p xu\u0301c v\u1edbi \u0111\u01a1n vi\u0323 qu\u1ea3n l\u00fd v\u00e0 c\u01a1 quan nha\u0300 n\u01b0\u01a1\u0301c \u0111\u00ea\u0309 gi\u1ea3i th\u00edch ph\u00e2\u0300n h\u01b0\u1edbng d\u1eabn v\u00e0 ch\u1ec9 th\u1ecb c\u1ee7a \u0111\u01a1n vi\u0323 qu\u1ea3n l\u00fd v\u00e0 c\u01a1 quan nha\u0300 n\u01b0\u01a1\u0301c cho kh\u00e1ch h\u00e0ng c\u1ee7a h\u1ecd.<\/p>\n<hr \/>\n<h3>Gi\u01a1\u0301i thi\u00ea\u0323u<\/h3>\n<p>V\u1edbi nhu c\u1ea7u v\u1ec1 c\u00e1c gi\u1ea3i ph\u00e1p FinTech ng\u00e0y c\u00e0ng t\u0103ng tr\u00ean to\u00e0n th\u1ebf gi\u1edbi, Corporate Counsels \u0111\u00f3ng vai tr\u00f2 l\u00e0 c\u00f4ng ty lu\u1eadt v\u00ea\u0300 ma\u0309ng c\u00f4ng ngh\u1ec7 tin c\u1eady cho c\u00e1c ng\u00e2n h\u00e0ng, t\u1ed5 ch\u1ee9c t\u00e0i ch\u00ednh, s\u00e0n giao d\u1ecbch v\u00e0 n\u1ec1n t\u1ea3ng tr\u1ef1c tuy\u1ebfn, qu\u1ef9 \u0111\u1ea7u t\u01b0 t\u01b0 nh\u00e2n v\u00e0 c\u00f4ng ty kh\u1edfi nghi\u1ec7p. C\u00e1c c\u00f4ng ty FinTech s\u1eed d\u1ee5ng nhi\u1ec1u c\u00f4ng ngh\u1ec7 kh\u00e1c nhau, bao g\u1ed3m tr\u00ed tu\u1ec7 nh\u00e2n t\u1ea1o (AI), d\u1eef li\u1ec7u l\u1edbn, t\u1ef1 \u0111\u1ed9ng h\u00f3a quy tr\u00ecnh b\u1eb1ng robot (RPA) v\u00e0 c\u00f4ng ngh\u00ea\u0323 chu\u00f4\u0303i kh\u00f4\u0301i. Corporate Counsels \u0111\u00e3 h\u1ed7 tr\u1ee3 nhi\u00ea\u0300u c\u00f4ng ty ph\u00e1t tri\u1ec3n v\u00e0 gi\u01a1\u0301i thi\u00ea\u0323u c\u00e1c s\u1ea3n ph\u1ea9m v\u00e0 d\u1ecbch v\u1ee5 m\u1edbi, \u0111\u1ed3ng th\u1eddi t\u01b0 v\u1ea5n cho nh\u00e0 \u0111\u1ea7u t\u01b0 nh\u00e2\u0323n da\u0323ng v\u00e0 qu\u1ea3n l\u00fd r\u1ee7i ro tr\u00ean th\u1ecb tr\u01b0\u1eddng FinTech. Ngo\u00e0i ra, \u0111\u00f4\u0323i ngu\u0303 c\u1ee7a ch\u00fang t\u00f4i cu\u0303ng l\u00e0m vi\u1ec7c v\u1edbi nhi\u00ea\u0300u c\u00f4ng ty v\u00e0 nh\u00e0 cung c\u1ea5p d\u1ecbch v\u1ee5 \u0111\u00ea\u0309 ph\u00e1t tri\u1ec3n v\u00e0 \u00e1p d\u1ee5ng c\u00e1c th\u1ecfa thu\u1eadn h\u1ee3p t\u00e1c v\u00e0 thu\u00ea ngo\u00e0i chi\u1ebfn l\u01b0\u1ee3c c\u0169ng nh\u01b0 c\u00e1c c\u1ea5u tr\u00fac sa\u0301ng ta\u0323o cho nhi\u00ea\u0300u ti\u1ebfn b\u1ed9 c\u00f4ng ngh\u1ec7 m\u1edbi ma\u0300 v\u00e2\u0303n tu\u00e2n th\u1ee7 quy \u0111\u1ecbnh c\u00f3 li\u00ean quan.<\/p>\n<p>Kh\u00e1ch h\u00e0ng c\u1ee7a Corporate Counsels tin t\u01b0\u01a1\u0309ng v\u00e0o n\u0103ng l\u1ef1c c\u00f4ng ngh\u1ec7 v\u00e0 t\u00e2\u0300m hi\u1ec3u bi\u1ebft s\u00e2u r\u00f4\u0323ng c\u1ee7a ch\u00fang t\u00f4i v\u1ec1 th\u1ecb tr\u01b0\u1eddng, c\u00e1c v\u1ea5n \u0111\u1ec1 kinh doanh, tr\u00e1ch nhi\u1ec7m, r\u1ee7i ro v\u00e0 c\u01a1 h\u1ed9i. Nh\u1edd t\u00e2\u0323n du\u0323ng b\u1ec1 d\u00e0y kinh nghi\u1ec7m v\u00e0 ph\u01b0\u01a1ng ph\u00e1p ti\u1ebfp c\u1eadn \u0111a ng\u00e0nh c\u1ee7a m\u00ecnh, ch\u00fang t\u00f4i \u0111\u00e3 cung c\u1ea5p di\u0323ch vu\u0323 h\u1ed7 tr\u1ee3 c\u00f3 gi\u00e1 tr\u1ecb cho kh\u00e1ch h\u00e0ng \u0111\u1ec3 h\u1ecd ch\u1ee7 \u0111\u1ed9ng v\u00e0 \u0111\u01b0a ra c\u00e1c quy\u1ebft \u0111\u1ecbnh s\u00e1ng su\u1ed1t gi\u00fap \u0111\u1ea1t th\u00e0nh c\u00f4ng trong d\u00e0i ha\u0323n.<\/p>\n<hr \/>\n<h3>Di\u0323ch vu\u0323<\/h3>\n<p>\u0110\u00f4\u0323i ngu\u0303 lu\u1eadt s\u01b0 v\u00ea\u0300 ma\u0309ng c\u00f4ng ngh\u1ec7 th\u00f4ng tin c\u1ee7a Corporate Counsels cung c\u1ea5p di\u0323ch vu\u0323 t\u01b0 v\u00e2\u0301n cho kh\u00e1ch h\u00e0ng v\u1ec1 nhi\u1ec1u v\u1ea5n \u0111\u1ec1 li\u00ean quan \u0111\u1ebfn FinTech, bao g\u1ed3m:<\/p>\n<ul>\n<li>Tu\u00e2n th\u1ee7 v\u00ea\u0300 qu\u1ea3ng c\u00e1o v\u00e0 marketing<\/li>\n<li>D\u1ecbch v\u1ee5 t\u01b0 v\u1ea5n c\u00f4ng ngh\u00ea\u0323 blockchain;s;<\/li>\n<li>Th\u1ecb tr\u01b0\u1eddng v\u1ed1n v\u00e0 c\u00e1c hoa\u0323t \u0111\u00f4\u0323ng c\u00e2\u0301p v\u00f4\u0301n kh\u00e1c, bao g\u1ed3m c\u1ea3 v\u00f4\u0301n \u0111\u1ea7u t\u01b0 m\u1ea1o hi\u1ec3m;<\/li>\n<li>D\u1ecbch v\u1ee5 t\u00e0i ch\u00ednh ti\u00eau d\u00f9ng;<\/li>\n<li>Quy\u1ec1n ri\u00eang t\u01b0 v\u00ea\u0300 d\u1eef li\u1ec7u v\u00e0 an ninh m\u1ea1ng;<\/li>\n<li>Th\u1ecb tr\u01b0\u1eddng k\u1ef9 thu\u1eadt s\u1ed1, n\u1ec1n t\u1ea3ng v\u00e0 c\u01a1 s\u1edf h\u1ea1 t\u1ea7ng;<br \/>\nQuy \u0111i\u0323nh, gi\u00e1m s\u00e1t, ki\u1ec3m tra, tu\u00e2n th\u1ee7 v\u00e0 thi ha\u0300nh cho t\u00f4\u0309 ch\u01b0\u0301c t\u00e0i ch\u00ednh;<\/li>\n<li>C\u00e1c d\u1ecbch v\u1ee5 h\u1ed7 tr\u1ee3 FinTech, bao g\u1ed3m \u1ee9ng d\u1ee5ng di \u0111\u1ed9ng v\u00e0 thu\u00ea ngoa\u0300i;<\/li>\n<li>S\u1edf h\u1eefu tr\u00ed tu\u1ec7;<\/li>\n<li>Ph\u00e1t h\u00e0nh c\u1ed5 ph\u1ea7n l\u1ea7n \u0111\u1ea7u ra c\u00f4ng ch\u00fang, ch\u00e0o b\u00e1n v\u00e0 xu\u00e2\u0301t;<\/li>\n<li>M&amp;A, chuy\u1ec3n nh\u01b0\u1ee3ng v\u00e0 li\u00ean doanh;<\/li>\n<li>D\u1ecbch v\u1ee5 t\u01b0 v\u1ea5n ch\u1ed1ng r\u1eeda ti\u1ec1n;<\/li>\n<li>Ti\u1ec1n t\u1ec7 \u1ea3o;<\/li>\n<li>Qu\u1ea3n l\u00fd r\u1ee7i ro c\u1ee7a nh\u00e0 cung c\u1ea5p.<\/li>\n<\/ul>\n","protected":false},"excerpt":{"rendered":"<p>Lorem ipsum dolor sit amet, consectetur adipiscing elit, sed do eiusmod tempor ut labore et dolore magna aliqua.<\/p>\n","protected":false},"author":41,"featured_media":83665,"parent":83385,"menu_order":11,"comment_status":"closed","ping_status":"closed","template":"page-practices.php","meta":[],"_links":{"self":[{"href":"https:\/\/corporatecounsels.vn\/vi\/wp-json\/wp\/v2\/pages\/83416"}],"collection":[{"href":"https:\/\/corporatecounsels.vn\/vi\/wp-json\/wp\/v2\/pages"}],"about":[{"href":"https:\/\/corporatecounsels.vn\/vi\/wp-json\/wp\/v2\/types\/page"}],"author":[{"embeddable":true,"href":"https:\/\/corporatecounsels.vn\/vi\/wp-json\/wp\/v2\/users\/41"}],"replies":[{"embeddable":true,"href":"https:\/\/corporatecounsels.vn\/vi\/wp-json\/wp\/v2\/comments?post=83416"}],"version-history":[{"count":5,"href":"https:\/\/corporatecounsels.vn\/vi\/wp-json\/wp\/v2\/pages\/83416\/revisions"}],"predecessor-version":[{"id":85287,"href":"https:\/\/corporatecounsels.vn\/vi\/wp-json\/wp\/v2\/pages\/83416\/revisions\/85287"}],"up":[{"embeddable":true,"href":"https:\/\/corporatecounsels.vn\/vi\/wp-json\/wp\/v2\/pages\/83385"}],"wp:featuredmedia":[{"embeddable":true,"href":"https:\/\/corporatecounsels.vn\/vi\/wp-json\/wp\/v2\/media\/83665"}],"wp:attachment":[{"href":"https:\/\/corporatecounsels.vn\/vi\/wp-json\/wp\/v2\/media?parent=83416"}],"curies":[{"name":"wp","href":"https:\/\/api.w.org\/{rel}","templated":true}]}}