{"id":83414,"date":"2021-11-11T14:00:10","date_gmt":"2021-11-11T07:00:10","guid":{"rendered":"https:\/\/corporatecounsels.vn\/?page_id=83414"},"modified":"2023-01-16T12:40:31","modified_gmt":"2023-01-16T05:40:31","slug":"bao-hiem","status":"publish","type":"page","link":"https:\/\/corporatecounsels.vn\/vi\/industries\/bao-hiem\/","title":{"rendered":"B\u1ea3o hi\u1ec3m"},"content":{"rendered":"<h3>L\u1eddi m\u1edf \u0111\u1ea7u<\/h3>\n<p>Song song v\u1edbi ti\u0300nh hi\u0300nh t\u0103ng tr\u01b0\u1edfng \u0111\u00e1ng kinh ng\u1ea1c c\u1ee7a n\u1ec1n kinh t\u1ebf Vi\u1ec7t Nam trong 10 n\u0103m qua l\u00e0 s\u1ef1 ph\u00e1t tri\u1ec3n nhanh ch\u00f3ng c\u1ee7a ng\u00e0nh b\u1ea3o hi\u1ec3m. V\u1edbi s\u1ef1 tham gia c\u1ee7a nhi\u00ea\u0300u c\u00f4ng ty b\u1ea3o hi\u1ec3m \u0111a qu\u1ed1c gia c\u0169ng nh\u01b0 c\u00e1c \u0111\u01a1n vi\u0323 trong n\u01b0\u1edbc, d\u1ef1 b\u00e1o cho th\u01a1\u0300i gian s\u0103\u0301p t\u01a1\u0301i co\u0301 ti\u0301n hi\u00ea\u0323u l\u1ea1c quan, ngay c\u1ea3 khi \u0111\u1ea1i d\u1ecbch Covid-19 xu\u1ea5t hi\u1ec7n. V\u00ed d\u1ee5: ng\u00e0nh b\u1ea3o hi\u1ec3m nh\u00e2n th\u1ecd \u1edf Vi\u1ec7t Nam \u0111\u01b0\u1ee3c d\u1ef1 b\u00e1o s\u1ebd \u0111a\u0323t m\u01b0\u0301c t\u0103ng tr\u01b0\u1edfng k\u00e9p h\u00e0ng n\u0103m l\u00e0 23,7% trong giai \u0111o\u1ea1n 2020-2025. Ngo\u00e0i ra, s\u1ef1 hi\u1ec7n di\u1ec7n c\u1ee7a b\u1ea3o hi\u1ec3m phi nh\u00e2n th\u1ecd trong n\u01b0\u1edbc d\u1ef1 ki\u1ebfn s\u1ebd ti\u1ebfp t\u1ee5c \u0111\u01b0\u1ee3c nh\u00e2n r\u1ed9ng, m\u1eb7c d\u00f9 v\u1edbi t\u1ed1c \u0111\u1ed9 ch\u1eadm h\u01a1n do b\u1ed1i c\u1ea3nh kinh t\u1ebf pha\u0301t tri\u00ea\u0309n kh\u00f4ng \u00f4\u0309n \u0111i\u0323nh trong ng\u1eafn h\u1ea1n. B\u1ea3o hi\u1ec3m ca\u0301 nh\u00e2n v\u00e0 ba\u0309o hi\u00ea\u0309m tai n\u1ea1n c\u00f3 th\u1ec3 v\u1eabn s\u1ebd l\u00e0 \u0111\u1ed9ng l\u1ef1c thu\u0301c \u0111\u00e2\u0309y t\u0103ng tr\u01b0\u1edfng ch\u00ednh \u1edf Vi\u1ec7t Nam khi nh\u1eadn th\u1ee9c c\u1ee7a c\u1ed9ng \u0111\u1ed3ng v\u1ec1 c\u00e1c r\u1ee7i ro s\u1ee9c kh\u1ecfe v\u00e0 t\u1eed vong nga\u0300y ca\u0300ng cao tr\u01b0\u01a1\u0301c \u0111\u1ea1i d\u1ecbch COVID-19. Tuy nhi\u00ean, \u0111i\u1ec1u n\u00e0y c\u00f3 th\u1ec3 tra\u0301i ng\u01b0\u01a1\u0323c ph\u1ea7n n\u00e0o so v\u01a1\u0301i vi\u1ec7c gi\u1ea3m b\u1ea3o hi\u1ec3m y t\u1ebf nh\u00f3m do c\u00e1c \u0111\u01a1n v\u1ecb trong n\u01b0\u1edbc t\u00ecm c\u00e1ch gi\u1ea3m chi ph\u00ed.<\/p>\n<p>Tuy nhi\u00ean, n\u1ec1n t\u1ea3ng kinh t\u1ebf c\u1ee7a Vi\u1ec7t Nam v\u1eabn v\u1eefng ch\u1eafc b\u1ea5t ch\u1ea5p \u0111\u1ea1i d\u1ecbch. Ca\u0301c y\u1ebfu t\u1ed1 n\u1ec1n t\u1ea3ng bao g\u1ed3m d\u00e2n s\u1ed1 t\u0103ng (d\u00e2n s\u00f4\u0301 tr\u1ebb, c\u00f3 tr\u00ecnh \u0111\u1ed9 v\u00e0 th\u00f4ng th\u1ea1o k\u1ef9 thu\u1eadt s\u1ed1), h\u1ec7 th\u1ed1ng ch\u00ednh tr\u1ecb v\u00e0 lu\u1eadt ph\u00e1p \u1ed5n \u0111\u1ecbnh, t\u1ea7ng l\u1edbp trung l\u01b0u m\u1edbi n\u1ed5i c\u00f3 thu nh\u1eadp cao h\u01a1n v\u00e0 n\u1ec1n kinh t\u1ebf c\u00f3 xu h\u01b0\u1edbng \u0111i l\u00ean \u0111\u01b0\u1ee3c h\u1ed7 tr\u1ee3 b\u1edfi c\u01a1 s\u1edf h\u1ea1 t\u1ea7ng ng\u00e0y c\u00e0ng m\u1edf r\u1ed9ng. H\u01a1n n\u1eefa, Vi\u1ec7t Nam mang l\u1ea1i c\u01a1 h\u1ed9i ti\u1ec1m n\u0103ng l\u1edbn cho c\u00e1c c\u00f4ng ty b\u1ea3o hi\u1ec3m khi h\u1ea7u nh\u01b0 ng\u01b0\u01a1\u0300i d\u00e2n c\u1ea3 n\u01b0\u1edbc v\u1eabn \u0111ang \u0111\u01b0\u1ee3c b\u1ea3o hi\u1ec3m d\u01b0\u1edbi m\u1ee9c (v\u1edbi t\u1ef7 l\u1ec7 th\u00e2m nh\u1eadp thi\u0323 tr\u01b0\u01a1\u0300ng b\u1ea3o hi\u1ec3m phi nh\u00e2n th\u1ecd d\u01b0\u1edbi 1% \u0111\u1ed1i v\u1edbi b\u1ea3o hi\u1ec3m phi nh\u00e2n th\u1ecd).<\/p>\n<p>Trong ca\u0301c \u0111i\u00ea\u0309m \u0111\u00f4\u0309i m\u01a1\u0301i v\u00ea\u0300 ph\u00e1p l\u00fd, B\u1ed9 T\u00e0i ch\u00ednh Vi\u1ec7t Nam \u0111\u00e3 tr\u00ecnh b\u1ea3n d\u1ef1 th\u1ea3o c\u1ee7a Lu\u1eadt Kinh doanh B\u1ea3o hi\u1ec3m (\u201cD\u1ef1 th\u1ea3o 2.6\u201d) trong n\u0103m 2021, d\u1ef1 ki\u1ebfn s\u1ebd \u0111\u01b0\u1ee3c tri\u00ea\u0309n khai v\u00e0o ng\u00e0y 1\/1\/2023. D\u1ef1 th\u1ea3o 2.6 c\u00f3 nhi\u00ea\u0300u \u0111i\u00ea\u0309m thay \u0111\u1ed5i \u0111\u00e1ng k\u1ec3 so v\u1edbi Lu\u1eadt Kinh doanh B\u1ea3o hi\u1ec3m hi\u00ea\u0323n ha\u0300nh v\u00e0 c\u00f3 th\u1ec3 s\u1ebd c\u00f3 t\u00e1c \u0111\u1ed9ng quan tro\u0323ng \u0111\u1ebfn s\u1ef1 ph\u00e1t tri\u1ec3n c\u1ee7a th\u1ecb tr\u01b0\u1eddng b\u1ea3o hi\u1ec3m Vi\u1ec7t Nam. B\u00ean c\u1ea1nh ph\u1ea1m vi r\u00f5 r\u00e0ng h\u01a1n, m\u1ed9t s\u1ed1 thay \u0111\u1ed5i n\u00e0y bao g\u1ed3m vi\u00ea\u0323c \u0111\u01b0a va\u0300o h\u1ee3p \u0111\u1ed3ng b\u1ea3o hi\u1ec3m b\u1eaft bu\u1ed9c, t\u1ef1 do h\u00f3a ng\u00f4n ng\u1eef c\u00e2\u0300n s\u1eed d\u1ee5ng trong h\u1ee3p \u0111\u1ed3ng b\u1ea3o hi\u1ec3m, \u0111i\u1ec1u kho\u1ea3n b\u1ea3o hi\u1ec3m t\u1ea1m th\u1eddi c\u00e2\u0300n \u0111\u01b0\u1ee3c \u0111\u01b0a ra khi thanh to\u00e1n ph\u00ed b\u1ea3o hi\u1ec3m, thay \u0111\u1ed5i \u0111\u1ecbnh ngh\u0129a v\u1ec1 c\u00f4ng ty b\u1ea3o hi\u1ec3m \u0111\u01b0\u1ee3c ph\u00e9p b\u00e1n c\u00e1c li\u0303nh v\u01b0\u0323c ba\u0309o hi\u00ea\u0309m kh\u00e1c nhau, b\u00e1o c\u00e1o c\u00e1c s\u1eeda \u0111\u1ed5i v\u1ec1 quy\u1ec1n s\u1edf h\u1eefu v\u1ed1n \u0111i\u1ec1u l\u1ec7 cho B\u1ed9 T\u00e0i ch\u00ednh, c\u00e1c y\u00eau c\u1ea7u li\u00ean quan \u0111\u1ebfn ho\u1ea1t \u0111\u1ed9ng thu\u00ea ngo\u00e0i, c\u01a1 ch\u1ebf mua b\u00e1n b\u1ea3o hi\u1ec3m tr\u1ef1c tuy\u1ebfn v\u00e0 l\u01b0\u1ee3ng ti\u00ea\u0300n d\u1ef1 tr\u01b0\u0303 co\u0301 ti\u0301nh k\u1ef9 thu\u1eadt m\u00e0 c\u00e1c c\u00f4ng ty b\u1ea3o hi\u1ec3m y\u00eau c\u1ea7u. Nh\u00ecn chung, \u0111\u00e2y l\u00e0 d\u01b0\u0323 tha\u0309o to\u00e0n di\u1ec7n v\u00e0 h\u1ee9a h\u1eb9n s\u1ebd \u0111\u1eb7t n\u1ec1n m\u00f3ng v\u1eefng ch\u1eafc cho ng\u00e0nh b\u1ea3o hi\u1ec3m Vi\u1ec7t Nam trong nhi\u1ec1u n\u0103m t\u1edbi.<\/p>\n<hr \/>\n<h3>Gi\u1edbi thi\u1ec7u<\/h3>\n<p>Khi Vi\u1ec7t Nam n\u1ed5i l\u00ean l\u00e0 m\u1ed9t trong nh\u1eefng th\u1ecb tr\u01b0\u1eddng b\u1ea3o hi\u1ec3m c\u00f3 ti\u1ec1m n\u0103ng c\u1ea1nh tranh v\u00e0 sinh l\u1ee3i cao nh\u1ea5t tr\u00ean th\u1ebf gi\u1edbi, vi\u00ea\u0323c \u0111\u01b0a ra t\u01b0 v\u1ea5n ph\u00e1p l\u00fd k\u1ecbp th\u1eddi v\u00e0 nh\u1ea1y b\u00e9n c\u00f3 th\u1ec3 mang l\u1ea1i l\u1ee3i th\u1ebf quan tr\u1ecdng cho c\u00f4ng ty b\u1ea3o hi\u1ec3m. V\u1edbi \u0111\u1ed9i ng\u0169 chuy\u00ean gia co\u0301 chuy\u00ean m\u00f4n cao, Nh\u00f3m h\u00e0nh ngh\u00ea\u0300 b\u1ea3o hi\u1ec3m c\u1ee7a Corporate Counsels \u0111\u01b0a ra t\u01b0 v\u00e2\u0301n v\u1ec1 t\u1ea5t c\u1ea3 c\u00e1c kh\u00eda c\u1ea1nh c\u1ee7a ng\u00e0nh b\u1ea3o hi\u1ec3m ph\u1ee9c t\u1ea1p, bao g\u1ed3m nh\u01b0ng kh\u00f4ng gi\u1edbi h\u1ea1n trong vi\u00ea\u0323c t\u01b0 v\u00e2\u0301n \u0111\u0103ng k\u00fd v\u00e0 th\u00e0nh l\u1eadp v\u0103n ph\u00f2ng chi nh\u00e1nh cho c\u00f4ng ty b\u1ea3o hi\u1ec3m n\u01b0\u1edbc ngo\u00e0i, t\u01b0 v\u1ea5n qua\u0309n ly\u0301 v\u1ec1 c\u00e1c v\u1ea5n \u0111\u1ec1 tu\u00e2n th\u1ee7, c\u00e1c gi\u1ea3i ph\u00e1p k\u1ef9 thu\u1eadt s\u1ed1 va\u0300 FinTech, mua l\u1ea1i v\u00e0 li\u00ean doanh v\u1edbi c\u00f4ng ty b\u1ea3o hi\u1ec3m trong n\u01b0\u1edbc, n\u1ed9i dung h\u1ee3p \u0111\u1ed3ng b\u1ea3o hi\u1ec3m, h\u1ee3p \u0111\u1ed3ng lao \u0111\u1ed9ng v\u00e0 \u0111\u00e1nh gi\u00e1 r\u1ee7i ro. B\u00ea\u0300 da\u0300y kinh nghi\u1ec7m c\u1ee7a Corporate Counsels co\u0300n bao qua\u0301t m\u1ed9t lo\u1ea1t c\u00e1c ng\u00e0nh c\u00f3 y\u00eau c\u1ea7u b\u1ea3o hi\u1ec3m, ch\u0103\u0309ng ha\u0323n nh\u01b0 x\u00e2y d\u1ef1ng, n\u0103ng l\u01b0\u1ee3ng, s\u1ea3n xu\u1ea5t, khai khoa\u0301ng, c\u00f4ng ngh\u1ec7, h\u00e0ng kh\u00f4ng v\u00e0 hoa\u0323t \u0111\u00f4\u0323ng ng\u00e2n h\u00e0ng.<\/p>\n<p>C\u00e1c c\u00f4ng ty b\u1ea3o hi\u1ec3m l\u1edbn, \u0111a qu\u1ed1c gia c\u0169ng nh\u01b0 c\u00e1c \u0111\u01a1n v\u1ecb trong n\u01b0\u1edbc \u0111\u00e3 chu\u0309 \u0111\u00f4\u0323ng t\u00ecm ki\u1ebfm di\u0323ch vu\u0323 t\u01b0 v\u1ea5n c\u1ee7a Corporate Counsels \u0111\u1ec3 th\u00e0nh l\u1eadp, m\u1edf r\u1ed9ng v\u00e0 duy tr\u00ec ho\u1ea1t \u0111\u1ed9ng tha\u0300nh c\u00f4ng t\u1ea1i Vi\u1ec7t Nam. V\u1edbi tr\u00ean 10 n\u0103m kinh nghi\u1ec7m v\u00e0 chuy\u00ean m\u00f4n ph\u00e1p l\u00fd bao qua\u0301t nh\u00e2\u0301t trong r\u00e2\u0301t nhi\u1ec1u l\u0129nh v\u1ef1c b\u1ea3o hi\u1ec3m, ch\u1eb3ng h\u1ea1n nh\u01b0 b\u1ea3o hi\u1ec3m kinh doanh v\u00e0 t\u00e1i b\u1ea3o hi\u1ec3m, hi\u1ebfm c\u00f3 c\u00f4ng ty n\u00e0o c\u00f3 th\u1ec3 s\u00e1nh \u0111\u01b0\u1ee3c v\u1edbi th\u00e0nh t\u00edch hoa\u0323t \u0111\u00f4\u0323ng c\u1ee7a ch\u00fang t\u00f4i. D\u1ef1a tr\u00ean nghi\u00ean c\u1ee9u ha\u0300ng \u0111\u00e2\u0300u v\u00e0 ki\u1ebfn th\u1ee9c chuy\u00ean m\u00f4n \u0111\u1ea1t \u0111\u01b0\u1ee3c qua nhi\u1ec1u n\u0103m h\u00e0nh ngh\u00ea\u0300 trong l\u0129nh v\u1ef1c b\u1ea3o hi\u1ec3m, Corporate Counsels cung c\u1ea5p c\u00e1c d\u1ecbch v\u1ee5 ph\u00e1p l\u00fd hi\u1ec7u qu\u1ea3 va\u0300 ch\u1ea5t l\u01b0\u1ee3ng, gi\u00fap kh\u00e1ch h\u00e0ng thi\u1ebft l\u1eadp v\u00e0 n\u00e2ng cao vi\u0323 th\u00ea\u0301 c\u0169ng nh\u01b0 doanh thu c\u1ee7a ho\u0323 t\u1ea1i Vi\u1ec7t Nam.<\/p>\n<hr \/>\n<h3>D\u1ecbch v\u1ee5<\/h3>\n<p>Corporate Counsels cung c\u1ea5p di\u0323ch vu\u0323 t\u01b0 v\u00e2\u0301n v\u00e0 h\u1ed7 tr\u1ee3 quan tr\u1ecdng cho ng\u00e0nh b\u1ea3o hi\u1ec3m bao g\u1ed3m:<\/p>\n<ul>\n<li>T\u01b0 v\u1ea5n h\u1ee3p \u0111\u1ed3ng li\u00ean quan \u0111\u1ebfn m\u1ed9t s\u1ed1 li\u0303nh v\u01b0\u0323c b\u1ea3o hi\u1ec3m, bao g\u1ed3m nh\u01b0ng kh\u00f4ng gi\u1edbi h\u1ea1n trong B\u1ea3o hi\u1ec3m kinh doanh, B\u1ea3o hi\u1ec3m x\u00e2y d\u1ef1ng, B\u1ea3o hi\u1ec3m h\u00e0ng h\u1ea3i, B\u1ea3o hi\u1ec3m nh\u00e2n th\u1ecd, B\u1ea3o hi\u1ec3m h\u00e0ng kh\u00f4ng, B\u1ea3o hi\u1ec3m y t\u00ea\u0301, T\u00e1i b\u1ea3o hi\u1ec3m v\u00e0 nhi\u1ec1u li\u0303nh v\u01b0\u0323c kh\u00e1c;<\/li>\n<li>Gi\u1ea3i ph\u00e1p k\u1ef9 thu\u1eadt s\u1ed1 v\u00e0 FinTech;<\/li>\n<li>H\u1ee3p \u0111\u1ed3ng lao \u0111\u1ed9ng va\u0300 vi\u00ea\u0323c la\u0300m;<\/li>\n<li>Th\u00e0nh l\u1eadp, \u0111\u1ea7u t\u01b0 v\u00e0 ho\u1ea1t \u0111\u1ed9ng c\u1ee7a c\u00e1c c\u00f4ng ty v\u00e0 chi nh\u00e1nh b\u1ea3o hi\u1ec3m;<\/li>\n<li>T\u01b0 v\u1ea5n v\u1ec1 tu\u00e2n th\u1ee7 quy \u0111\u1ecbnh (gi\u1ea5y ph\u00e9p, ki\u1ec3m tra gi\u1ea5y ph\u00e9p, v.v.);<\/li>\n<li>B\u1ea5t \u0111\u1ed9ng s\u1ea3n, x\u00e2y d\u1ef1ng v\u00e0 cho thu\u00ea;<\/li>\n<li>T\u01b0 v\u1ea5n qu\u1ea3n l\u00fd r\u1ee7i ro;<\/li>\n<li>Thu\u00ea\u0301;<\/li>\n<li>D\u1ecbch v\u1ee5 t\u01b0 v\u1ea5n giao d\u1ecbch (M&amp;A, li\u00ean doanh v\u00e0 c\u00e1c giao d\u1ecbch doanh nghi\u00ea\u0323p kh\u00e1c).<\/li>\n<\/ul>\n","protected":false},"excerpt":{"rendered":"<p>Lorem ipsum dolor sit amet, consectetur adipiscing elit, sed do eiusmod tempor ut labore et dolore magna aliqua.<\/p>\n","protected":false},"author":41,"featured_media":83677,"parent":83385,"menu_order":17,"comment_status":"closed","ping_status":"closed","template":"page-practices.php","meta":[],"_links":{"self":[{"href":"https:\/\/corporatecounsels.vn\/vi\/wp-json\/wp\/v2\/pages\/83414"}],"collection":[{"href":"https:\/\/corporatecounsels.vn\/vi\/wp-json\/wp\/v2\/pages"}],"about":[{"href":"https:\/\/corporatecounsels.vn\/vi\/wp-json\/wp\/v2\/types\/page"}],"author":[{"embeddable":true,"href":"https:\/\/corporatecounsels.vn\/vi\/wp-json\/wp\/v2\/users\/41"}],"replies":[{"embeddable":true,"href":"https:\/\/corporatecounsels.vn\/vi\/wp-json\/wp\/v2\/comments?post=83414"}],"version-history":[{"count":5,"href":"https:\/\/corporatecounsels.vn\/vi\/wp-json\/wp\/v2\/pages\/83414\/revisions"}],"predecessor-version":[{"id":85285,"href":"https:\/\/corporatecounsels.vn\/vi\/wp-json\/wp\/v2\/pages\/83414\/revisions\/85285"}],"up":[{"embeddable":true,"href":"https:\/\/corporatecounsels.vn\/vi\/wp-json\/wp\/v2\/pages\/83385"}],"wp:featuredmedia":[{"embeddable":true,"href":"https:\/\/corporatecounsels.vn\/vi\/wp-json\/wp\/v2\/media\/83677"}],"wp:attachment":[{"href":"https:\/\/corporatecounsels.vn\/vi\/wp-json\/wp\/v2\/media?parent=83414"}],"curies":[{"name":"wp","href":"https:\/\/api.w.org\/{rel}","templated":true}]}}