{"id":83412,"date":"2021-11-11T13:45:04","date_gmt":"2021-11-11T06:45:04","guid":{"rendered":"https:\/\/corporatecounsels.vn\/?page_id=83412"},"modified":"2023-01-16T12:40:41","modified_gmt":"2023-01-16T05:40:41","slug":"khach-san-nha-hang-giai-tri","status":"publish","type":"page","link":"https:\/\/corporatecounsels.vn\/vi\/industries\/khach-san-nha-hang-giai-tri\/","title":{"rendered":"Kh\u00e1ch s\u1ea1n \u2013 nh\u00e0 h\u00e0ng &#038; Gi\u1ea3i tr\u00ed"},"content":{"rendered":"<h3>L\u1eddi m\u1edf \u0111\u1ea7u<\/h3>\n<p>Kh\u00f4ng co\u0300n nghi ng\u01a1\u0300 gi\u0300 n\u01b0\u0303a, hai n\u0103m qua la\u0300 khoa\u0309ng th\u01a1\u0300i gian th\u00e1ch th\u1ee9c \u0111\u1ed1i v\u1edbi ng\u00e0nh kh\u00e1ch s\u1ea1n \u2013 nha\u0300 ha\u0300ng v\u00e0 du l\u1ecbch, d\u1eabn \u0111\u1ebfn s\u1ef1 s\u1ee5t gi\u1ea3m thu nh\u1eadp kh\u00f3 kh\u0103n v\u00e0 d\u00e0i h\u1ea1n \u0111\u1ed1i v\u1edbi c\u00e1c kh\u00e1ch s\u1ea1n, nh\u00e0 h\u00e0ng v\u00e0 c\u01a1 s\u1edf du l\u1ecbch. \u0110\u01a1n c\u1eed m\u1ed9t v\u00ed d\u1ee5: t\u1ef7 l\u1ec7 ph\u00e2\u0300n tr\u0103m ph\u00f2ng c\u00f3 ng\u01b0\u1eddi \u0111\u1eb7t trong d\u1ecbch v\u1ee5 kh\u00e1ch s\u1ea1n c\u1ee7a Vi\u1ec7t Nam v\u00e0o kho\u1ea3ng 20% trong n\u0103m 2020 v\u00e0 d\u01b0\u1edbi 10% trong n\u0103m 2021. V\u1edbi th\u1eddi gian kh\u1ee7ng ho\u1ea3ng k\u00e9o d\u00e0i, ho\u1ea1t \u0111\u1ed9ng kh\u00e1ch s\u1ea1n \u2013 nha\u0300 ha\u0300ng va\u0300 du l\u1ecbch kh\u00f4ng c\u00f2n kh\u1ea3 thi n\u1ebfu ch\u1ec9 \u201cch\u1edd c\u01a1n b\u00e3o qua \u0111i&#8221;. Thay v\u00e0o \u0111\u00f3, \u0111\u1ea1i d\u1ecbch k\u00e9o d\u00e0i tr\u00ean hai n\u0103m \u0111\u00e3 bu\u00f4\u0323c nga\u0300nh th\u01b0\u0323c hi\u00ea\u0323n c\u00e1c chi\u1ebfn l\u01b0\u1ee3c tra\u0309i r\u1ed9ng \u0111\u1ec3 \u0111i\u1ec1u ch\u1ec9nh ho\u1eb7c s\u1eed d\u1ee5ng c\u00e1c m\u00f4 h\u00ecnh kinh doanh c\u1ee7a h\u1ecd theo ca\u0301ch m\u01a1\u0301i \u0111\u00ea\u0309 ph\u00f9 h\u1ee3p v\u1edbi \u0111i\u1ec1u ki\u1ec7n hi\u1ec7n t\u1ea1i. M\u1ed9t s\u1ed1 ca\u0301c chi\u00ea\u0301n l\u01b0\u01a1\u0323c n\u00e0y bao g\u1ed3m \u0111a d\u1ea1ng h\u00f3a ho\u1eb7c \u0111\u1ea7u t\u01b0 v\u00e0o c\u00e1c l\u0129nh v\u1ef1c kinh t\u1ebf kh\u00e1c nhau c\u0169ng nh\u01b0 gia\u0309m ty\u0309 l\u00ea\u0323 ho\u1eb7c c\u1ea3i ti\u1ebfn c\u00e1c m\u00f4 h\u00ecnh hi\u1ec7n c\u00f3 \u0111\u1ec3 co\u0301 kh\u00e1ch du l\u1ecbch sau n\u0103m 2020 (v\u00ed d\u1ee5 l\u00e0 chuy\u1ec3n h\u01b0\u1edbng marketing v\u00e0 tri\u00ea\u0309n khai check-in ph\u00f2ng m\u00e0 kh\u00f4ng ti\u1ebfp x\u00fac).<\/p>\n<p>Li\u00ea\u0323u c\u00f3 \u00e1nh s\u00e1ng cu\u1ed1i \u0111\u01b0\u1eddng h\u1ea7m? Ch\u1eafc ch\u1eafn r\u00f4\u0300i, n\u1ebfu ca\u0301c b\u00ean ch\u00e2\u0301p nh\u00e2\u0323n quan \u0111i\u1ec3m mang ti\u0301nh d\u00e0i h\u1ea1n v\u00e0 t\u00ednh \u0111\u1ebfn m\u01b0\u0301c t\u0103ng tr\u01b0\u1edfng ngo\u1ea1n m\u1ee5c c\u1ee7a ng\u00e0nh kh\u00e1ch s\u1ea1n \u2013 nha\u0300 ha\u0300ng va\u0300 l\u01b0\u0303 ha\u0300nh Vi\u1ec7t Nam tr\u01b0\u1edbc di\u0323ch Covid-19. T\u1eeb n\u0103m 2011 \u0111\u1ebfn n\u0103m 2019, s\u1ed1 l\u01b0\u1ee3ng du kh\u00e1ch qu\u1ed1c t\u1ebf \u0111\u00e3 t\u0103ng t\u1eeb kho\u1ea3ng 6 tri\u1ec7u l\u00ean 18 tri\u1ec7u, v\u1edbi m\u1ee9c t\u0103ng tr\u01b0\u1edfng h\u00e0ng n\u0103m \u0111\u1ea1t hai con s\u1ed1. R\u00f5 r\u00e0ng, Vi\u1ec7t Nam l\u00e0 m\u1ed9t \u0111\u1ea5t n\u01b0\u1edbc xinh \u0111\u1eb9p v\u00e0 l\u00e0 \u0111i\u1ec3m \u0111\u1ebfn v\u00f4 c\u00f9ng h\u1ea5p d\u1eabn v\u00e0 thu hu\u0301t \u0111\u1ed1i v\u1edbi nhi\u1ec1u du kh\u00e1ch n\u01b0\u1edbc ngo\u00e0i. Ngo\u00e0i ra, ti\u0300nh hi\u0300nh kh\u1edfi s\u1eafc c\u1ee7a n\u1ec1n kinh t\u1ebf Vi\u1ec7t Nam v\u00e0 vi\u00ea\u0323c pha\u0301t tri\u00ea\u0309n c\u1ee7a t\u1ea7ng l\u1edbp trung l\u01b0u \u0111\u00e3 ch\u1ee9ng ki\u1ebfn s\u1ef1 b\u00f9ng n\u1ed5 c\u1ee7a l\u01b0\u0303 ha\u0300nh n\u1ed9i \u0111\u1ecba, v\u1edbi 80 tri\u1ec7u l\u01b0\u1ee3t kh\u00e1ch du l\u1ecbch n\u1ed9i \u0111\u1ecba trong n\u0103m 2018. M\u1eb7c d\u00f9 gi\u1ea3m m\u1ea1nh so v\u1edbi ph\u1ea7n c\u00f2n l\u1ea1i c\u1ee7a ng\u00e0nh l\u01b0\u0303 ha\u0300nh trong giai \u0111oa\u0323n 2020-21, nh\u01b0ng l\u01b0\u0303 ha\u0300nh n\u1ed9i \u0111\u1ecba cho th\u1ea5y nhi\u1ec1u h\u1ee9a h\u1eb9n t\u0103ng tr\u01b0\u01a1\u0309ng trong t\u01b0\u01a1ng lai khi t\u1ea7ng l\u1edbp trung l\u01b0u Vi\u1ec7t Nam m\u1edbi hi\u0300nh tha\u0300nh c\u00f3 nhu c\u1ea7u \u0111i du l\u1ecbch r\u00e2\u0301t l\u01a1\u0301n (\u0111\u01b0\u1ee3c th\u00fac \u0111\u1ea9y nh\u1edd v\u1eadn t\u1ea3i h\u00e0ng kh\u00f4ng gi\u00e1 r\u1ebb trong b\u1ed1i c\u1ea3nh c\u00e1c h\u00e3ng h\u00e0ng kh\u00f4ng gi\u00e1 r\u1ebb trong n\u01b0\u1edbc ph\u00e1t tri\u1ec3n m\u1ea1nh).<\/p>\n<p>Tuy nhi\u00ean, \u01a1\u0309 th\u1eddi \u0111i\u1ec3m hi\u1ec7n t\u1ea1i (th\u00e1ng 1\/2022), ng\u00e0nh kh\u00e1ch s\u1ea1n \u2013 nha\u0300 ha\u0300ng \u1edf Vi\u1ec7t Nam v\u1eabn c\u00f2n nhi\u1ec1u v\u1ea5n \u0111\u1ec1, ngay c\u1ea3 \u0111\u1ed1i v\u1edbi c\u00e1c chu\u1ed7i kh\u00e1ch s\u1ea1n \u0111a qu\u1ed1c gia, nh\u00e0 cung c\u1ea5p, h\u00e3ng h\u00e0ng kh\u00f4ng v\u00e0 nh\u00e0 \u0111i\u1ec1u h\u00e0nh du l\u1ecbch c\u00f3 ngu\u1ed3n v\u1ed1n d\u00e0i h\u01a1i. S\u1ef1 can thi\u1ec7p c\u1ee7a Ch\u00ednh ph\u1ee7, ch\u1eb3ng h\u1ea1n nh\u01b0 gi\u1edbi h\u1ea1n s\u1ed1 l\u01b0\u1ee3ng kh\u00e1ch v\u00e0 c\u00e1c thu\u0309 tu\u0323c \u0111a\u0309m ba\u0309o an to\u00e0n, \u0111\u00e3 l\u00e0m t\u0103ng th\u00eam th\u00e1ch th\u1ee9c v\u1ec1 ti\u0300nh tra\u0323ng \u0111\u01b0\u0301t \u0111o\u1ea1n th\u1ecb tr\u01b0\u1eddng n\u00f3i chung. Do \u0111o\u0301, ch\u01b0\u0300ng na\u0300o co\u0300n ch\u1eafc ch\u1eafn c\u00f3 hy v\u1ecdng cho t\u01b0\u01a1ng lai, c\u00e1c \u0111\u01a1n v\u1ecb ho\u1ea1t \u0111\u1ed9ng trong ng\u00e0nh Kh\u00e1ch s\u1ea1n \u2013 nha\u0300 ha\u0300ng v\u00e0 Gi\u1ea3i tr\u00ed ph\u1ea3i \u0111\u01b0a ra ca\u0301c quy\u1ebft \u0111\u1ecbnh kh\u00f4n ngoan v\u00e0 t\u00ecm c\u00e1ch th\u00edch \u1ee9ng v\u1edbi ho\u00e0n c\u1ea3nh hi\u1ec7n t\u1ea1i.<\/p>\n<hr \/>\n<h3>Gi\u1edbi thi\u1ec7u<\/h3>\n<p>Trong th\u1eddi k\u1ef3 th\u1ecbnh v\u01b0\u1ee3ng l\u1eabn b\u1ea5t \u0111i\u0323nh, \u0111i\u1ec1u quan tr\u1ecdng l\u00e0 ph\u1ea3i c\u00f3 m\u1ed9t c\u1ed1 v\u1ea5n ph\u00e1p l\u00fd c\u00f3 kinh nghi\u1ec7m \u0111\u1ec3 gi\u00fap doanh nghi\u1ec7p tr\u00e1nh \u0111\u01b0\u01a1\u0323c v\u00e0 t\u00ecm ra gi\u1ea3i ph\u00e1p cho b\u1ea5t k\u1ef3 th\u00e1ch th\u1ee9c v\u00ea\u0300 m\u0103\u0323t ph\u00e1p l\u00fd n\u00e0o s\u1eafp x\u1ea3y ra. C\u00e1c lu\u1eadt s\u01b0 t\u1ea1i Corporate Counsels c\u00f3 h\u01a1n m\u1ed9t th\u1eadp k\u1ef7 kinh nghi\u1ec7m trong ng\u00e0nh Kh\u00e1ch s\u1ea1n \u2013 nha\u0300 ha\u0300ng v\u00e0 Gi\u1ea3i tr\u00ed t\u1ea1i Vi\u1ec7t Nam, cung c\u1ea5p t\u01b0 v\u00e2\u0301n cho nhi\u1ec1u \u0111\u1ed1i t\u01b0\u1ee3ng kh\u00e1ch h\u00e0ng bao g\u1ed3m ch\u1ee7 kh\u00e1ch s\u1ea1n v\u00e0 c\u00e1c t\u00e2\u0323p \u0111oa\u0300n \u0111\u1ea7u t\u01b0, b\u00ean cho vay t\u00e0i ch\u00ednh, nha\u0300 \u0111i\u00ea\u0300u ha\u0300nh tour, nh\u00e0 h\u00e0ng v\u00e0 c\u00e1c nh\u00e0 cung c\u1ea5p ph\u1ee5c v\u1ee5 trong ng\u00e0nh.<\/p>\n<p>L\u1ee3i th\u1ebf ch\u00ednh c\u1ee7a C\u00f4ng ty l\u00e0 kinh nghi\u1ec7m \u0111a ng\u00e0nh, giu\u0301p ch\u00fang t\u00f4i cung c\u1ea5p c\u00e1c gi\u1ea3i ph\u00e1p to\u00e0n di\u1ec7n v\u00e0 b\u1ec1n v\u1eefng cho kh\u00e1ch h\u00e0ng c\u1ee7a m\u00ecnh. V\u00ed d\u1ee5, Corporate Counsels c\u00f3 r\u00e2\u0301t nhi\u1ec1u kinh nghi\u1ec7m trong l\u0129nh v\u1ef1c ng\u00e2n h\u00e0ng v\u00e0 b\u1ea5t \u0111\u1ed9ng s\u1ea3n, \u0111\u00e3 h\u1ed7 tr\u1ee3 nh\u00e0 \u0111\u1ea7u t\u01b0 v\u00e0 doanh nghi\u1ec7p trong v\u00e0 ngo\u00e0i n\u01b0\u1edbc thu h\u00fat t\u00e0i tr\u1ee3 b\u0103\u0300ng v\u1ed1n c\u1ed5 ph\u1ea7n va\u0300 th\u00e0nh l\u1eadp v\u00e0 m\u1edf r\u1ed9ng ho\u1ea1t \u0111\u1ed9ng kh\u00e1ch s\u1ea1n \u2013 nha\u0300 ha\u0300ng c\u1ee7a h\u1ecd. Ngoa\u0300i ra, C\u00f4ng ty cu\u0303ng c\u00f3 th\u1ec3 h\u01b0\u1edbng d\u1eabn k\u1ebf ho\u1ea1ch kinh doanh th\u1ef1c t\u1ebf v\u00e0 c\u1ea5u tr\u00fac doanh nghi\u1ec7p, \u0111\u1ec1 xu\u1ea5t c\u00e1c gi\u1ea3i ph\u00e1p c\u00f4ng ngh\u1ec7 (nh\u01b0 chuy\u1ec3n \u0111\u1ed5i k\u1ef9 thu\u1eadt s\u1ed1, c\u00f4ng ngh\u1ec7 kh\u00f4ng ti\u1ebfp x\u00fac v\u00e0 t\u1ef1 \u0111\u1ed9ng h\u00f3a) v\u00e0 t\u01b0 v\u00e2\u0301n v\u1ec1 c\u00e1c v\u1ea5n \u0111\u1ec1 vi\u1ec7c l\u00e0m v\u00e0 lao \u0111\u1ed9ng, h\u00ea\u0323 th\u00f4\u0301ng thu\u1ebf, nh\u01b0\u1ee3ng quy\u1ec1n th\u01b0\u01a1ng ma\u0323i v\u00e0 c\u1ea5p ph\u00e9p, b\u1ea3o v\u1ec7 d\u1eef li\u1ec7u, s\u1edf h\u1eefu tr\u00ed tu\u1ec7, quy \u0111\u1ecbnh c\u1ee7a Ch\u00ednh ph\u1ee7, h\u1ee3p \u0111\u1ed3ng th\u01b0\u01a1ng m\u1ea1i, mua l\u1ea1i v\u00e0 c\u00e1c v\u1ea5n \u0111\u1ec1 m\u00f4i tr\u01b0\u1eddng cu\u0300ng nhi\u1ec1u v\u1ea5n \u0111\u1ec1 kh\u00e1c. Nh\u01a1\u0300 kinh nghi\u1ec7m \u0111a d\u1ea1ng n\u00e0y, Corporate Counsels c\u00f3 \u0111\u01b0\u01a1\u0323c ki\u1ebfn th\u1ee9c chuy\u00ean s\u00e2u v\u1ec1 c\u00e1c t\u1eadp qu\u00e1n va\u0300 ha\u0300nh ngh\u00ea\u0300 c\u1ee7a ng\u00e0nh. C\u00f4ng ty s\u01a1\u0309 h\u01b0\u0303u m\u1ed9t \u0111\u1ed9i ng\u0169 c\u1ed1 v\u1ea5n kinh doanh c\u00f3 kinh nghi\u1ec7m v\u00e0 tin c\u1eady, c\u00f3 \u0111\u1ee7 n\u0103ng l\u1ef1c \u0111\u1ec3 gi\u1ea3i quy\u1ebft c\u00e1c nhu c\u1ea7u ph\u00e1p l\u00fd v\u00e0 kinh doanh c\u1ee7a kh\u00e1ch h\u00e0ng trong nga\u0300nh kha\u0301ch sa\u0323n \u2013 nha\u0300 ha\u0300ng c\u1ee7a mi\u0300nh.<\/p>\n<hr \/>\n<h3>D\u1ecbch v\u1ee5<\/h3>\n<p>Corporate Counsels h\u01b0\u1edbng d\u1eabn v\u00e0 t\u01b0 v\u1ea5n cho kh\u00e1ch h\u00e0ng trong nga\u0300nh Kh\u00e1ch s\u1ea1n \u2013 nha\u0300 ha\u0300ng v\u00e0 Gi\u1ea3i tr\u00ed v\u1ec1 h\u00e0ng lo\u1ea1t v\u1ea5n \u0111\u1ec1, bao g\u1ed3m:<\/p>\n<ul>\n<li>Mua l\u1ea1i doanh nghi\u1ec7p;<\/li>\n<li>Ho\u1ea1t \u0111\u1ed9ng v\u00e0 chi\u1ebfn l\u01b0\u1ee3c kinh doanh;<\/li>\n<li>T\u1ed5 ch\u1ee9c l\u1ea1i doanh nghi\u1ec7p;<\/li>\n<li>H\u1ee3p \u0111\u1ed3ng th\u01b0\u01a1ng m\u1ea1i;<\/li>\n<li>Chi\u1ebfn l\u01b0\u1ee3c t\u00e0i ch\u00ednh v\u00e0 doanh nghi\u1ec7p;<\/li>\n<li>X\u00e2y d\u1ef1ng v\u00e0 b\u1ea5t \u0111\u1ed9ng s\u1ea3n;<\/li>\n<li>C\u1ea5u tru\u0301c doanh nghi\u00ea\u0323p;<\/li>\n<li>B\u1ea3o v\u1ec7 d\u1eef li\u1ec7u v\u00e0 s\u1edf h\u1eefu tr\u00ed tu\u1ec7;<\/li>\n<li>Gi\u1ea3i ph\u00e1p k\u1ef9 thu\u1eadt s\u1ed1 v\u00e0 Fintech;<\/li>\n<li>Vi\u1ec7c l\u00e0m v\u00e0 lao \u0111\u1ed9ng;<\/li>\n<li>C\u00e1c v\u1ea5n \u0111\u1ec1 v\u1ec1 m\u00f4i tr\u01b0\u1eddng v\u00e0 quy \u0111\u1ecbnh;<\/li>\n<li>C\u00e2\u0301p v\u00f4\u0301n v\u00e0 cho vay;<\/li>\n<li>Nh\u01b0\u1ee3ng quy\u1ec1n th\u01b0\u01a1ng ma\u0323i v\u00e0 c\u1ea5p ph\u00e9p;<\/li>\n<li>C\u00e1c chi\u1ebfn l\u01b0\u1ee3c v\u00e0 tu\u00e2n th\u1ee7 quy \u0111\u1ecbnh \u0111\u1ea1i d\u1ecbch;<\/li>\n<li>Tu\u00e2n th\u1ee7 quy \u0111\u1ecbnh;<\/li>\n<\/ul>\n","protected":false},"excerpt":{"rendered":"<p>Lorem ipsum dolor sit amet, consectetur adipiscing elit, sed do eiusmod tempor ut labore et dolore magna aliqua.<\/p>\n","protected":false},"author":41,"featured_media":83673,"parent":83385,"menu_order":15,"comment_status":"closed","ping_status":"closed","template":"page-practices.php","meta":[],"_links":{"self":[{"href":"https:\/\/corporatecounsels.vn\/vi\/wp-json\/wp\/v2\/pages\/83412"}],"collection":[{"href":"https:\/\/corporatecounsels.vn\/vi\/wp-json\/wp\/v2\/pages"}],"about":[{"href":"https:\/\/corporatecounsels.vn\/vi\/wp-json\/wp\/v2\/types\/page"}],"author":[{"embeddable":true,"href":"https:\/\/corporatecounsels.vn\/vi\/wp-json\/wp\/v2\/users\/41"}],"replies":[{"embeddable":true,"href":"https:\/\/corporatecounsels.vn\/vi\/wp-json\/wp\/v2\/comments?post=83412"}],"version-history":[{"count":5,"href":"https:\/\/corporatecounsels.vn\/vi\/wp-json\/wp\/v2\/pages\/83412\/revisions"}],"predecessor-version":[{"id":85270,"href":"https:\/\/corporatecounsels.vn\/vi\/wp-json\/wp\/v2\/pages\/83412\/revisions\/85270"}],"up":[{"embeddable":true,"href":"https:\/\/corporatecounsels.vn\/vi\/wp-json\/wp\/v2\/pages\/83385"}],"wp:featuredmedia":[{"embeddable":true,"href":"https:\/\/corporatecounsels.vn\/vi\/wp-json\/wp\/v2\/media\/83673"}],"wp:attachment":[{"href":"https:\/\/corporatecounsels.vn\/vi\/wp-json\/wp\/v2\/media?parent=83412"}],"curies":[{"name":"wp","href":"https:\/\/api.w.org\/{rel}","templated":true}]}}