{"id":83410,"date":"2021-11-11T14:00:57","date_gmt":"2021-11-11T07:00:57","guid":{"rendered":"https:\/\/corporatecounsels.vn\/?page_id=83410"},"modified":"2023-01-16T09:24:53","modified_gmt":"2023-01-16T02:24:53","slug":"san-xuat","status":"publish","type":"page","link":"https:\/\/corporatecounsels.vn\/vi\/industries\/san-xuat\/","title":{"rendered":"S\u1ea3n xu\u1ea5t"},"content":{"rendered":"<h3>L\u1eddi m\u1edf \u0111\u1ea7u<\/h3>\n<p>Trong 20 n\u0103m qua, Vi\u1ec7t Nam \u0111\u00e3 c\u00f3 b\u01b0\u1edbc chuy\u1ec3n \u0111\u1ed5i l\u1edbn trong ch\u00ednh s\u00e1ch qu\u1ed1c gia t\u1eeb m\u1ed9t x\u00e3 h\u1ed9i n\u00f4ng nghi\u1ec7p sang t\u1eadp trung m\u1ea1nh v\u00e0o l\u0129nh v\u1ef1c s\u1ea3n xu\u1ea5t. Nh\u1eefng n\u1ed7 l\u1ef1c n\u00e0y \u0111\u00e3 mang l\u1ea1i k\u1ebft qu\u1ea3 v\u00ec t\u1eeb n\u0103m 2010 \u0111\u1ebfn n\u0103m 2018, GDP \u0111\u00e3 t\u0103ng h\u01a1n g\u1ea5p \u0111\u00f4i v\u00e0 m\u1ee9c s\u1ed1ng c\u1ee7a ng\u01b0\u01a1\u0300i d\u00e2n li\u00ean t\u1ee5c t\u0103ng l\u00ean. Ng\u00e0y nay, ng\u00e0nh sa\u0309n xu\u00e2\u0301t \u0111\u00f3ng g\u00f3p t\u1ef7 tr\u1ecdng l\u1edbn nh\u1ea5t v\u00e0o GDP h\u00e0ng n\u0103m c\u1ee7a Vi\u1ec7t Nam. V\u1edbi c\u01a1 s\u1edf h\u1ea1 t\u1ea7ng nga\u0300y ca\u0300ng m\u1edf r\u1ed9ng, ngu\u1ed3n t\u00e0i nguy\u00ean thi\u00ean nhi\u00ean d\u1ed3i d\u00e0o, l\u1ef1c l\u01b0\u1ee3ng lao \u0111\u1ed9ng tr\u1ebb th\u00f4ng th\u1ea1o k\u1ef9 thu\u1eadt s\u1ed1, \u01b0u \u0111\u00e3i thu\u1ebf v\u00e0 s\u01b0\u0323 \u1ed5n \u0111\u1ecbnh cu\u0309a Ch\u00ednh ph\u1ee7, kh\u00f4ng c\u00f3 g\u00ec ng\u1ea1c nhi\u00ean khi c\u1ea3 FDI v\u00e0 t\u0103ng tr\u01b0\u1edfng c\u00f4ng nghi\u1ec7p trong n\u01b0\u1edbc \u0111\u1ec1u t\u0103ng v\u1ecdt trong giai \u0111o\u1ea1n n\u00e0y. H\u01a1n n\u1eefa, kh\u00f4ng gi\u1ed1ng nh\u01b0 c\u00e1c qu\u00f4\u0301c gia kha\u0301c trong khu v\u1ef1c, Vi\u00ea\u0323t Nam kh\u00f4ng h\u1ea1n ch\u1ebf v\u1ec1 quy\u00ea\u0300n s\u1edf h\u1eefu n\u01b0\u1edbc ngo\u00e0i, ngh\u0129a l\u00e0 c\u00f3 th\u1ec3 th\u00e0nh l\u1eadp c\u00e1c c\u00f4ng ty s\u1ea3n xu\u1ea5t 100% v\u1ed1n n\u01b0\u1edbc ngo\u00e0i (ho\u1eb7c mua l\u1ea1i \u0111\u1ebfn 100% c\u00e1c c\u00f4ng ty s\u1ea3n xu\u1ea5t hi\u1ec7n c\u00f3 c\u1ee7a Vi\u1ec7t Nam). G\u1ea7n \u0111\u00e2y, \u0111\u1ea7u t\u01b0 tr\u1ef1c ti\u1ebfp n\u01b0\u1edbc ngo\u00e0i v\u00e0o s\u1ea3n xu\u1ea5t c\u00f4ng nghi\u1ec7p \u0111\u1ea1t 7.191 tri\u1ec7u USD trong n\u0103m 2020 v\u1edbi 800 d\u1ef1 \u00e1n m\u1edbi \u0111\u01b0\u1ee3c ghi nh\u1eadn v\u00e0 d\u01b0\u1eddng nh\u01b0 \u0111ang theo xu h\u01b0\u1edbng t\u0103ng tr\u01b0\u01a1\u0309ng d\u00e0i h\u1ea1n b\u1ea5t ch\u1ea5p \u0111\u1ea1i d\u1ecbch.<\/p>\n<p>Danh s\u00e1ch c\u00e1c l\u0129nh v\u1ef1c s\u1ea3n xu\u1ea5t \u1edf Vi\u1ec7t Nam \u0111ang ng\u00e0y c\u00e0ng ph\u00e1t tri\u1ec3n v\u00e0 \u0111a d\u1ea1ng m\u1ed9t c\u00e1ch \u0111\u00e1ng kinh ng\u1ea1c. Trong nga\u0300nh sa\u0309n xu\u00e2\u0301t qu\u1ea7n \u00e1o, d\u1ec7t may v\u00e0 gi\u00e0y de\u0301p, Vi\u00ea\u0323t Nam hi\u1ec7n n\u1eb1m trong s\u1ed1 c\u00e1c n\u01b0\u1edbc d\u1eabn \u0111\u1ea7u Th\u1ebf gi\u1edbi v\u1edbi m\u1ee9c t\u0103ng tr\u01b0\u1edfng g\u1ea7n 10%\/n\u0103m. Patagonia v\u00e0 The North Face th\u01b0\u0323c hi\u00ea\u0323n hoa\u0323t \u0111\u00f4\u0323ng s\u1ea3n xu\u1ea5t ph\u1ea7n l\u1edbn t\u1ea1i Vi\u1ec7t Nam v\u00e0 H&amp;M, Uniqlo, Gap, J.Crew, Nike, Adidas v\u00e0 nhi\u1ec1u h\u00e3ng kh\u00e1c \u0111\u00ea\u0300u c\u00f3 hoa\u0323t \u0111\u00f4\u0323ng s\u1ea3n xu\u1ea5t r\u00f4\u0323ng kh\u0103\u0301p t\u1ea1i Vi\u1ec7t Nam. Ngo\u00e0i ra, nhi\u00ea\u0300u l\u0129nh v\u1ef1c \u0111a da\u0323ng kh\u00e1c nh\u01b0 nh\u1ef1a, h\u00e0ng n\u1ed9i th\u1ea5t, kinh doanh n\u00f4ng nghi\u00ea\u0323p, v\u1eadt li\u1ec7u x\u00e2y d\u1ef1ng v\u00e0 c\u00f4ng ngh\u1ec7, c\u0169ng \u0111\u00e3 thi\u1ebft l\u1eadp c\u01a1 s\u1edf v\u00e0 m\u1edf r\u1ed9ng. V\u00ed d\u1ee5: Samsung s\u1ea3n xu\u1ea5t m\u1ed9t ph\u1ea7n l\u1edbn \u0111i\u1ec7n tho\u1ea1i th\u00f4ng minh Galaxy c\u1ee7a m\u00ecnh t\u1ea1i Vi\u1ec7t Nam v\u00e0 HP, Canon c\u0169ng nh\u01b0 ca\u0301c ha\u0303ng kh\u00e1c c\u00f3 nhi\u00ea\u0300u c\u01a1 s\u1edf s\u1ea3n xu\u1ea5t \u0111\u00e1ng k\u1ec3. Theo truy\u1ec1n th\u1ed1ng, c\u00f4ng nghi\u1ec7p \u1edf Vi\u1ec7t Nam ch\u1ee7 y\u1ebfu t\u1eadp trung \u1edf mi\u1ec1n Nam, nh\u01b0ng ti\u0300nh hi\u0300nh n\u00e0y \u0111ang thay \u0111\u1ed5i. Foxconn, nh\u00e0 s\u1ea3n xu\u1ea5t ch\u1ee7 ch\u1ed1t c\u1ee7a Apple v\u00e0 Sony, g\u1ea7n \u0111\u00e2y \u0111\u00e3 c\u00f4ng b\u1ed1 k\u1ebf ho\u1ea1ch chuy\u1ec3n m\u1ed9t ph\u1ea7n ho\u1ea1t \u0111\u1ed9ng l\u1eafp r\u00e1p iPad v\u00e0 m\u00e1y t\u00ednh x\u00e1ch tay t\u1eeb Trung Qu\u1ed1c sang m\u1ed9t t\u1ed5 h\u1ee3p nh\u00e0 m\u00e1y m\u1edbi x\u00e2y d\u1ef1ng \u1edf B\u1eafc Giang, \u0111\u00f4ng b\u1eafc Vi\u1ec7t Nam.<\/p>\n<p>G\u1ea7n \u0111\u00e2y, lu\u1eadt ph\u00e1p c\u0169ng \u0111\u01b0\u1ee3c \u0111i\u1ec1u ch\u1ec9nh theo h\u01b0\u1edbng r\u00f5 r\u00e0ng h\u01a1n v\u00e0 h\u1ed7 tr\u1ee3 cho vi\u1ec7c t\u00f4\u0309 ch\u01b0\u0301c ng\u00e0nh sa\u0309n xu\u00e2\u0301t \u1edf Vi\u1ec7t Nam. V\u00ed d\u1ee5: m\u1ed9t d\u1ef1 th\u1ea3o ngh\u1ecb \u0111\u1ecbnh m\u1edbi \u0111\u01b0\u1ee3c tr\u00ecnh v\u00e0o n\u0103m 2021 t\u0103ng m\u1ee9c ph\u1ea1t vi ph\u1ea1m quy\u1ec1n s\u1edf h\u1eefu c\u00f4ng nghi\u1ec7p. H\u01a1n n\u1eefa, Vi\u1ec7t Nam \u0111ang \u0111i theo h\u01b0\u1edbng h\u00e0i h\u00f2a lu\u1eadt ph\u00e1p trong n\u01b0\u01a1\u0301c v\u1edbi c\u00e1c quy t\u1eafc v\u00e0 th\u00f4ng l\u1ec7 qu\u1ed1c t\u1ebf trong l\u0129nh v\u1ef1c m\u00f4i tr\u01b0\u1eddng. C\u0169ng \u0111\u01b0\u1ee3c ban h\u00e0nh v\u00e0o n\u0103m 2021, m\u1ed9t lu\u1eadt m\u1edbi v\u1ec1 b\u1ea3o v\u1ec7 m\u00f4i tr\u01b0\u1eddng quy \u0111\u1ecbnh chi ti\u1ebft h\u01a1n v\u1ec1 vi\u1ec7c tri\u00ea\u0309n khai c\u0169ng nh\u01b0 \u0111\u01b0a ra c\u00e1c y\u00eau c\u1ea7u ph\u00e1p l\u00fd m\u1edbi li\u00ean quan \u0111\u1ebfn qu\u1ea3n l\u00fd ch\u1ea5t th\u1ea3i v\u00e0 gi\u1ea5y ph\u00e9p m\u00f4i tr\u01b0\u1eddng. Ngo\u00e0i ra, Ch\u00ednh ph\u1ee7 c\u00f2n \u0111\u01b0a ra nhi\u1ec1u \u01b0u \u0111\u00e3i thu\u1ebf kha\u0301c nhau nh\u01b0 Ngh\u1ecb \u0111\u1ecbnh 57, c\u00f3 hi\u00ea\u0323u l\u01b0\u0323c t\u1eeb th\u00e1ng 6\/2021, cho ph\u00e9p c\u00e1c doanh nghi\u1ec7p h\u1ed7 tr\u1ee3 ng\u00e0nh s\u1ea3n xu\u1ea5t \u0111\u01b0\u01a1\u0323c \u01b0u \u0111\u00e3i thu\u1ebf Thu nh\u1eadp doanh nghi\u1ec7p.<\/p>\n<hr \/>\n<h3>Gi\u1edbi thi\u1ec7u<\/h3>\n<p>Trong m\u00f4i tr\u01b0\u1eddng c\u00f4ng nghi\u1ec7p n\u0103ng \u0111\u1ed9ng \u01a1\u0309 Vi\u1ec7t Nam, \u0111i\u1ec1u quan tr\u1ecdng l\u00e0 ph\u1ea3i c\u00f3 m\u1ed9t \u0111\u1ed9i ng\u0169 chuy\u00ean gia gia\u0300u n\u0103ng l\u1ef1c v\u00e0 t\u1eadn t\u00e2m \u0111\u00ea\u0309 h\u01b0\u1edbng d\u1eabn doanh nghi\u1ec7p c\u1ee7a b\u1ea1n qua m\u1ecdi giai \u0111o\u1ea1n ph\u00e1t tri\u1ec3n. V\u1edbi tru\u0323 s\u01a1\u0309 t\u1ea1i Th\u00e0nh ph\u1ed1 H\u1ed3 Ch\u00ed Minh, trung t\u00e2m th\u01b0\u01a1ng m\u1ea1i c\u1ee7a c\u1ea3 n\u01b0\u1edbc, Corporate Counsels c\u00f3 h\u00e0ng ch\u1ee5c n\u0103m kinh nghi\u1ec7m t\u1ed5ng h\u1ee3p v\u1ec1 cung c\u1ea5p c\u00e1c gi\u1ea3i ph\u00e1p s\u00e1ng t\u1ea1o v\u00e0 b\u1ec1n v\u1eefng, d\u00f9 la\u0300 th\u00e0nh l\u00e2\u0323p m\u1ed9t t\u1ed5 ch\u1ee9c kinh doanh m\u1edbi, hay m\u1edf r\u1ed9ng, t\u00edch h\u1ee3p, tho\u00e1i v\u1ed1n ho\u1eb7c t\u1ed1i \u01b0u h\u00f3a ho\u1ea1t \u0111\u1ed9ng. Trong nhi\u00ea\u0300u n\u0103m qua, ch\u00fang t\u00f4i \u0111\u00e3 \u0111\u01b0a ra nhi\u00ea\u0300u h\u01b0\u1edbng d\u1eabn ph\u00e1p l\u00fd quan tr\u1ecdng cho ca\u0301c t\u1eadp \u0111o\u00e0n \u0111a qu\u1ed1c gia l\u1edbn c\u0169ng nh\u01b0 t\u1eadp \u0111o\u00e0n \u0111\u1ea7u t\u01b0, khu c\u00f4ng nghi\u1ec7p, t\u00f4\u0309 ch\u01b0\u0301c trong n\u01b0\u1edbc v\u00e0 c\u00f4ng ty kh\u1edfi nghi\u1ec7p. Ngoa\u0300i ra, c\u00e1c kh\u00e1ch h\u00e0ng s\u1ea3n xu\u1ea5t c\u1ee7a ch\u00fang t\u00f4i cung c\u1ea5p nhi\u1ec1u lo\u1ea1i s\u1ea3n ph\u1ea9m v\u00e0 chi ti\u00ea\u0301t ph\u1ee5 cho c\u00e1c c\u00f4ng ty c\u00f4ng nghi\u1ec7p, th\u01b0\u01a1ng m\u1ea1i, ng\u01b0\u1eddi ti\u00eau d\u00f9ng, nh\u00e0 ph\u00e2n ph\u1ed1i v\u00e0 ca\u0301c \u0111\u01a1n vi\u0323 kh\u00e1c trong chu\u1ed7i cung \u1ee9ng. Corporate Counsels c\u00f3 nhi\u1ec1u ho\u1ea1t \u0111\u1ed9ng tham gia v\u00e0o ca\u0301c l\u0129nh v\u1ef1c ph\u1ee5, bao g\u1ed3m nh\u01b0ng kh\u00f4ng gi\u1edbi h\u1ea1n trong kinh doanh n\u00f4ng nghi\u1ec7p, h\u00e0ng kh\u00f4ng, x\u00e2y d\u1ef1ng, \u0111i\u1ec7n t\u1eed, n\u0103ng l\u01b0\u1ee3ng, ch\u0103m s\u00f3c s\u1ee9c kh\u1ecfe, d\u1ec7t may v\u00e0 gi\u00e0y de\u0301p, v\u1eadn t\u1ea3i v\u00e0 logistics. \u0110i \u0111\u1ea7u ph\u00e1t tri\u1ec3n trong nga\u0300nh c\u00f4ng nghi\u1ec7p c\u1ee7a Vi\u1ec7t Nam, ch\u00fang t\u00f4i lu\u00f4n c\u1eadp nh\u1eadt cho ch\u00ednh m\u00ecnh v\u00e0 cho kh\u00e1ch h\u00e0ng v\u1ec1 c\u00e1c xu h\u01b0\u1edbng ph\u00e1p l\u00fd v\u00e0 th\u1ecb tr\u01b0\u1eddng \u0111\u1ec3 \u0111\u00e1p \u1ee9ng th\u00e1ch th\u1ee9c c\u1ee7a ho\u1ea1t \u0111\u1ed9ng kinh doanh trong m\u1ed9t th\u1ebf gi\u1edbi li\u00ean t\u1ee5c thay \u0111\u1ed5i nhanh ch\u00f3ng.<\/p>\n<p>Ngo\u00e0i ra, n\u0103ng l\u01b0\u0323c \u0111a ng\u00e0nh c\u1ee7a Corporate Counsels cung c\u1ea5p c\u00e1c gi\u1ea3i ph\u00e1p to\u00e0n di\u1ec7n v\u00e0 l\u00e2u d\u00e0i cho c\u00e1c kh\u00e1ch h\u00e0ng s\u1ea3n xu\u1ea5t c\u1ee7a ch\u00fang t\u00f4i. La\u0300 c\u00f4ng ty duy nh\u1ea5t t\u1ea1i Vi\u1ec7t Nam, ch\u00fang t\u00f4i t\u1eadp h\u1ee3p ki\u1ebfn th\u1ee9c v\u00e0 kinh nghi\u1ec7m t\u1eeb m\u1ed9t s\u1ed1 ho\u1ea1t \u0111\u1ed9ng ha\u0300nh ngh\u00ea\u0300, bao g\u1ed3m t\u00e0i ch\u00ednh, gia c\u00f4ng v\u00e0 c\u1ea5p ph\u00e9p, ha\u0300nh ngh\u00ea\u0300 th\u01b0\u01a1ng m\u1ea1i, chu\u1ed7i cung \u1ee9ng v\u00e0 ph\u00e2n ph\u1ed1i, b\u1ea3o hi\u1ec3m, S\u00e1p nh\u1eadp &amp; mua l\u1ea1i, c\u00f4ng ngh\u1ec7, S\u01a1\u0309 h\u01b0\u0303u tri\u0301 tu\u00ea\u0323, thu\u1ebf, lao \u0111\u1ed9ng v\u00e0 vi\u1ec7c l\u00e0m c\u00f9ng nhi\u00ea\u0300u li\u0303nh v\u01b0\u0323c kha\u0301c. Ch\u00fang t\u00f4i kh\u00f4ng ch\u1ec9 hi\u1ec3u ro\u0303 nh\u1eefng th\u00e1ch th\u1ee9c v\u00ea\u0300 ph\u00e1p l\u00fd v\u00e0 qua\u0309n ly\u0301 m\u00e0 doanh nghi\u1ec7p s\u1ea3n xu\u1ea5t hi\u1ec7n \u0111\u1ea1i ph\u1ea3i \u0111\u1ed1i m\u1eb7t ng\u00e0y nay m\u00e0 c\u00f2n c\u1ea3 nh\u1eefng kh\u00eda c\u1ea1nh ha\u0300nh ngh\u00ea\u0300, th\u1ef1c t\u1ebf c\u1ee7a ho\u1ea1t \u0111\u1ed9ng kinh doanh trong n\u1ec1n kinh t\u1ebf to\u00e0n c\u1ea7u. H\u01a1n n\u1eefa, ki\u1ebfn th\u1ee9c ph\u00e1p l\u00fd mang ti\u0301nh k\u1ef9 thu\u1eadt n\u00e0y \u0111\u01b0\u1ee3c k\u1ebft h\u1ee3p v\u1edbi m\u1ee5c ti\u00eau kh\u00f4ng thay \u0111\u00f4\u0309i c\u1ee7a Corporate Counsels l\u00e0 hi\u1ec3u ro\u0303 doanh nghi\u1ec7p t\u1eeb quan \u0111i\u1ec3m c\u1ee7a kh\u00e1ch h\u00e0ng. Do \u0111\u00f3, ch\u00fang t\u00f4i cung c\u00e2\u0301p th\u00f4ng tin chi ti\u00ea\u0301t cu\u0323 th\u00ea\u0309 co\u0301 i\u0301ch v\u1ec1 th\u1ecb tr\u01b0\u1eddng v\u00e0 h\u1ee3p t\u00e1c v\u1edbi c\u00e1c doanh nghi\u1ec7p \u0111\u1ec3 gi\u00fap h\u1ecd ph\u00e1t tri\u1ec3n v\u00e0 \u0111\u1ea1t m\u1ee5c ti\u00eau chi\u1ebfn l\u01b0\u1ee3c trong giai \u0111oa\u0323n th\u1ecb tr\u01b0\u1eddng kh\u00f4ng \u00f4\u0309n \u0111i\u0323nh.<\/p>\n<hr \/>\n<h3>D\u1ecbch v\u1ee5<\/h3>\n<p>Corporate Counsels cung c\u1ea5p nhi\u1ec1u di\u0323ch vu\u0323 t\u01b0 v\u00e2\u0301n v\u00e0 h\u1ed7 tr\u1ee3 r\u1ea5t c\u1ea7n thi\u1ebft cho c\u00e1c kh\u00e1ch h\u00e0ng s\u1ea3n xu\u1ea5t, bao g\u1ed3m:<\/p>\n<ul>\n<li>Gi\u1ea3i ph\u00e1p ng\u00e2n h\u00e0ng, \u0111\u1ea7u t\u01b0 v\u00e0 t\u00e0i ch\u00ednh;<\/li>\n<li>H\u1ee3p \u0111\u1ed3ng th\u01b0\u01a1ng m\u1ea1i;<\/li>\n<li>Th\u00e0nh l\u00e2\u0323p v\u00e0 c\u1ea5u tr\u00fac doanh nghi\u00ea\u0323p;<\/li>\n<li>An ninh m\u1ea1ng &amp; quy\u1ec1n ri\u00eang t\u01b0 d\u1eef li\u1ec7u;<\/li>\n<li>S\u1ed1 h\u00f3a v\u00e0 c\u00f4ng ngh\u1ec7;<\/li>\n<li>Chi\u1ebfn l\u01b0\u1ee3c v\u00e0 tu\u00e2n th\u1ee7 v\u00ea\u0300 m\u00f4i tr\u01b0\u1eddng;<\/li>\n<li>S\u1edf h\u1eefu tr\u00ed tu\u1ec7;<\/li>\n<li>B\u1ea3o hi\u1ec3m;<\/li>\n<li>Lao \u0111\u1ed9ng v\u00e0 vi\u1ec7c l\u00e0m;<\/li>\n<li>S\u00e1p nh\u1eadp &amp; Mua l\u1ea1i;<\/li>\n<li>T\u01b0 v\u1ea5n ph\u00e1t tri\u1ec3n s\u1ea3n ph\u1ea9m;<\/li>\n<li>Chu\u1ed7i cung \u1ee9ng v\u00e0 ph\u00e2n ph\u1ed1i v\u00e0 h\u1ea3i quan;<\/li>\n<li>B\u1ea5t \u0111\u1ed9ng s\u1ea3n v\u00e0 x\u00e2y d\u1ef1ng;<\/li>\n<li>Tu\u00e2n th\u1ee7 quy \u0111\u1ecbnh v\u00e0 gi\u1ea5y ph\u00e9p;<\/li>\n<li>Thu\u00ea\u0301;<\/li>\n<li>An to\u00e0n n\u01a1i l\u00e0m vi\u1ec7c;<\/li>\n<\/ul>\n","protected":false},"excerpt":{"rendered":"<p>Lorem ipsum dolor sit amet, consectetur adipiscing elit, sed do eiusmod tempor ut labore et dolore magna aliqua.<\/p>\n","protected":false},"author":41,"featured_media":83647,"parent":83385,"menu_order":2,"comment_status":"closed","ping_status":"closed","template":"page-practices.php","meta":[],"_links":{"self":[{"href":"https:\/\/corporatecounsels.vn\/vi\/wp-json\/wp\/v2\/pages\/83410"}],"collection":[{"href":"https:\/\/corporatecounsels.vn\/vi\/wp-json\/wp\/v2\/pages"}],"about":[{"href":"https:\/\/corporatecounsels.vn\/vi\/wp-json\/wp\/v2\/types\/page"}],"author":[{"embeddable":true,"href":"https:\/\/corporatecounsels.vn\/vi\/wp-json\/wp\/v2\/users\/41"}],"replies":[{"embeddable":true,"href":"https:\/\/corporatecounsels.vn\/vi\/wp-json\/wp\/v2\/comments?post=83410"}],"version-history":[{"count":6,"href":"https:\/\/corporatecounsels.vn\/vi\/wp-json\/wp\/v2\/pages\/83410\/revisions"}],"predecessor-version":[{"id":85267,"href":"https:\/\/corporatecounsels.vn\/vi\/wp-json\/wp\/v2\/pages\/83410\/revisions\/85267"}],"up":[{"embeddable":true,"href":"https:\/\/corporatecounsels.vn\/vi\/wp-json\/wp\/v2\/pages\/83385"}],"wp:featuredmedia":[{"embeddable":true,"href":"https:\/\/corporatecounsels.vn\/vi\/wp-json\/wp\/v2\/media\/83647"}],"wp:attachment":[{"href":"https:\/\/corporatecounsels.vn\/vi\/wp-json\/wp\/v2\/media?parent=83410"}],"curies":[{"name":"wp","href":"https:\/\/api.w.org\/{rel}","templated":true}]}}