{"id":83408,"date":"2021-11-11T13:35:44","date_gmt":"2021-11-11T06:35:44","guid":{"rendered":"https:\/\/corporatecounsels.vn\/?page_id=83408"},"modified":"2023-01-16T12:39:04","modified_gmt":"2023-01-16T05:39:04","slug":"dau-khi","status":"publish","type":"page","link":"https:\/\/corporatecounsels.vn\/vi\/industries\/dau-khi\/","title":{"rendered":"D\u1ea7u kh\u00ed"},"content":{"rendered":"<h3>L\u1eddi m\u1edf \u0111\u1ea7u<\/h3>\n<p>C\u0169ng nh\u01b0 h\u00e2\u0300u h\u00ea\u0301t ca\u0301c qu\u00f4\u0301c gia kha\u0301c tr\u00ean th\u1ebf gi\u1edbi, Vi\u1ec7t Nam ph\u1ee5 thu\u1ed9c r\u1ea5t nhi\u1ec1u v\u00e0o n\u0103ng l\u01b0\u1ee3ng t\u1eeb d\u1ea7u kh\u00ed \u0111\u1ec3 cung c\u1ea5p cho ng\u00e0nh c\u00f4ng nghi\u1ec7p \u0111ang ph\u00e1t tri\u1ec3n. Ng\u00e0nh d\u1ea7u kh\u00ed \u0111\u00e1p \u1ee9ng kho\u1ea3ng 40% nhu c\u1ea7u n\u0103ng l\u01b0\u1ee3ng ch\u00ednh c\u1ee7a Vi\u1ec7t Nam v\u00e0 \u0111\u00f3ng vai tr\u00f2 quy\u00ea\u0301t \u0111i\u0323nh trong t\u0103ng tr\u01b0\u1edfng v\u00e0 an ninh n\u0103ng l\u01b0\u1ee3ng qu\u1ed1c gia c\u1ee7a \u0111\u1ea5t n\u01b0\u1edbc. Ph\u1ea7n l\u1edbn d\u1ea7u \u0111\u01b0\u1ee3c khai th\u00e1c ngo\u00e0i kh\u01a1i, v\u1edbi ca\u0301c mo\u0309 d\u00e2\u0300u B\u1ea1ch H\u1ed5, \u0110\u1ea1i H\u00f9ng v\u00e0 T\u00ea Gi\u00e1c Tr\u0103\u0301ng chi\u1ebfm ba trong s\u1ed1 c\u00e1c vu\u0300ng s\u1ea3n xu\u1ea5t ch\u00ednh. Theo th\u1ed1ng k\u00ea, Vi\u00ea\u0323t Nam c\u00f3 tr\u1eef l\u01b0\u1ee3ng d\u1ea7u \u0111\u00e3 \u0111\u01b0\u1ee3c ki\u00ea\u0309m ch\u1ee9ng t\u00ednh \u0111\u1ebfn n\u0103m 2016 l\u00e0 4.400.000.000 th\u00f9ng, \u0111\u1ee9ng th\u1ee9 25 tr\u00ean th\u1ebf gi\u1edbi v\u00e0 chi\u1ebfm kho\u1ea3ng 0,3% t\u1ed5ng tr\u1eef l\u01b0\u1ee3ng d\u1ea7u c\u1ee7a th\u1ebf gi\u1edbi. T\u1eeb n\u0103m 2012 \u0111\u1ebfn 2017, Vi\u1ec7t Nam l\u00e0 n\u01b0\u1edbc xu\u1ea5t si\u00eau d\u1ea7u kh\u00ed. Tuy nhi\u00ean, t\u1eeb \u0111\u00f3 \u0111\u1ebfn nay \u0111\u00e3 c\u00f3 xu h\u01b0\u1edbng gi\u1ea3m hoa\u0323t \u0111\u00f4\u0323ng sa\u0309n xu\u00e2\u0301t v\u1edbi vi\u1ec7c Vi\u1ec7t Nam \u0111a\u0303 nh\u1eadp 5,17 tri\u00ea\u0323u t\u1ea5n trong khi ch\u1ec9 xu\u1ea5t 3,96 tri\u1ec7u t\u1ea5n trong n\u0103m 2018. Hi\u1ec7n nay, ng\u00e0nh \u0111ang ph\u1ea3i \u0111\u1ed1i m\u1eb7t v\u1edbi nh\u1eefng th\u00e1ch th\u1ee9c do nhi\u00ea\u0300u y\u1ebfu t\u1ed1 bao g\u1ed3m khai th\u00e1c qu\u00e1 m\u1ee9c c\u00e1c mo\u0309 hi\u1ec7n c\u00f3, thi\u1ebfu v\u1ed1n v\u00e0 \u0111\u1ea7u t\u01b0, gi\u00e1 d\u1ea7u gi\u1ea3m v\u00e0 c\u00e1c quy \u0111\u1ecbnh l\u1ed7i th\u1eddi.<\/p>\n<p>D\u1ea7u kh\u00ed \u1edf Vi\u1ec7t Nam ch\u1ecbu s\u1ef1 qua\u0309n ly\u0301 c\u1ee7a Lu\u1eadt D\u1ea7u kh\u00ed n\u0103m 1993, \u0111\u00e2y l\u00e0 \u0111i\u00ea\u0309m m\u1ed1c quan tr\u1ecdng trong vi\u1ec7c h\u00ecnh th\u00e0nh h\u1ec7 th\u1ed1ng ph\u00e1t tri\u1ec3n nga\u0300nh d\u1ea7u kh\u00ed. M\u1eb7c d\u00f9 \u0111\u00e3 \u0111\u01b0\u1ee3c s\u1eeda \u0111\u1ed5i v\u00e0o n\u0103m 2000 v\u00e0 2008, nh\u01b0ng hi\u1ec7n ta\u0323i lu\u1eadt na\u0300y \u0111ang c\u00e2\u0300n \u0111\u01b0\u01a1\u0323c \u0111i\u1ec1u ch\u1ec9nh l\u1edbn v\u00e0 t\u00edch h\u1ee3p v\u1edbi c\u00e1c lu\u1eadt v\u00e0 c\u01a1 quan kh\u00e1c. Th\u1ef1c t\u1ebf n\u00e0y \u0111\u00e3 \u0111\u01b0\u1ee3c nhi\u1ec1u ngu\u1ed3n trong ng\u00e0nh c\u0169ng nh\u01b0 Ch\u00ednh ph\u1ee7 Vi\u1ec7t Nam th\u1eeba nh\u1eadn, cho r\u1eb1ng \u201cch\u00ednh s\u00e1ch \u0111\u1ea7u t\u01b0, ph\u00e1t tri\u1ec3n v\u00e0 qu\u1ea3n l\u00fd t\u00e0i nguy\u00ean n\u0103ng l\u01b0\u1ee3ng v\u00e2\u0303n c\u00f2n thi\u1ebfu v\u00e0 ch\u01b0a th\u1ed1ng nh\u1ea5t\u201d (Ngh\u1ecb quy\u1ebft s\u1ed1 55-NQ\/TW ng\u00e0y 11\/2\/2020). V\u00ed d\u1ee5: theo Lu\u1eadt thu\u1ebf t\u00e0i nguy\u00ean n\u01b0\u1edbc, c\u00e1c c\u00f4ng ty ph\u1ea3i n\u1ed9p thu\u1ebf \u01a1\u0309 m\u01b0\u0301c 100 tri\u1ec7u \u0111\u1ed3ng cho m\u1ed7i km vu\u00f4ng di\u00ea\u0323n ti\u0301ch n\u01b0\u1edbc bi\u00ea\u0309n m\u00e0 h\u1ecd khoan \u0111\u00ea\u0309 khai tha\u0301c d\u1ea7u kh\u00ed, m\u1ed9t m\u1ee9c thu\u1ebf cao khi\u1ebfn c\u00e1c nh\u00e0 \u0111\u1ea7u t\u01b0 n\u1ea3n l\u00f2ng. K\u1ebft qu\u1ea3 l\u00e0 t\u01b0\u0300 n\u0103m 2016-2020, m\u1eb7c d\u00f9 nhi\u1ec1u c\u00f4ng ty n\u01b0\u1edbc ngo\u00e0i t\u00ecm ki\u1ebfm c\u01a1 h\u1ed9i \u0111\u1ea7u t\u01b0 nh\u01b0ng PetroVietnam (c\u00f4ng ty d\u1ea7u kh\u00ed nh\u00e0 n\u01b0\u1edbc) ch\u1ec9 k\u00fd \u0111\u01b0\u1ee3c 8 h\u1ee3p \u0111\u1ed3ng d\u1ea7u kh\u00ed m\u1edbi, trong \u0111\u00f3 ch\u1ec9 c\u00f3 1 h\u1ee3p \u0111\u1ed3ng v\u1edbi \u0111\u1ed1i t\u00e1c n\u01b0\u1edbc ngo\u00e0i. C\u00e1c v\u1ea5n \u0111\u1ec1 kh\u00e1c bao g\u1ed3m th\u1ef1c t\u1ebf l\u00e0 c\u00f3 qu\u00e1 nhi\u1ec1u c\u01a1 quan tham gia va\u0300o ho\u1ea1ch \u0111\u1ecbnh chi\u0301nh sa\u0301ch v\u00e0 quy tri\u0300nh ph\u00ea duy\u1ec7t. Tuy nhi\u00ean, c\u00f3 v\u1ebb nh\u01b0 ti\u0300nh hi\u0300nh \u0111ang thay \u0111\u1ed5i. V\u00e0o th\u00e1ng 9\/2021, D\u1ef1 th\u1ea3o Lu\u1eadt D\u1ea7u kh\u00ed s\u1eeda \u0111\u1ed5i \u0111\u00e3 \u0111\u01b0\u1ee3c c\u00f4ng b\u00f4\u0301 \u0111\u1ec3 l\u1ea5y \u00fd ki\u1ebfn tr\u00ean trang web c\u1ee7a Ch\u00ednh ph\u1ee7. D\u1ef1 th\u1ea3o lu\u1eadt na\u0300y c\u00f3 nhi\u1ec1u c\u1ea3i ti\u1ebfn \u0111\u01b0\u1ee3c \u0111\u1ec1 xu\u1ea5t, bao g\u1ed3m nh\u1eefng thay \u0111\u1ed5i trong th\u1ee7 t\u1ee5c ph\u00ea duy\u1ec7t d\u1ef1 \u00e1n d\u1ea7u kh\u00ed, k\u1ebf to\u00e1n v\u00e0 thu\u1ebf, quy\u1ec1n v\u00e0 ngh\u0129a v\u1ee5 c\u1ee7a nh\u00e0 th\u1ea7u d\u1ea7u kh\u00ed.<\/p>\n<hr \/>\n<h3>\u00a0Gi\u1edbi thi\u1ec7u<\/h3>\n<p>C\u00e1c doanh nghi\u1ec7p tham gia v\u00e0o ng\u00e0nh d\u1ea7u kh\u00ed Vi\u1ec7t Nam th\u01b0\u1eddng ph\u1ea3i \u0111\u1ed1i m\u1eb7t v\u1edbi ca\u0301c th\u00e1ch th\u1ee9c ph\u00e1p l\u00fd v\u00f4 c\u00f9ng ph\u1ee9c t\u1ea1p li\u00ean quan \u0111\u1ebfn vi\u1ec7c th\u0103m d\u00f2, s\u1ea3n xu\u1ea5t, ph\u00e1t tri\u1ec3n, v\u1eadn chuy\u1ec3n, bu\u00f4n ba\u0301n, ba\u0309o qua\u0309n, marketing, l\u1ecdc d\u1ea7u v\u00e0 ch\u1ebf bi\u1ebfn kh\u00ed t\u1ef1 nhi\u00ean, d\u1ea7u v\u00e0 c\u00e1c s\u1ea3n ph\u1ea9m d\u1ea7u khi\u0301 kh\u00e1c. V\u1edbi lu\u1eadt D\u1ea7u kh\u00ed \u0111ang trong qu\u00e1 tr\u00ecnh s\u1eeda \u0111\u1ed5i v\u00e0 tri\u00ea\u0309n khai, \u0111i\u1ec1u quan tr\u1ecdng l\u00e0 b\u1ea5t k\u1ef3 c\u00f4ng ty khai tha\u0301c, nh\u00e0 \u0111\u1ea7u t\u01b0 ho\u1eb7c c\u01a1 quan Ch\u00ednh ph\u1ee7 n\u00e0o cu\u0303ng \u0111\u00ea\u0300u ph\u1ea3i ti\u1ebfn h\u00e0nh hoa\u0323t \u0111\u00f4\u0323ng m\u00f4\u0323t ca\u0301ch th\u1eadn tr\u1ecdng c\u0169ng nh\u01b0 nh\u00e2\u0323n \u0111\u01b0\u1ee3c t\u01b0 v\u1ea5n ph\u00e1p l\u00fd c\u00f3 th\u1ea9m quy\u1ec1n v\u00e0 tin c\u1eady. Corporate Counsels c\u00f3 b\u00ea\u0300 da\u0300y kinh nghi\u1ec7m h\u01a1n m\u1ed9t th\u1eadp k\u1ef7 trong l\u0129nh v\u1ef1c n\u00e0y v\u00e0 \u0111\u00e3 \u0111\u01b0\u1ee3c c\u00e1c c\u00f4ng ty d\u1ea7u kh\u00ed v\u00e0 n\u0103ng l\u01b0\u1ee3ng n\u01b0\u1edbc ngo\u00e0i v\u00e0 trong n\u01b0\u1edbc, th\u01b0\u01a1ng gia, nh\u00e0 \u0111\u1ea7u t\u01b0, c\u00f4ng ty b\u1ea3o hi\u1ec3m, t\u1ed5 ch\u1ee9c t\u00e0i ch\u00ednh v\u00e0 c\u00e1c c\u01a1 quan Ch\u00ednh ph\u1ee7 thu\u00ea \u0111\u1ec3 h\u1ed7 tr\u1ee3 trong m\u1ecdi kh\u00eda c\u1ea1nh th\u1ee7 t\u1ee5c v\u00e0 ho\u1ea1t \u0111\u1ed9ng c\u1ee7a h\u1ecd.<\/p>\n<p>Corporate Counsels c\u00f3 \u0111u\u0309 n\u0103ng l\u01b0\u0323c x\u1eed l\u00fd t\u1ea5t c\u1ea3 c\u00e1c kh\u00eda c\u1ea1nh trong ho\u1ea1t \u0111\u1ed9ng kinh doanh d\u1ea7u kh\u00ed c\u1ee7a kh\u00e1ch h\u00e0ng, t\u1eeb giai \u0111o\u1ea1n tr\u01b0\u1edbc th\u0103m d\u00f2 cho \u0111\u1ebfn s\u1ea3n xu\u1ea5t, c\u1ea5p ph\u00e9p, v\u1eadn chuy\u1ec3n v\u00e0 ba\u0309o qua\u0309n cho \u0111\u1ebfn l\u1ecdc d\u1ea7u \u1edf h\u1ea1 ngu\u1ed3n. Lu\u00f4n \u0111i \u0111\u1ea7u trong nh\u1eefng \u0111i\u00ea\u0309m \u0111\u00f4\u0309i m\u01a1\u0301i v\u00ea\u0300 ph\u00e1p l\u00fd, \u0111\u1ed9i ng\u0169 lu\u1eadt s\u01b0 c\u1ee7a ch\u00fang t\u00f4i cu\u0303ng t\u00e2\u0323n d\u1ee5ng ki\u1ebfn th\u1ee9c v\u00ea\u0300 th\u01b0\u01a1ng m\u1ea1i c\u1ee7a mi\u0300nh \u0111\u1ec3 t\u01b0 v\u1ea5n v\u1ec1 nhi\u1ec1u v\u1ea5n \u0111\u1ec1 t\u1eeb doanh nghi\u1ec7p, hoa\u0323t \u0111\u00f4\u0323ng ng\u00e2n h\u00e0ng v\u00e0 t\u00e0i ch\u00ednh, th\u1ecb tr\u01b0\u1eddng v\u1ed1n cho \u0111\u1ebfn c\u00e1c v\u1ea5n \u0111\u1ec1 v\u1ec1 vi\u1ec7c l\u00e0m, h\u00ea\u0323 th\u00f4\u0301ng qua\u0309n ly\u0301 v\u00e0 s\u1edf h\u1eefu tr\u00ed tu\u1ec7. V\u1ec1 c\u1ed1t l\u00f5i, Corporate Counsels cam k\u1ebft h\u00f4\u0303 tr\u01a1\u0323 kh\u00e1ch h\u00e0ng \u0111\u1ea1t \u0111\u01b0\u1ee3c m\u1ee5c ti\u00eau kinh doanh, n\u1eafm b\u1eaft c\u01a1 h\u1ed9i v\u00e0 tr\u00e1nh r\u1ee7i ro, b\u00e2\u0301t k\u00ea\u0309 \u0111o\u0301 l\u00e0 hoa\u0323t \u0111\u00f4\u0323ng m\u1edf r\u1ed9ng, mua l\u1ea1i hay tho\u00e1i v\u1ed1n.<\/p>\n<hr \/>\n<h3>D\u1ecbch v\u1ee5<\/h3>\n<p>Corporate Counsels cung c\u1ea5p di\u0323ch vu\u0323 t\u01b0 v\u00e2\u0301n v\u00e0 h\u1ed7 tr\u1ee3 quan tr\u1ecdng cho kh\u00e1ch h\u00e0ng trong ng\u00e0nh d\u1ea7u kh\u00ed, bao g\u1ed3m:<\/p>\n<ul>\n<li>H\u1ee3p \u0111\u1ed3ng th\u01b0\u01a1ng m\u1ea1i;<\/li>\n<li>X\u00e2y d\u1ef1ng v\u00e0 mua s\u1eafm;<\/li>\n<li>S\u1ed1 h\u00f3a bao g\u1ed3m b\u1ea3o v\u1ec7, quy\u1ec1n ri\u00eang t\u01b0 v\u00ea\u0300 d\u1eef li\u1ec7u v\u00e0 an ninh m\u1ea1ng;<\/li>\n<li>Vi\u1ec7c l\u00e0m v\u00e0 lao \u0111\u1ed9ng;<\/li>\n<li>\u0110\u00e1nh gi\u00e1 t\u00e1c \u0111\u1ed9ng v\u00e0 tu\u00e2n th\u1ee7 v\u00ea\u0300 m\u00f4i tr\u01b0\u1eddng;<\/li>\n<li>N\u1ee3 tr\u00ean v\u1ed1n c\u1ed5 ph\u1ea7n, t\u00e0i ch\u00ednh v\u00e0 \u0111\u1ea7u t\u01b0;<\/li>\n<li>Tho\u00e1i v\u1ed1n, ch\u1ee9ng kho\u00e1n h\u00f3a ho\u1eb7c chuy\u1ec3n nh\u01b0\u1ee3ng quy\u1ec1n v\u00e0 gi\u1ea5y ph\u00e9p;<\/li>\n<li>Th\u0103m d\u00f2, khai th\u00e1c v\u00e0 c\u1ea5p ph\u00e9p hoa\u0323t \u0111\u00f4\u0323ng \u0111\u1ea7u ngu\u1ed3n kh\u00e1c;<\/li>\n<li>B\u1ea3o hi\u1ec3m;<\/li>\n<li>S\u1edf h\u1eefu tr\u00ed tu\u1ec7;<\/li>\n<li>Li\u00ean doanh v\u00e0 h\u01a1\u0323p t\u00e1c chi\u1ebfn l\u01b0\u1ee3c;<\/li>\n<li>S\u00e1p nh\u1eadp &amp; Mua l\u1ea1i;<\/li>\n<li>Ba\u0309o qua\u0309n, v\u1eadn chuy\u1ec3n, b\u00e1n v\u00e0 xu\u1ea5t kh\u1ea9u \u01a1\u0309 trung ngu\u00f4\u0300n;<\/li>\n<li>L\u00e2\u0323p b\u00e1o c\u00e1o v\u00e0 ph\u00e2n lo\u1ea1i kho\u00e1ng s\u1ea3n;<\/li>\n<li>\u0110\u00e0m ph\u00e1n v\u01a1\u0301i c\u00e1c li\u00ean doanh va\u0300 hi\u1ec7p h\u1ed9i th\u0103m d\u00f2 v\u00e0 khai khoa\u0301ng;<\/li>\n<li>T\u01b0 v\u1ea5n l\u1ecdc d\u1ea7u va\u0300 hoa\u0323t \u0111\u00f4\u0323ng \u1edf h\u1ea1 ngu\u1ed3n;<\/li>\n<li>Tu\u00e2n th\u1ee7 quy \u0111\u1ecbnh;<\/li>\n<li>Thu\u00ea\u0301 ta\u0300i nguy\u00ean v\u00e0 th\u1ecfa thu\u1eadn li\u00ean quan;<\/li>\n<li>Thu\u1ebf;<\/li>\n<\/ul>\n","protected":false},"excerpt":{"rendered":"<p>Lorem ipsum dolor sit amet, consectetur adipiscing elit, sed do eiusmod tempor ut labore et dolore magna aliqua.<\/p>\n","protected":false},"author":41,"featured_media":83656,"parent":83385,"menu_order":6,"comment_status":"closed","ping_status":"closed","template":"page-practices.php","meta":[],"_links":{"self":[{"href":"https:\/\/corporatecounsels.vn\/vi\/wp-json\/wp\/v2\/pages\/83408"}],"collection":[{"href":"https:\/\/corporatecounsels.vn\/vi\/wp-json\/wp\/v2\/pages"}],"about":[{"href":"https:\/\/corporatecounsels.vn\/vi\/wp-json\/wp\/v2\/types\/page"}],"author":[{"embeddable":true,"href":"https:\/\/corporatecounsels.vn\/vi\/wp-json\/wp\/v2\/users\/41"}],"replies":[{"embeddable":true,"href":"https:\/\/corporatecounsels.vn\/vi\/wp-json\/wp\/v2\/comments?post=83408"}],"version-history":[{"count":6,"href":"https:\/\/corporatecounsels.vn\/vi\/wp-json\/wp\/v2\/pages\/83408\/revisions"}],"predecessor-version":[{"id":85284,"href":"https:\/\/corporatecounsels.vn\/vi\/wp-json\/wp\/v2\/pages\/83408\/revisions\/85284"}],"up":[{"embeddable":true,"href":"https:\/\/corporatecounsels.vn\/vi\/wp-json\/wp\/v2\/pages\/83385"}],"wp:featuredmedia":[{"embeddable":true,"href":"https:\/\/corporatecounsels.vn\/vi\/wp-json\/wp\/v2\/media\/83656"}],"wp:attachment":[{"href":"https:\/\/corporatecounsels.vn\/vi\/wp-json\/wp\/v2\/media?parent=83408"}],"curies":[{"name":"wp","href":"https:\/\/api.w.org\/{rel}","templated":true}]}}