{"id":83406,"date":"2021-11-11T13:37:30","date_gmt":"2021-11-11T06:37:30","guid":{"rendered":"https:\/\/corporatecounsels.vn\/?page_id=83406"},"modified":"2023-01-16T12:38:39","modified_gmt":"2023-01-16T05:38:39","slug":"khai-thac-mo","status":"publish","type":"page","link":"https:\/\/corporatecounsels.vn\/vi\/industries\/khai-thac-mo\/","title":{"rendered":"Khai th\u00e1c m\u1ecf"},"content":{"rendered":"<h3>L\u1eddi m\u1edf \u0111\u1ea7u<\/h3>\n<p>Nh\u00ecn chung, Vi\u1ec7t Nam kh\u00f4ng pha\u0309i la\u0300 qu\u1ed1c gia khai khoa\u0301ng l\u01a1\u0301n c\u00f3 ti\u1ebfng tr\u00ean to\u00e0n th\u1ebf gi\u1edbi. Tuy nhi\u00ean, \u0111i\u1ec1u ng\u1ea1c nhi\u00ean l\u00e0 Vi\u1ec7t Nam l\u1ea1i c\u00f3 nhi\u00ea\u0300u l\u1ef1a ch\u1ecdn \u0111a d\u1ea1ng v\u1ec1 c\u00e1c m\u1ecf kho\u00e1ng s\u1ea3n, v\u1edbi h\u01a1n 60 lo\u1ea1i kho\u00e1ng s\u1ea3n \u0111\u00e3 \u0111\u01b0\u1ee3c ph\u00e1t hi\u1ec7n. Ngo\u00e0i ra, khai khoa\u0301ng \u0111\u00f3ng m\u1ed9t vai tr\u00f2 quan tr\u1ecdng trong n\u1ec1n kinh t\u1ebf. Trong khi chi\u00ea\u0301m ty\u0309 tro\u0323ng chung \u0111ang gi\u1ea3m d\u1ea7n do m\u01b0\u0301c t\u0103ng tr\u01b0\u1edfng ngo\u1ea1n m\u1ee5c c\u1ee7a l\u0129nh v\u1ef1c s\u1ea3n xu\u1ea5t trong 20 n\u0103m qua, l\u0129nh v\u1ef1c khai khoa\u0301ng v\u00e0 khai th\u00e1c \u0111\u00e1 c\u1ee7a Vi\u1ec7t Nam v\u1eabn chi\u1ebfm 5,55% t\u1ed5ng GDP c\u1ea3 n\u01b0\u1edbc trong n\u0103m 2020. Ngo\u00e0i d\u1ea7u kh\u00ed, Vi\u1ec7t Nam c\u00f2n c\u00f3 l\u01b0\u01a1\u0323ng khoa\u0301ng sa\u0309n quy m\u00f4 l\u1edbn trong da\u0300i ha\u0323n la\u0300 b\u00f4 x\u00edt, \u0111\u1ea5t hi\u1ebfm, titan, than, \u0111\u00e1 v\u00f4i, c\u00e1t silic, \u0111\u00e1 \u1ed1p, \u0111\u00e1 x\u00e2y d\u1ef1ng v\u00e0 n\u01b0\u1edbc kho\u00e1ng, nh\u01a1\u0300 \u0111o\u0301 thu h\u00fat s\u1ef1 quan t\u00e2m c\u1ee7a c\u00e1c c\u00f4ng ty khai khoa\u0301ng \u0111a qu\u1ed1c gia. C\u00e1c kho\u00e1ng s\u1ea3n kh\u00e1c \u0111\u01b0\u1ee3c khai th\u00e1c (ch\u1ee7 y\u1ebfu n\u00f4\u0323i \u0111i\u0323a) bao g\u1ed3m qu\u1eb7ng s\u1eaft, crom, mangan, \u0111\u1ed3ng, thi\u1ebfc, ch\u00ec-k\u1ebdm, vonfram, v\u00e0ng, h\u1ed3ng ng\u1ecdc, ng\u1ecdc b\u00edch, topaz, spinel, antimon, mangan, uranium, fenspat, cao lanh, \u0111a\u0301 tan, fluorit, barit, grafit, dolomit, photphorit, bentonit v\u00e0 diatomit.<\/p>\n<p>Ng\u00e0nh khai kho\u00e1ng \u1edf Vi\u1ec7t Nam v\u1eabn ch\u1ee7 y\u1ebfu t\u1eadp trung v\u00e0o m\u1ed9t c\u00f4ng ty khai khoa\u0301ng: \u0111o\u0301 la\u0300 T\u1eadp \u0111o\u00e0n c\u00f4ng nghi\u1ec7p Than &#8211; Kho\u00e1ng s\u1ea3n Vi\u1ec7t Nam (\u201cVinacomin\u201d), \u0111\u00e2y l\u00e0 doanh nghi\u1ec7p nh\u00e0 n\u01b0\u1edbc. \u0110\u1ea7u t\u01b0 n\u01b0\u1edbc ngo\u00e0i trong l\u0129nh v\u1ef1c n\u00e0y li\u00ean t\u1ee5c t\u0103ng trong nh\u1eefng n\u0103m g\u1ea7n \u0111\u00e2y, nh\u01b0ng v\u1eabn chi\u1ebfm t\u1ef7 tr\u1ecdng nh\u1ecf so v\u1edbi c\u00e1c l\u0129nh v\u1ef1c kh\u00e1c c\u1ee7a n\u1ec1n kinh t\u1ebf (ch\u0103\u0309ng ha\u0323n nh\u01b0 s\u1ea3n xu\u1ea5t). Hi\u1ebfn ph\u00e1p Vi\u1ec7t Nam v\u00e0 Lu\u1eadt Kho\u00e1ng s\u1ea3n quy \u0111\u1ecbnh chung r\u1eb1ng t\u1ea5t c\u1ea3 c\u00e1c ngu\u1ed3n t\u00e0i nguy\u00ean trong l\u00f2ng \u0111\u1ea5t \u0111\u1ec1u thu\u1ed9c s\u1edf h\u1eefu c\u1ee7a nh\u00e2n d\u00e2n v\u00e0 Ch\u00ednh ph\u1ee7 Vi\u1ec7t Nam (t\u1ee9c l\u00e0 c\u01a1 quan h\u00e0nh ch\u00ednh c\u1ee7a nh\u00e0 n\u01b0\u1edbc). Nhi\u1ec1u c\u01a1 quan kh\u00e1c nhau tham gia v\u00e0o vi\u00ea\u0323c qua\u0309n ly\u0301 khai khoa\u0301ng th\u1ef1c t\u1ebf \u1edf Vi\u1ec7t Nam, quan tr\u1ecdng nh\u1ea5t l\u00e0 B\u1ed9 T\u00e0i nguy\u00ean v\u00e0 M\u00f4i tr\u01b0\u1eddng. C\u01a1 quan n\u00e0y qu\u1ea3n l\u00fd ho\u1ea1t \u0111\u1ed9ng khai khoa\u0301ng tr\u00ean ca\u0309 n\u01b0\u01a1\u0301c, bao g\u1ed3m vi\u00ea\u0323c \u0111\u1ec1 xu\u1ea5t v\u00e0 ban h\u00e0nh c\u00e1c quy \u0111\u1ecbnh tri\u00ea\u0309n khai Lu\u1eadt Kho\u00e1ng s\u1ea3n (ban h\u00e0nh n\u0103m 2010) v\u00e0 c\u1ea5p gi\u1ea5y ph\u00e9p li\u00ean quan \u0111\u1ebfn khai khoa\u0301ng cho c\u00e1c d\u1ef1 \u00e1n khai khoa\u0301ng l\u1edbn. C\u00e1c c\u01a1 quan kh\u00e1c li\u00ean quan \u0111\u1ebfn l\u0129nh v\u1ef1c khai kho\u00e1ng \u1edf Vi\u1ec7t Nam bao g\u1ed3m B\u1ed9 C\u00f4ng Th\u01b0\u01a1ng, B\u1ed9 X\u00e2y d\u1ef1ng v\u00e0 \u1ee6y ban nh\u00e2n d\u00e2n c\u1ea5p t\u1ec9nh (n\u01a1i c\u1ea5p gi\u1ea5y ph\u00e9p khai khoa\u0301ng v\u1eadt li\u1ec7u x\u00e2y d\u1ef1ng v\u00e0 c\u00e1c ho\u1ea1t \u0111\u1ed9ng quy m\u00f4 nh\u1ecf). Ngo\u00e0i ra, c\u00e1c d\u1ef1 \u00e1n trong ng\u00e0nh khai kho\u00e1ng c\u00f2n ph\u1ea3i tu\u00e2n theo lu\u1eadt \u0111\u1ea7u t\u01b0, b\u1ed9 lu\u1eadt lao \u0111\u1ed9ng, lu\u1eadt doanh nghi\u1ec7p, lu\u1eadt b\u1ea3o v\u1ec7 m\u00f4i tr\u01b0\u1eddng, lu\u1eadt \u0111\u1ea5t \u0111ai, b\u1ed9 lu\u1eadt thu\u1ebf thu nh\u1eadp doanh nghi\u1ec7p v\u00e0 b\u1ed9 lu\u1eadt thu\u1ebf t\u00e0i nguy\u00ean thi\u00ean nhi\u00ean.<\/p>\n<hr \/>\n<h3>Gi\u1edbi thi\u1ec7u<\/h3>\n<p>C\u00e1c doanh nghi\u1ec7p tham gia v\u00e0o ng\u00e0nh khai kho\u00e1ng c\u1ee7a Vi\u1ec7t Nam \u0111ang ph\u1ea3i \u0111\u1ed1i m\u1eb7t v\u1edbi r\u00e2\u0301t nhi\u1ec1u v\u1ea5n \u0111\u1ec1 ph\u00e1p l\u00fd v\u00e0 kinh doanh ph\u1ee9c t\u1ea1p, t\u1eeb nh\u1eefng quan ng\u1ea1i v\u1ec1 lao \u0111\u1ed9ng v\u00e0 hoa\u0323t \u0111\u00f4\u0323ng cho \u0111\u1ebfn ca\u0301c v\u1ea5n \u0111\u1ec1 ph\u1ee9c t\u1ea1p v\u1ec1 quy \u0111\u1ecbnh. Do \u0111\u00f3, ho\u0323 c\u1ea7n c\u00f3 m\u1ed9t c\u1ed1 v\u1ea5n ph\u00e1p l\u00fd tin c\u1eady b\u00ean c\u1ea1nh \u0111\u1ec3 \u0111\u01b0a ra h\u01b0\u1edbng gia\u0309i quy\u00ea\u0301t ma\u0300 v\u00e2\u0303n tu\u00e2n th\u1ee7 ca\u0301c lu\u1eadt, quy \u0111\u1ecbnh hi\u1ec7n h\u00e0nh v\u00e0 c\u00e1c b\u1ed9 li\u00ean quan trong ng\u00e0nh. V\u1edbi b\u00ea\u0300 da\u0300y kinh nghi\u1ec7m h\u01a1n m\u1ed9t th\u1eadp k\u1ef7, c\u00e1c lu\u1eadt s\u01b0 c\u1ee7a Corporate Counsels cung c\u1ea5p t\u01b0 v\u00e2\u0301n v\u00e0 d\u1ecbch v\u1ee5 to\u00e0n di\u1ec7n t\u1eeb hoa\u0323t \u0111\u00f4\u0323ng c\u00e2\u0301p v\u00f4\u0301n v\u00e0 ph\u00e1t tri\u1ec3n c\u00e1c d\u1ef1 \u00e1n, th\u0103m d\u00f2, khai th\u00e1c, ch\u1ebf bi\u1ebfn, v\u1eadn chuy\u1ec3n cho \u0111\u00ea\u0301n hoa\u0323t \u0111\u00f4\u0323ng b\u00e1n kim lo\u1ea1i m\u00e0u v\u00e0 kim loa\u0323i qu\u00fd, than v\u00e0 c\u00e1c kho\u00e1ng s\u1ea3n kh\u00e1c.<\/p>\n<p>Corporate Counsels \u0111\u00e3 \u0111\u01b0\u1ee3c ca\u0301c nh\u00e0 khai khoa\u0301ng, nh\u00e0 \u0111\u1ea7u t\u01b0, nh\u00e0 cung c\u1ea5p t\u00e0i ch\u00ednh v\u00e0 c\u00f4ng ty b\u1ea3o hi\u1ec3m thu\u00ea trong ca\u0301c ho\u1ea1t \u0111\u1ed9ng khai th\u00e1c, b\u00e1n, kinh doanh v\u00e0 c\u00e2\u0301p v\u00f4\u0301n trong l\u0129nh v\u1ef1c khai khoa\u0301ng v\u00e0 kho\u00e1ng s\u1ea3n. Nh\u1edd h\u1ee3p t\u00e1c ch\u1eb7t ch\u1ebd v\u1edbi kh\u00e1ch h\u00e0ng, ch\u00fang t\u00f4i c\u00f3 \u0111\u01b0\u1ee3c t\u00e2\u0300m hi\u1ec3u bi\u1ebft s\u00e2u r\u00f4\u0323ng v\u1ec1 c\u00e1c m\u1ee5c ti\u00eau v\u00e0 ho\u1ea1t \u0111\u1ed9ng kinh doanh \u0111\u1ec3 ph\u00e1t tri\u1ec3n c\u00e1c chi\u1ebfn l\u01b0\u1ee3c ph\u00e1p l\u00fd va\u0300 tu\u00e2n th\u1ee7 m\u00f4\u0323t ca\u0301ch hi\u1ec7u qu\u1ea3 v\u00e0 ti\u1ebft ki\u1ec7m chi ph\u00ed. H\u01a1n n\u1eefa, khi b\u1ed1i c\u1ea3nh ph\u00e1p l\u00fd c\u1ee7a Vi\u1ec7t Nam \u0111ang kh\u00f4ng ng\u01b0\u0300ng thay \u0111\u1ed5i, \u0111\u00f4\u0323i ngu\u0303 lu\u1eadt s\u01b0 c\u1ee7a Corporate Counsels lu\u00f4n theo sa\u0301t ti\u0300nh hi\u0300nh ph\u00e1t tri\u1ec3n c\u1ee7a ng\u00e0nh v\u00e0 ca\u0301c thay \u0111\u1ed5i v\u1ec1 qua\u0309n ly\u0301 \u0111\u00ea\u0309 c\u1eadp nh\u1eadt li\u00ean t\u1ee5c cho kh\u00e1ch h\u00e0ng. V\u1edbi ki\u1ebfn th\u1ee9c s\u00e2u r\u1ed9ng v\u00e0 n\u0103ng l\u1ef1c v\u00ea\u0300 m\u0103\u0323t k\u1ef9 thu\u1eadt n\u00e0y, ch\u00fang t\u00f4i gi\u00fap kh\u00e1ch h\u00e0ng khai th\u00e1c c\u00e1c c\u01a1 h\u1ed9i c\u0169ng nh\u01b0 gi\u1ea3m thi\u1ec3u r\u1ee7i ro.<\/p>\n<hr \/>\n<h3>D\u1ecbch v\u1ee5<\/h3>\n<p>Corporate Counsels cung c\u1ea5p nhi\u00ea\u0300u d\u1ecbch v\u1ee5 t\u01b0 v\u1ea5n h\u00e0ng \u0111\u1ea7u li\u00ean quan \u0111\u1ebfn kh\u00e1ch h\u00e0ng trong ng\u00e0nh Khai kho\u00e1ng, bao g\u1ed3m:<\/p>\n<ul>\n<li>Ph\u00e2n t\u00edch t\u00ednh t\u01b0\u01a1ng th\u00edch c\u1ee7a Quy ho\u1ea1ch t\u1ed5ng th\u1ec3 (Vi\u1ec7t Nam);<\/li>\n<li>X\u00e2y d\u1ef1ng v\u00e0 mua s\u0103\u0301m;<\/li>\n<li>Vi\u1ec7c l\u00e0m v\u00e0 lao \u0111\u1ed9ng;<\/li>\n<li>Th\u00e0nh l\u00e2\u0323p v\u00e0 c\u1ea5u tr\u00fac t\u00f4\u0309 ch\u01b0\u0301c;<\/li>\n<li>\u0110\u00e1nh gi\u00e1 t\u00e1c \u0111\u1ed9ng v\u00e0 tu\u00e2n th\u1ee7 v\u00ea\u0300 m\u00f4i tr\u01b0\u1eddng;<\/li>\n<li>Th\u0103m d\u00f2, khai th\u00e1c v\u00e0 c\u1ea5p ph\u00e9p kh\u00e1c;<\/li>\n<li>C\u00e2\u0301p v\u00f4\u0301n v\u00e0 \u0111\u1ea7u t\u01b0;<\/li>\n<li>B\u1ea3o hi\u1ec3m;<\/li>\n<li>S\u1edf h\u1eefu tr\u00ed tu\u1ec7;<\/li>\n<li>S\u00e1p nh\u1eadp &amp; Mua l\u1ea1i;<\/li>\n<li>L\u00e2\u0323p b\u00e1o c\u00e1o v\u00e0 ph\u00e2n lo\u1ea1i kho\u00e1ng s\u1ea3n;<\/li>\n<li>\u0110\u00e0m ph\u00e1n v\u01a1\u0301i c\u00e1c li\u00ean doanh va\u0300 hi\u1ec7p h\u1ed9i th\u0103m d\u00f2 v\u00e0 khai khoa\u0301ng;<\/li>\n<li>Tu\u00e2n th\u1ee7 quy \u0111\u1ecbnh;<\/li>\n<li>Thu\u00ea\u0301 ta\u0300i nguy\u00ean v\u00e0 th\u1ecfa thu\u1eadn li\u00ean quan;<\/li>\n<li>Ba\u0309o qua\u0309n, v\u1eadn chuy\u1ec3n, b\u00e1n v\u00e0 xu\u1ea5t kh\u1ea9u kho\u00e1ng s\u1ea3n \u0111\u00e3 khai th\u00e1c;<\/li>\n<li>Thu\u1ebf;<\/li>\n<li>Chuy\u1ec3n giao, ch\u1ee9ng kho\u00e1n h\u00f3a ho\u1eb7c chuy\u1ec3n nh\u01b0\u1ee3ng quy\u1ec1n v\u00e0 gi\u1ea5y ph\u00e9p;<\/li>\n<li>Gi\u1ea5y ph\u00e9p khai tha\u0301c s\u01b0\u0309 du\u0323ng n\u01b0\u1edbc;<\/li>\n<\/ul>\n","protected":false},"excerpt":{"rendered":"<p>Lorem ipsum dolor sit amet, consectetur adipiscing elit, sed do eiusmod tempor ut labore et dolore magna aliqua.<\/p>\n","protected":false},"author":41,"featured_media":83652,"parent":83385,"menu_order":4,"comment_status":"closed","ping_status":"closed","template":"page-practices.php","meta":[],"_links":{"self":[{"href":"https:\/\/corporatecounsels.vn\/vi\/wp-json\/wp\/v2\/pages\/83406"}],"collection":[{"href":"https:\/\/corporatecounsels.vn\/vi\/wp-json\/wp\/v2\/pages"}],"about":[{"href":"https:\/\/corporatecounsels.vn\/vi\/wp-json\/wp\/v2\/types\/page"}],"author":[{"embeddable":true,"href":"https:\/\/corporatecounsels.vn\/vi\/wp-json\/wp\/v2\/users\/41"}],"replies":[{"embeddable":true,"href":"https:\/\/corporatecounsels.vn\/vi\/wp-json\/wp\/v2\/comments?post=83406"}],"version-history":[{"count":4,"href":"https:\/\/corporatecounsels.vn\/vi\/wp-json\/wp\/v2\/pages\/83406\/revisions"}],"predecessor-version":[{"id":85283,"href":"https:\/\/corporatecounsels.vn\/vi\/wp-json\/wp\/v2\/pages\/83406\/revisions\/85283"}],"up":[{"embeddable":true,"href":"https:\/\/corporatecounsels.vn\/vi\/wp-json\/wp\/v2\/pages\/83385"}],"wp:featuredmedia":[{"embeddable":true,"href":"https:\/\/corporatecounsels.vn\/vi\/wp-json\/wp\/v2\/media\/83652"}],"wp:attachment":[{"href":"https:\/\/corporatecounsels.vn\/vi\/wp-json\/wp\/v2\/media?parent=83406"}],"curies":[{"name":"wp","href":"https:\/\/api.w.org\/{rel}","templated":true}]}}