{"id":83404,"date":"2021-11-11T13:34:06","date_gmt":"2021-11-11T06:34:06","guid":{"rendered":"https:\/\/corporatecounsels.vn\/?page_id=83404"},"modified":"2023-01-16T12:41:11","modified_gmt":"2023-01-16T05:41:11","slug":"quy-dau-tu-tu-nhan-quan-ly-quy-dau-tu","status":"publish","type":"page","link":"https:\/\/corporatecounsels.vn\/vi\/industries\/quy-dau-tu-tu-nhan-quan-ly-quy-dau-tu\/","title":{"rendered":"Qu\u1ef9 \u0111\u1ea7u t\u01b0 t\u01b0 nh\u00e2n, Qu\u1ea3n l\u00fd Qu\u1ef9 &#038; \u0111\u1ea7u t\u01b0"},"content":{"rendered":"<h3>L\u1eddi m\u1edf \u0111\u1ea7u<\/h3>\n<p>Vi\u1ec7t Nam l\u00e0 m\u1ed9t trong nh\u1eefng n\u1ec1n kinh t\u1ebf \u0111ang ph\u00e1t tri\u1ec3n nhanh nh\u1ea5t \u1edf khu v\u01b0\u0323c \u0110\u00f4ng Nam \u00c1 trong th\u1eadp k\u1ef7 qua. V\u1edbi h\u1ec7 th\u1ed1ng ch\u00ednh tr\u1ecb v\u00e0 lu\u1eadt ph\u00e1p \u1ed5n \u0111\u1ecbnh, chi ph\u00ed nh\u00e2n c\u00f4ng va\u0300 v\u1eadn h\u00e0nh th\u1ea5p, c\u01a1 s\u1edf h\u1ea1 t\u1ea7ng \u0111\u01b0\u1ee3c n\u00e2ng c\u00e2\u0301p, l\u1ef1c l\u01b0\u1ee3ng lao \u0111\u1ed9ng tr\u1ebb th\u00f4ng th\u1ea1o k\u1ef9 thu\u1eadt s\u1ed1, t\u1ea7ng l\u1edbp trung l\u01b0u ng\u00e0y c\u00e0ng t\u0103ng v\u00e0 chi\u0301nh sa\u0301ch t\u1ea1o thu\u1eadn l\u1ee3i cho th\u01b0\u01a1ng m\u1ea1i c\u1ee7a Ch\u00ednh ph\u1ee7, Vi\u00ea\u0323t Nam l\u00e0 m\u1ed9t th\u1ecb tr\u01b0\u1eddng n\u0103ng \u0111\u1ed9ng v\u00e0 l\u00e0 \u0111i\u1ec3m \u0111\u1ebfn h\u1ea5p d\u1eabn cho c\u00e1c nh\u00e0 \u0111\u1ea7u t\u01b0 tham gia v\u00e0o n\u1ec1n kinh t\u1ebf. N\u1ed5i l\u00ean nh\u01b0 m\u1ed9t c\u01b0\u1eddng qu\u1ed1c c\u00f4ng nghi\u1ec7p trong khu v\u1ef1c, t\u0103ng tr\u01b0\u1edfng GDP \u0111a\u0303 \u0111\u1ea1t m\u01b0\u0301c trung b\u00ecnh kho\u1ea3ng 6-7%\/n\u0103m tr\u01b0\u1edbc \u0111\u1ea1i d\u1ecbch Covid-19. H\u01a1n n\u1eefa, v\u1ed1n \u0111\u1ea7u t\u01b0 m\u1ea1o hi\u1ec3m v\u00e0 v\u00f4\u0301n \u0111\u1ea7u t\u01b0 t\u01b0 nh\u00e2n (PE) t\u1ea1i Vi\u1ec7t Nam \u0111\u00e3 \u0111\u1ea1t m\u1ee9c k\u1ef7 l\u1ee5c m\u1edbi tr\u01b0\u1edbc \u0111\u1ea1i d\u1ecbch v\u1edbi 38 giao di\u0323ch Qu\u1ef9 \u0111\u1ea7u t\u01b0 t\u01b0 nh\u00e2n v\u00e0o n\u0103m 2018.<\/p>\n<p>Tuy nhi\u00ean, b\u1ea5t ch\u1ea5p nh\u1eefng th\u00e0nh c\u00f4ng ban \u0111\u1ea7u trong vi\u1ec7c ch\u1ed1ng l\u1ea1i di\u0323ch b\u1ec7nh n\u00e0y, Vi\u1ec7t Nam \u0111\u00e3 b\u1ecb khu\u00e2\u0301t phu\u0323c b\u1edfi bi\u1ebfn th\u1ec3 Delta v\u00e0o n\u0103m 2021 v\u00e0 tr\u1ea3i qua m\u1ed9t \u0111\u1ee3t \u0111o\u0301ng c\u01b0\u0309a nghi\u00eam ng\u1eb7t v\u00e0o gi\u1eefa n\u0103m. Ti\u0300nh tra\u0323ng phong to\u0309a x\u00e3 h\u1ed9i va\u0300 kinh t\u1ebf n\u00e0y k\u00e9o d\u00e0i g\u1ea7n 5 th\u00e1ng, bu\u1ed9c c\u00e1c doanh nghi\u1ec7p ph\u1ea3i ng\u1eebng s\u1ea3n xu\u1ea5t v\u00e0 l\u00e0m \u0111\u01b0\u0301t \u0111o\u1ea1n chu\u1ed7i cung \u1ee9ng to\u00e0n c\u1ea7u, \u0111\u1eb7c bi\u1ec7t l\u00e0 \u1edf mi\u1ec1n Nam. Nh\u01b0 v\u1eady, th\u1eddi k\u1ef3 h\u1eadu Covid-19 \u0111\u00e3 ch\u1ee9ng ki\u1ebfn nh\u1eefng \u0111i\u1ec1u ki\u1ec7n \u0111\u1ea7u t\u01b0 kh\u00f3 kh\u0103n, nh\u00e2\u0301t l\u00e0 \u0111\u1ed1i v\u1edbi ca\u0301c b\u00ean tham gia v\u00e0o ca\u0301c l\u0129nh v\u1ef1c nhi\u1ec1u r\u1ee7i ro (b\u1ea5t \u0111\u1ed9ng s\u1ea3n, kh\u00e1ch s\u1ea1n \u2013 nha\u0300 ha\u0300ng, b\u00e1n l\u1ebb v\u00e0 chu\u1ed7i cung \u1ee9ng li\u00ean quan). V\u1edbi nh\u01b0\u0303ng \u0111i\u1ec1u ki\u1ec7n t\u01b0\u01a1ng t\u1ef1 tr\u00ean to\u00e0n th\u1ebf gi\u1edbi, c\u00e1c c\u00f4ng ty PE th\u01b0\u1eddng bu\u1ed9c ph\u1ea3i t\u00ecm ki\u1ebfm th\u00eam v\u1ed1n ho\u1eb7c x\u00f3a b\u1ecf c\u00e1c kho\u1ea3n \u0111\u1ea7u t\u01b0 t\u1ea1i Vi\u1ec7t Nam.<\/p>\n<p>Tuy nhi\u00ean, c\u00e1c xu h\u01b0\u1edbng th\u1ecb tr\u01b0\u1eddng c\u01a1 b\u1ea3n c\u1ee7a Vi\u1ec7t Nam v\u1eabn r\u00e2\u0301t n\u0103ng \u0111\u00f4\u0323ng v\u00e0 n\u1ec1n kinh t\u1ebf \u0111\u00e2\u0301t n\u01b0\u01a1\u0301c trong n\u0103m 2022 co\u0301 kha\u0309 n\u0103ng v\u01b0\u1ee3t qua ti\u0300nh tra\u0323ng \u0111\u01b0\u0301t \u0111o\u1ea1n hi\u00ea\u0323n ta\u0323i. Tr\u00ean th\u1ef1c t\u1ebf, kh\u00f4ng ng\u1ea1c nhi\u00ean khi m\u1ed9t s\u1ed1 nh\u00e0 \u0111\u1ea7u t\u01b0 PE \u0111\u00e3 s\u1eed d\u1ee5ng c\u00e1c \u0111i\u1ec1u ki\u1ec7n kinh doanh kh\u00f3 kh\u0103n \u0111\u1ec3 \u0111\u1ea7u t\u01b0 v\u1edbi l\u00e3i su\u1ea5t \u00edt t\u1ed1n k\u00e9m h\u01a1n v\u1edbi k\u1ef3 v\u1ecdng ph\u1ee5c h\u1ed3i kinh t\u1ebf nhanh ch\u00f3ng sau di\u0323ch Covid-19. C\u00e1c l\u0129nh v\u1ef1c b\u1ea5t \u0111\u1ed9ng s\u1ea3n, logistics, ch\u0103m so\u0301c s\u01b0\u0301c kho\u0309e, gi\u00e1o d\u1ee5c, s\u1ea3n xu\u1ea5t, chu\u1ed7i cung \u1ee9ng v\u00e0 c\u01a1 s\u1edf h\u1ea1 t\u1ea7ng ti\u1ebfp t\u1ee5c thu h\u00fat s\u1ef1 quan t\u00e2m r\u00e2\u0301t l\u01a1\u0301n c\u1ee7a khu v\u1ef1c v\u00e0 qu\u1ed1c t\u1ebf. H\u01a1n n\u1eefa, ho\u1ea1t \u0111\u1ed9ng v\u1ed1n \u0111\u1ea7u t\u01b0 m\u1ea1o hi\u1ec3m, nh\u00e2\u0301t l\u00e0 trong n\u1ec1n kinh t\u1ebf k\u1ef9 thu\u1eadt s\u1ed1, \u0111\u00e3 th\u1ef1c s\u1ef1 t\u0103ng l\u00ean khi nhu c\u1ea7u v\u1ed1n \u0111\u1ec3 h\u1ed7 tr\u1ee3 th\u01b0\u01a1ng m\u1ea1i \u0111i\u1ec7n t\u1eed v\u00e0 c\u00e1c c\u00f4ng ty kh\u1edfi nghi\u1ec7p FinTech \u0111\u00e3 t\u0103ng v\u1ecdt. Tr\u00ean th\u1ef1c t\u1ebf, v\u00e0o th\u00e1ng 1\/2022, S\u1edf Khoa h\u1ecdc v\u00e0 C\u00f4ng ngh\u1ec7 Th\u00e0nh ph\u1ed1 H\u1ed3 Ch\u00ed Minh th\u00f4ng b\u00e1o r\u1eb1ng c\u00e1c c\u00f4ng ty kh\u1edfi nghi\u1ec7p tr\u00ean \u0111\u1ecba b\u00e0n th\u00e0nh ph\u1ed1 \u0111\u00e3 thu h\u00fat \u0111\u01b0\u1ee3c c\u00e1c qu\u1ef9 v\u00f4\u0301n \u0111\u1ea7u t\u01b0 m\u1ea1o hi\u1ec3m tr\u1ecb gi\u00e1 1,1 t\u1ef7 USD trong n\u0103m 2021, ch\u1ee7 y\u1ebfu trong l\u0129nh v\u1ef1c c\u00f4ng ngh\u1ec7 th\u00f4ng tin (th\u00e0nh ph\u1ed1 \u0111\u1ea7u t\u01b0 700 tri\u1ec7u USD cho nghi\u00ean c\u1ee9u khoa h\u1ecdc v\u00e0 c\u00f4ng ngh\u1ec7).<\/p>\n<hr \/>\n<h3>Gi\u1edbi thi\u1ec7u<\/h3>\n<p>G\u1ea7n \u0111\u00e2y \u0111\u00e3 c\u00f3 nh\u1eefng thay \u0111\u1ed5i \u0111\u1ed1i v\u1edbi b\u1ed1i c\u1ea3nh \u0111\u1ea7u t\u01b0 h\u1ee3p ph\u00e1p c\u1ee7a Vi\u1ec7t Nam, \u0111\u1eb7c bi\u1ec7t l\u00e0 vi\u1ec7c tri\u00ea\u0309n khai (Ngh\u1ecb \u0111\u1ecbnh 31) c\u1ee7a Lu\u1eadt \u0110\u1ea7u t\u01b0 s\u1eeda \u0111\u1ed5i, c\u00f3 hi\u1ec7u l\u1ef1c t\u1eeb ng\u00e0y 1\/1\/2021. Ngh\u1ecb \u0111\u1ecbnh 31 chi\u0309 ra r\u00f5 58 l\u0129nh v\u1ef1c m\u00e0 nh\u00e0 \u0111\u1ea7u t\u01b0 n\u01b0\u1edbc ngo\u00e0i ph\u1ea3i \u0111\u00e1p \u1ee9ng c\u00e1c \u0111i\u1ec1u ki\u1ec7n nghi\u00eam ng\u1eb7t \u0111\u1ec3 tham gia th\u1ecb tr\u01b0\u1eddng v\u00e0 25 l\u0129nh v\u1ef1c kh\u00f4ng \u0111\u01b0\u01a1\u0323c phe\u0301p \u0111\u1ea7u t\u01b0 n\u01b0\u1edbc ngo\u00e0i. Tuy nhi\u00ean, ngo\u00e0i c\u00e1c l\u0129nh v\u1ef1c \u0111\u00e3 x\u00e1c \u0111\u1ecbnh n\u00e0y, nh\u00e0 \u0111\u1ea7u t\u01b0 n\u01b0\u1edbc ngo\u00e0i s\u1ebd co\u0301 t\u01b0 ca\u0301ch gi\u00f4\u0301ng nh\u01b0 nh\u00e0 \u0111\u1ea7u t\u01b0 Vi\u1ec7t Nam khi \u0111\u1ea7u t\u01b0 v\u00e0o c\u00e1c li\u0303nh v\u01b0\u0323c va\u0300 ng\u00e0nh ngh\u1ec1 kinh doanh kh\u00e1c. Do \u0111\u00f3, lu\u1eadt m\u1edbi \u0111\u01b0\u1ee3c coi l\u00e0 m\u1ed9t b\u01b0\u1edbc \u0111\u1ed9t ph\u00e1 quan tro\u0323ng v\u00e0 \u0111\u01b0\u1ee3c k\u1ef3 v\u1ecdng s\u1ebd thu h\u00fat \u0111\u1ea7u t\u01b0 n\u01b0\u1edbc ngo\u00e0i, t\u0103ng ti\u0301nh c\u1ea1nh tranh v\u00e0 la\u0300m cho qu\u00e1 tr\u00ecnh n\u00e0y tr\u01a1\u0309 n\u00ean minh b\u1ea1ch h\u01a1n.<\/p>\n<p>Corporate Counsels lu\u00f4n \u0111i \u0111\u00e2\u0300u trong li\u0303nh v\u01b0\u0323c qu\u1ef9 \u0111\u1ea7u t\u01b0 t\u01b0 nh\u00e2n, qu\u1ef9 &amp; \u0111\u00e2\u0300u t\u01b0 t\u1ea1i Vi\u1ec7t Nam. Chu\u0301ng t\u00f4i cung c\u1ea5p cho kha\u0301ch ha\u0300ng h\u01b0\u1edbng d\u1eabn quan tr\u1ecdng v\u1ec1 \u0111\u00e2\u0300u t\u01b0 v\u00e0 tho\u00e1i v\u1ed1n trong v\u00f4\u0301n go\u0301p t\u01b0 nh\u00e2n va\u0300 v\u1ed1n \u0111\u1ea7u t\u01b0 m\u1ea1o hi\u1ec3m, t\u1ea5t c\u1ea3 c\u00e1c h\u00ecnh th\u1ee9c mua l\u1ea1i v\u00e0 t\u01b0 v\u1ea5n chi\u1ebfn l\u01b0\u1ee3c li\u00ean quan \u0111\u1ebfn M&amp;A xuy\u00ean bi\u00ean gi\u1edbi, c\u00e2\u0301p v\u00f4\u0301n, li\u00ean doanh v\u00e0 t\u00e1i c\u1ea5u tr\u00fac mua l\u1ea1i. Ngo\u00e0i ra, v\u01a1\u0301i t\u01b0 ca\u0301ch la\u0300 c\u00f4ng ty \u0111a ng\u00e0nh v\u1edbi ki\u1ebfn th\u1ee9c s\u00e2u r\u1ed9ng v\u1ec1 nhi\u1ec1u l\u0129nh v\u1ef1c ha\u0300nh ngh\u00ea\u0300, ch\u00fang t\u00f4i c\u00f3 th\u1ec3 cung c\u1ea5p c\u00e1c gi\u1ea3i ph\u00e1p ph\u00e1p l\u00fd \u0111\u1ec3 giu\u0301p ca\u0301 nh\u00e2n v\u00e0 doanh nghi\u1ec7p v\u01b0\u01a1\u0323t qua ca\u0301c th\u00e1ch th\u1ee9c g\u0103\u0323p ph\u1ea3i. Kh\u00e1ch h\u00e0ng c\u1ee7a ch\u00fang t\u00f4i bao g\u1ed3m c\u1ea3 c\u00e1c t\u1ed5 ch\u1ee9c co\u0301 v\u00f4\u0301n go\u0301p t\u01b0 nh\u00e2n, ng\u00e2n h\u00e0ng, c\u00f4ng ty b\u1ea3o hi\u1ec3m v\u00e0 nh\u00e0 qu\u1ea3n l\u00fd qu\u1ef9 \u0111\u1ea7u t\u01b0 trong n\u01b0\u1edbc va\u0300 ngoa\u0300i n\u01b0\u01a1\u0301c, v\u00f4\u0301n tin t\u01b0\u01a1\u0309ng v\u00e0o \u0111\u00f4\u0323i ngu\u0303 lu\u1eadt s\u01b0 c\u00f3 kinh nghi\u1ec7m c\u1ee7a Corporate Counsels \u0111\u1ec3 h\u1ed7 tr\u1ee3 h\u1ecd \u0111\u1ea1t \u0111\u01b0\u1ee3c c\u00e1c m\u1ee5c ti\u00eau kinh doanh c\u1ee7a m\u00ecnh.<\/p>\n<hr \/>\n<h3>D\u1ecbch v\u1ee5<\/h3>\n<p>Corporate Counsels cung c\u1ea5p cho kh\u00e1ch h\u00e0ng trong nga\u0300nh v\u1ed1n go\u0301p t\u01b0 nh\u00e2n, qu\u1ef9 &amp; qu\u1ea3n l\u00fd \u0111\u1ea7u t\u01b0 m\u1ed9t lo\u1ea1t c\u00e1c d\u1ecbch v\u1ee5 h\u00e0ng \u0111\u1ea7u, ti\u00eau bi\u00ea\u0309u bao g\u00f4\u0300m:<\/p>\n<ul>\n<li>T\u01b0 v\u1ea5n to\u00e0n di\u1ec7n li\u00ean quan \u0111\u1ebfn c\u00e2\u0301p v\u00f4\u0301n v\u00e0 t\u00e1i c\u1ea5u tr\u00fac mua l\u1ea1i;<\/li>\n<li>Th\u00e0nh l\u00e2\u0323p v\u00e0 c\u1ea5u tr\u00fac doanh nghi\u00ea\u0323p;<\/li>\n<li>B\u1ea3o v\u1ec7 v\u00e0 quy\u1ec1n ri\u00eang t\u01b0 v\u00ea\u0300 d\u1eef li\u1ec7u;<\/li>\n<li>Vi\u1ec7c l\u00e0m v\u00e0 Lao \u0111\u1ed9ng;<\/li>\n<li>Ta\u0323o l\u00e2\u0323p qu\u1ef9;<\/li>\n<li>S\u00e1p nh\u1eadp &amp; Mua l\u1ea1i (M&amp;A)<\/li>\n<li>Tu\u00e2n th\u1ee7 quy \u0111i\u0323nh, bao g\u1ed3m nh\u01b0ng kh\u00f4ng gi\u1edbi h\u1ea1n trong ti\u1ebfp c\u1eadn th\u1ecb tr\u01b0\u1eddng, ch\u1ed1ng c\u1ea1nh tranh, qu\u1ea3n tr\u1ecb doanh nghi\u00ea\u0323p, thu\u1ebf, ngu\u1ed3n nh\u00e2n l\u1ef1c v\u00e0 k\u1ebf to\u00e1n;<\/li>\n<li>Bi\u00ean soa\u0323n ca\u0301c giao d\u1ecbch v\u00e0 tho\u0309a thu\u00e2\u0323n c\u1ed5 \u0111\u00f4ng;<\/li>\n<li>Thu\u00ea\u0301;<\/li>\n<\/ul>\n","protected":false},"excerpt":{"rendered":"<p>Lorem ipsum dolor sit amet, consectetur adipiscing elit, sed do eiusmod tempor ut labore et dolore magna aliqua.<\/p>\n","protected":false},"author":41,"featured_media":83662,"parent":83385,"menu_order":10,"comment_status":"closed","ping_status":"closed","template":"page-practices.php","meta":[],"_links":{"self":[{"href":"https:\/\/corporatecounsels.vn\/vi\/wp-json\/wp\/v2\/pages\/83404"}],"collection":[{"href":"https:\/\/corporatecounsels.vn\/vi\/wp-json\/wp\/v2\/pages"}],"about":[{"href":"https:\/\/corporatecounsels.vn\/vi\/wp-json\/wp\/v2\/types\/page"}],"author":[{"embeddable":true,"href":"https:\/\/corporatecounsels.vn\/vi\/wp-json\/wp\/v2\/users\/41"}],"replies":[{"embeddable":true,"href":"https:\/\/corporatecounsels.vn\/vi\/wp-json\/wp\/v2\/comments?post=83404"}],"version-history":[{"count":5,"href":"https:\/\/corporatecounsels.vn\/vi\/wp-json\/wp\/v2\/pages\/83404\/revisions"}],"predecessor-version":[{"id":85288,"href":"https:\/\/corporatecounsels.vn\/vi\/wp-json\/wp\/v2\/pages\/83404\/revisions\/85288"}],"up":[{"embeddable":true,"href":"https:\/\/corporatecounsels.vn\/vi\/wp-json\/wp\/v2\/pages\/83385"}],"wp:featuredmedia":[{"embeddable":true,"href":"https:\/\/corporatecounsels.vn\/vi\/wp-json\/wp\/v2\/media\/83662"}],"wp:attachment":[{"href":"https:\/\/corporatecounsels.vn\/vi\/wp-json\/wp\/v2\/media?parent=83404"}],"curies":[{"name":"wp","href":"https:\/\/api.w.org\/{rel}","templated":true}]}}