{"id":83402,"date":"2021-11-11T13:35:03","date_gmt":"2021-11-11T06:35:03","guid":{"rendered":"https:\/\/corporatecounsels.vn\/?page_id=83402"},"modified":"2023-01-16T12:41:23","modified_gmt":"2023-01-16T05:41:23","slug":"duoc-pham-san-pham-y-khoa-cham-soc-suc-khoe","status":"publish","type":"page","link":"https:\/\/corporatecounsels.vn\/vi\/industries\/duoc-pham-san-pham-y-khoa-cham-soc-suc-khoe\/","title":{"rendered":"D\u01b0\u1ee3c ph\u1ea9m, S\u1ea3n ph\u1ea9m y khoa, Ch\u0103m s\u00f3c s\u1ee9c kh\u1ecfe"},"content":{"rendered":"<h3>L\u1eddi m\u1edf \u0111\u1ea7u<\/h3>\n<p>Trong nh\u1eefng n\u0103m g\u1ea7n \u0111\u00e2y, Vi\u1ec7t Nam \u0111\u00e3 tr\u1ea3i qua nhi\u00ea\u0300u thay \u0111\u1ed5i \u0111\u00e1ng k\u1ec3 v\u1ec1 kinh t\u1ebf v\u00e0 nh\u00e2n kh\u1ea9u h\u1ecdc, cho th\u1ea5y ti\u1ec1m n\u0103ng to l\u1edbn \u0111\u1ed1i v\u1edbi ng\u00e0nh ch\u0103m s\u00f3c s\u1ee9c kh\u1ecfe. V\u1edbi vi\u00ea\u0323c d\u00e2n s\u1ed1 t\u0103ng g\u1ea7n \u0111a\u0323t m\u00f4\u0301c 100 tri\u1ec7u ng\u01b0\u1eddi, thu nh\u1eadp c\u00e1 nh\u00e2n v\u00e0 tu\u1ed5i th\u1ecd d\u01b0\u0323 ki\u00ea\u0301n ng\u00e0y c\u00e0ng t\u0103ng, s\u00f4\u0301 ti\u00ea\u0300n chi ti\u00eau cho ch\u0103m s\u00f3c s\u1ee9c kh\u1ecfe tr\u00ean kh\u0103\u0301p ca\u0309 n\u01b0\u01a1\u0301c d\u1ef1 ki\u1ebfn s\u1ebd t\u0103ng theo c\u1ea5p s\u1ed1 nh\u00e2n trong nh\u1eefng n\u0103m t\u1edbi. Tr\u00ean th\u1ef1c t\u1ebf, chi ph\u00ed ch\u0103m s\u00f3c s\u1ee9c kh\u1ecfe c\u1ee7a c\u1ea3 n\u01b0\u1edbc \u0111\u00e3 kh\u00e1 l\u1edbn. Trong n\u0103m 2019, chi ti\u00eau cho ch\u0103m s\u00f3c s\u1ee9c kh\u1ecfe c\u1ee7a Vi\u1ec7t Nam \u0111\u1ea1t kho\u1ea3ng 17 t\u1ef7 USD (chi\u00ea\u0301m 6,6% GDP) v\u00e0 d\u1ef1 ba\u0301o \u0111\u1ea1t 23 t\u1ef7 USD trong n\u0103m nay (2022) v\u1edbi ty\u0309 l\u00ea\u0323 t\u0103ng tr\u01b0\u1edfng k\u00e9p h\u00e0ng n\u0103m (CAGR) l\u00e0 10,7%. B\u00ean c\u1ea1nh xu h\u01b0\u1edbng chung, ty\u0309 l\u00ea\u0323 t\u0103ng tr\u01b0\u1edfng n\u00e0y m\u1ed9t ph\u1ea7n l\u00e0 do ch\u00ednh ph\u1ee7 khuy\u1ebfn kh\u00edch quan h\u1ec7 \u0111\u1ed1i t\u00e1c chia s\u1ebb chi ph\u00ed gi\u1eefa c\u00e1c nh\u00e0 cung c\u1ea5p d\u1ecbch v\u1ee5 ch\u0103m so\u0301c s\u01b0\u0301c kho\u0309e nha\u0300 n\u01b0\u01a1\u0301c v\u00e0 t\u01b0 nh\u00e2n. Ty\u0309 l\u00ea\u0323 na\u0300y co\u0300n \u0111\u01b0\u1ee3c th\u00fac \u0111\u1ea9y khi co\u0301 nhi\u1ec1u c\u00f4ng d\u00e2n Vi\u1ec7t Nam tham gia b\u1ea3o hi\u1ec3m h\u01a1n (v\u1edbi chi ph\u00ed ch\u0103m s\u00f3c s\u1ee9c kh\u1ecfe t\u01b0 nh\u00e2n \u1edf Vi\u1ec7t Nam d\u1ef1 ki\u1ebfn s\u1ebd t\u0103ng v\u1edbi ty\u0309 l\u00ea\u0323 CAGR l\u00e0 7,5%). Khi \u0111\u1ea1i d\u1ecbch Covid-19 tr\u00ean to\u00e0n th\u1ebf gi\u1edbi v\u00e2\u0303n \u0111ang ti\u1ebfp t\u1ee5c, l\u1ed9 tr\u00ecnh t\u0103ng tr\u01b0\u01a1\u0309ng n\u00e0y, cu\u0300ng v\u01a1\u0301i vi\u00ea\u0323c ng\u01b0\u01a1\u0300i d\u00e2n quan t\u00e2m \u0111\u00ea\u0301n s\u01b0\u0301c kho\u0309e cu\u0309a ho\u0323, s\u0103\u0303n sa\u0300ng ti\u1ebfp t\u1ee5c trong t\u01b0\u01a1ng lai tr\u01b0\u1edbc m\u1eaft.<\/p>\n<p>\u0110\u1ed1i v\u1edbi c\u00e1c c\u00f4ng ty d\u01b0\u1ee3c ph\u1ea9m v\u00e0 thi\u1ebft b\u1ecb y khoa, nh\u00e0 s\u1ea3n xu\u1ea5t, nh\u00e0 cung c\u1ea5p d\u1ecbch v\u1ee5 ch\u0103m s\u00f3c s\u1ee9c kh\u1ecfe, c\u00f4ng ty b\u1ea3o hi\u1ec3m v\u00e0 ca\u0301c c\u00f4ng ty kh\u00e1c, ti\u0300nh hi\u0300nh t\u0103ng tr\u01b0\u01a1\u0309ng n\u00e0y ba\u0301o hi\u00ea\u0323u c\u01a1 h\u1ed9i thu\u0301 vi\u0323 cho \u0111\u1ea7u t\u01b0. B\u1ed9 Y t\u1ebf l\u00e0 c\u01a1 quan qu\u1ea3n l\u00fd ch\u00ednh t\u1ea1i Vi\u1ec7t Nam. Tr\u1ef1c thu\u1ed9c B\u1ed9 Y t\u1ebf, V\u1ee5 Trang thi\u1ebft b\u1ecb v\u00e0 C\u00f4ng tr\u00ecnh Y t\u1ebf c\u00f3 th\u1ea9m quy\u1ec1n \u0111\u1ed1i v\u1edbi vi\u1ec7c nh\u1eadp kh\u1ea9u thi\u1ebft b\u1ecb y khoa v\u00e0 B\u1ed9 Khoa h\u1ecdc v\u00e0 C\u00f4ng ngh\u1ec7 th\u1ef1c hi\u1ec7n ch\u1ee9c n\u0103ng qu\u1ea3n l\u00fd \u0111\u1ed1i v\u1edbi c\u00e1c thi\u1ebft b\u1ecb y khoa s\u1ea3n xu\u1ea5t trong n\u01b0\u1edbc. C\u1ee5c Qu\u1ea3n l\u00fd D\u01b0\u1ee3c v\u00e0 C\u1ee5c An toa\u0300n Th\u1ef1c ph\u1ea9m Vi\u1ec7t Nam qua\u0309n ly\u0301 v\u1ec1 d\u01b0\u1ee3c ph\u1ea9m v\u00e0 th\u01b0\u0323c ph\u00e2\u0309m b\u00f4\u0309 sung. Lu\u1eadt trong ng\u00e0nh ch\u0103m s\u00f3c s\u1ee9c kh\u1ecfe li\u00ean t\u1ee5c \u0111\u01b0\u1ee3c s\u1eeda \u0111\u1ed5i v\u00e0 ho\u00e0n thi\u1ec7n (v\u00ed d\u1ee5: Ngh\u1ecb \u0111\u1ecbnh s\u1ed1 98\/2021\/N\u0110-CP, c\u00f3 hi\u1ec7u l\u1ef1c v\u00e0o ng\u00e0y 1\/1\/2022 v\u00e0 ban ha\u0300nh nhi\u1ec1u s\u1eeda \u0111\u1ed5i v\u1ec1 ph\u00e2n lo\u1ea1i, th\u1eed nghi\u1ec7m v\u00e0 \u0111\u0103ng k\u00fd thi\u1ebft b\u1ecb y khoa). H\u01a1n n\u1eefa, c\u00e1c quy \u0111\u1ecbnh th\u01b0\u1eddng ch\u00f4\u0300ng che\u0301o v\u1edbi c\u00e1c lu\u1eadt v\u00e0 c\u01a1 quan kh\u00e1c, ch\u1eb3ng h\u1ea1n nh\u01b0 b\u1ea3o hi\u1ec3m v\u00e0 \u0111\u1ea7u t\u01b0. Do \u0111\u00f3, c\u1ea3 c\u00e1c t\u00f4\u0309 ch\u01b0\u0301c n\u01b0\u1edbc ngo\u00e0i l\u00e2\u0303n trong n\u01b0\u1edbc c\u1ea7n ph\u1ea3i d\u00e2\u0300n la\u0300m quen v\u01a1\u0301i nh\u1eefng \u0111i\u00ea\u0309m \u0111\u00f4\u0309i m\u01a1\u0301i v\u00ea\u0300 ph\u00e1p l\u00fd m\u1edbi nh\u1ea5t.<\/p>\n<p>\u0110\u1ec3 th\u00e2m nh\u1eadp ho\u1eb7c m\u1edf r\u1ed9ng hoa\u0323t \u0111\u00f4\u0323ng t\u1ea1i Vi\u1ec7t Nam, c\u00e1c doanh nghi\u1ec7p n\u01b0\u1edbc ngo\u00e0i c\u00f3 th\u1ec3 th\u1ef1c hi\u1ec7n gi\u00e1n ti\u1ebfp th\u00f4ng qua vi\u1ec7c ch\u1ec9 \u0111\u1ecbnh \u0111\u1ea1i l\u00fd ho\u1eb7c nh\u00e0 ph\u00e2n ph\u1ed1i. C\u00e1c t\u1ed5 ch\u1ee9c ch\u0103m s\u00f3c s\u1ee9c kh\u1ecfe m\u1edbi tham gia trong n\u01b0\u1edbc n\u00ean ti\u1ebfn h\u00e0nh \u0111i\u00ea\u0300u tra nghi\u00ean c\u01b0\u0301u ban \u0111\u00e2\u0300u v\u00ea\u0300 \u0111\u1ea1i l\u00fd\/nh\u00e0 ph\u00e2n ph\u1ed1i ti\u1ec1m n\u0103ng t\u1ea1i \u0111\u1ecba ph\u01b0\u01a1ng \u0111\u1ec3 \u0111\u1ea3m b\u1ea3o h\u1ecd c\u00f3 gi\u1ea5y ph\u00e9p, c\u01a1 s\u1edf v\u1eadt ch\u1ea5t, ngu\u1ed3n nh\u00e2n l\u1ef1c v\u00e0 t\u00e0i ch\u00ednh theo y\u00eau c\u00e2\u0300u. C\u00f4ng ty mu\u1ed1n t\u01b0\u0323 th\u00e0nh l\u1eadp tr\u1ef1c ti\u1ebfp t\u1ea1i Vi\u1ec7t Nam c\u00f3 th\u1ec3 t\u00f4\u0309 ch\u01b0\u0301c ho\u1ea1t \u0111\u1ed9ng th\u01b0\u01a1ng m\u1ea1i v\u00e0 nh\u00e2\u0323n gi\u1ea5y ph\u00e9p v\u0103n ph\u00f2ng \u0111\u1ea1i di\u1ec7n, gi\u1ea5y ph\u00e9p chi nh\u00e1nh ho\u1eb7c gi\u1ea5y ph\u00e9p d\u1ef1 \u00e1n \u0111\u1ea7u t\u01b0 n\u01b0\u1edbc ngo\u00e0i theo Lu\u1eadt \u0110\u1ea7u t\u01b0 n\u01b0\u1edbc ngo\u00e0i c\u1ee7a Vi\u1ec7t Nam.<\/p>\n<hr \/>\n<h3>Gi\u1edbi thi\u1ec7u<\/h3>\n<p>C\u00e1c ng\u00e0nh d\u01b0\u1ee3c ph\u1ea9m, s\u1ea3n ph\u1ea9m y khoa, ch\u0103m s\u00f3c s\u1ee9c kh\u1ecfe c\u00f3 \u1ea3nh h\u01b0\u1edfng s\u00e2u r\u1ed9ng v\u00e0 kh\u00f4ng th\u1ec3 thi\u1ebfu trong cu\u1ed9c s\u1ed1ng h\u00e0ng ng\u00e0y \u1edf Vi\u1ec7t Nam v\u00e0 h\u01a1n th\u1ebf n\u1eefa. T\u1ea7m quan tr\u1ecdng v\u00e0 tr\u1ecdng t\u00e2m n\u00e0y \u0111\u00e3 t\u0103ng l\u00ean theo c\u1ea5p s\u1ed1 nh\u00e2n c\u00f9ng v\u1edbi s\u1ef1 bu\u0300ng pha\u0301t v\u00e0 k\u00e9o d\u00e0i c\u1ee7a \u0111\u1ea1i d\u1ecbch Covid-19 \u0111ang di\u1ec5n ra tr\u00ean to\u00e0n th\u1ebf gi\u1edbi. Tuy nhi\u00ean, th\u00e1ch th\u1ee9c \u0111\u1ed1i v\u1edbi c\u00e1c t\u1ed5 ch\u1ee9c ch\u0103m s\u00f3c s\u1ee9c kh\u1ecfe v\u1eabn bao g\u1ed3m ti\u0300nh tra\u0323ng b\u00e3o h\u00f2a c\u1ee7a th\u1ecb tr\u01b0\u1eddng, tu\u00e2n th\u1ee7 c\u00e1c quy \u0111\u1ecbnh ph\u1ee9c t\u1ea1p, ca\u0301c \u0111i\u00ea\u0309m ca\u0309i ti\u00ea\u0301n trong lu\u1eadt \u0111\u1ed1i v\u1edbi s\u1ea3n ph\u1ea9m m\u1edbi, chi ph\u00ed R&amp;D t\u0103ng cao v\u00e0 c\u00e1c c\u01a1 s\u1edf y t\u00ea\u0301 l\u1ea1c h\u1eadu v\u00e0 thi\u1ebfu v\u00f4\u0301n. \u0110\u1ec3 th\u00e0nh c\u00f4ng trong th\u1ecb tr\u01b0\u1eddng ch\u0103m s\u00f3c s\u1ee9c kh\u1ecfe t\u1ea1i Vi\u1ec7t Nam, vi\u1ec7c ho\u1ea1ch \u0111i\u0323nh k\u1ef9 l\u01b0\u1ee1ng, kha\u0309 n\u0103ng linh ho\u1ea1t v\u00e0 kh\u1ea3 n\u0103ng ti\u1ebfp c\u1eadn v\u00e0 tri\u1ec3n khai chi\u1ebfn l\u01b0\u1ee3c c\u00e2\u0301p v\u00f4\u0301n va\u0300 t\u0103ng tr\u01b0\u1edfng ph\u00f9 h\u1ee3p \u0111\u1ec1u c\u00f3 \u00fd ngh\u0129a r\u1ea5t quan tr\u1ecdng. B\u1ea1n n\u00ean c\u00f3 m\u1ed9t \u0111\u1ed1i t\u00e1c ph\u00e1p l\u00fd co\u0301 t\u00e2\u0300m hi\u1ec3u bi\u1ebft v\u00e0 nhi\u00ea\u0300u kinh nghi\u1ec7m b\u00ean c\u1ea1nh \u0111\u1ec3 h\u1ed7 tr\u1ee3 doanh nghi\u1ec7p mi\u0300nh \u0111\u1ea1t \u0111\u01b0\u1ee3c m\u1ee5c ti\u00eau \u0111\u00ea\u0300 ra.<\/p>\n<p>\u0110\u00f4\u0323i ngu\u0303 lu\u1eadt s\u01b0 c\u1ee7a Corporate Counsels cung c\u1ea5p di\u0323ch vu\u0323 t\u01b0 v\u00e2\u0301n quan tr\u1ecdng cho c\u00e1c doanh nghi\u1ec7p ch\u0103m s\u00f3c s\u1ee9c kh\u1ecfe v\u1ec1 h\u1ea7u nh\u01b0 t\u1ea5t c\u1ea3 c\u00e1c giai \u0111o\u1ea1n trong th\u01a1\u0300i ha\u0323n ho\u1ea1t \u0111\u1ed9ng c\u1ee7a kh\u00e1ch h\u00e0ng, t\u1eeb thi\u1ebft l\u1eadp s\u1ef1 hi\u1ec7n di\u1ec7n t\u1ea1i Vi\u1ec7t Nam v\u00e0 ti\u1ebfp th\u1ecb c\u00e1c s\u1ea3n ph\u1ea9m m\u1edbi \u0111\u1ebfn ph\u1ea3n h\u00f4\u0300i c\u00e1c h\u00e0nh \u0111\u1ed9ng th\u1ef1c thi lu\u00e2\u0323t ph\u00e1p c\u1ee7a c\u01a1 quan nha\u0300 n\u01b0\u01a1\u0301c. Kh\u00e1ch h\u00e0ng c\u1ee7a ch\u00fang t\u00f4i bao g\u1ed3m c\u00e1c c\u00f4ng ty c\u00f4ng ngh\u1ec7 sinh h\u1ecdc v\u00e0 d\u01b0\u1ee3c ph\u1ea9m, nh\u00e0 s\u1ea3n xu\u1ea5t thi\u1ebft b\u1ecb y khoa, nh\u00e0 nh\u1eadp kh\u1ea9u v\u00e0 xu\u1ea5t kh\u1ea9u c\u00e1c s\u1ea3n ph\u1ea9m ch\u0103m s\u00f3c s\u1ee9c kh\u1ecfe, b\u1ec7nh vi\u1ec7n, nh\u00e0 \u0111\u1ea7u t\u01b0 v\u00e0 c\u00f4ng ty b\u1ea3o hi\u1ec3m. Corporate Counsels c\u00f3 h\u00e0ng ch\u1ee5c n\u0103m kinh nghi\u1ec7m t\u1ed5ng h\u1ee3p v\u00ea\u0300 ch\u0103m s\u00f3c s\u1ee9c kh\u1ecfe v\u00e0 d\u1ecbch v\u1ee5 c\u1ee7a ch\u00fang t\u00f4i bao g\u1ed3m vi\u00ea\u0323c duy\u00ea\u0323t la\u0323i c\u00e1c ho\u1ea1t \u0111\u1ed9ng marketing, ti\u0301nh tu\u00e2n th\u1ee7 c\u1ee7a doanh nghi\u00ea\u0323p, th\u1ea9m \u0111\u1ecbnh, s\u1edf h\u1eefu tr\u00ed tu\u1ec7, vi\u1ec7c l\u00e0m v\u00e0 lao \u0111\u1ed9ng, thu\u1ebf v\u00e0 t\u01b0 v\u1ea5n v\u1ec1 ph\u01b0\u01a1ng th\u1ee9c s\u1ea3n xu\u1ea5t, cu\u0300ng nhi\u1ec1u ha\u0323ng mu\u0323c kh\u00e1c. D\u1ef1a tr\u00ean ki\u1ebfn th\u1ee9c chuy\u00ean s\u00e2u c\u1ee7a ch\u00fang t\u00f4i v\u1ec1 ng\u00e0nh, Corporate Counsels s\u1eed d\u1ee5ng ph\u01b0\u01a1ng ph\u00e1p ti\u1ebfp c\u1eadn \u0111a ng\u00e0nh \u0111\u1ec3 t\u01b0 v\u1ea5n cho kh\u00e1ch h\u00e0ng v\u1ec1 vi\u1ec7c t\u1eadn d\u1ee5ng c\u00e1c c\u01a1 h\u1ed9i, qu\u1ea3n l\u00fd r\u1ee7i ro v\u00e0 cung c\u1ea5p c\u00e1c gi\u1ea3i ph\u00e1p to\u00e0n di\u1ec7n \u0111\u1ec3 \u0111\u1ea1t \u0111\u01b0\u1ee3c m\u1ee5c ti\u00eau kinh doanh c\u1ee7a h\u1ecd.<\/p>\n<hr \/>\n<h3>D\u1ecbch v\u1ee5<\/h3>\n<p>Corporate Counsels cung c\u1ea5p di\u0323ch vu\u0323 t\u01b0 v\u00e2\u0301n v\u00e0 h\u1ed7 tr\u1ee3 quan tr\u1ecdng cho kh\u00e1ch h\u00e0ng trong ng\u00e0nh ch\u0103m s\u00f3c s\u1ee9c kh\u1ecfe, bao g\u1ed3m:<\/p>\n<ul>\n<li>H\u1ee3p \u0111\u1ed3ng th\u01b0\u01a1ng m\u1ea1i;<\/li>\n<li>Th\u00e0nh l\u1eadp v\u0103n ph\u00f2ng \u0111\u1ea1i di\u1ec7n va\u0300 chi nh\u00e1nh;<\/li>\n<li>S\u1ed1 h\u00f3a bao g\u1ed3m b\u1ea3o v\u1ec7 d\u1eef li\u1ec7u, quy\u1ec1n ri\u00eang t\u01b0 v\u00e0 an ninh m\u1ea1ng;<\/li>\n<li>Vi\u1ec7c l\u00e0m v\u00e0 lao \u0111\u1ed9ng;<\/li>\n<li>N\u1ee3 tr\u00ean v\u1ed1n c\u1ed5 ph\u1ea7n, t\u00e0i ch\u00ednh v\u00e0 \u0111\u1ea7u t\u01b0;<\/li>\n<li>Th\u1ecfa thu\u1eadn ph\u00e2n ph\u1ed1i v\u00e0 \u0111\u1ea1i l\u00fd;<\/li>\n<li>Gi\u1ea5y ph\u00e9p d\u1ef1 \u00e1n \u0111\u1ea7u t\u01b0 n\u01b0\u1edbc ngo\u00e0i;<\/li>\n<li>B\u1ea3o hi\u1ec3m;<\/li>\n<li>S\u1edf h\u1eefu tr\u00ed tu\u1ec7;<\/li>\n<li>Li\u00ean doanh v\u00e0 h\u01a1\u0323p t\u00e1c chi\u1ebfn l\u01b0\u1ee3c;<\/li>\n<li>\u0110\u0103ng k\u00fd v\u00e0 c\u1ea5p ph\u00e9p nh\u1eadp kh\u1ea9u thi\u1ebft b\u1ecb y khoa;<\/li>\n<li>S\u00e1p nh\u1eadp &amp; Mua l\u1ea1i;<\/li>\n<li>B\u1ea5t \u0111\u1ed9ng s\u1ea3n v\u00e0 c\u01a1 s\u1edf s\u1ea3n xu\u1ea5t;<\/li>\n<li>Tu\u00e2n th\u1ee7 quy \u0111\u1ecbnh;<\/li>\n<li>T\u01b0 v\u1ea5n v\u00e0 c\u1ea5p ph\u00e9p m\u00e2\u0323u di\u0323ch v\u00e0 th\u01b0\u01a1ng m\u1ea1i (nh\u1eadp kh\u1ea9u, xu\u1ea5t kh\u1ea9u, b\u00e1n l\u1ebb, b\u00e1n si\u0309)<\/li>\n<li>Thu\u1ebf;<\/li>\n<\/ul>\n","protected":false},"excerpt":{"rendered":"<p>Lorem ipsum dolor sit amet, consectetur adipiscing elit, sed do eiusmod tempor ut labore et dolore magna aliqua.<\/p>\n","protected":false},"author":41,"featured_media":83658,"parent":83385,"menu_order":8,"comment_status":"closed","ping_status":"closed","template":"page-practices.php","meta":[],"_links":{"self":[{"href":"https:\/\/corporatecounsels.vn\/vi\/wp-json\/wp\/v2\/pages\/83402"}],"collection":[{"href":"https:\/\/corporatecounsels.vn\/vi\/wp-json\/wp\/v2\/pages"}],"about":[{"href":"https:\/\/corporatecounsels.vn\/vi\/wp-json\/wp\/v2\/types\/page"}],"author":[{"embeddable":true,"href":"https:\/\/corporatecounsels.vn\/vi\/wp-json\/wp\/v2\/users\/41"}],"replies":[{"embeddable":true,"href":"https:\/\/corporatecounsels.vn\/vi\/wp-json\/wp\/v2\/comments?post=83402"}],"version-history":[{"count":6,"href":"https:\/\/corporatecounsels.vn\/vi\/wp-json\/wp\/v2\/pages\/83402\/revisions"}],"predecessor-version":[{"id":85289,"href":"https:\/\/corporatecounsels.vn\/vi\/wp-json\/wp\/v2\/pages\/83402\/revisions\/85289"}],"up":[{"embeddable":true,"href":"https:\/\/corporatecounsels.vn\/vi\/wp-json\/wp\/v2\/pages\/83385"}],"wp:featuredmedia":[{"embeddable":true,"href":"https:\/\/corporatecounsels.vn\/vi\/wp-json\/wp\/v2\/media\/83658"}],"wp:attachment":[{"href":"https:\/\/corporatecounsels.vn\/vi\/wp-json\/wp\/v2\/media?parent=83402"}],"curies":[{"name":"wp","href":"https:\/\/api.w.org\/{rel}","templated":true}]}}