{"id":83388,"date":"2021-11-11T12:15:18","date_gmt":"2021-11-11T05:15:18","guid":{"rendered":"https:\/\/corporatecounsels.vn\/?page_id=83388"},"modified":"2023-01-16T09:22:51","modified_gmt":"2023-01-16T02:22:51","slug":"kinh-doanh-nong-nghiep","status":"publish","type":"page","link":"https:\/\/corporatecounsels.vn\/vi\/industries\/kinh-doanh-nong-nghiep\/","title":{"rendered":"Kinh doanh n\u00f4ng nghi\u1ec7p"},"content":{"rendered":"<h3>L\u1eddi m\u1edf \u0111\u1ea7u<\/h3>\n<p>Hai th\u1eadp k\u1ef7 qua \u0111\u00e3 ch\u1ee9ng ki\u1ebfn t\u00f4\u0301c \u0111\u00f4\u0323 ph\u00e1t tri\u1ec3n \u0111\u00e1ng kinh ng\u1ea1c c\u1ee7a ng\u00e0nh n\u00f4ng nghi\u1ec7p Vi\u1ec7t Nam. V\u00f4\u0301n t\u1eeb l\u00e2u \u0111a\u0303 l\u00e0 tr\u1ee5 c\u1ed9t c\u1ee7a n\u1ec1n kinh t\u1ebf Vi\u1ec7t Nam, nga\u0300nh n\u00f4ng nghi\u1ec7p ti\u1ebfp t\u1ee5c ph\u00e1t tri\u1ec3n trong n\u01b0\u1edbc th\u00f4ng qua qua\u0301 tri\u0300nh c\u01a1 gi\u1edbi h\u00f3a, \u0111\u1ea7u t\u01b0 n\u01b0\u1edbc ngo\u00e0i v\u00e0 h\u1ee3p nh\u1ea5t. D\u00f9 chi\u1ebfm t\u1ef7 tr\u1ecdng th\u1ea5p h\u01a1n so v\u1edbi ng\u00e0nh c\u00f4ng nghi\u1ec7p trong GDP qu\u1ed1c gia, nh\u01b0ng n\u00f4ng nghi\u1ec7p v\u00e0 kinh doanh n\u00f4ng nghi\u1ec7p \u01a1\u0309 Vi\u1ec7t Nam \u0111\u00e3 tr\u1edf th\u00e0nh nh\u00e2n t\u1ed1 chi\u0301nh trong chu\u1ed7i cung \u1ee9ng xu\u1ea5t kh\u1ea9u qu\u1ed1c t\u1ebf. M\u01b0\u0301c \u0111\u00f4\u0323 \u0111o\u0301ng go\u0301p n\u00e0y \u0111\u01b0\u1ee3c th\u1ec3 hi\u1ec7n qua vi\u1ec7c Vi\u1ec7t Nam hi\u1ec7n \u0111\u1ee9ng trong top 5 qu\u00f4\u0301c gia s\u1ea3n xu\u1ea5t n\u00f4ng s\u1ea3n h\u00e0ng \u0111\u1ea7u th\u1ebf gi\u1edbi bao g\u1ed3m c\u00e0 ph\u00ea, g\u1ea1o, h\u1ea1t \u0111i\u1ec1u, cao su v\u00e0 h\u1ea1t ti\u00eau. Khi nga\u0300nh n\u00f4ng nghi\u00ea\u0323p pha\u0301t tri\u00ea\u0309n ti\u00ean ti\u00ea\u0301n h\u01a1n, b\u1ed1i c\u1ea3nh ph\u00e1p l\u00fd c\u0169ng tr\u1edf n\u00ean ph\u1ee9c t\u1ea1p h\u01a1n. H\u01a1n n\u1eefa, nhu c\u1ea7u t\u1eeb th\u1ecb tr\u01b0\u1eddng qu\u1ed1c t\u1ebf nga\u0300y ca\u0300ng l\u01a1\u0301n \u0111\u00e3 m\u1edf ra c\u01a1 h\u1ed9i cho Vi\u1ec7t Nam tr\u1edf th\u00e0nh c\u01b0\u1eddng qu\u1ed1c l\u01b0\u01a1ng th\u1ef1c to\u00e0n c\u1ea7u.<\/p>\n<hr \/>\n<h3>Gi\u1edbi thi\u1ec7u<\/h3>\n<p>V\u1edbi kinh nghi\u00ea\u0323m l\u00e2u n\u0103m v\u00ea\u0300 nga\u0300nh n\u00f4ng nghi\u1ec7p, Corporate Counsels hi\u00ea\u0309u ro\u0303 t\u01b0\u01a1\u0300ng t\u00e2\u0323n v\u00ea\u0300 c\u01a1 h\u1ed9i v\u00e0 th\u00e1ch th\u1ee9c \u0111\u1ed1i v\u1edbi c\u00e1c doanh nghi\u1ec7p \u1edf Vi\u1ec7t Nam v\u00e0 tr\u00ean th\u1ebf gi\u1edbi. T\u1eeb quy tri\u0300nh qu\u1ea3n l\u00fd chu\u1ed7i cung \u1ee9ng \u0111\u1ebfn c\u01a1 c\u1ea5u t\u1ed5 ch\u1ee9c v\u00e0 s\u1ea3n xu\u1ea5t, ch\u00fang t\u00f4i t\u01b0 v\u1ea5n cho kh\u00e1ch h\u00e0ng trong nhi\u1ec1u l\u0129nh v\u1ef1c ph\u1ee5 kh\u00e1c nhau, ch\u0103\u0309ng ha\u0323n nh\u01b0 ga\u0323o v\u00e0 ha\u0323t ng\u0169 c\u1ed1c, tr\u00e1i c\u00e2y, protein, b\u01a1 s\u1eefa, l\u00e2m nghi\u1ec7p, \u0111\u00e1nh b\u1eaft v\u00e0 nu\u00f4i tr\u1ed3ng th\u1ee7y s\u1ea3n.<\/p>\n<p>Ngo\u00e0i ra, v\u1edbi hi\u00ea\u0309u bi\u00ea\u0301t chuy\u00ean m\u00f4n cao v\u00ea\u0300 nhi\u00ea\u0300u l\u0129nh v\u1ef1c li\u00ean quan, ch\u1eb3ng h\u1ea1n nh\u01b0 th\u01b0\u01a1ng m\u1ea1i v\u00e0 logistics (h\u1eadu c\u1ea7n), b\u1ea3o hi\u1ec3m, b\u1ea5t \u0111\u1ed9ng s\u1ea3n, s\u00e1p nh\u1eadp v\u00e0 mua la\u0323i, thu\u1ebf, lao \u0111\u1ed9ng v\u00e0 vi\u1ec7c l\u00e0m v\u00e0 s\u1edf h\u1eefu tr\u00ed tu\u1ec7, Corporate Counsels c\u00f3 th\u1ec3 cung c\u1ea5p c\u00e1c gi\u1ea3i ph\u00e1p to\u00e0n di\u1ec7n cho kh\u00e1ch h\u00e0ng.<\/p>\n<hr \/>\n<h3>D\u1ecbch v\u1ee5<\/h3>\n<p>Corporate Counsels cung c\u00e2\u0301p di\u0323ch vu\u0323 v\u1ec1 n\u00f4ng nghi\u1ec7p v\u00e0 kinh doanh n\u00f4ng nghi\u1ec7p nh\u01b0 sau:<\/p>\n<ul>\n<li>Th\u00e0nh l\u00e2\u0323p, s\u00e1p nh\u1eadp, mua l\u1ea1i v\u00e0 gi\u1ea3i th\u1ec3 c\u00e1c c\u00f4ng ty n\u00f4ng nghi\u1ec7p, c\u00f4ng ty h\u1ee3p danh v\u00e0 c\u00e1c t\u00f4\u0309 ch\u01b0\u0301c kinh doanh n\u00f4ng nghi\u1ec7p kh\u00e1c;<\/li>\n<li>Ph\u00e1t tri\u1ec3n c\u01a1 s\u1edf h\u1ea1 t\u1ea7ng, x\u00e2y d\u1ef1ng v\u00e0 c\u00e2\u0301p v\u00f4\u0301n;<\/li>\n<li>C\u00e1c giao d\u1ecbch cho vay c\u00f3 c\u1ea5u tr\u00fac v\u00e0 \u0111\u00e1nh gi\u00e1 v\u1ea5n \u0111\u1ec1 ph\u00e1t sinh trong m\u00f4\u0301i quan h\u1ec7 b\u00ean vay\/b\u00ean cho vay;<\/li>\n<li>Tu\u00e2n th\u1ee7 Lu\u1eadt C\u1ea1nh tranh v\u00e0 Ch\u1ed1ng \u0111\u1ed9c quy\u1ec1n;<\/li>\n<li>Ch\u1ee9ng kho\u00e1n v\u00e0 c\u00e1c kho\u1ea3n ph\u1ea3i thu trong n\u00f4ng nghi\u1ec7p;<\/li>\n<li>Th\u1ecb tr\u01b0\u1eddng t\u00e0i ch\u00ednh v\u00e0 thi\u0323 tr\u01b0\u01a1\u0300ng v\u1ed1n;<\/li>\n<li>C\u00f4ng c\u1ee5 giao di\u0323ch h\u00e0ng h\u00f3a;<\/li>\n<li>Mua la\u0323i v\u00e0 cho thu\u00ea \u0111\u1ea5t \u1edf n\u00f4ng th\u00f4n<\/li>\n<li>H\u1ee3p \u0111\u1ed3ng thu\u00ea v\u00e0 cho thu\u00ea trang tr\u1ea1i;<\/li>\n<li>H\u01a1\u0323p \u0111\u00f4\u0300ng v\u00ea\u0300 nh\u00e0 ph\u00e2n ph\u1ed1i, ng\u01b0\u1eddi tr\u1ed3ng, nh\u00e0 cung c\u1ea5p, v\u1eadn chuy\u1ec3n, b\u1ea3o qu\u1ea3n v\u00e0 c\u00e1c h\u1ee3p \u0111\u1ed3ng li\u00ean quan;<\/li>\n<li>T\u01b0 v\u1ea5n thu\u1ebf v\u00e0 c\u00f4ng vi\u00ea\u0323c k\u1ebf to\u00e1n;<\/li>\n<li>Quy\u1ec1n s\u01b0\u0309 du\u0323ng n\u01b0\u1edbc v\u00e0 lu\u1eadt v\u00ea\u0300 m\u00f4i tr\u01b0\u1eddng bao g\u1ed3m tu\u00e2n th\u1ee7 ch\u1ea5t l\u01b0\u1ee3ng n\u01b0\u1edbc, bi\u1ec7n ph\u00e1p b\u1ea3o v\u1ec7 th\u1ef1c thi v\u00e0 \u00f4 nhi\u1ec5m n\u01b0\u1edbc ng\u1ea7m;<\/li>\n<li>C\u00f4ng ngh\u1ec7 sinh h\u1ecdc;<\/li>\n<li>Marketing v\u00e0 b\u00e1n h\u00e0ng;<\/li>\n<li>C\u00f4ng ngh\u1ec7 th\u00f4ng tin;<\/li>\n<li>C\u00e1c v\u1ea5n \u0111\u1ec1 s\u1edf h\u1eefu tr\u00ed tu\u1ec7 bao g\u1ed3m b\u1ea3n quy\u1ec1n, b\u1eb1ng s\u00e1ng ch\u1ebf, nh\u00e3n hi\u1ec7u v\u00e0 b\u00ed m\u1eadt th\u01b0\u01a1ng ma\u0323i;<\/li>\n<li>Quy \u0111\u1ecbnh v\u00ea\u0300 ch\u1ebf bi\u1ebfn th\u1ef1c ph\u1ea9m;<\/li>\n<li>Ch\u00ednh s\u00e1ch v\u00e0 chi\u1ebfn l\u01b0\u1ee3c v\u1ec1 Nh\u00e2n vi\u00ean v\u00e0 Lao \u0111\u1ed9ng.<\/li>\n<\/ul>\n","protected":false},"excerpt":{"rendered":"<p>Lorem ipsum dolor sit amet, consectetur adipiscing elit, sed do eiusmod tempor ut labore et dolore magna aliqua.<\/p>\n","protected":false},"author":41,"featured_media":83645,"parent":83385,"menu_order":1,"comment_status":"closed","ping_status":"closed","template":"page-practices.php","meta":[],"_links":{"self":[{"href":"https:\/\/corporatecounsels.vn\/vi\/wp-json\/wp\/v2\/pages\/83388"}],"collection":[{"href":"https:\/\/corporatecounsels.vn\/vi\/wp-json\/wp\/v2\/pages"}],"about":[{"href":"https:\/\/corporatecounsels.vn\/vi\/wp-json\/wp\/v2\/types\/page"}],"author":[{"embeddable":true,"href":"https:\/\/corporatecounsels.vn\/vi\/wp-json\/wp\/v2\/users\/41"}],"replies":[{"embeddable":true,"href":"https:\/\/corporatecounsels.vn\/vi\/wp-json\/wp\/v2\/comments?post=83388"}],"version-history":[{"count":4,"href":"https:\/\/corporatecounsels.vn\/vi\/wp-json\/wp\/v2\/pages\/83388\/revisions"}],"predecessor-version":[{"id":85265,"href":"https:\/\/corporatecounsels.vn\/vi\/wp-json\/wp\/v2\/pages\/83388\/revisions\/85265"}],"up":[{"embeddable":true,"href":"https:\/\/corporatecounsels.vn\/vi\/wp-json\/wp\/v2\/pages\/83385"}],"wp:featuredmedia":[{"embeddable":true,"href":"https:\/\/corporatecounsels.vn\/vi\/wp-json\/wp\/v2\/media\/83645"}],"wp:attachment":[{"href":"https:\/\/corporatecounsels.vn\/vi\/wp-json\/wp\/v2\/media?parent=83388"}],"curies":[{"name":"wp","href":"https:\/\/api.w.org\/{rel}","templated":true}]}}