{"id":83385,"date":"2021-11-03T12:22:12","date_gmt":"2021-11-03T05:22:12","guid":{"rendered":"https:\/\/corporatecounsels.vn\/practices-2\/"},"modified":"2023-02-23T16:57:23","modified_gmt":"2023-02-23T09:57:23","slug":"industries","status":"publish","type":"page","link":"https:\/\/corporatecounsels.vn\/vi\/industries\/","title":{"rendered":"Ki\u1ebfn th\u1ee9c ng\u00e0nh"},"content":{"rendered":"","protected":false},"excerpt":{"rendered":"<p>C\u00e1c ng\u00e0nh m\u00e0 ch\u00fang t\u00f4i am hi\u1ec3u<\/p>\n","protected":false},"author":41,"featured_media":83940,"parent":0,"menu_order":0,"comment_status":"closed","ping_status":"closed","template":"page-parent-industries.php","meta":[],"_links":{"self":[{"href":"https:\/\/corporatecounsels.vn\/vi\/wp-json\/wp\/v2\/pages\/83385"}],"collection":[{"href":"https:\/\/corporatecounsels.vn\/vi\/wp-json\/wp\/v2\/pages"}],"about":[{"href":"https:\/\/corporatecounsels.vn\/vi\/wp-json\/wp\/v2\/types\/page"}],"author":[{"embeddable":true,"href":"https:\/\/corporatecounsels.vn\/vi\/wp-json\/wp\/v2\/users\/41"}],"replies":[{"embeddable":true,"href":"https:\/\/corporatecounsels.vn\/vi\/wp-json\/wp\/v2\/comments?post=83385"}],"version-history":[{"count":10,"href":"https:\/\/corporatecounsels.vn\/vi\/wp-json\/wp\/v2\/pages\/83385\/revisions"}],"predecessor-version":[{"id":85400,"href":"https:\/\/corporatecounsels.vn\/vi\/wp-json\/wp\/v2\/pages\/83385\/revisions\/85400"}],"wp:featuredmedia":[{"embeddable":true,"href":"https:\/\/corporatecounsels.vn\/vi\/wp-json\/wp\/v2\/media\/83940"}],"wp:attachment":[{"href":"https:\/\/corporatecounsels.vn\/vi\/wp-json\/wp\/v2\/media?parent=83385"}],"curies":[{"name":"wp","href":"https:\/\/api.w.org\/{rel}","templated":true}]}}