{"id":83365,"date":"2021-11-11T11:56:31","date_gmt":"2021-11-11T04:56:31","guid":{"rendered":"https:\/\/corporatecounsels.vn\/?page_id=83365"},"modified":"2022-12-28T14:50:29","modified_gmt":"2022-12-28T07:50:29","slug":"quan-tri-noi-bo-cho-doanh-nghiep","status":"publish","type":"page","link":"https:\/\/corporatecounsels.vn\/vi\/practices\/quan-tri-noi-bo-cho-doanh-nghiep\/","title":{"rendered":"Qu\u1ea3n tr\u1ecb n\u1ed9i b\u1ed9 cho doanh nghi\u1ec7p"},"content":{"rendered":"<p>M\u1ed9t lu\u1eadt s\u01b0 qu\u1ea3n tr\u1ecb c\u00f4ng ty gi\u1ecfi t\u1ea1o th\u00e0nh s\u1ef1 h\u1ed7 tr\u1ee3 quan tr\u1ecdng cho doanh nghi\u1ec7p: c\u00f3 chuy\u00ean m\u00f4n ph\u00e1t hi\u1ec7n v\u00e0 ph\u00e2n t\u00edch c\u00e1c r\u1ee7i ro ph\u00e1p l\u00fd ti\u1ec1m \u1ea9n trong ho\u1ea1t \u0111\u1ed9ng c\u1ee7a b\u1ea1n, chi\u1ebfn l\u01b0\u1ee3c r\u00fat lui v\u00e0 c\u01a1 c\u1ea5u t\u1ed5 ch\u1ee9c c\u00f3 th\u1ec3 gi\u00fap doanh nghi\u1ec7p tr\u00e1nh vi ph\u1ea1m quy \u0111\u1ecbnh v\u00e0 h\u00ecnh ph\u1ea1t ti\u1ec1n.<\/p>\n<p>\u1ede giai \u0111o\u1ea1n \u0111\u1ea7u, c\u00e1c doanh nghi\u1ec7p n\u00ean t\u00ecm ki\u1ebfm m\u1ed9t \u0111\u1ed9i ng\u0169 lu\u1eadt s\u01b0 qu\u1ea3n tr\u1ecb c\u00f4ng ty c\u00f3 kinh nghi\u1ec7m v\u00e0 s\u1eed d\u1ee5ng chuy\u00ean m\u00f4n c\u1ee7a h\u1ecd \u0111\u1ec3 x\u00e2y d\u1ef1ng m\u1ed9t c\u01a1 s\u1edf h\u1ea1 t\u1ea7ng doanh nghi\u1ec7p kh\u00f4ng th\u1ea5m n\u01b0\u1edbc, nh\u1eb1m gi\u1ea3m nguy c\u01a1 x\u1ea3y ra tranh ch\u1ea5p v\u00e0 thi\u1ebfu s\u00f3t trong t\u01b0\u01a1ng lai.<\/p>\n<p>Khi m\u1ed9t c\u00f4ng ty ph\u00e1t tri\u1ec3n v\u1ec1 quy m\u00f4 v\u00e0 ti\u1ebfp x\u00fac v\u1edbi nhi\u1ec1u th\u1ef1c th\u1ec3 h\u01a1n (c\u01a1 quan l\u1eadp ph\u00e1p, c\u1ed5 \u0111\u00f4ng, ng\u01b0\u1eddi qu\u1ea3n l\u00fd c\u00f4ng ty v\u00e0 th\u00e0nh vi\u00ean, v.v.), nhu c\u1ea7u lo\u1ea1i b\u1ecf b\u1ea5t k\u1ef3 s\u1ef1 gi\u00e1m s\u00e1t ph\u00e1p l\u00fd n\u00e0o c\u00e0ng t\u0103ng cao.<\/p>\n<p>S\u1ef1 tu\u00e2n th\u1ee7, giao ti\u1ebfp hi\u1ec7u qu\u1ea3 gi\u1eefa c\u00e1c \u0111\u01a1n v\u1ecb v\u00e0 c\u00e1c b\u1ed9 ph\u1eadn c\u1ea5u th\u00e0nh, v\u00e0 c\u00e1c chi\u1ebfn l\u01b0\u1ee3c \u0111\u01b0\u1ee3c nghi\u00ean c\u1ee9u k\u1ef9 l\u01b0\u1ee1ng \u0111\u1ec3 x\u1eed l\u00fd c\u00e1c y\u1ebfu t\u1ed1 kh\u00f4ng ch\u1eafc ch\u1eafn l\u00e0 nh\u1eefng y\u1ebfu t\u1ed1 quy\u1ebft \u0111\u1ecbnh s\u1ef1 b\u1ec1n v\u1eefng c\u1ee7a doanh nghi\u1ec7p.<\/p>\n<p>Lu\u1eadt s\u01b0 qu\u1ea3n tr\u1ecb c\u00f4ng ty Corporate Counsel l\u00e0 nh\u1eefng c\u1ed1 v\u1ea5n ph\u00e1p l\u00fd d\u00e0y d\u1ea1n kinh nghi\u1ec7m cho c\u00e1c c\u00f4ng ty l\u1edbn v\u00e0 nh\u1ecf, c\u00e1c \u0111\u1ebf ch\u1ebf \u0111\u00e3 th\u00e0nh l\u1eadp v\u00e0 c\u00e1c c\u00f4ng ty m\u1edbi th\u00e0nh l\u1eadp, c\u00e1c c\u00f4ng ty \u0111a qu\u1ed1c gia v\u00e0 c\u00e1c c\u00f4ng ty kh\u1edfi nghi\u1ec7p trong n\u01b0\u1edbc.<\/p>\n<p>N\u1eafm v\u1eefng ngh\u1ec7 thu\u1eadt qu\u1ea3n tr\u1ecb doanh nghi\u1ec7p, ch\u00fang t\u00f4i ti\u1ebfp c\u1eadn t\u1eebng kh\u00e1ch h\u00e0ng c\u1ee7a m\u00ecnh b\u1eb1ng s\u1ef1 nh\u1ea1y c\u1ea3m v\u00e0 quan tr\u1ecdng nh\u1ea5t. K\u1ebft h\u1ee3p v\u1edbi s\u1ef1 th\u00f4ng th\u1ea1o v\u1ec1 lu\u1eadt ph\u00e1p v\u00e0 t\u00e0i ch\u00ednh c\u1ee7a ch\u00fang t\u00f4i, h\u00e0nh vi tinh vi c\u1ee7a ch\u00fang t\u00f4i ch\u1ee9ng minh th\u00eam kh\u1ea3 n\u0103ng x\u1eed l\u00fd c\u00e1c v\u1ea5n \u0111\u1ec1 nh\u1ea1y c\u1ea3m, gi\u1ea3i quy\u1ebft c\u00e1c tranh ch\u1ea5p c\u00f3 th\u1ec3 x\u1ea3y ra, c\u00e2n nh\u1eafc th\u1ea5u \u0111\u00e1o v\u00e0 mang l\u1ea1i k\u1ebft qu\u1ea3 s\u00e2u r\u1ed9ng, hi\u1ec7u qu\u1ea3 nh\u1ea5t, thi\u1ebft th\u1ef1c nh\u1ea5t.<\/p>\n<h2>C\u00e1c th\u1ecfa thu\u1eadn c\u1ee7a c\u00f4ng ty<\/h2>\n<p>\u0110\u1ec3 c\u00e1c ho\u1ea1t \u0111\u1ed9ng c\u1ee7a c\u00f4ng ty ho\u1ea1t \u0111\u1ed9ng tr\u01a1n tru, t\u1ea5t c\u1ea3 c\u00e1c giao d\u1ecbch v\u00e0 m\u1ed1i quan h\u1ec7 c\u1ee7a c\u00f4ng ty c\u1ea7n ph\u1ea3i \u0111\u01b0\u1ee3c th\u1ecfa thu\u1eadn r\u00f5 r\u00e0ng.<\/p>\n<p>T\u1ea5t c\u1ea3 c\u00e1c b\u00ean li\u00ean quan b\u1eaft bu\u1ed9c ph\u1ea3i tham gia v\u00e0o c\u00e1c cu\u1ed9c \u0111\u00e0m ph\u00e1n c\u00f4ng b\u1eb1ng v\u00e0 \u0111\u1ed3ng \u00fd v\u1ec1 b\u1ea3n d\u1ef1 th\u1ea3o cu\u1ed1i c\u00f9ng c\u1ee7a th\u1ecfa thu\u1eadn, v\u00ec c\u00e1c \u0111i\u1ec1u kho\u1ea3n c\u1ee7a n\u00f3 ph\u1ee5c v\u1ee5 cho vi\u1ec7c \u0111i\u1ec1u ch\u1ec9nh m\u1ed1i quan h\u1ec7 gi\u1eefa ng\u01b0\u1eddi qu\u1ea3n l\u00fd v\u00e0 th\u00e0nh vi\u00ean, nh\u00e0 cung c\u1ea5p v\u00e0 nh\u00e0 ph\u00e2n ph\u1ed1i, gi\u1eefa c\u00e1c doanh nghi\u1ec7p, c\u1ed5 \u0111\u00f4ng v\u00e0 c\u00e1c c\u00e1 nh\u00e2n kh\u00e1c c\u00f3 c\u1ed5 ph\u1ea7n trong c\u00f4ng vi\u1ec7c n\u1ed9i b\u1ed9 c\u1ee7a c\u00f4ng ty.<\/p>\n<p>M\u1ed9t th\u1ecfa thu\u1eadn th\u1ea5u \u0111\u00e1o v\u00e0 minh b\u1ea1ch kh\u00f4ng ch\u1ec9 h\u1ee3p l\u00fd h\u00f3a hi\u1ec7u qu\u1ea3 ho\u1ea1t \u0111\u1ed9ng c\u1ee7a t\u1ed5 ch\u1ee9c v\u00e0 c\u00e1c l\u0129nh v\u1ef1c tr\u00e1ch nhi\u1ec7m m\u00e0 c\u00f2n gi\u1ea3m thi\u1ec3u r\u1ee7i ro v\u00e0 b\u1ea3o v\u1ec7 l\u1ee3i \u00edch c\u1ee7a m\u1ed7i ng\u01b0\u1eddi trong tr\u01b0\u1eddng h\u1ee3p c\u00f3 tranh ch\u1ea5p trong t\u01b0\u01a1ng lai.<\/p>\n<p>Do \u0111\u00f3, c\u00e1c th\u1ecfa thu\u1eadn c\u1ee7a c\u00f4ng ty l\u00e0 b\u1ea3n ch\u1ea5t quan tr\u1ecdng nh\u1ea5t \u0111\u1ed1i v\u1edbi s\u1ee9c s\u1ed1ng c\u1ee7a m\u1ed9t c\u00f4ng ty v\u00e0 c\u1ea7n \u0111\u01b0\u1ee3c th\u1ef1c hi\u1ec7n m\u1ed9t c\u00e1ch c\u1ea9n th\u1eadn v\u00e0 th\u00e0nh th\u1ea1o.<\/p>\n<p>Lu\u1eadt s\u01b0 t\u01b0 v\u1ea5n doanh nghi\u1ec7p c\u00f3 kinh nghi\u1ec7m c\u00f4ng nghi\u1ec7p v\u00e0 ki\u1ebfn \u200b\u200bth\u1ee9c k\u1ef9 thu\u1eadt \u0111\u1ec3 \u0111\u01b0\u1ee3c giao ph\u00f3 v\u1edbi c\u00e1c nhu c\u1ea7u h\u1ee3p \u0111\u1ed3ng c\u1ee7a b\u1ea1n.<\/p>\n<p>Ngo\u00e0i vi\u1ec7c ch\u00fang t\u00f4i tu\u00e2n th\u1ee7 c\u00e1c quy \u0111\u1ecbnh c\u1ee7a qu\u1ed1c gia, vi\u1ec7c ch\u00fang t\u00f4i quen thu\u1ed9c v\u1edbi xu h\u01b0\u1edbng kinh doanh v\u0103n h\u00f3a c\u1ee7a khu v\u1ef1c c\u0169ng r\u1ea5t c\u00f3 l\u1ee3i trong vi\u1ec7c x\u00e2y d\u1ef1ng c\u00e1c m\u1ed1i quan h\u1ec7 chuy\u00ean nghi\u1ec7p.<\/p>\n<p>Ch\u00fang t\u00f4i \u0111\u00e3 \u0111\u1ed3ng h\u00e0nh c\u00f9ng c\u00e1c kh\u00e1ch h\u00e0ng c\u1ee7a m\u00ecnh, bao g\u1ed3m m\u1ed9t s\u1ed1 c\u00f4ng ty \u0111a qu\u1ed1c gia trong nhi\u1ec1u l\u0129nh v\u1ef1c, trong vi\u1ec7c \u0111\u00e0m ph\u00e1n, so\u1ea1n th\u1ea3o v\u00e0 th\u1ef1c hi\u1ec7n c\u00e1c th\u1ecfa thu\u1eadn kh\u00e1c nhau:<\/p>\n<ul>\n<li>Th\u1ecfa thu\u1eadn li\u00ean doanh<\/li>\n<li>Th\u1ecfa thu\u1eadn h\u1ee3p t\u00e1c kinh doanh<\/li>\n<li>Th\u1ecfa thu\u1eadn c\u1ed5 \u0111\u00f4ng<\/li>\n<li>\u0110i\u1ec1u kho\u1ea3n &amp; \u0110i\u1ec1u ki\u1ec7n,<\/li>\n<li>v.v.<\/li>\n<\/ul>\n<p>N\u1ebfu ph\u00e1t sinh nhu c\u1ea7u h\u00f2a gi\u1ea3i \/ ki\u1ec7n t\u1ee5ng, c\u00e1c lu\u1eadt s\u01b0 c\u0169ng s\u1eb5n s\u00e0ng tri\u1ec3n khai s\u1ef1 nh\u1ea1y b\u00e9n v\u00e0 nh\u1ea1y b\u00e9n v\u1ec1 ph\u00e1p l\u00fd c\u1ee7a ch\u00fang t\u00f4i \u0111\u1ec3 gi\u1ea3i quy\u1ebft tranh ch\u1ea5p m\u1ed9t c\u00e1ch hi\u1ec7u qu\u1ea3 nh\u1ea5t.<\/p>\n<p>Tu\u00e2n th\u1ee7 t\u00ednh minh b\u1ea1ch v\u00e0 chi ti\u1ebft, \u0111\u1ed9i ng\u0169 t\u1ea1i Corporate Counsel cam k\u1ebft h\u1ed7 tr\u1ee3 \u0111\u1ea7y \u0111\u1ee7 cho kh\u00e1ch h\u00e0ng c\u1ee7a ch\u00fang t\u00f4i th\u00f4ng qua c\u00e1c th\u1ecfa thu\u1eadn c\u00f4ng ty ph\u1ee9c t\u1ea1p v\u1ec1 m\u1eb7t ph\u00e1p l\u00fd.<\/p>\n<h2>Qu\u1ea3n tr\u1ecb c\u00f4ng ty, r\u1ee7i ro &amp; tu\u00e2n th\u1ee7<\/h2>\n<p>Qu\u1ea3n l\u00fd r\u1ee7i ro ph\u00e1p l\u00fd l\u00e0 quan tr\u1ecdng trong b\u1ea5t k\u1ef3 v\u00e0 t\u1ea5t c\u1ea3 c\u00e1c quy\u1ebft \u0111\u1ecbnh c\u1ee7a c\u00f4ng ty theo nhi\u1ec1u c\u00e1ch: quy\u1ebft \u0111\u1ecbnh c\u1ee7a h\u1ed9i \u0111\u1ed3ng qu\u1ea3n tr\u1ecb ph\u1ea3i \u0111\u01b0\u1ee3c \u0111\u01b0a ra v\u1edbi s\u1ef1 c\u00e2n nh\u1eafc c\u1ee7a ph\u00e1p lu\u1eadt \u0111\u1ec3 tu\u00e2n th\u1ee7 c\u00e1c b\u1ed1i c\u1ea3nh ph\u00e1p l\u00fd, x\u00e1c \u0111\u1ecbnh tr\u00e1ch nhi\u1ec7m gi\u1ea3i tr\u00ecnh v\u00e0 gi\u1ea3m thi\u1ec3u tr\u00e1ch nhi\u1ec7m ph\u00e1p l\u00fd.<\/p>\n<p>Qu\u00e1 tr\u00ecnh qu\u1ea3n l\u00fd r\u1ee7i ro v\u00e0 tu\u00e2n th\u1ee7 c\u0169ng gi\u00fap doanh nghi\u1ec7p ph\u00e2n t\u00edch, l\u00e0m r\u00f5 c\u00e1c y\u1ebfu t\u1ed1 r\u1ee7i ro kh\u00f4ng r\u00f5 r\u00e0ng nh\u1ea5t, t\u1eeb \u0111\u00f3 thi\u1ebft k\u1ebf v\u00e0 th\u1ef1c hi\u1ec7n c\u00e1c bi\u1ec7n ph\u00e1p ki\u1ec3m so\u00e1t \u0111\u1ec3 qu\u1ea3n l\u00fd c\u00e1c k\u1ebft qu\u1ea3 c\u00f3 th\u1ec3 x\u1ea3y ra. Do \u0111\u00f3, m\u1ecdi doanh nghi\u1ec7p c\u1ea7n m\u1ed9t c\u1ed1 v\u1ea5n chung, ng\u01b0\u1eddi s\u1ebd ti\u1ebfp c\u1eadn t\u1eebng y\u1ebfu t\u1ed1 v\u1edbi s\u1ef1 ho\u00e0i nghi v\u00e0 hi\u1ec3u bi\u1ebft chuy\u00ean nghi\u1ec7p.<\/p>\n<p>R\u1ee7i ro c\u00f4ng ty ch\u1ee7 y\u1ebfu \u0111\u1ebfn t\u1eeb c\u00e1c h\u1ee3p \u0111\u1ed3ng, tu\u00e2n th\u1ee7 lu\u1eadt \u0111\u1ecbnh, c\u01a1 c\u1ea5u t\u1ed5 ch\u1ee9c v\u00e0 ki\u1ec7n t\u1ee5ng. Khi ch\u1ea9n \u0111o\u00e1n v\u00e0 \u0111\u00e1nh gi\u00e1 c\u00e1c m\u1ed1i \u0111e d\u1ecda ti\u1ec1m \u1ea9n v\u00e0 th\u1ef1c t\u1ebf n\u00e0y, ban gi\u00e1m \u0111\u1ed1c c\u00f9ng v\u1edbi c\u00e1c chuy\u00ean gia ph\u00e1p l\u00fd c\u1ee7a h\u1ecd ph\u1ea3i x\u00e1c \u0111\u1ecbnh m\u1ee9c \u0111\u1ed9 c\u1ee7a nh\u1eefng r\u1ee7i ro n\u00e0y v\u00e0 \u0111\u00e1nh gi\u00e1 c\u00e1c h\u1ea1n ch\u1ebf v\u1ec1 ng\u00e2n s\u00e1ch c\u1ee7a c\u00f4ng ty tr\u01b0\u1edbc khi \u0111\u01b0a ra c\u00e1c gi\u1ea3i ph\u00e1p th\u00edch h\u1ee3p. V\u00ec l\u00fd do \u0111\u00f3, c\u1ed1 v\u1ea5n ph\u00e1p l\u00fd \u0111\u01b0\u1ee3c \u1ee7y th\u00e1c ph\u1ea3i c\u00f3 s\u1ef1 nh\u1ea1y b\u00e9n \u0111\u1eb7c bi\u1ec7t v\u1ec1 ph\u00e1p l\u00fd v\u00e0 t\u00e0i ch\u00ednh.<\/p>\n<p>C\u00e1c lu\u1eadt s\u01b0 qu\u1ea3n tr\u1ecb c\u00f4ng ty t\u1ea1i Corporate Counsels \u0111\u00e3 \u0111\u01b0\u1ee3c \u0111\u00e0o t\u1ea1o chuy\u00ean ng\u00e0nh \u0111\u1ec3 x\u00e1c \u0111\u1ecbnh c\u00e1c thi\u1ebfu s\u00f3t c\u1ee7a t\u1ed5 ch\u1ee9c v\u00e0 cung c\u1ea5p c\u00e1c bi\u1ec7n ph\u00e1p ph\u00f2ng ng\u1eeba th\u1ef1c t\u1ebf trong khi duy tr\u00ec c\u00e1c quy tr\u00ecnh qu\u1ea3n tr\u1ecb v\u00e0 tu\u00e2n th\u1ee7 quy \u0111\u1ecbnh.<\/p>\n<p>V\u1edbi s\u1ef1 hi\u1ec3u bi\u1ebft r\u1eb1ng m\u1ed7i c\u00f4ng ty \u0111\u1ec1u c\u00f3 m\u1ed9t lo\u1ea1t v\u1ea5n \u0111\u1ec1 v\u00e0 \u0111i\u1ec1u ki\u1ec7n ri\u00eang, c\u00e1c lu\u1eadt s\u01b0 qu\u1ea3n tr\u1ecb c\u00f4ng ty c\u1ee7a ch\u00fang t\u00f4i ch\u1ec9 \u0111i\u1ec1u ch\u1ec9nh c\u00e1c d\u1ecbch v\u1ee5 c\u1ee7a ch\u00fang t\u00f4i cho ph\u00f9 h\u1ee3p v\u1edbi nhu c\u1ea7u c\u1ee5 th\u1ec3 c\u1ee7a kh\u00e1ch h\u00e0ng. K\u1ef9 l\u01b0\u1ee1ng trong ph\u00e2n t\u00edch ph\u00e1p y v\u00e0 s\u00e1ng t\u1ea1o trong c\u00e1ch gi\u1ea3i quy\u1ebft v\u1ea5n \u0111\u1ec1, ch\u00fang t\u00f4i \u0111\u00e3 t\u1eadp trung kinh nghi\u1ec7m v\u00e0 k\u1ef9 n\u0103ng c\u1ee7a m\u00ecnh trong qu\u1ea3n l\u00fd r\u1ee7i ro doanh nghi\u1ec7p \u0111\u1ec3 gi\u00fap ban gi\u00e1m \u0111\u1ed1c c\u00e1c c\u00f4ng ty \u0111a qu\u1ed1c gia v\u00e0 doanh nghi\u1ec7p \u0111\u1ecba ph\u01b0\u01a1ng c\u1ee7ng c\u1ed1 ph\u1ea3n \u1ee9ng c\u1ee7a h\u1ecd \u0111\u1ed1i v\u1edbi c\u00e1c r\u1ee7i ro ph\u00e1p l\u00fd c\u00f3 th\u1ec3 x\u1ea3y ra trong gi\u1edbi h\u1ea1n t\u00e0i ch\u00ednh c\u1ee7a c\u00f4ng ty.<\/p>\n<h2>Quy\u1ec1n c\u1ee7a c\u1ed5 \u0111\u00f4ng &amp; B\u1ea3o v\u1ec7 qu\u1ec1n l\u1ee3i c\u1ee7a c\u1ed5 \u0111\u00f4ng thi\u1ec3u s\u1ed1<\/h2>\n<p>L\u00e0 m\u1ed9t c\u00f4ng ty lu\u1eadt v\u1ec1 qu\u1ea3n tr\u1ecb c\u00f4ng ty, ch\u00fang t\u00f4i kh\u00f4ng ch\u1ec9 \u0111\u1ea1i di\u1ec7n cho c\u00e1c nh\u00e0 qu\u1ea3n l\u00fd v\u00e0 h\u1ed9i \u0111\u1ed3ng qu\u1ea3n tr\u1ecb c\u1ee7a doanh nghi\u1ec7p m\u00e0 c\u00f2n \u0111\u1ea1i di\u1ec7n cho c\u00e1c c\u1ed5 \u0111\u00f4ng c\u1ee7a n\u00f3. Ch\u00fang t\u00f4i nh\u1eadn th\u1ea5y r\u1eb1ng h\u1ecd \u0111\u01b0\u1ee3c h\u01b0\u1edfng vai tr\u00f2 qu\u1ea3n tr\u1ecb trong c\u00f4ng ty v\u00e0 ph\u1ea3i \u0111\u01b0\u1ee3c b\u1ea3o v\u1ec7 quy\u1ec1n l\u1ee3i c\u1ee7a h\u1ecd m\u1ed9t c\u00e1ch h\u1ee3p ph\u00e1p.<\/p>\n<p>C\u00e1c lu\u1eadt s\u01b0 v\u1ec1 quy\u1ec1n c\u1ed5 \u0111\u00f4ng c\u1ee7a ch\u00fang t\u00f4i \u0111\u00e3 tham gia v\u00e0o c\u00e1c giai \u0111o\u1ea1n kh\u00e1c nhau c\u1ee7a m\u1ed9t c\u00f4ng ty \u0111\u01b0\u1ee3c th\u00e0nh l\u1eadp, n\u01a1i c\u00e1c d\u1ecbch v\u1ee5 c\u1ee7a ch\u00fang t\u00f4i v\u1edbi t\u01b0 c\u00e1ch l\u00e0 lu\u1eadt s\u01b0 \u0111\u01b0\u1ee3c \u0111\u00e1nh gi\u00e1 cao. \u1ede giai \u0111o\u1ea1n \u0111\u1ea7u, ch\u00fang t\u00f4i tham gia v\u00e0o vi\u1ec7c t\u1ea1o ra th\u1ecfa thu\u1eadn c\u1ee7a c\u1ed5 \u0111\u00f4ng, \u0111\u1ea3m b\u1ea3o c\u00e1c \u0111i\u1ec1u kho\u1ea3n l\u00e0 c\u00f4ng b\u1eb1ng v\u00e0 bao g\u1ed3m c\u00e1c h\u01b0\u1edbng gi\u1ea3i quy\u1ebft tranh ch\u1ea5p r\u00f5 r\u00e0ng.<\/p>\n<p>X\u00e2y d\u1ef1ng m\u1ed9t n\u1ec1n t\u1ea3ng v\u1eefng ch\u1eafc gi\u00fap c\u00e1c c\u00f4ng ty v\u00e0 c\u00e1c c\u1ed5 \u0111\u00f4ng c\u00e1 nh\u00e2n tr\u00e1nh \u0111\u01b0\u1ee3c nh\u1eefng x\u00edch m\u00edch ti\u1ec1m \u1ea9n v\u00e0 gi\u1ea3m b\u1edbt chi ph\u00ed ki\u1ec7n t\u1ee5ng.<\/p>\n<p>D\u1ef1a v\u00e0o s\u1ef1 ph\u00f9 h\u1ee3p m\u1ea1nh m\u1ebd, chuy\u00ean m\u00f4n k\u1ef9 thu\u1eadt v\u00e0 giao ti\u1ebfp c\u1ee7a m\u00ecnh, ch\u00fang t\u00f4i \u0111\u00f3ng vai tr\u00f2 l\u00e0 c\u1ed1 v\u1ea5n cho c\u00e1c c\u1ed5 \u0111\u00f4ng, t\u01b0 v\u1ea5n cho h\u1ecd v\u1ec1 l\u1ee3i \u00edch c\u1ee7a h\u1ecd v\u00e0 c\u00e1c h\u00e0nh \u0111\u1ed9ng c\u00f3 th\u1ec3 c\u00f3 \u0111\u1ec3 b\u1ea3o v\u1ec7 c\u1ed5 ph\u1ea7n c\u1ee7a h\u1ecd.<\/p>\n<p>Ch\u00fang t\u00f4i chuy\u00ean v\u1ec1 b\u1ea3o v\u1ec7 c\u1ed5 \u0111\u00f4ng thi\u1ec3u s\u1ed1. V\u1edbi m\u1ee5c \u0111\u00edch th\u1ef1c hi\u1ec7n \u0111\u00fang nh\u1eefng \u00e1p b\u1ee9c th\u01b0\u1eddng xuy\u00ean b\u1ecb \u00e9p bu\u1ed9c \u0111\u1ed1i v\u1edbi c\u00e1c b\u00ean c\u00f3 \u00edt h\u01a1n 51% c\u1ed5 ph\u1ea7n trong m\u1ed9t c\u00f4ng ty t\u01b0 nh\u00e2n, c\u00e1c lu\u1eadt s\u01b0 qu\u1ea3n tr\u1ecb c\u00f4ng ty c\u1ee7a ch\u00fang t\u00f4i lu\u00f4n t\u1eadn t\u00e2m b\u1ea3o v\u1ec7 quy\u1ec1n l\u1ee3i c\u1ee7a b\u1ea1n nh\u01b0 \u0111\u01b0\u1ee3c quy \u0111\u1ecbnh trong th\u1ecfa thu\u1eadn c\u1ed5 \u0111\u00f4ng.<\/p>\n<p>Trong c\u00e1c tr\u01b0\u1eddng h\u1ee3p c\u00f3 h\u00e0nh vi sai tr\u00e1i c\u1ee7a c\u00f4ng ty v\u00e0 b\u1ea5t k\u1ef3 vi ph\u1ea1m n\u00e0o \u0111\u1ebfn l\u1ee3i \u00edch h\u1ee3p \u0111\u1ed3ng c\u1ee7a b\u1ea1n, Lu\u1eadt s\u01b0 C\u00f4ng ty tin ch\u1eafc r\u1eb1ng ch\u00fang t\u00f4i l\u00e0 m\u1ed9t trong nh\u1eefng ng\u01b0\u1eddi ki\u1ec7n t\u1ee5ng kinh doanh hi\u1ec7u qu\u1ea3 nh\u1ea5t, nh\u1eefng ng\u01b0\u1eddi lu\u00f4n quan t\u00e2m \u0111\u1ebfn vi\u1ec7c h\u1ee3p ph\u00e1p h\u00f3a quy\u1ec1n c\u1ee7a b\u1ea1n, ng\u01b0\u1eddi s\u1eed d\u1ee5ng t\u1ed1i \u0111a c\u00e1c chuy\u00ean gia \u0111\u1ec3 \u0111i\u1ec1u tra t\u1ed1t nh\u1ea5t tr\u01b0\u1eddng h\u1ee3p c\u1ee7a b\u1ea1n, nh\u1eefng ng\u01b0\u1eddi c\u00f3 \u0111\u00e3 ch\u1ee9ng minh th\u00e0nh t\u00edch chi\u1ebfn th\u1eafng trong c\u00e1c v\u1ee5 ki\u1ec7n v\u1edbi m\u1ed9t chi\u1ebfn l\u01b0\u1ee3c \u0111\u00e1ng tin c\u1eady v\u00e0 \u0111\u01b0\u1ee3c nghi\u00ean c\u1ee9u k\u1ef9 l\u01b0\u1ee1ng.<\/p>\n<p>N\u1ed7 l\u1ef1c c\u1ee7a ch\u00fang t\u00f4i nh\u1eb1m li\u00ean t\u1ee5c \u0111\u01b0a ra c\u00e1c chi\u1ebfn l\u01b0\u1ee3c hi\u1ec7u qu\u1ea3 v\u00e0 \u0111\u01b0\u1ee3c c\u00e1 nh\u00e2n h\u00f3a gi\u00fap ch\u00fang t\u00f4i tr\u1edf th\u00e0nh m\u1ed9t trong nh\u1eefng lu\u1eadt s\u01b0 b\u1ea3o v\u1ec7 quy\u1ec1n c\u1ed5 \u0111\u00f4ng ki\u00ean c\u01b0\u1eddng nh\u1ea5t trong c\u1ea3 n\u01b0\u1edbc.<\/p>\n<h2>Th\u01b0 k\u00fd c\u00f4ng ty<\/h2>\n<p>T\u1eebng \u0111\u01b0\u1ee3c coi l\u00e0 ng\u01b0\u1eddi ghi ch\u00fa trong c\u00e1c cu\u1ed9c h\u1ecdp h\u1ed9i \u0111\u1ed3ng qu\u1ea3n tr\u1ecb, th\u01b0 k\u00fd c\u00f4ng ty trong b\u1ed1i c\u1ea3nh ng\u00e0y nay c\u00f3 th\u1ec3 bao g\u1ed3m nhi\u1ec1u ph\u1ea1m vi tr\u00e1ch nhi\u1ec7m, bao g\u1ed3m qu\u1ea3n tr\u1ecb c\u00f4ng ty v\u00e0 c\u00e1n b\u1ed9 tu\u00e2n th\u1ee7.<\/p>\n<p>Khi ban gi\u00e1m \u0111\u1ed1c ng\u00e0y c\u00e0ng tin t\u01b0\u1edfng v\u00e0o c\u00e1c th\u01b0 k\u00fd c\u00f4ng ty l\u00e0m c\u1ed1 v\u1ea5n, c\u00e1c \u0111i\u1ec1u ki\u1ec7n ti\u00ean quy\u1ebft cho v\u1ecb tr\u00ed n\u00e0y ng\u00e0y c\u00e0ng tr\u1edf n\u00ean nghi\u00eam ng\u1eb7t h\u01a1n, \u0111\u00f2i h\u1ecfi ng\u01b0\u1eddi chuy\u00ean nghi\u1ec7p ph\u1ea3i c\u00f3 ki\u1ebfn \u200b\u200bth\u1ee9c chuy\u00ean m\u00f4n v\u01b0\u1ee3t tr\u1ed9i v\u1ec1 t\u00e0i ch\u00ednh v\u00e0 ph\u00e1p l\u00fd.<\/p>\n<p>C\u00e1c lu\u1eadt s\u01b0 t\u1ea1i Corporate Counsels \u0111\u1eb7c bi\u1ec7t c\u00f3 v\u1ecb th\u1ebf t\u1ed1t \u0111\u1ec3 tr\u1edf th\u00e0nh th\u01b0 k\u00fd c\u1ee7a c\u00f4ng ty, v\u00ec ch\u00fang t\u00f4i \u0111\u01b0\u1ee3c trang b\u1ecb ki\u1ebfn \u200b\u200bth\u1ee9c chuy\u00ean s\u00e2u v\u1ec1 lu\u1eadt doanh nghi\u1ec7p v\u00e0 ch\u1ee9ng kho\u00e1n, c\u00f9ng v\u1edbi k\u1ef9 n\u0103ng giao ti\u1ebfp \u0111\u00e1ng ch\u00fa \u00fd, tr\u1ef1c gi\u00e1c v\u00e0 ch\u00fa \u00fd \u0111\u1ebfn t\u1eebng chi ti\u1ebft.<\/p>\n<p>Do \u0111\u00f3, m\u1eb7c d\u00f9 n\u0103ng l\u1ef1c k\u1ef9 thu\u1eadt c\u1ee7a ch\u00fang t\u00f4i \u0111\u1ea3m b\u1ea3o r\u1eb1ng ch\u00fang t\u00f4i \u0111\u01b0a ra nh\u1eefng c\u1ed1 v\u1ea5n mang t\u00ednh x\u00e2y d\u1ef1ng, nh\u01b0ng n\u0103ng khi\u1ebfu gi\u1eefa c\u00e1c c\u00e1 nh\u00e2n c\u1ee7a ch\u00fang t\u00f4i cho ch\u00fang t\u00f4i kh\u1ea3 n\u0103ng h\u00ecnh th\u00e0nh m\u1ed1i li\u00ean h\u1ec7 hi\u1ec7u qu\u1ea3 v\u1edbi c\u00e1c gi\u00e1m \u0111\u1ed1c, ph\u00e1t hi\u1ec7n nh\u1eefng b\u1ea5t c\u1eadp trong t\u1ed5 ch\u1ee9c c\u0169ng nh\u01b0 nh\u1eefng r\u1ee7i ro s\u1eafp x\u1ea3y ra v\u00e0 h\u1ed7 tr\u1ee3 h\u1ed9i \u0111\u1ed3ng qu\u1ea3n tr\u1ecb trong vi\u1ec7c duy tr\u00ec ho\u1ea1t \u0111\u1ed9ng c\u1ee7a c\u00f4ng ty.<\/p>\n<p>V\u00ec c\u00e1ch c\u01b0 x\u1eed kh\u00e9o l\u00e9o l\u00e0 m\u1ed9t th\u00f4ng l\u1ec7 \u0111\u01b0\u1ee3c nh\u1ea5n m\u1ea1nh nhi\u1ec1u t\u1ea1i Corporate Counsel, c\u00e1c lu\u1eadt s\u01b0 c\u1ee7a ch\u00fang t\u00f4i s\u1eb5n s\u00e0ng l\u00e0m trung gian h\u00f2a gi\u1ea3i gi\u1eefa c\u00e1c t\u1ed5 ch\u1ee9c c\u00f4ng ty, t\u1ed5 ch\u1ee9c v\u00e0 ti\u1ebfn h\u00e0nh c\u00e1c cu\u1ed9c h\u1ecdp c\u1ed5 \u0111\u00f4ng, \u0111\u1ed3ng th\u1eddi t\u01b0 v\u1ea5n cho h\u1ed9i \u0111\u1ed3ng qu\u1ea3n tr\u1ecb v\u1ec1 c\u00e1c v\u1ea5n \u0111\u1ec1 ph\u00e1p l\u00fd quan tr\u1ecdng c\u1ee7a c\u00f4ng ty.<\/p>\n<p>Ngo\u00e0i vi\u1ec7c \u0111\u00f3ng g\u00f3p v\u00e0o qu\u1ea3n tr\u1ecb c\u00f4ng ty, c\u00e1c lu\u1eadt s\u01b0 c\u1ee7a ch\u00fang t\u00f4i c\u00f2n chu\u1ea9n b\u1ecb \u0111\u1ec3 ph\u1ee5 tr\u00e1ch c\u00f4ng vi\u1ec7c tu\u00e2n th\u1ee7.<\/p>\n<p>Quen thu\u1ed9c v\u1edbi lu\u1eadt c\u00f4ng ty Vi\u1ec7t Nam c\u0169ng nh\u01b0 c\u00e1c v\u1ea5n \u0111\u1ec1 kinh doanh xuy\u00ean bi\u00ean gi\u1edbi, ch\u00fang t\u00f4i c\u00f3 nhi\u1ec1u kinh nghi\u1ec7m gi\u00fap c\u00e1c c\u00f4ng ty gi\u1ea3i quy\u1ebft c\u00e1c y\u00eau c\u1ea7u ph\u00e1p l\u00fd. C\u00f3 ph\u01b0\u01a1ng ph\u00e1p nh\u01b0ng lu\u00f4n \u0111\u1ed5i m\u1edbi n\u1ebfu c\u1ea7n, Lu\u1eadt s\u01b0 t\u01b0 v\u1ea5n doanh nghi\u1ec7p t\u1ea1o th\u00e0nh b\u1ed9 k\u1ef9 n\u0103ng v\u00e0 ph\u1ea9m ch\u1ea5t quan tr\u1ecdng \u0111\u1ec3 tr\u1edf th\u00e0nh th\u01b0 k\u00fd c\u00f4ng ty c\u1ee7a b\u1ea1n.<\/p>\n<h2>\u0110\u1ea7u t\u01b0 ESG<\/h2>\n<p>Khi ki\u1ebfn \u200b\u200bth\u1ee9c v\u1ec1 bi\u1ebfn \u0111\u1ed5i kh\u00ed h\u1eadu, quy\u1ec1n con ng\u01b0\u1eddi v\u00e0 c\u00e1c ch\u1ee7 \u0111\u1ec1 kh\u00e1c v\u1ec1 ho\u1ea1t \u0111\u1ed9ng x\u00e3 h\u1ed9i tr\u1edf th\u00e0nh h\u00e0ng \u0111\u1ea7u trong cu\u1ed9c tr\u00f2 chuy\u1ec7n, nhu c\u1ea7u \u0111\u1ea7u t\u01b0 b\u1ec1n v\u1eefng ng\u00e0y c\u00e0ng t\u0103ng gi\u1eefa c\u00e1c b\u00ean li\u00ean quan.<\/p>\n<p>V\u00ec v\u1eady, th\u1ebf k\u1ef7 21 \u0111\u00e3 v\u00e0 \u0111ang ch\u1ee9ng ki\u1ebfn \u200b\u200bm\u1ed9t phong tr\u00e0o to\u00e0n c\u1ea7u m\u1ea1nh m\u1ebd cho c\u00e1c doanh nghi\u1ec7p nh\u1eb1m th\u00eam v\u00e0o c\u00e1c m\u1ee5c ti\u00eau c\u1ee7a c\u00f4ng ty m\u1ed9t m\u1ee5c ti\u00eau m\u1edbi &#8211; t\u1ea1o t\u00e1c \u0111\u1ed9ng t\u00edch c\u1ef1c \u0111\u1ebfn c\u1ed9ng \u0111\u1ed3ng v\u00e0 m\u00f4i tr\u01b0\u1eddng.<\/p>\n<p>C\u00e1c t\u1ed5 ch\u1ee9c t\u00e0i ch\u00ednh \u0111\u01b0\u1ee3c th\u00fac \u0111\u1ea9y \u0111\u1ec3 ph\u00e1t tri\u1ec3n v\u00e0 l\u00e0m phong ph\u00fa th\u00eam danh m\u1ee5c \u0111\u1ea7u t\u01b0 v\u00e0 c\u00e1c d\u1ecbch v\u1ee5 ESG (M\u00f4i tr\u01b0\u1eddng, X\u00e3 h\u1ed9i v\u00e0 Qu\u1ea3n tr\u1ecb) c\u1ee7a h\u1ecd. M\u1eb7c d\u00f9 ESG l\u00e0 m\u1ed9t v\u1ea5n \u0111\u1ec1 t\u01b0\u01a1ng \u0111\u1ed1i m\u1edbi \u1edf Vi\u1ec7t Nam, \u0111\u1ed9ng l\u1ef1c th\u00fac \u0111\u1ea9y c\u00e1c h\u00e0nh \u0111\u1ed9ng c\u1ee7a doanh nghi\u1ec7p c\u00f3 tr\u00e1ch nhi\u1ec7m v\u1edbi x\u00e3 h\u1ed9i \u0111ang chi\u1ebfm l\u0129nh th\u1ecb tr\u01b0\u1eddng to\u00e0n c\u1ea7u v\u1edbi t\u1ed1c \u0111\u1ed9 nhanh h\u01a1n bao gi\u1edd h\u1ebft.<\/p>\n<p>T\u1eebng l\u00e0m vi\u1ec7c v\u1edbi c\u00e1c c\u00f4ng ty \u0111a qu\u1ed1c gia c\u00f3 m\u1ee5c ti\u00eau bao g\u1ed3m t\u00ednh b\u1ec1n v\u1eefng, c\u00e1c lu\u1eadt s\u01b0 t\u1ea1i Corporate Counsel \u0111\u00e3 ti\u1ebfp x\u00fac v\u1edbi b\u1ed1i c\u1ea3nh ph\u00e1p l\u00fd c\u1ee7a ESG trong qu\u1ea3n tr\u1ecb c\u00f4ng ty. Nh\u1eadn th\u1ee9c \u0111\u01b0\u1ee3c r\u1eb1ng tr\u1ecdng t\u00e2m c\u1ee7a ESG kh\u00f4ng ph\u1ea3i l\u00e0 kh\u00f4ng c\u00f3 c\u00e1c v\u1ea5n \u0111\u1ec1 ph\u00e1p l\u00fd, ch\u00fang t\u00f4i mu\u1ed1n gi\u00fap c\u00e1c doanh nghi\u1ec7p qu\u1ea3n l\u00fd r\u1ee7i ro hi\u1ec7u qu\u1ea3 h\u01a1n trong khi v\u1eabn c\u1ea1nh tranh v\u00e0 c\u00f3 tr\u00e1ch nhi\u1ec7m v\u1edbi x\u00e3 h\u1ed9i.<\/p>\n<p>Nh\u1eefng n\u0103m t\u00edch l\u0169y c\u1ee7a c\u00e1c lu\u1eadt s\u01b0 c\u1ee7a ch\u00fang t\u00f4i v\u1edbi t\u01b0 c\u00e1ch l\u00e0 c\u1ed1 v\u1ea5n ph\u00e1p l\u00fd doanh nghi\u1ec7p \u0111\u00e3 cho ch\u00fang t\u00f4i m\u1ed9t con m\u1eaft c\u1ef1c k\u1ef3 nh\u1ea1y b\u00e9n khi ph\u00e2n t\u00edch ch\u00e9o c\u00e1c quy\u1ebft \u0111\u1ecbnh t\u00e0i ch\u00ednh v\u1edbi c\u00e1c y\u00eau c\u1ea7u ph\u00e1p l\u00fd.<\/p>\n<p>V\u00ec ESG bao g\u1ed3m v\u00f4 s\u1ed1 v\u1ea5n \u0111\u1ec1 li\u00ean quan \u0111\u1ebfn m\u00f4i tr\u01b0\u1eddng, ph\u00fac l\u1ee3i c\u1ed9ng \u0111\u1ed3ng v\u00e0 t\u00ednh minh b\u1ea1ch trong qu\u1ea3n tr\u1ecb c\u00f4ng ty, n\u00ean b\u01b0\u1edbc \u0111\u1ea7u ti\u00ean c\u1ee7a v\u1edbi t\u01b0 c\u00e1ch l\u00e0 <a href=\"https:\/\/corporatecounsels.vn\/vi\/\">lu\u1eadt s\u01b0 t\u01b0 v\u1ea5n lu\u1eadt doanh nghi\u1ec7p<\/a> c\u1ee7a b\u1ea1n l\u00e0 \u0111i\u1ec1u tra c\u00e1c ch\u1ee7 \u0111\u1ec1 v\u00e0 \u00fd \u0111\u1ecbnh c\u1ee5 th\u1ec3 c\u1ee7a b\u1ea1n.<\/p>\n<p>Ch\u1ec9 khi \u0111\u00f3, ch\u00fang t\u00f4i m\u1edbi c\u00f3 th\u1ec3 \u0111\u01b0a ra ch\u01b0\u01a1ng tr\u00ecnh qu\u1ea3n l\u00fd r\u1ee7i ro c\u00f3 gi\u00e1 tr\u1ecb nh\u1ea5t ph\u00f9 h\u1ee3p v\u1edbi h\u1ed3 s\u01a1 c\u00f4ng ty c\u1ee7a b\u1ea1n.<\/p>\n<p>Ngo\u00e0i ra, ch\u00fang t\u00f4i c\u0169ng cung c\u1ea5p c\u00e1c d\u1ecbch v\u1ee5 qu\u1ea3n tr\u1ecb c\u00f4ng ty c\u1ee7a m\u00ecnh cho c\u00e1c c\u00f4ng ty n\u01b0\u1edbc ngo\u00e0i v\u1edbi hy v\u1ecdng ti\u1ebfp c\u1eadn th\u1ecb tr\u01b0\u1eddng Vi\u1ec7t Nam v\u00e0 \u0111\u1ea3m b\u1ea3o ho\u1ea1t \u0111\u1ed9ng c\u1ee7a b\u1ea1n tu\u00e2n th\u1ee7 c\u00e1c quy \u0111\u1ecbnh ESG qu\u1ed1c gia.<\/p>\n<p>S\u1ef1 hi\u1ec3u bi\u1ebft c\u1ee7a ch\u00fang t\u00f4i v\u1ec1 ng\u00e0nh t\u00e0i ch\u00ednh v\u00e0 \u0111\u1ed9ng l\u1ef1c ph\u00e1t tri\u1ec3n b\u1ec1n v\u1eefng c\u1ee7a n\u00f3, c\u00f9ng v\u1edbi s\u1ef1 th\u00f4ng th\u1ea1o lu\u1eadt Vi\u1ec7t Nam c\u1ee7a ch\u00fang t\u00f4i, khi\u1ebfn ch\u00fang t\u00f4i tr\u1edf th\u00e0nh ng\u01b0\u1eddi b\u1ea1n \u0111\u1ed3ng h\u00e0nh l\u00fd t\u01b0\u1edfng cho b\u1ea5t k\u1ef3 c\u00f4ng ty n\u00e0o mu\u1ed1n th\u1ef1c hi\u1ec7n c\u00e1c cam k\u1ebft ESG c\u1ee7a h\u1ecd.<\/p>\n","protected":false},"excerpt":{"rendered":"<p>Lorem ipsum dolor sit amet, consectetur adipiscing elit, sed do eiusmod tempor ut labore et dolore magna aliqua.<\/p>\n","protected":false},"author":41,"featured_media":83654,"parent":83345,"menu_order":7,"comment_status":"closed","ping_status":"closed","template":"page-practices.php","meta":[],"_links":{"self":[{"href":"https:\/\/corporatecounsels.vn\/vi\/wp-json\/wp\/v2\/pages\/83365"}],"collection":[{"href":"https:\/\/corporatecounsels.vn\/vi\/wp-json\/wp\/v2\/pages"}],"about":[{"href":"https:\/\/corporatecounsels.vn\/vi\/wp-json\/wp\/v2\/types\/page"}],"author":[{"embeddable":true,"href":"https:\/\/corporatecounsels.vn\/vi\/wp-json\/wp\/v2\/users\/41"}],"replies":[{"embeddable":true,"href":"https:\/\/corporatecounsels.vn\/vi\/wp-json\/wp\/v2\/comments?post=83365"}],"version-history":[{"count":3,"href":"https:\/\/corporatecounsels.vn\/vi\/wp-json\/wp\/v2\/pages\/83365\/revisions"}],"predecessor-version":[{"id":84363,"href":"https:\/\/corporatecounsels.vn\/vi\/wp-json\/wp\/v2\/pages\/83365\/revisions\/84363"}],"up":[{"embeddable":true,"href":"https:\/\/corporatecounsels.vn\/vi\/wp-json\/wp\/v2\/pages\/83345"}],"wp:featuredmedia":[{"embeddable":true,"href":"https:\/\/corporatecounsels.vn\/vi\/wp-json\/wp\/v2\/media\/83654"}],"wp:attachment":[{"href":"https:\/\/corporatecounsels.vn\/vi\/wp-json\/wp\/v2\/media?parent=83365"}],"curies":[{"name":"wp","href":"https:\/\/api.w.org\/{rel}","templated":true}]}}