{"id":83363,"date":"2021-11-11T11:58:26","date_gmt":"2021-11-11T04:58:26","guid":{"rendered":"https:\/\/corporatecounsels.vn\/?page_id=83363"},"modified":"2022-12-28T14:54:02","modified_gmt":"2022-12-28T07:54:02","slug":"dau-tu-nuoc-ngoai","status":"publish","type":"page","link":"https:\/\/corporatecounsels.vn\/vi\/practices\/dau-tu-nuoc-ngoai\/","title":{"rendered":"\u0110\u1ea7u t\u01b0 n\u01b0\u1edbc ngo\u00e0i"},"content":{"rendered":"<p>Do Vi\u1ec7t Nam \u0111ang tr\u1edf th\u00e0nh m\u1ed9t trung t\u00e2m kinh t\u1ebf ng\u00e0y c\u00e0ng h\u1ea5p d\u1eabn \u0111\u1ed1i v\u1edbi c\u00e1c nh\u00e0 \u0111\u1ea7u t\u01b0 qu\u1ed1c t\u1ebf, d\u00f2ng v\u1ed1n \u0111\u1ea7u t\u01b0 n\u01b0\u1edbc ngo\u00e0i \u0111ang ti\u1ebfp t\u1ee5c th\u00fac \u0111\u1ea9y c\u00e1c ho\u1ea1t \u0111\u1ed9ng th\u01b0\u01a1ng m\u1ea1i trong n\u01b0\u1edbc.<\/p>\n<p>V\u1edbi m\u1ee5c ti\u00eau trao quy\u1ec1n cho c\u00e1c nh\u00e0 \u0111\u1ea7u t\u01b0 l\u00e0m gi\u00e0u v\u00e0 t\u1eadn d\u1ee5ng n\u1ec1n kinh t\u1ebf m\u1edbi n\u1ed5i, Lu\u1eadt s\u01b0 Doanh nghi\u1ec7p d\u00e0nh m\u1ed9t ph\u1ea7n \u0111\u00e1ng k\u1ec3 ngu\u1ed3n l\u1ef1c c\u1ee7a m\u00ecnh \u0111\u1ec3 cung c\u1ea5p c\u00e1c d\u1ecbch v\u1ee5 lu\u1eadt cho vay n\u01b0\u1edbc ngo\u00e0i v\u00e0 gi\u00fap c\u00e1c t\u1ed5 ch\u1ee9c n\u01b0\u1edbc ngo\u00e0i mu\u1ed1n chuy\u1ec3n v\u1ed1n v\u00e0o th\u1ecb tr\u01b0\u1eddng trong n\u01b0\u1edbc.<\/p>\n<p>Khi l\u00e0m nh\u01b0 v\u1eady, ch\u00fang t\u00f4i mong mu\u1ed1n b\u1ea3o v\u1ec7 quy\u1ec1n l\u1ee3i c\u1ee7a kh\u00e1ch h\u00e0ng \u0111\u1ed3ng th\u1eddi \u0111\u00f3ng g\u00f3p v\u00e0o s\u1ef1 ph\u00e1t tri\u1ec3n c\u1ee7a to\u00e0n c\u1ea7u h\u00f3a \u1edf Vi\u1ec7t Nam.<\/p>\n<p>Lu\u1eadt \u0111\u1ea7u t\u01b0 n\u01b0\u1edbc ngo\u00e0i t\u1ea1i Vi\u1ec7t Nam \u0111\u01b0\u1ee3c thi\u1ebft k\u1ebf \u0111\u1ec3 h\u1ebft s\u1ee9c ch\u00e0o \u0111\u00f3n c\u00e1c t\u1ed5 ch\u1ee9c n\u01b0\u1edbc ngo\u00e0i.<\/p>\n<p>Ngo\u1ea1i tr\u1eeb t\u00e1m l\u0129nh v\u1ef1c, c\u00e1c nh\u00e0 \u0111\u1ea7u t\u01b0 n\u01b0\u1edbc ngo\u00e0i th\u01b0\u1eddng \u0111\u1ee7 \u0111i\u1ec1u ki\u1ec7n tham gia v\u00e0o h\u1ea7u h\u1ebft c\u00e1c l\u0129nh v\u1ef1c kinh doanh h\u1ee3p ph\u00e1p v\u1edbi c\u00e1c gi\u1ea5y ph\u00e9p ph\u00f9 h\u1ee3p.<\/p>\n<p>H\u1ecd c\u0169ng ph\u1ea3i tu\u00e2n th\u1ee7 c\u00e1c quy \u0111\u1ecbnh qu\u1ed1c gia v\u1ec1 ng\u01b0\u1ee1ng t\u1ef7 l\u1ec7 s\u1edf h\u1eefu, h\u00ecnh th\u1ee9c \u0111\u1ea7u t\u01b0, ph\u1ea1m vi ho\u1ea1t \u0111\u1ed9ng kinh doanh v\u00e0 c\u00e1c \u0111i\u1ec1u ki\u1ec7n kh\u00e1c li\u00ean quan \u0111\u1ebfn an ninh qu\u1ed1c gia v\u00e0 an to\u00e0n x\u00e3 h\u1ed9i.<\/p>\n<p>C\u00e1c lu\u1eadt s\u01b0 cho vay n\u01b0\u1edbc ngo\u00e0i d\u00e0y d\u1ea1n kinh nghi\u1ec7m t\u1ea1i Corporate Counsel l\u00e0 nh\u1eefng b\u1eadc th\u1ea7y v\u1ec1 lu\u1eadt v\u00e0 th\u1ee7 t\u1ee5c \u0111\u1ea7u t\u01b0 n\u01b0\u1edbc ngo\u00e0i, v\u00ec ch\u00fang t\u00f4i \u0111\u00e3 \u0111\u01b0\u1ee3c \u1ee7y th\u00e1c v\u1edbi m\u1ed9t s\u1ed1 d\u1ef1 \u00e1n \u0111\u1ea7u t\u01b0 n\u01b0\u1edbc ngo\u00e0i quan tr\u1ecdng.<\/p>\n<p>Kh\u00e1ch h\u00e0ng c\u1ee7a ch\u00fang t\u00f4i t\u1eadn h\u01b0\u1edfng nh\u1eefng \u0111\u1eb7c t\u00ednh c\u00f4ng vi\u1ec7c kh\u00f3 t\u00ednh v\u00e0 s\u1ef1 t\u01b0 v\u1ea5n tinh vi c\u1ee7a ch\u00fang t\u00f4i, gi\u00fap gi\u1ea3m b\u1edbt nhi\u1ec1u c\u0103ng th\u1eb3ng t\u1eeb \u0111\u00f4i vai c\u1ee7a h\u1ecd.<\/p>\n<p>T\u1ef7 l\u1ec7 th\u00e0nh c\u00f4ng li\u00ean t\u1ee5c cao c\u1ee7a ch\u00fang t\u00f4i c\u00e0ng kh\u1eb3ng \u0111\u1ecbnh v\u1ecb th\u1ebf c\u1ee7a ch\u00fang t\u00f4i l\u00e0 m\u1ed9t trong nh\u1eefng c\u00f4ng ty lu\u1eadt cho vay n\u01b0\u1edbc ngo\u00e0i h\u00e0ng \u0111\u1ea7u t\u1ea1i Vi\u1ec7t Nam.<\/p>\n<h2>T\u01b0 v\u1ea5n T\u00e1i c\u1ea5u tr\u00fac &amp; T\u00e1i c\u1ea5u tr\u00fac<\/h2>\n<p>\u0110\u1ed5i m\u1edbi l\u00e0 ch\u00eca kh\u00f3a th\u00e0nh c\u00f4ng. M\u1ecdi doanh nghi\u1ec7p \u0111\u00e3 th\u00e0nh l\u1eadp cu\u1ed1i c\u00f9ng \u0111\u1ec1u nh\u1eadn th\u1ea5y m\u00ecnh c\u1ea7n ph\u1ea3i chuy\u1ec3n \u0111\u1ed5i \u0111\u1ec3 c\u1ee7ng c\u1ed1 ho\u1eb7c kh\u00f4i ph\u1ee5c v\u1ecb th\u1ebf c\u1ee7a m\u00ecnh tr\u00ean th\u1ecb tr\u01b0\u1eddng.<\/p>\n<p>M\u1eb7t kh\u00e1c, c\u00e1c doanh nghi\u1ec7p non tr\u1ebb n\u00ean kh\u1edfi \u0111\u1ed9ng t\u1eeb m\u1ed9t n\u1ec1n t\u1ea3ng t\u1ed1i \u01b0u \u0111\u1ec3 \u0111\u1ea3m b\u1ea3o thu\u1eadn bu\u1ed3m xu\u00f4i gi\u00f3. Khi n\u00f3i \u0111\u1ebfn s\u1ef1 t\u1ed3n t\u1ea1i c\u1ee7a doanh nghi\u1ec7p, vi\u1ec7c c\u1ea5u tr\u00fac v\u00e0 t\u00e1i c\u1ea5u tr\u00fac l\u00e0 \u0111i\u1ec1u c\u1ea7n thi\u1ebft.<\/p>\n<p>V\u00ec t\u1ea7m quan tr\u1ecdng phong ph\u00fa c\u1ee7a n\u00f3, vi\u1ec7c c\u1ea5u tr\u00fac doanh nghi\u1ec7p \u0111\u00f2i h\u1ecfi m\u1ee9c \u0111\u1ed9 gi\u00e1m s\u00e1t ch\u1eb7t ch\u1ebd nh\u1ea5t.<\/p>\n<p>C\u00e1c doanh nghi\u1ec7p c\u0169ng nh\u01b0 c\u00e1c doanh nghi\u1ec7p v\u1eeba v\u00e0 nh\u1ecf ph\u1ea3i xem x\u00e9t m\u1ed9t b\u1ee9c tranh r\u1ed9ng l\u1edbn bao g\u1ed3m ph\u00e1p l\u00fd, t\u00e0i ch\u00ednh, ho\u1ea1t \u0111\u1ed9ng v\u00e0 c\u00e1c b\u1ed9 ph\u1eadn kh\u00e1c c\u1ee7a doanh nghi\u1ec7p v\u00e0 v\u1ebd l\u1ea1i n\u00f3.<\/p>\n<p>C\u00e1c lu\u1eadt s\u01b0 cho vay n\u01b0\u1edbc ngo\u00e0i t\u1ea1i Corporate Counsel c\u00f3 kinh nghi\u1ec7m \u0111\u1ed9c \u0111\u00e1o trong l\u0129nh v\u1ef1c n\u00e0y, v\u00ec ch\u00fang t\u00f4i \u0111\u00e3 \u0111\u01b0\u1ee3c \u0111\u00e0o t\u1ea1o chuy\u00ean ng\u00e0nh \u0111\u1ec3 tr\u1edf th\u00e0nh c\u00e1c chuy\u00ean gia ph\u00e1p l\u00fd v\u00e0 t\u00e0i ch\u00ednh.<\/p>\n<p>Kinh nghi\u1ec7m t\u1eadp th\u1ec3 c\u1ee7a ch\u00fang t\u00f4i t\u01b0 v\u1ea5n cho c\u00e1c c\u00f4ng ty l\u1edbn v\u00e0 nh\u1ecf v\u1ec1 c\u1ea5u tr\u00fac v\u00e0 t\u00e1i c\u1ea5u tr\u00fac ch\u1ec9 nh\u1eb1m b\u1ed5 sung ki\u1ebfn \u200b\u200bth\u1ee9c k\u1ef9 thu\u1eadt chuy\u00ean s\u00e2u c\u1ee7a ch\u00fang t\u00f4i v\u1ec1 c\u00e1c quy \u0111\u1ecbnh qu\u1ed1c gia, gi\u00fap ch\u00fang t\u00f4i tr\u1edf th\u00e0nh m\u1ed9t trong nh\u1eefng c\u1ed1 v\u1ea5n ph\u00e1p l\u00fd \u0111\u00e1ng tin c\u1eady nh\u1ea5t trong l\u0129nh v\u1ef1c n\u00e0y.<\/p>\n<p>C\u00f3 kh\u1ea3 n\u0103ng l\u00e0m vi\u1ec7c v\u1edbi nhi\u1ec1u ch\u1ee7 tr\u01b0\u01a1ng t\u00e1i c\u1ea5u tr\u00fac v\u00e0 t\u00e1i c\u1ea5u tr\u00fac doanh nghi\u1ec7p trong c\u00e1c ng\u00e0nh kh\u00e1c nhau, \u0111\u1ed9i ng\u0169 lu\u1eadt s\u01b0 \u0111\u1ea7u t\u01b0 n\u01b0\u1edbc ngo\u00e0i t\u1ea1i Corporate Counsel \u0111\u00e3 \u0111\u01b0\u1ee3c bi\u1ebft \u0111\u1ebfn \u0111\u1ec3 \u0111i\u1ec1u ch\u1ec9nh l\u1eddi khuy\u00ean c\u1ee7a ch\u00fang t\u00f4i cho c\u00e1c m\u1ee5c ti\u00eau c\u1ee5 th\u1ec3 c\u1ee7a kh\u00e1ch h\u00e0ng, b\u1ea5t k\u1ec3 th\u00e1ch th\u1ee9c v\u00e0 hi\u1ec7u qu\u1ea3 v\u1edbi th\u1ee7 t\u1ee5c gi\u1ea5y t\u1edd v\u00e0 b\u1ea5t k\u1ef3 c\u00e2n nh\u1eafc ph\u00e1p l\u00fd n\u00e0o.<\/p>\n<h2>C\u1ea5p ph\u00e9p \u0111\u1ea7u t\u01b0<\/h2>\n<p>\u0110\u1ea7u t\u01b0 n\u01b0\u1edbc ngo\u00e0i v\u00e0o Vi\u1ec7t Nam nh\u00ecn chung \u0111\u01b0\u1ee3c ch\u00ednh ph\u1ee7 v\u00e0 c\u00e1c doanh nghi\u1ec7p Vi\u1ec7t Nam hoan ngh\u00eanh v\u00ec c\u00e0ng nhi\u1ec1u v\u1ed1n s\u1ebd t\u1ea1o ra nhi\u1ec1u c\u01a1 h\u1ed9i v\u00e0 t\u0103ng tr\u01b0\u1edfng.<\/p>\n<p>\u0110\u1ec3 t\u1ea1o \u0111i\u1ec1u ki\u1ec7n thu\u1eadn l\u1ee3i cho qu\u00e1 tr\u00ecnh c\u1ea5p ph\u00e9p cho ng\u01b0\u1eddi n\u01b0\u1edbc ngo\u00e0i, Lu\u1eadt s\u01b0 Doanh nghi\u1ec7p khuy\u1ebfn kh\u00edch c\u00e1c nh\u00e0 \u0111\u1ea7u t\u01b0 c\u00f3 tham v\u1ecdng th\u1ea3o lu\u1eadn v\u1edbi ch\u00fang t\u00f4i v\u1ec1 c\u00e1c d\u1ef1 \u00e1n \u0111\u1ea7u t\u01b0 c\u1ee7a b\u1ea1n v\u00e0 \u0111\u1ec3 ch\u00fang t\u00f4i h\u1ed7 tr\u1ee3 b\u1ea1n v\u1edbi b\u1ea5t k\u1ef3 nhu c\u1ea7u th\u1ee7 t\u1ee5c n\u00e0o.<\/p>\n<p><a href=\"https:\/\/corporatecounsels.vn\/vi\/\">Lu\u1eadt s\u01b0 Doanh nghi\u1ec7p<\/a> &#8211; Corporate Counsel \u0111\u00e3 c\u00f3 nhi\u1ec1u c\u01a1 h\u1ed9i \u0111\u1ec3 gi\u00fap c\u00e1c nh\u00e0 \u0111\u1ea7u t\u01b0 n\u01b0\u1edbc ngo\u00e0i chu\u1ea9n b\u1ecb h\u1ed3 s\u01a1 ph\u00e1p l\u00fd li\u00ean quan \u0111\u1ebfn vi\u1ec7c lu\u00e2n chuy\u1ec3n v\u1ed1n qu\u1ed1c t\u1ebf v\u00e0o c\u00e1c \u0111\u01a1n v\u1ecb thu\u1ed9c th\u1ea9m quy\u1ec1n c\u1ee7a Vi\u1ec7t Nam.<\/p>\n<p>C\u00e1c lu\u1eadt s\u01b0 \u0111\u1ea7u t\u01b0 n\u01b0\u1edbc ngo\u00e0i c\u1ee7a ch\u00fang t\u00f4i th\u00f4ng th\u1ea1o c\u00e1c \u0111i\u1ec1u ki\u1ec7n, ngo\u1ea1i l\u1ec7 v\u00e0 y\u00eau c\u1ea7u \u0111\u01b0\u1ee3c quy \u0111\u1ecbnh b\u1edfi lu\u1eadt \u0111\u1ea7u t\u01b0 n\u01b0\u1edbc ngo\u00e0i c\u1ee7a qu\u1ed1c gia v\u00e0 c\u00e1c hi\u1ec7p \u01b0\u1edbc \u0111a qu\u1ed1c gia.<\/p>\n<p>S\u1ef1 th\u00e0nh th\u1ee5c v\u1ec1 chuy\u00ean m\u00f4n c\u1ee7a ch\u00fang t\u00f4i cho ph\u00e9p ch\u00fang t\u00f4i nhanh ch\u00f3ng x\u00e1c \u0111\u1ecbnh \u00fd \u0111\u1ecbnh c\u1ee7a kh\u00e1ch h\u00e0ng, \u0111i\u1ec1u ch\u1ec9nh n\u00f3 \u0111\u1ec3 \u0111\u01b0a ra c\u00e1c gi\u1ea3i ph\u00e1p h\u1ee3p ph\u00e1p, hi\u1ec7u qu\u1ea3 v\u1ec1 chi ph\u00ed v\u00e0 si\u00eang n\u0103ng tu\u00e2n theo b\u1ea5t k\u1ef3 y\u00eau c\u1ea7u c\u1ea5p d\u01b0\u1edbi n\u00e0o c\u1ee7a c\u01a1 quan c\u00f3 th\u1ea9m quy\u1ec1n.<\/p>\n<p>Trong su\u1ed1t qu\u00e1 tr\u00ecnh, ch\u00fang t\u00f4i duy tr\u00ec s\u1ef1 r\u00f5 r\u00e0ng v\u00e0 nh\u1ea5t qu\u00e1n trong giao ti\u1ebfp \u0111\u1ec3 \u0111\u00e1p \u1ee9ng t\u1ed1t nh\u1ea5t nhu c\u1ea7u ng\u00e0y c\u00e0ng t\u0103ng c\u1ee7a kh\u00e1ch h\u00e0ng.<\/p>\n","protected":false},"excerpt":{"rendered":"<p>Lorem ipsum dolor sit amet, consectetur adipiscing elit, sed do eiusmod tempor ut labore et dolore magna aliqua.<\/p>\n","protected":false},"author":41,"featured_media":83636,"parent":83345,"menu_order":5,"comment_status":"closed","ping_status":"closed","template":"page-practices.php","meta":[],"_links":{"self":[{"href":"https:\/\/corporatecounsels.vn\/vi\/wp-json\/wp\/v2\/pages\/83363"}],"collection":[{"href":"https:\/\/corporatecounsels.vn\/vi\/wp-json\/wp\/v2\/pages"}],"about":[{"href":"https:\/\/corporatecounsels.vn\/vi\/wp-json\/wp\/v2\/types\/page"}],"author":[{"embeddable":true,"href":"https:\/\/corporatecounsels.vn\/vi\/wp-json\/wp\/v2\/users\/41"}],"replies":[{"embeddable":true,"href":"https:\/\/corporatecounsels.vn\/vi\/wp-json\/wp\/v2\/comments?post=83363"}],"version-history":[{"count":4,"href":"https:\/\/corporatecounsels.vn\/vi\/wp-json\/wp\/v2\/pages\/83363\/revisions"}],"predecessor-version":[{"id":84378,"href":"https:\/\/corporatecounsels.vn\/vi\/wp-json\/wp\/v2\/pages\/83363\/revisions\/84378"}],"up":[{"embeddable":true,"href":"https:\/\/corporatecounsels.vn\/vi\/wp-json\/wp\/v2\/pages\/83345"}],"wp:featuredmedia":[{"embeddable":true,"href":"https:\/\/corporatecounsels.vn\/vi\/wp-json\/wp\/v2\/media\/83636"}],"wp:attachment":[{"href":"https:\/\/corporatecounsels.vn\/vi\/wp-json\/wp\/v2\/media?parent=83363"}],"curies":[{"name":"wp","href":"https:\/\/api.w.org\/{rel}","templated":true}]}}