{"id":83361,"date":"2021-11-11T11:55:50","date_gmt":"2021-11-11T04:55:50","guid":{"rendered":"https:\/\/corporatecounsels.vn\/?page_id=83361"},"modified":"2022-12-28T14:49:52","modified_gmt":"2022-12-28T07:49:52","slug":"luat-tai-chinh-ngan-hang","status":"publish","type":"page","link":"https:\/\/corporatecounsels.vn\/vi\/practices\/luat-tai-chinh-ngan-hang\/","title":{"rendered":"Lu\u1eadt T\u00e0i Ch\u00ednh Ng\u00e2n H\u00e0ng"},"content":{"rendered":"<p>T\u00e0i ch\u00ednh l\u00e0 m\u1ed9t b\u1ed9 ph\u1eadn quan tr\u1ecdng c\u1ee7a t\u1ea5t c\u1ea3 c\u00e1c doanh nghi\u1ec7p: c\u00e1c c\u00f4ng ty l\u1edbn v\u00e0 nh\u1ecf \u0111\u1ec1u d\u1ef1a v\u00e0o c\u00e1c t\u1ed5 ch\u1ee9c t\u00e0i ch\u00ednh \u0111\u1ec3 ho\u1ea1t \u0111\u1ed9ng.<\/p>\n<p>Khi \u0111i vay ho\u1eb7c tham gia v\u00e0o c\u00e1c giao d\u1ecbch t\u00e0i ch\u00ednh v\u1edbi t\u01b0 c\u00e1ch l\u00e0 ng\u01b0\u1eddi cho vay, c\u00e1c doanh nghi\u1ec7p th\u01b0\u1eddng ph\u1ea3i v\u1eadt l\u1ed9n v\u1edbi m\u1ea1ng l\u01b0\u1edbi c\u00e1c quy \u0111\u1ecbnh ph\u1ee9c t\u1ea1p \u1edf c\u1ea5p qu\u1ed1c gia v\u00e0 qu\u1ed1c t\u1ebf.<\/p>\n<p>H\u01a1n n\u1eefa, m\u1ea3ng s\u1ea3n ph\u1ea9m v\u00e0 d\u1ecbch v\u1ee5 t\u00e0i ch\u00ednh ng\u00e0y c\u00e0ng ph\u00e1t tri\u1ec3n (t\u1eeb c\u00e1c l\u1ef1a ch\u1ecdn kho\u1ea3n vay \u0111a d\u1ea1ng \u0111\u1ebfn c\u00e1c gi\u1ea3i ph\u00e1p c\u00f4ng ngh\u1ec7 t\u00e0i ch\u00ednh) \u0111\u00f2i h\u1ecfi ph\u1ea3i nghi\u00ean c\u1ee9u k\u1ef9 l\u01b0\u1ee1ng v\u00e0 tu\u00e2n th\u1ee7 b\u1ed5 sung, \u0111i\u1ec1u n\u00e0y ti\u1ebfp t\u1ee5c \u0111\u1ed1t ch\u00e1y ngu\u1ed3n l\u1ef1c c\u1ee7a doanh nghi\u1ec7p v\u00e0 c\u1ea3n tr\u1edf ho\u1ea1t \u0111\u1ed9ng ch\u00ednh c\u1ee7a h\u1ecd.<\/p>\n<p>C\u00e1c lu\u1eadt s\u01b0 t\u00e0i ch\u00ednh ng\u00e2n h\u00e0ng c\u1ee7a Corporate Counsel \u0111\u00e3 h\u00e2n h\u1ea1nh h\u1ed7 tr\u1ee3 c\u00e1c doanh nghi\u1ec7p v\u1ec1 t\u1ea5t c\u1ea3 c\u00e1c kh\u00eda c\u1ea1nh ph\u00e1p l\u00fd c\u1ee7a t\u00e0i ch\u00ednh doanh nghi\u1ec7p: giao d\u1ecbch, b\u1ea3o hi\u1ec3m tr\u00e1ch nhi\u1ec7m, tu\u00e2n th\u1ee7 quy \u0111\u1ecbnh v\u00e0 nghi\u00ean c\u1ee9u v\u1ec1 c\u00e1c ho\u1ea1t \u0111\u1ed9ng ng\u00e2n h\u00e0ng v\u00e0 t\u00e0i ch\u00ednh \u0111ang ph\u00e1t tri\u1ec3n nhanh ch\u00f3ng.<\/p>\n<p>M\u1ed7i lu\u1eadt s\u01b0 t\u00e0i ch\u00ednh qu\u1ed1c t\u1ebf c\u1ee7a ch\u00fang t\u00f4i \u0111\u1ec1u c\u00f3 chuy\u00ean m\u00f4n cao v\u00e0 do \u0111\u00f3 c\u00f3 kinh nghi\u1ec7m v\u1edbi c\u00e1c t\u00e0i li\u1ec7u li\u00ean quan \u0111\u1ebfn m\u1ed9t lo\u1ea1i t\u00e0i ch\u00ednh c\u1ee5 th\u1ec3 thu\u1ed9c th\u1ea9m quy\u1ec1n c\u1ee7a Vi\u1ec7t Nam.<\/p>\n<p>D\u00f9 l\u00e0 ch\u1ee9ng kho\u00e1n h\u00f3a, \u0111\u0103ng k\u00fd kho\u1ea3n vay n\u01b0\u1edbc ngo\u00e0i ho\u1eb7c c\u00e1c l\u1ef1a ch\u1ecdn \u0111\u1ea7u t\u01b0, c\u00e1c lu\u1eadt s\u01b0 t\u00e0i ch\u00ednh c\u1ee7a ch\u00fang t\u00f4i lu\u00f4n s\u1eb5n s\u00e0ng xem x\u00e9t v\u00e0 qu\u1ea3n l\u00fd c\u00e1c giao d\u1ecbch \u1edf m\u1ecdi quy m\u00f4, trong ng\u00e0nh t\u00e0i ch\u00ednh v\u00e0 ng\u00e2n h\u00e0ng c\u00f3 nh\u1ecbp \u0111\u1ed9 nhanh v\u00e0 m\u1ea1nh m\u1ebd.<\/p>\n<h2>T\u01b0 v\u1ea5n T\u00e0i ch\u00ednh v\u00e0 Ng\u00e2n h\u00e0ng<\/h2>\n<p>C\u00e1c v\u1ea5n \u0111\u1ec1 t\u00e0i ch\u00ednh v\u00e0 ng\u00e2n h\u00e0ng l\u00e0 ph\u1ed5 bi\u1ebfn. Trong khi c\u00e1c c\u00e1 nh\u00e2n c\u00f3 th\u1ec3 b\u1ecb c\u00e1c t\u1ed5 ch\u1ee9c t\u00e0i ch\u00ednh cung c\u1ea5p th\u00f4ng tin sai v\u00e0 khi\u1ebfn qu\u1ef9 c\u1ee7a h\u1ecd b\u1ecb x\u00e2m ph\u1ea1m, c\u00e1c doanh nghi\u1ec7p c\u00f3 th\u1ec3 g\u1eb7p r\u1eafc r\u1ed1i trong vi\u1ec7c thu x\u1ebfp ch\u1ee9ng kho\u00e1n cho c\u00e1c qu\u1ef9 \u0111\u1ea7u t\u01b0.<\/p>\n<p>M\u1eb7t kh\u00e1c, c\u00e1c ng\u00e2n h\u00e0ng c\u00f3 th\u1ec3 g\u1eb7p kh\u00f3 kh\u0103n v\u1ec1 t\u00ednh h\u1ee3p ph\u00e1p c\u1ee7a c\u00e1c h\u1ee3p \u0111\u1ed3ng cho vay h\u1ee3p v\u1ed1n xuy\u00ean bi\u00ean gi\u1edbi. Hi\u1ec3u \u0111\u01b0\u1ee3c c\u00e1c v\u1ea5n \u0111\u1ec1 ph\u1ee9c t\u1ea1p xoay quanh c\u00e1c lu\u1eadt li\u00ean quan \u0111\u1ebfn t\u00e0i ch\u00ednh, c\u00e1c chuy\u00ean gia t\u00e0i ch\u00ednh qu\u1ed1c t\u1ebf c\u1ee7a Corporate Counsel vui l\u00f2ng cung c\u1ea5p d\u1ecbch v\u1ee5 c\u1ee7a ch\u00fang t\u00f4i v\u00e0 gi\u00fap ng\u01b0\u1eddi \u0111i vay v\u00e0 ng\u01b0\u1eddi cho vay kh\u00e1m ph\u00e1 c\u00e1c l\u1ef1a ch\u1ecdn ph\u00e1p l\u00fd c\u1ee7a h\u1ecd.<\/p>\n<p>Kh\u00e1ch h\u00e0ng c\u1ee7a ch\u00fang t\u00f4i bao g\u1ed3m c\u00e1c ng\u00e2n h\u00e0ng c\u0169ng nh\u01b0 c\u00e1c c\u00f4ng ty, trong n\u01b0\u1edbc v\u00e0 qu\u1ed1c t\u1ebf. S\u1ee9c m\u1ea1nh c\u1ee7a ch\u00fang t\u00f4i d\u1ef1a tr\u00ean nh\u1eefng n\u0103m t\u00edch l\u0169y quen thu\u1ed9c v\u1edbi h\u1ec7 th\u1ed1ng ph\u00e1p lu\u1eadt Vi\u1ec7t Nam v\u00e0 kinh nghi\u1ec7m c\u1ee7a ch\u00fang t\u00f4i trong vi\u1ec7c x\u1eed l\u00fd c\u00e1c lu\u1eadt t\u00e0i ch\u00ednh v\u00e0 ng\u00e2n h\u00e0ng xuy\u00ean bi\u00ean gi\u1edbi.<\/p>\n<p>\u0110\u01b0\u1ee3c trang b\u1ecb \u0111\u00e0o t\u1ea1o xu\u1ea5t s\u1eafc v\u00e0 s\u1ef1 nh\u1ea1y b\u00e9n nh\u1ea1y b\u00e9n, nh\u00f3m c\u1ee7a ch\u00fang t\u00f4i bao g\u1ed3m c\u00e1c lu\u1eadt s\u01b0 ng\u00e2n h\u00e0ng c\u00f3 chuy\u00ean m\u00f4n t\u00e0i ch\u00ednh, nh\u1eefng ng\u01b0\u1eddi cam k\u1ebft \u0111\u1ec1 xu\u1ea5t c\u00e1c gi\u1ea3i ph\u00e1p \u0111\u01b0\u1ee3c nghi\u00ean c\u1ee9u k\u1ef9 l\u01b0\u1ee1ng, linh ho\u1ea1t v\u00e0 t\u00f9y ch\u1ec9nh cho kh\u00e1ch h\u00e0ng c\u1ee7a ch\u00fang t\u00f4i.<\/p>\n<p>T\u1eeb l\u0129nh v\u1ef1c t\u00e0i ch\u00ednh c\u00f3 c\u1ea5u tr\u00fac \u0111\u1ebfn c\u00e1c v\u1ee5 ki\u1ec7n ng\u00e2n h\u00e0ng, c\u00f4ng ty lu\u1eadt ng\u00e2n h\u00e0ng c\u1ee7a ch\u00fang t\u00f4i \u0111\u1eb7t m\u1ee5c ti\u00eau lu\u00f4n cung c\u1ea5p c\u00e1c lu\u1eadt s\u01b0 ch\u1ea5t l\u01b0\u1ee3ng cao, nhanh ch\u00f3ng v\u00e0 thi\u1ebft th\u1ef1c.<\/p>\n<h2>\u0110\u0103ng k\u00fd kho\u1ea3n vay n\u01b0\u1edbc ngo\u00e0i<\/h2>\n<p>C\u00f9ng v\u1edbi d\u00f2ng v\u1ed1n n\u01b0\u1edbc ngo\u00e0i v\u00e0o Vi\u1ec7t Nam, nhu c\u1ea7u vay v\u1ed1n n\u01b0\u1edbc ngo\u00e0i t\u0103ng m\u1ea1nh trong nh\u1eefng n\u0103m g\u1ea7n \u0111\u00e2y.<\/p>\n<p>L\u00fd do \u0111\u1eb1ng sau ph\u00e2n kh\u00fac t\u00e0i ch\u00ednh \u0111ang ph\u00e1t tri\u1ec3n n\u00e0y l\u00e0 do c\u00e1c nh\u00e0 \u0111\u1ea7u t\u01b0 n\u01b0\u1edbc ngo\u00e0i \u0111\u01b0\u1ee3c ph\u00e2n lo\u1ea1i kh\u00e1c v\u1edbi c\u00e1c nh\u00e0 \u0111\u1ea7u t\u01b0 trong n\u01b0\u1edbc, do \u0111\u00f3 kh\u00f4ng \u0111\u1ee7 \u0111i\u1ec1u ki\u1ec7n \u0111\u1ec3 nh\u1eadn h\u1ea7u h\u1ebft v\u1ed1n trong n\u01b0\u1edbc.<\/p>\n<p>\u0110\u1ec3 t\u1ea1o s\u00e2n ch\u01a1i b\u00ecnh \u0111\u1eb3ng, c\u00e1c nh\u00e0 l\u1eadp ph\u00e1p Vi\u1ec7t Nam \u0111\u00e3 quy \u0111\u1ecbnh c\u00e1c doanh nghi\u1ec7p v\u00e0 c\u00e1 nh\u00e2n \u0111\u0103ng k\u00fd vay v\u1ed1n n\u01b0\u1edbc ngo\u00e0i.<\/p>\n<p>Hi\u1ec3u r\u1eb1ng ng\u01b0\u1eddi n\u01b0\u1edbc ngo\u00e0i n\u00f3i chung kh\u00f4ng quen v\u1edbi c\u00e1c \u0111\u1eb7c \u0111i\u1ec3m c\u1ee5 th\u1ec3 c\u1ee7a lu\u1eadt ph\u00e1p Vi\u1ec7t Nam, \u0111\u1ed9i ng\u0169 Lu\u1eadt s\u01b0 Doanh nghi\u1ec7p \u0111\u00e3 n\u1ed7 l\u1ef1c h\u1ebft m\u00ecnh \u0111\u1ec3 thu h\u1eb9p kho\u1ea3ng c\u00e1ch n\u00e0y.<\/p>\n<p>C\u00e1c lu\u1eadt s\u01b0 t\u00e0i ch\u00ednh doanh nghi\u1ec7p c\u1ee7a ch\u00fang t\u00f4i l\u00e0 nh\u1eefng c\u1ed1 v\u1ea5n th\u00e1o v\u00e1t c\u00f3 th\u1ec3 ph\u00e2n t\u00edch nhu c\u1ea7u c\u1ee7a kh\u00e1ch h\u00e0ng v\u00e0 k\u1ebft h\u1ee3p ch\u00fang v\u1edbi c\u00e1c gi\u1ea3i ph\u00e1p h\u1ee3p ph\u00e1p.<\/p>\n<p>Ngo\u00e0i s\u1ef1 th\u00e0nh th\u1ea1o, kh\u00e1ch h\u00e0ng c\u1ee7a ch\u00fang t\u00f4i c\u0169ng gi\u1edbi thi\u1ec7u ch\u00fang t\u00f4i v\u00ec ch\u00fang t\u00f4i c\u00f3 kh\u1ea3 n\u0103ng giao ti\u1ebfp tuy\u1ec7t v\u1eddi: ch\u00fang t\u00f4i kh\u00f4ng ch\u1ec9 k\u1ef9 l\u01b0\u1ee1ng trong tr\u00ecnh b\u00e0y c\u1ee7a m\u00ecnh m\u00e0 c\u00f2n th\u01b0\u1eddng xuy\u00ean li\u00ean h\u1ec7 v\u1edbi ch\u00fang t\u00f4i.<\/p>\n<p>S\u1ef1 chu \u0111\u00e1o c\u1ee7a ch\u00fang t\u00f4i nh\u1eb1m \u0111\u1ea3m b\u1ea3o r\u1eb1ng kh\u00e1ch h\u00e0ng c\u1ee7a ch\u00fang t\u00f4i \u0111\u01b0\u1ee3c th\u00f4ng b\u00e1o \u0111\u1ea7y \u0111\u1ee7 v\u00e0 \u0111\u00e1p \u1ee9ng th\u1eddi h\u1ea1n, ti\u1ebfp t\u1ee5c \u0111\u1ea3m b\u1ea3o cho h\u1ecd \u0111\u0103ng k\u00fd kho\u1ea3n vay n\u01b0\u1edbc ngo\u00e0i th\u00e0nh c\u00f4ng.<\/p>\n<h2>Th\u1ecfa thu\u1eadn cho vay<\/h2>\n<p>C\u00e1c th\u1ecfa thu\u1eadn cho vay, th\u1ecfa thu\u1eadn b\u1ea3o \u0111\u1ea3m v\u00e0 c\u00e1c h\u1ee3p \u0111\u1ed3ng r\u00e0ng bu\u1ed9c kh\u00e1c t\u01b0\u01a1ng t\u1ef1 l\u00e0 \u0111i\u1ec1u c\u1ea7n thi\u1ebft trong vi\u1ec7c \u0111\u1ea3m b\u1ea3o v\u1ed1n cho ho\u1ea1t \u0111\u1ed9ng c\u1ee7a doanh nghi\u1ec7p.<\/p>\n<p>\u0110\u1ec3 c\u00e1c t\u00e0i li\u1ec7u n\u00e0y c\u00f3 gi\u00e1 tr\u1ecb ph\u00e1p l\u00fd, ch\u00fang ph\u1ea3i tu\u00e2n theo th\u1ea9m quy\u1ec1n l\u1ef1a ch\u1ecdn c\u1ee7a ng\u01b0\u1eddi \u0111i vay. Do \u0111\u00f3, c\u00e1c ch\u1ee7 doanh nghi\u1ec7p trong v\u00e0 ngo\u00e0i n\u01b0\u1edbc n\u00ean t\u00ecm ki\u1ebfm m\u1ed9t lu\u1eadt s\u01b0 l\u00e0nh ngh\u1ec1 \u0111\u1ec3 h\u01b0\u1edbng d\u1eabn h\u1ecd trong qu\u00e1 tr\u00ecnh so\u1ea1n th\u1ea3o.<\/p>\n<p>C\u00e1c lu\u1eadt s\u01b0 t\u00e0i ch\u00ednh c\u1ee7a ch\u00fang t\u00f4i kh\u00f4ng ch\u1ec9 c\u00f3 th\u1ec3 gi\u00fap gi\u1ea3m b\u1edbt c\u0103ng th\u1eb3ng v\u1ec1 vi\u1ec7c tu\u00e2n th\u1ee7 quan li\u00eau b\u1eb1ng c\u00e1ch chu\u1ea9n b\u1ecb c\u00e1c th\u1ee7 t\u1ee5c gi\u1ea5y t\u1edd c\u1ea7n thi\u1ebft theo y\u00eau c\u1ea7u, m\u00e0 ch\u00fang t\u00f4i c\u00f2n d\u00e0nh th\u1eddi gian \u0111\u1ec3 xem x\u00e9t v\u00e0 cung c\u1ea5p c\u00e1c lu\u1eadt s\u01b0 hi\u1ec7u qu\u1ea3 ph\u00f9 h\u1ee3p v\u1edbi nhu c\u1ea7u c\u1ea5p b\u00e1ch c\u1ee7a b\u1ea1n.<\/p>\n<p>\u0110\u00e3 \u0111\u1ea1i di\u1ec7n cho c\u00e1c lo\u1ea1i h\u00ecnh doanh nghi\u1ec7p v\u00e0 t\u1ed5 ch\u1ee9c cho vay kh\u00e1c nhau, c\u00e1c lu\u1eadt s\u01b0 t\u00e0i ch\u00ednh c\u00f3 c\u1ea5u tr\u00fac t\u1ea1i Corporate Counsel r\u1ea5t th\u00e0nh th\u1ea1o trong vi\u1ec7c xem x\u00e9t c\u00e1c \u0111i\u1ec1u kho\u1ea3n v\u00e0 \u0111\u1ea3m b\u1ea3o r\u1eb1ng t\u1ea5t c\u1ea3 c\u00e1c ph\u01b0\u01a1ng \u00e1n \u0111\u00e3 \u0111\u01b0\u1ee3c c\u00e2n nh\u1eafc.<\/p>\n<p>C\u00e1c d\u1ecbch v\u1ee5 c\u1ee7a ch\u00fang t\u00f4i bao g\u1ed3m:<\/p>\n<ul>\n<li>H\u1ee3p \u0111\u1ed3ng cho vay<\/li>\n<li>H\u1ee3p \u0111\u1ed3ng \u0111\u1ea3m b\u1ea3o<\/li>\n<li>H\u1ee3p \u0111\u1ed3ng thu\u00ea mua<\/li>\n<li>v.v.<\/li>\n<\/ul>\n<h2>Giao d\u1ecbch b\u1ea3o \u0111\u1ea3m<\/h2>\n<p>Giao d\u1ecbch b\u1ea3o \u0111\u1ea3m l\u00e0 giao d\u1ecbch cho vay trong \u0111\u00f3 ng\u01b0\u1eddi cho vay \u0111\u01b0\u1ee3c quy\u1ec1n s\u1eed d\u1ee5ng t\u00e0i s\u1ea3n th\u1ebf ch\u1ea5p t\u1eeb ng\u01b0\u1eddi vay thay cho kho\u1ea3n vay, trong tr\u01b0\u1eddng h\u1ee3p v\u1ee1 n\u1ee3, v\u1edbi s\u1ef1 \u0111\u1ed3ng \u00fd r\u00f5 r\u00e0ng t\u1eeb c\u1ea3 hai ph\u1ea7n.<\/p>\n<p>C\u00e1c giao d\u1ecbch b\u1ea3o \u0111\u1ea3m h\u1eefu \u00edch \u1edf ch\u1ed7 ch\u00fang \u0111\u1ea3m b\u1ea3o m\u1ed9t k\u1ebf ho\u1ea1ch tho\u00e1t an to\u00e0n cho ng\u01b0\u1eddi cho vay \u0111\u1ed3ng th\u1eddi t\u0103ng c\u01a1 h\u1ed9i mua \u0111\u01b0\u1ee3c ti\u1ec1n c\u1ee7a ng\u01b0\u1eddi \u0111i vay. V\u00ec l\u00fd do \u0111\u00f3, ch\u00fang \u0111\u00e3 tr\u1edf th\u00e0nh m\u1ed9t ti\u00eau chu\u1ea9n trong th\u1ef1c h\u00e0nh t\u00e0i ch\u00ednh doanh nghi\u1ec7p.<\/p>\n<p>Tuy nhi\u00ean, giao d\u1ecbch b\u1ea3o \u0111\u1ea3m kh\u00f4ng ph\u1ea3i l\u00e0 kh\u00f4ng c\u00f3 r\u1ee7i ro, do \u0111\u00f3 c\u1ea7n c\u00f3 m\u1ed9t th\u1ecfa thu\u1eadn b\u1ea3o m\u1eadt b\u1ea5t kh\u1ea3 x\u00e2m ph\u1ea1m. T\u1ea1i <a href=\"https:\/\/corporatecounsels.vn\/\">Corporate Counsel<\/a>, c\u00e1c lu\u1eadt s\u01b0 ng\u00e2n h\u00e0ng \u0111\u1ea7u t\u01b0 c\u1ee7a ch\u00fang t\u00f4i chuy\u00ean qu\u1ea3n l\u00fd v\u00e0 theo d\u00f5i c\u00e1c v\u1ea5n \u0111\u1ec1 li\u00ean quan \u0111\u1ebfn b\u1ea3o m\u1eadt.<\/p>\n<p>N\u1ec1n t\u1ea3ng c\u1ee7a ch\u00fang t\u00f4i v\u1edbi t\u01b0 c\u00e1ch l\u00e0 m\u1ed9t c\u00f4ng ty lu\u1eadt t\u00e0i ch\u00ednh Vi\u1ec7t Nam \u0111\u01b0\u1ee3c th\u00e0nh l\u1eadp \u0111\u00e3 gi\u00fap ch\u00fang t\u00f4i c\u00f3 l\u1ee3i th\u1ebf trong vi\u1ec7c x\u00e1c \u0111\u1ecbnh c\u00e1c lo\u1ea1i t\u00e0i s\u1ea3n th\u1ebf ch\u1ea5p kh\u00e1c nhau v\u00e0 c\u00e1c \u0111i\u1ec1u ki\u1ec7n c\u1ee7a ngh\u0129a v\u1ee5 \u0111\u01b0\u1ee3c b\u1ea3o \u0111\u1ea3m \u0111\u01b0\u1ee3c lu\u1eadt ph\u00e1p qu\u1ed1c gia cho ph\u00e9p.<\/p>\n<p>Kh\u00e1ch h\u00e0ng c\u1ee7a ch\u00fang t\u00f4i th\u01b0\u1eddng \u0111\u1eb7t ni\u1ec1m tin c\u1ee7a h\u1ecd v\u00e0o s\u1ef1 quen thu\u1ed9c c\u1ee7a ch\u00fang t\u00f4i v\u1edbi th\u1ee7 t\u1ee5c ph\u00e1p l\u00fd, s\u1ef1 chu \u0111\u00e1o v\u00e0 giao ti\u1ebfp hi\u1ec7u qu\u1ea3, t\u1ea5t c\u1ea3 \u0111\u1ec1u ph\u1ed1i h\u1ee3p \u0111\u1ec3 duy tr\u00ec lu\u1ed3ng th\u01b0\u01a1ng m\u1ea1i v\u00e0 giao d\u1ecbch th\u00f4ng su\u1ed1t gi\u1eefa c\u00e1c doanh nghi\u1ec7p v\u00e0 t\u1ed5 ch\u1ee9c.<\/p>\n","protected":false},"excerpt":{"rendered":"<p>Lorem ipsum dolor sit amet, consectetur adipiscing elit, sed do eiusmod tempor ut labore et dolore magna aliqua.<\/p>\n","protected":false},"author":41,"featured_media":83610,"parent":83345,"menu_order":3,"comment_status":"closed","ping_status":"closed","template":"page-practices.php","meta":[],"_links":{"self":[{"href":"https:\/\/corporatecounsels.vn\/vi\/wp-json\/wp\/v2\/pages\/83361"}],"collection":[{"href":"https:\/\/corporatecounsels.vn\/vi\/wp-json\/wp\/v2\/pages"}],"about":[{"href":"https:\/\/corporatecounsels.vn\/vi\/wp-json\/wp\/v2\/types\/page"}],"author":[{"embeddable":true,"href":"https:\/\/corporatecounsels.vn\/vi\/wp-json\/wp\/v2\/users\/41"}],"replies":[{"embeddable":true,"href":"https:\/\/corporatecounsels.vn\/vi\/wp-json\/wp\/v2\/comments?post=83361"}],"version-history":[{"count":3,"href":"https:\/\/corporatecounsels.vn\/vi\/wp-json\/wp\/v2\/pages\/83361\/revisions"}],"predecessor-version":[{"id":84358,"href":"https:\/\/corporatecounsels.vn\/vi\/wp-json\/wp\/v2\/pages\/83361\/revisions\/84358"}],"up":[{"embeddable":true,"href":"https:\/\/corporatecounsels.vn\/vi\/wp-json\/wp\/v2\/pages\/83345"}],"wp:featuredmedia":[{"embeddable":true,"href":"https:\/\/corporatecounsels.vn\/vi\/wp-json\/wp\/v2\/media\/83610"}],"wp:attachment":[{"href":"https:\/\/corporatecounsels.vn\/vi\/wp-json\/wp\/v2\/media?parent=83361"}],"curies":[{"name":"wp","href":"https:\/\/api.w.org\/{rel}","templated":true}]}}