{"id":83359,"date":"2021-11-11T11:59:50","date_gmt":"2021-11-11T04:59:50","guid":{"rendered":"https:\/\/corporatecounsels.vn\/?page_id=83359"},"modified":"2022-12-28T14:52:44","modified_gmt":"2022-12-28T07:52:44","slug":"mua-ban-sap-nhap-doanh-nghiep","status":"publish","type":"page","link":"https:\/\/corporatecounsels.vn\/vi\/practices\/mua-ban-sap-nhap-doanh-nghiep\/","title":{"rendered":"Mua B\u00e1n &#038; S\u00e1p Nh\u1eadp Doanh Nghi\u1ec7p"},"content":{"rendered":"<p>Khi c\u00e1c ng\u00e0nh v\u00e0 doanh nghi\u1ec7p ph\u00e1t tri\u1ec3n \u0111an xen h\u01a1n, c\u00e1c li\u00ean doanh M&amp;A doanh nghi\u1ec7p \u0111ang tr\u1edf th\u00e0nh th\u00f4ng l\u1ec7 ti\u00eau chu\u1ea9n.<\/p>\n<p>\u0110\u1ed3ng th\u1eddi, n\u1ec1n kinh t\u1ebf to\u00e0n c\u1ea7u ng\u00e0y c\u00e0ng ph\u00e1t tri\u1ec3n v\u1edbi nh\u1ecbp \u0111\u1ed9 nhanh \u0111ang t\u00e1c \u0111\u1ed9ng nh\u00e2n l\u00ean s\u1ef1 bi\u1ebfn \u0111\u1ed9ng c\u1ee7a th\u1ecb tr\u01b0\u1eddng, l\u00e0m cho ho\u1ea1t \u0111\u1ed9ng mua b\u00e1n v\u00e0 s\u00e1p nh\u1eadp t\u1ea1i Vi\u1ec7t Nam tr\u1edf n\u00ean nh\u1ea1y c\u1ea3m h\u01a1n bao gi\u1edd h\u1ebft.<\/p>\n<p>V\u00ec l\u00fd do \u0111\u00f3, c\u00e1c doanh nghi\u1ec7p n\u00ean t\u00ecm ki\u1ebfm m\u1ed9t c\u1ed1 v\u1ea5n ph\u00e1p l\u00fd \u0111\u1ec3 kh\u00f4ng ch\u1ec9 \u0111\u1ea3m b\u1ea3o tu\u00e2n th\u1ee7 quy \u0111\u1ecbnh m\u00e0 c\u00f2n th\u1ec3 hi\u1ec7n con m\u1eaft quan tr\u1ecdng v\u00e0 \u0111\u1ea1o \u0111\u1ee9c l\u00e0m vi\u1ec7c c\u1ea7n c\u00f9 \u0111\u1ed1i v\u1edbi quy tr\u00ecnh.<\/p>\n<p>Corporate Counsel c\u00f3 m\u1ed9t h\u1ed3 s\u01a1 theo d\u00f5i s\u00e2u s\u1eafc v\u1ec1 c\u00e1c kh\u00e1ch h\u00e0ng t\u1eeb nhi\u1ec1u ng\u00e0nh kh\u00e1c nhau, nh\u1eefng ng\u01b0\u1eddi \u0111\u00e3 nh\u1eadn th\u1ea5y k\u1ebft qu\u1ea3 thu\u1eadn l\u1ee3i sau khi ho\u00e0n th\u00e0nh.<\/p>\n<p>T\u1eeb \u00f4 t\u00f4, n\u0103ng l\u01b0\u1ee3ng, c\u00f4ng ngh\u1ec7, \u0111\u1ebfn th\u1ef1c ph\u1ea9m v\u00e0 \u0111\u1ed3 u\u1ed1ng, b\u1ea5t \u0111\u1ed9ng s\u1ea3n, b\u00e1n l\u1ebb th\u01b0\u01a1ng m\u1ea1i, c\u00e1c lu\u1eadt s\u01b0 M&amp;A c\u1ee7a ch\u00fang t\u00f4i th\u00f4ng th\u1ea1o c\u00e1c y\u00eau c\u1ea7u ph\u00e1p l\u00fd \u0111\u1ed1i v\u1edbi c\u00e1c ho\u1ea1t \u0111\u1ed9ng giao d\u1ecbch trong n\u01b0\u1edbc v\u00e0 xuy\u00ean bi\u00ean gi\u1edbi.<\/p>\n<p>H\u01a1n n\u1eefa, ch\u00fang t\u00f4i r\u1ea5t t\u00edch h\u1ee3p v\u00e0o m\u1ea1ng c\u1ee5c b\u1ed9, do \u0111\u00f3 c\u00f3 th\u1ec3 h\u01b0\u1edfng l\u1ee3i t\u1eeb m\u1ed1i quan h\u1ec7 c\u1ee7a ch\u00fang t\u00f4i v\u1edbi c\u00e1c c\u01a1 quan qu\u1ea3n l\u00fd, chuy\u00ean gia kinh doanh v\u00e0 k\u1ebf to\u00e1n c\u0169ng nh\u01b0 c\u00e1c t\u1ed5 ch\u1ee9c t\u00e0i ch\u00ednh. Ch\u00fang t\u00f4i th\u01b0\u1eddng \u0111\u1ea3m b\u1ea3o r\u1eb1ng kh\u00e1ch h\u00e0ng c\u1ee7a ch\u00fang t\u00f4i c\u00f3 quy\u1ec1n truy c\u1eadp v\u00e0o c\u00f9ng m\u1ed9t l\u1ee3i th\u1ebf.<\/p>\n<p>Ngo\u00e0i kinh nghi\u1ec7m v\u00e0 ngu\u1ed3n l\u1ef1c, \u0111\u1ed9i ng\u0169 t\u1ea1i Corporate Counsel c\u00f2n v\u01b0\u1ee3t tr\u1ed9i v\u1edbi \u0111\u1ed9ng l\u1ef1c v\u00e0 n\u0103ng l\u1ef1c c\u1ee7a ch\u00fang t\u00f4i. \u0110\u01b0\u1ee3c \u0111\u00e0o t\u1ea1o \u0111\u1ec3 x\u1eed l\u00fd c\u00e1c giao d\u1ecbch ph\u1ee9c t\u1ea1p v\u00e0 chuy\u1ec3n \u0111\u1ed5i, c\u00e1c lu\u1eadt s\u01b0 v\u1ec1 s\u00e1p nh\u1eadp v\u00e0 mua l\u1ea1i c\u1ee7a ch\u00fang t\u00f4i lu\u00f4n ti\u1ebfn h\u00e0nh ph\u00f9 h\u1ee3p v\u1edbi c\u00e1c m\u1ee5c ti\u00eau duy nh\u1ea5t c\u1ee7a b\u1ea1n v\u00e0 lu\u00f4n linh ho\u1ea1t trong su\u1ed1t qu\u00e1 tr\u00ecnh.<\/p>\n<p>D\u00f9 l\u00e0 mua l\u1ea1i c\u1ed5 ph\u1ea7n hay mua l\u1ea1i doanh nghi\u1ec7p, mua l\u1ea1i hay IPO, Lu\u1eadt s\u01b0 Doanh nghi\u1ec7p &#8211; C\u00f4ng ty lu\u1eadt M&amp;A h\u00e0ng \u0111\u1ea7u Vi\u1ec7t Nam, lu\u00f4n c\u1ed1 g\u1eafng \u0111\u01b0a ra nh\u1eefng l\u1eddi khuy\u00ean s\u00e1ng t\u1ea1o v\u00e0 ph\u00f9 h\u1ee3p \u0111\u1ec3 gi\u1ea3m thi\u1ec3u r\u1ee7i ro v\u00e0 t\u1ed1i \u01b0u h\u00f3a gi\u00e1 tr\u1ecb giao d\u1ecbch.<\/p>\n<h2>M&amp;A (mua b\u00e1n v\u00e0 s\u00e1p nh\u1eadp) l\u00e0 g\u00ec?<\/h2>\n<p>Mua b\u00e1n v\u00e0 s\u00e1p nh\u1eadp (M&amp;A) l\u00e0 giao d\u1ecbch trong \u0111\u00f3 hai ho\u1eb7c nhi\u1ec1u c\u00f4ng ty h\u1ee3p nh\u1ea5t theo m\u1ed9t c\u00e1ch n\u00e0o \u0111\u00f3. M\u1eb7c d\u00f9 th\u1ef1c t\u1ebf l\u00e0 c\u00e1c thu\u1eadt ng\u1eef s\u00e1p nh\u1eadp v\u00e0 mua l\u1ea1i (M&amp;A) \u0111\u00f4i khi \u0111\u01b0\u1ee3c s\u1eed d\u1ee5ng thay th\u1ebf cho nhau, ch\u00fang c\u00f3 \u00fd ngh\u0129a ph\u00e1p l\u00fd ri\u00eang bi\u1ec7t.<\/p>\n<p>Hai c\u00f4ng ty c\u00f3 quy m\u00f4 t\u01b0\u01a1ng t\u1ef1 h\u1ee3p nh\u1ea5t \u0111\u1ec3 th\u00e0nh l\u1eadp m\u1ed9t c\u00f4ng ty m\u1edbi trong m\u1ed9t v\u1ee5 s\u00e1p nh\u1eadp. M\u1eb7t kh\u00e1c, m\u1ed9t th\u01b0\u01a1ng v\u1ee5 mua l\u1ea1i x\u1ea3y ra khi m\u1ed9t c\u00f4ng ty l\u1edbn h\u01a1n mua m\u1ed9t c\u00f4ng ty nh\u1ecf h\u01a1n v\u00e0 ti\u1ebfp t\u1ee5c ho\u1ea1t \u0111\u1ed9ng kinh doanh c\u1ee7a m\u00ecnh.<\/p>\n<h2>Th\u1ea9m \u0111\u1ecbnh<\/h2>\n<p>Th\u1ea9m \u0111\u1ecbnh l\u00e0 m\u1ed9t th\u1ee7 t\u1ee5c kh\u00f4ng th\u1ec3 thi\u1ebfu tr\u01b0\u1edbc khi th\u1ef1c hi\u1ec7n b\u1ea5t k\u1ef3 giao d\u1ecbch kinh doanh n\u00e0o, \u0111\u1eb7c bi\u1ec7t l\u00e0 c\u00e1c th\u01b0\u01a1ng v\u1ee5 mua b\u00e1n v\u00e0 s\u00e1p nh\u1eadp t\u1ea1i Vi\u1ec7t Nam.<\/p>\n<p>\u0110\u1ed1i v\u1edbi c\u00e1c nh\u00e0 \u0111\u1ea7u t\u01b0, m\u1ed9t cu\u1ed9c \u0111i\u1ec1u tra k\u1ef9 l\u01b0\u1ee1ng v\u1ec1 ho\u1ea1t \u0111\u1ed9ng kinh doanh m\u00e0 h\u1ecd \u0111ang t\u00ecm c\u00e1ch mua l\u1ea1i s\u1ebd gi\u00fap x\u00e1c \u0111\u1ecbnh c\u00e1c kho\u1ea3n n\u1ee3 v\u00e0 t\u1ed5n th\u1ea5t ti\u1ec1m \u1ea9n, \u0111i\u1ec1u n\u00e0y s\u1ebd th\u00f4ng b\u00e1o cho qu\u00e1 tr\u00ecnh so\u1ea1n th\u1ea3o th\u1ecfa thu\u1eadn.<\/p>\n<p>\u0110\u1ed3ng th\u1eddi, c\u00e1c ch\u1ee7 doanh nghi\u1ec7p c\u00f3 th\u1ec3 th\u1ea5y c\u00f3 l\u1ee3i khi \u0111\u00e1nh gi\u00e1 c\u00f4ng ty c\u1ee7a ch\u00ednh h\u1ecd \u0111\u1ec3 hi\u1ec3u gi\u00e1 tr\u1ecb c\u1ee7a n\u00f3, \u0111i\u1ec1u n\u00e0y s\u1ebd c\u00f3 \u00edch tr\u00ean b\u00e0n \u0111\u00e0m ph\u00e1n. D\u00f9 b\u1eb1ng c\u00e1ch n\u00e0o, tr\u00e1ch nhi\u1ec7m gi\u1ea3i tr\u00ecnh c\u0169ng mang l\u1ea1i s\u1ef1 b\u1ea3o v\u1ec7 to l\u1edbn cho c\u1ea3 ng\u01b0\u1eddi mua v\u00e0 ng\u01b0\u1eddi b\u00e1n.<\/p>\n<p>Qu\u00e1 tr\u00ecnh xem x\u00e9t chuy\u00ean c\u1ea7n c\u00f3 th\u1ec3 c\u1ef1c k\u1ef3 t\u1ebb nh\u1ea1t: \u0111\u1ec3 c\u00f3 \u0111\u01b0\u1ee3c b\u1ee9c tranh to\u00e0n c\u1ea3nh v\u1ec1 t\u00ecnh h\u00ecnh t\u00e0i ch\u00ednh v\u00e0 m\u1ee5c ti\u00eau c\u1ee7a c\u00f4ng ty, ng\u01b0\u1eddi ta ph\u1ea3i tr\u1ea3i qua nhi\u1ec1u gi\u1edd ki\u1ec3m tra t\u00e0i li\u1ec7u v\u00e0 ph\u1ecfng v\u1ea5n v\u1edbi c\u00e1c nh\u00e0 qu\u1ea3n l\u00fd v\u00e0 nh\u00e2n vi\u00ean.<\/p>\n<p>Do \u0111\u00f3, c\u00f4ng ty lu\u1eadt ph\u1ee5 tr\u00e1ch ho\u1ea1t \u0111\u1ed9ng mua b\u00e1n v\u00e0 s\u00e1p nh\u1eadp c\u1ea7n ph\u1ea3i nh\u1ea1y b\u00e9n \u0111\u00e1ng k\u1ec3 \u0111\u1ec3 l\u00e0m vi\u1ec7c hi\u1ec7u qu\u1ea3 th\u00f4ng qua c\u00e1c th\u1ee7 t\u1ee5c gi\u1ea5y t\u1edd v\u00e0 t\u1eadp h\u1ee3p c\u00e1c m\u1eabu nghi ng\u1edd. H\u1ecd c\u0169ng n\u00ean ti\u1ebfn h\u00e0nh \u0111\u00e1nh gi\u00e1 m\u1ed9t c\u00e1ch chuy\u00ean nghi\u1ec7p: th\u1eadn tr\u1ecdng khi \u0111\u00e1nh gi\u00e1 d\u1eef li\u1ec7u \u0111\u00e3 cho v\u00e0 th\u1eadn tr\u1ecdng khi kh\u1ea3o s\u00e1t nh\u00e2n vi\u00ean.<\/p>\n<p>Lu\u1eadt s\u01b0 t\u01b0 v\u1ea5n doanh nghi\u1ec7p M&amp;A \u0111\u1eb7c bi\u1ec7t \u0111\u01b0\u1ee3c trang b\u1ecb \u0111\u1ea7y \u0111\u1ee7 \u0111\u1ec3 x\u1eed l\u00fd kh\u1ed1i l\u01b0\u1ee3ng l\u1edbn c\u00f4ng vi\u1ec7c v\u00e0 th\u1ef1c hi\u1ec7n \u0111\u00e1nh gi\u00e1 s\u1ef1 si\u00eang n\u0103ng m\u1ed9t c\u00e1ch ch\u00ednh x\u00e1c.<\/p>\n<p>L\u00e0 m\u1ed9t ph\u1ea7n c\u1ee7a th\u1ef1c ti\u1ec5n ti\u00eau chu\u1ea9n c\u1ee7a ch\u00fang t\u00f4i, tr\u01b0\u1edbc ti\u00ean ch\u00fang t\u00f4i d\u00e0nh th\u1eddi gian \u0111\u1ec3 hi\u1ec3u c\u00e1c m\u1ee5c ti\u00eau c\u1ee5 th\u1ec3 c\u1ee7a kh\u00e1ch h\u00e0ng, \u0111\u1ec3 ho\u1ea1t \u0111\u1ed9ng v\u1edbi tr\u1ecdng t\u00e2m t\u1eadp trung, n\u00e2ng cao hi\u1ec7u qu\u1ea3 v\u00e0 ph\u00f9 h\u1ee3p v\u1edbi ng\u00e2n s\u00e1ch c\u1ee7a kh\u00e1ch h\u00e0ng.<\/p>\n<p>Sau \u0111\u00f3, ch\u00fang t\u00f4i thi\u1ebft k\u1ebf m\u1ed9t quy tr\u00ecnh h\u00e0nh \u0111\u1ed9ng duy nh\u1ea5t, bao g\u1ed3m h\u1ed3 s\u01a1 \u0111\u1ec3 thu th\u1eadp v\u00e0 c\u00e1c k\u1ebf ho\u1ea1ch ph\u1ecfng v\u1ea5n, tr\u01b0\u1edbc khi b\u1eaft \u0111\u1ea7u \u0111i\u1ec1u tra.<\/p>\n<p>Trong su\u1ed1t qu\u00e1 tr\u00ecnh, Lu\u1eadt s\u01b0 t\u01b0 v\u1ea5n doanh nghi\u1ec7p duy tr\u00ec li\u00ean l\u1ea1c \u1ed5n \u0111\u1ecbnh v\u1edbi kh\u00e1ch h\u00e0ng c\u1ee7a ch\u00fang t\u00f4i v\u00e0 li\u00ean t\u1ee5c chu\u1ea9n b\u1ecb \u0111\u1ec3 th\u1ef1c hi\u1ec7n c\u00e1c s\u1eeda \u0111\u1ed5i \u0111\u1ed1i v\u1edbi chi\u1ebfn l\u01b0\u1ee3c ban \u0111\u1ea7u. T\u00ednh linh ho\u1ea1t c\u1ee7a ch\u00fang t\u00f4i l\u00e0 ch\u00eca kh\u00f3a cho t\u1ef7 l\u1ec7 th\u00e0nh c\u00f4ng cao v\u00e0 g\u00f3p ph\u1ea7n t\u1ea1o n\u00ean danh ti\u1ebfng \u0111\u00e1ng tin c\u1eady c\u1ee7a ch\u00fang t\u00f4i trong khu v\u1ef1c.<\/p>\n<h2>T\u01b0 v\u1ea5n t\u00e1i c\u1ea5u tr\u00fac &amp; T\u00e1i c\u1ea5u tr\u00fac<\/h2>\n<p>S\u00e1p nh\u1eadp m\u1ed9t c\u00f4ng ty v\u1edbi m\u1ed9t c\u00f4ng ty kh\u00e1c l\u00e0 m\u1ed9t s\u1ef1 \u0111i\u1ec1u ch\u1ec9nh \u0111\u00e1ng k\u1ec3 \u0111\u1ed1i v\u1edbi c\u1ea3 hai \u0111\u01a1n v\u1ecb, \u0111\u00f2i h\u1ecfi c\u00e1c chi\u1ebfn l\u01b0\u1ee3c c\u1ea5u tr\u00fac v\u00e0 t\u00e1i c\u1ea5u tr\u00fac hi\u1ec7u qu\u1ea3 \u0111\u1ec3 chuy\u1ec3n \u0111\u1ed5i hi\u1ec7u qu\u1ea3 v\u00e0 ph\u00e1t tri\u1ec3n nh\u01b0 m\u1ed9t.<\/p>\n<p>Trong khi c\u1ea5u tr\u00fac li\u00ean quan \u0111\u1ebfn vi\u1ec7c l\u1eadp k\u1ebf ho\u1ea1ch c\u00e1c th\u1ee7 t\u1ee5c M&amp;A \u0111\u1ec3 \u0111\u1ea3m b\u1ea3o s\u1ef1 ch\u1ea5p thu\u1eadn c\u1ee7a c\u00e1c c\u01a1 quan qu\u1ea3n l\u00fd t\u00e0i ch\u00ednh khu v\u1ef1c, th\u00ec vi\u1ec7c t\u00e1i c\u1ea5u tr\u00fac ph\u1ee5c v\u1ee5 \u0111\u1ec3 thi\u1ebft k\u1ebf l\u1ea1i t\u1ed5 ch\u1ee9c, v\u1ed1n, c\u1ea5u tr\u00fac thu\u1ebf c\u1ee7a c\u00f4ng ty, nh\u1eb1m gi\u00fap c\u00f4ng ty th\u00edch \u1ee9ng v\u1edbi c\u00e1c \u0111i\u1ec1u ki\u1ec7n m\u1edbi c\u1ee7a c\u00f4ng ty ho\u1eb7c v\u01b0\u1ee3t qua kh\u1ee7ng ho\u1ea3ng.<\/p>\n<p>T\u1ea1i Corporate Counsel, c\u00e1c d\u1ecbch v\u1ee5 mua b\u00e1n v\u00e0 s\u00e1p nh\u1eadp c\u1ee7a ch\u00fang t\u00f4i s\u1eed d\u1ee5ng c\u00e1ch ti\u1ebfp c\u1eadn \u0111a ng\u00e0nh, trong \u0111\u00f3 ch\u00fang t\u00f4i kh\u00f4ng ch\u1ec9 d\u1ef1a v\u00e0o kinh nghi\u1ec7m v\u00e0 c\u01a1 s\u1edf v\u1eadt ch\u1ea5t c\u1ee7a m\u00ecnh m\u00e0 c\u00f2n c\u1ed9ng t\u00e1c v\u1edbi c\u00e1c chuy\u00ean gia t\u01b0 v\u1ea5n \u0111\u1ec3 \u0111\u1ea3m b\u1ea3o gi\u1ea3i ph\u00e1p \u0111\u01b0\u1ee3c t\u1ea1o ra c\u1ee7a ch\u00fang t\u00f4i l\u00e0 thi\u1ebft th\u1ef1c, mang t\u00ednh x\u00e2y d\u1ef1ng v\u00e0 hi\u1ec7u qu\u1ea3 v\u1ec1 chi ph\u00ed.<\/p>\n<p>Do \u0111\u00f3, kh\u00e1ch h\u00e0ng c\u1ee7a ch\u00fang t\u00f4i \u0111\u01b0\u1ee3c h\u01b0\u1edfng l\u1ee3i t\u1eeb n\u0103ng l\u1ef1c kinh t\u1ebf v\u00e0 chuy\u00ean m\u00f4n ph\u00e1p l\u00fd.<\/p>\n<p>Trong su\u1ed1t qu\u00e1 tr\u00ecnh M&amp;A, c\u00e1c lu\u1eadt s\u01b0 c\u1ee7a ch\u00fang t\u00f4i \u0111\u00e3 t\u01b0 v\u1ea5n x\u00e2y d\u1ef1ng c\u00e1c chi\u1ebfn l\u01b0\u1ee3c mua l\u1ea1i hi\u1ec7u qu\u1ea3 v\u00e0 h\u1ee3p ph\u00e1p thu\u1ed9c th\u1ea9m quy\u1ec1n c\u1ee7a Vi\u1ec7t Nam.<\/p>\n<p>D\u1ef1a tr\u00ean s\u1ef1 hi\u1ec3u bi\u1ebft s\u00e2u s\u1eafc c\u1ee7a ch\u00fang t\u00f4i v\u1ec1 c\u00e1c quy \u0111\u1ecbnh t\u00e0i ch\u00ednh \u1edf Vi\u1ec7t Nam, ch\u00fang t\u00f4i \u0111\u1eb7c bi\u1ec7t c\u00f3 kinh nghi\u1ec7m trong vi\u1ec7c x\u1eed l\u00fd c\u00e1c giao d\u1ecbch v\u1edbi c\u00e1c kh\u00eda c\u1ea1nh xuy\u00ean bi\u00ean gi\u1edbi v\u00e0 c\u00e1c ph\u00e1p nh\u00e2n n\u01b0\u1edbc ngo\u00e0i b\u1eb1ng c\u00e1ch xem x\u00e9t c\u00e1c t\u00ecnh hu\u1ed1ng so v\u1edbi c\u00e1c y\u00eau c\u1ea7u sau \u0111\u00f3 x\u00e2y d\u1ef1ng m\u1ed9t b\u1ea3n thi\u1ebft k\u1ebf gi\u1ea3i ph\u00e1p \u0111\u01b0\u1ee3c c\u00e1 nh\u00e2n h\u00f3a, c\u00f3 l\u1ee3i nh\u1ea5t.<\/p>\n<p>Ch\u00fang t\u00f4i c\u0169ng \u0111\u00e3 tham gia v\u1edbi t\u01b0 c\u00e1ch l\u00e0 c\u1ed1 v\u1ea5n ph\u00e1p l\u00fd cho c\u00e1c c\u00f4ng ty l\u1edbn v\u00e0 v\u1eeba v\u1edbi s\u1ef1 h\u1ed9i nh\u1eadp sau h\u1ee3p nh\u1ea5t. Nh\u01b0 m\u1ecdi khi, ch\u00fang t\u00f4i l\u00e0m vi\u1ec7c c\u00f3 ph\u01b0\u01a1ng ph\u00e1p \u0111\u1ec3 cung c\u1ea5p c\u00e1c gi\u1ea3i ph\u00e1p trong kho\u1ea3ng th\u1eddi gian hi\u1ec7u qu\u1ea3 nh\u1ea5t, nh\u01b0ng k\u1ebft h\u1ee3p s\u1ef1 s\u00e1ng t\u1ea1o \u0111\u1ec3 t\u1ed1i \u01b0u h\u00f3a gi\u00e1 tr\u1ecb d\u1ecbch v\u1ee5 c\u1ee7a ch\u00fang t\u00f4i.<\/p>\n<p>V\u1edbi m\u1ee5c ti\u00eau xu\u1ea5t s\u1eafc l\u00e0 m\u1ee5c ti\u00eau c\u1ee7a ch\u00fang t\u00f4i, Corporate Counsel cam k\u1ebft d\u00e0nh ngu\u1ed3n l\u1ef1c c\u1ee7a m\u00ecnh \u0111\u1ec3 cung c\u1ea5p c\u00e1c k\u1ebft qu\u1ea3 to\u00e0n di\u1ec7n, c\u00f3 c\u1ea5u tr\u00fac v\u00e0 kh\u1ea3 thi.<\/p>\n<h2>T\u00e0i li\u1ec7u giao d\u1ecbch<\/h2>\n<p>Tr\u01b0\u1edbc khi ho\u00e0n t\u1ea5t vi\u1ec7c mua b\u00e1n ho\u1eb7c s\u00e1p nh\u1eadp, trong khi ng\u01b0\u1eddi mua v\u00e0 ng\u01b0\u1eddi b\u00e1n \u0111ang xem x\u00e9t v\u00e0 \u0111\u01b0a ra c\u00e1c \u0111i\u1ec1u kho\u1ea3n c\u1ee7a th\u1ecfa thu\u1eadn, c\u1ea3 hai ch\u1ee7 th\u1ec3 s\u1ebd ph\u1ea3i so\u1ea1n th\u1ea3o v\u00e0 k\u00fd nhi\u1ec1u t\u00e0i li\u1ec7u giao d\u1ecbch.<\/p>\n<p>Trong s\u1ed1 \u0111\u00f3, c\u00e1c v\u0103n b\u1ea3n ph\u00e1p lu\u1eadt l\u00e0 quan tr\u1ecdng nh\u1ea5t trong vi\u1ec7c \u0111\u1ecbnh h\u00ecnh th\u1eddi h\u1ea1n c\u1ee7a cam k\u1ebft, v\u00ec c\u00e1c \u0111i\u1ec1u kho\u1ea3n c\u1ee7a ch\u00fang quy \u0111\u1ecbnh c\u00e1c quy\u1ec1n v\u00e0 ngh\u0129a v\u1ee5 c\u00f3 gi\u00e1 tr\u1ecb ph\u00e1p l\u00fd. V\u00ed d\u1ee5 v\u1ec1 c\u00e1c t\u00e0i li\u1ec7u n\u00e0y bao g\u1ed3m th\u1ecfa thu\u1eadn kh\u00f4ng ti\u1ebft l\u1ed9, th\u1ecfa thu\u1eadn mua c\u1ed5 ph\u1ea7n, th\u1ecfa thu\u1eadn g\u00f3p v\u1ed1n, v.v.<\/p>\n<p>V\u00ec ch\u00fang mang t\u00ednh kh\u1ea3 thi c\u1ee7a giao d\u1ecbch, c\u00e1c t\u00e0i li\u1ec7u n\u00f3i tr\u00ean t\u1ed1n nhi\u1ec1u th\u1eddi gian \u0111\u1ec3 chu\u1ea9n b\u1ecb v\u00e0 xem x\u00e9t, khi\u1ebfn h\u1ea7u h\u1ebft c\u00e1c nh\u00e0 \u0111\u1ea7u t\u01b0 v\u00e0 ch\u1ee7 s\u1edf h\u1eefu doanh nghi\u1ec7p ph\u1ea3i t\u00ecm ki\u1ebfm m\u1ed9t c\u00f4ng ty lu\u1eadt mua b\u00e1n v\u00e0 s\u00e1p nh\u1eadp c\u00f3 n\u0103ng l\u1ef1c.<\/p>\n<p>Lu\u1eadt s\u01b0 t\u01b0 v\u1ea5n doanh nghi\u1ec7p c\u00f3 tinh th\u1ea7n l\u00e0m vi\u1ec7c t\u1eadp th\u1ec3 v\u00e0 tinh th\u00f4ng \u0111\u1ed3ng h\u00e0nh c\u00f9ng b\u1ea1n trong su\u1ed1t qu\u00e1 tr\u00ecnh \u0111\u00e0m ph\u00e1n.<\/p>\n<p>V\u1edbi t\u01b0 c\u00e1ch l\u00e0 c\u1ed1 v\u1ea5n ph\u00e1p l\u00fd c\u1ee7a b\u1ea1n, ch\u00fang t\u00f4i hi\u1ec3u r\u1eb1ng \u0111i\u1ec1u quan tr\u1ecdng nh\u1ea5t l\u00e0 t\u1ea5t c\u1ea3 c\u00e1c b\u00ean li\u00ean quan ph\u1ea3i hi\u1ec3u \u0111\u1ea7y \u0111\u1ee7 c\u00e1c \u0111i\u1ec1u kho\u1ea3n th\u1ecfa thu\u1eadn c\u1ea3 v\u1ec1 kinh doanh v\u00e0 \u00fd ngh\u0129a ph\u00e1p l\u00fd c\u1ee7a h\u1ecd.<\/p>\n<p>V\u00ec l\u00fd do \u0111\u00f3, kh\u00f4ng ch\u1ec9 c\u00e1c lu\u1eadt s\u01b0 s\u1eafc s\u1ea3o v\u1edbi ki\u1ebfn \u200b\u200bth\u1ee9c t\u00e0i ch\u00ednh c\u1ee7a ch\u00fang t\u00f4i s\u1ebd gi\u00fap b\u1ea1n \u0111\u01b0a ra c\u00e1c \u0111i\u1ec1u kho\u1ea3n ch\u1eb7t ch\u1ebd, nh\u00f3m c\u1ee7a ch\u00fang t\u00f4i c\u0169ng s\u1ebd d\u00e0nh th\u1eddi gian \u0111\u1ec3 gi\u1ea3i th\u00edch c\u00e1c d\u1ef1 th\u1ea3o kh\u00e1c nhau c\u1ee7a th\u1ecfa thu\u1eadn v\u00e0 l\u00e0m s\u00e1ng t\u1ecf m\u1ecdi r\u1ee7i ro v\u00e0 tr\u00e1ch nhi\u1ec7m ph\u00e1p l\u00fd ti\u1ec1m \u1ea9n. \u0110\u01b0\u1ee3c \u0111\u00e0o t\u1ea1o \u0111\u1ec3 ph\u00e1t tri\u1ec3n con m\u1eaft quan tr\u1ecdng, c\u00e1c lu\u1eadt s\u01b0 v\u1ec1 s\u00e1p nh\u1eadp v\u00e0 mua l\u1ea1i c\u1ee7a Corporate Counsel c\u00f3 tr\u00e1ch nhi\u1ec7m, to\u00e0n di\u1ec7n v\u00e0 hi\u1ec7u qu\u1ea3.<\/p>\n<p>Ngo\u00e0i vi\u1ec7c \u0111\u01b0a ra c\u00e1c quy\u1ebft \u0111\u1ecbnh s\u00e1ng su\u1ed1t, n\u1ed7 l\u1ef1c c\u1ee7a ch\u00fang t\u00f4i \u0111\u1ec3 gi\u1ea3i th\u00edch c\u00e1c th\u1ee7 t\u1ee5c ph\u00e1p l\u00fd v\u00e0 l\u00e0m s\u00e1ng t\u1ecf nh\u1eefng b\u1ea5t c\u1eadp c\u0169ng gi\u00fap ng\u0103n ng\u1eeba s\u1ef1 ch\u1eadm tr\u1ec5 trong qu\u00e1 tr\u00ecnh n\u00e0y.<\/p>\n<p>C\u00e1c cu\u1ed9c \u0111\u00e0m ph\u00e1n c\u00f3 xu h\u01b0\u1edbng g\u00e2y tranh c\u00e3i; xem x\u00e9t k\u1ef9 l\u01b0\u1ee1ng \u0111\u1ec3 ph\u00e1t hi\u1ec7n ra l\u1ed7i s\u1ebd ti\u1ebfp t\u1ee5c ti\u00eau hao t\u00e0i nguy\u00ean v\u00e0 c\u00f3 th\u1ec3 k\u00e9o d\u00e0i th\u1eddi gian d\u1ef1 \u0111\u1ecbnh.<\/p>\n<p>Do \u0111\u00f3, b\u1eb1ng c\u00e1ch cho vay n\u0103ng l\u1ef1c chuy\u00ean m\u00f4n c\u1ee7a ch\u00fang t\u00f4i, Lu\u1eadt s\u01b0 Doanh nghi\u1ec7p hy v\u1ecdng s\u1ebd ti\u1ebft ki\u1ec7m th\u1eddi gian v\u00e0 ti\u1ec1n b\u1ea1c cho kh\u00e1ch h\u00e0ng c\u1ee7a ch\u00fang t\u00f4i \u1edf giai \u0111o\u1ea1n \u0111\u00e0m ph\u00e1n.<\/p>\n<h2>C\u1ea5p ph\u00e9p &amp; \u0110\u00f3ng c\u1eeda<\/h2>\n<p>Sau khi c\u00e1c th\u1ef1c th\u1ec3 tham gia v\u00e0o li\u00ean doanh mua b\u00e1n v\u00e0 s\u00e1p nh\u1eadp ho\u00e0n th\u00e0nh vi\u1ec7c so\u1ea1n th\u1ea3o c\u00e1c th\u1ecfa thu\u1eadn th\u00edch h\u1ee3p, giao d\u1ecbch sau \u0111\u00f3 c\u1ea7n ph\u1ea3i \u0111\u01b0\u1ee3c tr\u00ecnh b\u00e0y v\u1edbi c\u00e1c c\u01a1 quan c\u00f3 th\u1ea9m quy\u1ec1n th\u00edch h\u1ee3p.<\/p>\n<p>Sau s\u1ef1 ch\u1ea5p thu\u1eadn c\u1ee7a h\u1ecd, ng\u01b0\u1eddi mua v\u00e0 ng\u01b0\u1eddi b\u00e1n ph\u1ea3i k\u00fd t\u00ean v\u00e0o t\u1ea5t c\u1ea3 c\u00e1c t\u00e0i li\u1ec7u li\u00ean quan, k\u1ebft th\u00fac giao d\u1ecbch m\u1ed9t c\u00e1ch hi\u1ec7u qu\u1ea3 v\u00e0 c\u00f3 hi\u1ec7u l\u1ef1c c\u00e1c \u0111i\u1ec1u kho\u1ea3n v\u00e0 \u0111i\u1ec1u ki\u1ec7n.<\/p>\n<p>M\u1eb7c d\u00f9 \u0111\u01b0\u1ee3c m\u00f4 t\u1ea3 \u0111\u01a1n gi\u1ea3n, c\u00e1c giai \u0111o\u1ea1n cu\u1ed1i c\u00f9ng c\u1ee7a m\u1ed9t th\u01b0\u01a1ng v\u1ee5 mua b\u00e1n v\u00e0 s\u00e1p nh\u1eadp \u0111\u01b0\u1ee3c cho l\u00e0 \u0111i\u00ean cu\u1ed3ng nh\u1ea5t. B\u1ea5t k\u1ef3 s\u1ef1 kh\u00e1c bi\u1ec7t n\u00e0o v\u1edbi c\u00e1c y\u00eau c\u1ea7u ph\u00e1p l\u00fd s\u1ebd d\u1eabn \u0111\u1ebfn vi\u1ec7c quay tr\u1edf l\u1ea1i b\u00e0n \u0111\u00e0m ph\u00e1n, t\u1ea1o g\u00e1nh n\u1eb7ng cho qu\u00e1 tr\u00ecnh v\u1edbi th\u1eddi gian k\u00e9o d\u00e0i.<\/p>\n<p>T\u01b0\u01a1ng t\u1ef1 nh\u01b0 r\u01b0\u1eddm r\u00e0, vi\u1ec7c k\u00fd k\u1ebft v\u00e0 k\u1ebft th\u00fac m\u1ed9t M&amp;A \u0111\u00f2i h\u1ecfi s\u1ef1 ch\u00fa \u00fd \u0111\u00e1ng k\u1ec3 \u0111\u1ebfn t\u1eebng chi ti\u1ebft v\u00e0 t\u1ed5 ch\u1ee9c c\u1ea9n th\u1eadn.<\/p>\n<p>Ng\u01b0\u1eddi mua ph\u1ea3i x\u00e1c minh r\u1eb1ng t\u1ea5t c\u1ea3 c\u00e1c \u0111i\u1ec1u ki\u1ec7n ti\u1ec1n l\u1ec7 \u0111\u01b0\u1ee3c \u0111\u00e1p \u1ee9ng, th\u1ea9m \u0111\u1ecbnh ho\u00e0n th\u00e0nh v\u00e0 th\u00f4ng qua, v\u00e0 t\u1ea5t c\u1ea3 c\u00e1c t\u00e0i li\u1ec7u k\u1ebft th\u00fac \u0111\u00e3 \u0111\u01b0\u1ee3c \u00e1p d\u1ee5ng. \u0110\u1ec3 ti\u1ebft ki\u1ec7m th\u1eddi gian, c\u00e1c c\u00f4ng vi\u1ec7c chu\u1ea9n b\u1ecb n\u00f3i tr\u00ean ph\u1ea3i \u0111\u01b0\u1ee3c th\u1ef1c hi\u1ec7n \u0111\u1ed3ng th\u1eddi v\u00e0 c\u1ef1c k\u1ef3 ch\u00ednh x\u00e1c.<\/p>\n<p>\u0110\u1ec3 gi\u1ea3m b\u1edbt m\u1ed9t s\u1ed1 c\u0103ng th\u1eb3ng th\u01b0\u1eddng li\u00ean quan \u0111\u1ebfn vi\u1ec7c \u0111\u00f3ng c\u1eeda, c\u00e1c d\u1ecbch v\u1ee5 c\u1ee7a ch\u00fang t\u00f4i \u0111\u01b0\u1ee3c thi\u1ebft k\u1ebf d\u1ef1a tr\u00ean kinh nghi\u1ec7m t\u00edch l\u0169y c\u1ee7a ch\u00fang t\u00f4i v\u1edbi t\u01b0 c\u00e1ch l\u00e0 c\u1ed1 v\u1ea5n c\u1ee7a c\u00f4ng ty.<\/p>\n<p>Nhi\u1ec1u n\u0103m l\u00e0m vi\u1ec7c v\u1ec1 c\u00e1c giao d\u1ecbch M&amp;A \u0111\u00e3 gi\u00fap ch\u00fang t\u00f4i th\u1ea5m nhu\u1ea7n c\u00e1c k\u1ef7 lu\u1eadt c\u00f3 h\u1ec7 th\u1ed1ng \u0111\u1ec3 v\u01b0\u1ee3t qua s\u1ef1 h\u1ed7n lo\u1ea1n.<\/p>\n<p>S\u1ef1 quen thu\u1ed9c c\u1ee7a ch\u00fang t\u00f4i v\u1edbi quy tr\u00ecnh thu\u1ed9c c\u01a1 quan t\u00e0i ph\u00e1n c\u1ee7a Vi\u1ec7t Nam c\u0169ng \u0111\u00e3 gi\u00fap ch\u00fang t\u00f4i hi\u1ec3u r\u00f5 h\u01a1n v\u1ec1 th\u1eddi h\u1ea1n th\u1ee7 t\u1ee5c c\u1ee7a khu v\u1ef1c, gi\u00fap ch\u00fang t\u00f4i c\u00f3 kh\u1ea3 n\u0103ng \u0111\u01b0a ra l\u1eddi khuy\u00ean th\u1ef1c t\u1ebf v\u00e0 \u0111\u00e1ng tin c\u1eady v\u1ec1 th\u1eddi gian v\u00e0 y\u00eau c\u1ea7u.n\u0103ng l\u1ef1c, t\u1eadn t\u00e2m v\u00e0 c\u00f3 ph\u01b0\u01a1ng ph\u00e1p <a href=\"https:\/\/corporatecounsels.vn\/vi\/\">Lu\u1eadt s\u01b0 doanh nghi\u1ec7p<\/a> l\u00e0 m\u1ed9t trong nh\u1eefng d\u1ecbch v\u1ee5 M&amp;A h\u00e0ng \u0111\u1ea7u c\u1ea3 n\u01b0\u1edbc.<\/p>\n","protected":false},"excerpt":{"rendered":"<p>Lorem ipsum dolor sit amet, consectetur adipiscing elit, sed do eiusmod tempor ut labore et dolore magna aliqua.<\/p>\n","protected":false},"author":41,"featured_media":83609,"parent":83345,"menu_order":2,"comment_status":"closed","ping_status":"closed","template":"page-practices.php","meta":[],"_links":{"self":[{"href":"https:\/\/corporatecounsels.vn\/vi\/wp-json\/wp\/v2\/pages\/83359"}],"collection":[{"href":"https:\/\/corporatecounsels.vn\/vi\/wp-json\/wp\/v2\/pages"}],"about":[{"href":"https:\/\/corporatecounsels.vn\/vi\/wp-json\/wp\/v2\/types\/page"}],"author":[{"embeddable":true,"href":"https:\/\/corporatecounsels.vn\/vi\/wp-json\/wp\/v2\/users\/41"}],"replies":[{"embeddable":true,"href":"https:\/\/corporatecounsels.vn\/vi\/wp-json\/wp\/v2\/comments?post=83359"}],"version-history":[{"count":3,"href":"https:\/\/corporatecounsels.vn\/vi\/wp-json\/wp\/v2\/pages\/83359\/revisions"}],"predecessor-version":[{"id":84370,"href":"https:\/\/corporatecounsels.vn\/vi\/wp-json\/wp\/v2\/pages\/83359\/revisions\/84370"}],"up":[{"embeddable":true,"href":"https:\/\/corporatecounsels.vn\/vi\/wp-json\/wp\/v2\/pages\/83345"}],"wp:featuredmedia":[{"embeddable":true,"href":"https:\/\/corporatecounsels.vn\/vi\/wp-json\/wp\/v2\/media\/83609"}],"wp:attachment":[{"href":"https:\/\/corporatecounsels.vn\/vi\/wp-json\/wp\/v2\/media?parent=83359"}],"curies":[{"name":"wp","href":"https:\/\/api.w.org\/{rel}","templated":true}]}}