{"id":83355,"date":"2021-11-11T12:01:38","date_gmt":"2021-11-11T05:01:38","guid":{"rendered":"https:\/\/corporatecounsels.vn\/?page_id=83355"},"modified":"2022-12-28T14:56:29","modified_gmt":"2022-12-28T07:56:29","slug":"giao-dich-thuong-mai","status":"publish","type":"page","link":"https:\/\/corporatecounsels.vn\/vi\/practices\/giao-dich-thuong-mai\/","title":{"rendered":"Giao d\u1ecbch &#038; Th\u01b0\u01a1ng m\u1ea1i"},"content":{"rendered":"<p>To\u00e0n c\u1ea7u h\u00f3a \u0111i k\u00e8m v\u1edbi c\u00e1c ho\u1ea1t \u0111\u1ed9ng kinh t\u1ebf ph\u00e1t tri\u1ec3n m\u1ea1nh m\u1ebd, trong \u0111\u00f3 th\u01b0\u01a1ng m\u1ea1i v\u00e0 th\u01b0\u01a1ng m\u1ea1i l\u00e0 m\u1ed9t ph\u1ea7n.<\/p>\n<p>Trong khi xu h\u01b0\u1edbng t\u0103ng tr\u01b0\u1edfng cung v\u00e0 c\u1ea7u th\u01b0\u01a1ng m\u1ea1i hi\u1ec7n nay trong th\u1ecb tr\u01b0\u1eddng n\u1ed9i \u0111\u1ecba Vi\u1ec7t Nam \u0111ang thu h\u00fat r\u1ea5t nhi\u1ec1u n\u1ed7 l\u1ef1c c\u1ee7a c\u00e1c doanh nghi\u1ec7p, h\u1ecd c\u0169ng c\u1ea7n c\u00e1c quy \u0111\u1ecbnh nghi\u00eam ng\u1eb7t c\u1ee7a ch\u00ednh ph\u1ee7 \u0111\u1ec3 b\u1ea3o v\u1ec7 ng\u01b0\u1eddi ti\u00eau d\u00f9ng v\u00e0 tr\u1eebng ph\u1ea1t c\u00e1c h\u00e0nh vi tham nh\u0169ng.<\/p>\n<p>Hi\u1ec3u r\u1eb1ng m\u1ea1ng l\u01b0\u1edbi lu\u1eadt th\u01b0\u01a1ng m\u1ea1i ph\u1ee9c t\u1ea1p c\u00f3 th\u1ec3 \u0111\u00f3ng vai tr\u00f2 nh\u01b0 m\u1ed9t r\u00e0o c\u1ea3n gia nh\u1eadp \u0111\u1ed1i v\u1edbi m\u1ed9t s\u1ed1 ng\u01b0\u1eddi, Lu\u1eadt s\u01b0 Doanh nghi\u1ec7p mu\u1ed1n \u0111\u01b0\u1ee3c ph\u1ee5c v\u1ee5 cho c\u1ea3 c\u00e1c th\u01b0\u01a1ng gia n\u01b0\u1edbc ngo\u00e0i v\u00e0 \u0111\u1ecba ph\u01b0\u01a1ng.<\/p>\n<p>Th\u00f4ng th\u1ea1o lu\u1eadt ph\u00e1p qu\u1ed1c gia v\u00e0 quen thu\u1ed9c v\u1edbi th\u01b0\u01a1ng m\u1ea1i, \u0111\u1ed9i ng\u0169 chuy\u00ean gia c\u1ee7a ch\u00fang t\u00f4i chuy\u00ean v\u1ec1 nhi\u1ec1u l\u0129nh v\u1ef1c h\u00e0nh ngh\u1ec1.<\/p>\n<p>T\u1eeb c\u1ea5p ph\u00e9p \u0111\u1ebfn c\u00e1c th\u1ecfa thu\u1eadn cho \u0111\u1ebfn tu\u00e2n th\u1ee7, ch\u00fang t\u00f4i gi\u1ea3i quy\u1ebft t\u1eebng mi\u1ec1n b\u1eb1ng c\u00e1c nguy\u00ean t\u1eafc ph\u00e1p l\u00fd kh\u00e1c nhau.<\/p>\n<p>V\u00ec kinh nghi\u1ec7m c\u1ee7a ch\u00fang t\u00f4i ch\u1eafc ch\u1eafn c\u00f3 l\u1ee3i khi n\u00f3i \u0111\u1ebfn c\u00f4ng vi\u1ec7c tu\u00e2n th\u1ee7 quan li\u00eau, s\u1ef1 s\u00e1ng t\u1ea1o c\u1ee7a ch\u00fang t\u00f4i c\u00f3 \u00edch tr\u00ean b\u00e0n \u0111\u00e0m ph\u00e1n v\u00e0 m\u1ed1i quan h\u1ec7 c\u1ee7a ch\u00fang t\u00f4i v\u1edbi c\u00e1c chuy\u00ean gia t\u00e0i ch\u00ednh v\u00e0 th\u01b0\u01a1ng m\u1ea1i c\u0169ng gi\u00fap tinh ch\u1ec9nh c\u00e1c s\u1ea3n ph\u1ea9m c\u1ee7a ch\u00fang t\u00f4i, cung c\u1ea5p ch\u00fang ch\u00ednh x\u00e1c cho k\u1ebft qu\u1ea3 mong mu\u1ed1n c\u1ee7a kh\u00e1ch h\u00e0ng.<\/p>\n<p>\u0110\u00e3 tham gia v\u00e0o v\u00f4 s\u1ed1 d\u1ef1 \u00e1n trong n\u01b0\u1edbc v\u00e0 m\u1ed9t s\u1ed1 d\u1ef1 \u00e1n xuy\u00ean bi\u00ean gi\u1edbi v\u00e0 c\u00e1c tranh ch\u1ea5p gi\u1eefa doanh nghi\u1ec7p v\u1edbi doanh nghi\u1ec7p, Corporate Counsel l\u00e0 m\u1ed9t trong nh\u1eefng c\u00f4ng ty lu\u1eadt th\u01b0\u01a1ng m\u1ea1i h\u00e0ng \u0111\u1ea7u cho c\u00e1c c\u00f4ng ty l\u1edbn v\u00e0 nh\u1ecf, t\u1eadp \u0111o\u00e0n qu\u1ed1c t\u1ebf v\u00e0 doanh nghi\u1ec7p \u0111\u1ecba ph\u01b0\u01a1ng, b\u1ea5t k\u1ef3 t\u1ed5 ch\u1ee9c n\u00e0o \u0111ang t\u00ecm ki\u1ebfm m\u1ed9t gi\u1ea3i ph\u00e1p t\u1ed1i \u01b0u v\u1ec1 m\u1eb7t ph\u00e1p l\u00fd cho c\u00e2u h\u1ecfi h\u00f3c b\u00faa v\u1ec1 kinh doanh c\u1ee7a h\u1ecd.<\/p>\n<h2>Giao d\u1ecbch, T\u01b0 v\u1ea5n Th\u01b0\u01a1ng m\u1ea1i &amp; C\u1ea5p ph\u00e9p<\/h2>\n<p>L\u00e0 m\u1ed9t qu\u1ed1c gia \u0111ang ph\u00e1t tri\u1ec3n nhanh ch\u00f3ng, c\u00e1c ho\u1ea1t \u0111\u1ed9ng th\u01b0\u01a1ng m\u1ea1i c\u1ee7a Vi\u1ec7t Nam \u0111ang ph\u00e1t tri\u1ec3n v\u1edbi t\u1ed1c \u0111\u1ed9 \u1ea5n t\u01b0\u1ee3ng, do \u0111\u00f3 \u0111\u00e3 thu h\u00fat m\u1ed9t s\u1ed1 l\u01b0\u1ee3ng \u0111\u00e1ng k\u1ec3 c\u00e1c th\u01b0\u01a1ng gia qu\u1ed1c t\u1ebf v\u00e0 trong n\u01b0\u1edbc tham gia v\u00e0o th\u1ecb tr\u01b0\u1eddng.<\/p>\n<p>L\u01b0\u1ee3ng ho\u1ea1t \u0111\u1ed9ng xu\u1ea5t nh\u1eadp kh\u1ea9u s\u00f4i \u0111\u1ed9ng h\u00e0ng n\u0103m c\u00e0ng ch\u1ee9ng t\u1ecf ti\u1ec1m n\u0103ng c\u1ee7a khu v\u1ef1c. Tuy nhi\u00ean, vi\u1ec7c th\u00e0nh l\u1eadp doanh nghi\u1ec7p c\u1ee7a b\u1ea1n trong Th\u01b0\u01a1ng m\u1ea1i &amp; Th\u01b0\u01a1ng m\u1ea1i v\u00e0 \u0111\u0103ng k\u00fd c\u00f4ng ty c\u1ee7a b\u1ea1n c\u00f3 th\u1ec3 kh\u00f3 kh\u0103n khi lu\u1eadt qu\u1ed1c gia v\u1ec1 th\u01b0\u01a1ng m\u1ea1i bao g\u1ed3m c\u00e1c quy \u0111\u1ecbnh v\u1ec1 quy c\u00e1ch vai tr\u00f2 c\u1ee7a nh\u00e2n vi\u00ean, lo\u1ea1i h\u00e0ng h\u00f3a v\u00e0 d\u1ecbch v\u1ee5, c\u00e1c m\u1ed1i quan h\u1ec7 theo chi\u1ec1u d\u1ecdc v\u00e0 chi\u1ec1u ngang, h\u1eadu c\u1ea7n, v.v. M\u1ed7i m\u00f4-\u0111un y\u00eau c\u1ea7u c\u00e1c th\u1ee7 t\u1ee5c quan li\u00eau ri\u00eang.<\/p>\n<p>\u0110\u1ec3 gi\u00fap c\u00e1c doanh nghi\u1ec7p v\u1eefng v\u00e0ng ngay t\u1eeb \u0111\u1ea7u, c\u00e1c lu\u1eadt s\u01b0 c\u1ee7a Lu\u1eadt s\u01b0 t\u01b0 v\u1ea5n doanh nghi\u1ec7p \u0111ang cung c\u1ea5p ki\u1ebfn \u200b\u200bth\u1ee9c chuy\u00ean m\u00f4n ph\u00e1p l\u00fd c\u1ee7a ch\u00fang t\u00f4i cho c\u00e1c c\u00f4ng ty l\u1edbn v\u00e0 nh\u1ecf nh\u01b0 nhau.<\/p>\n<p>V\u00ec th\u01b0\u01a1ng m\u1ea1i l\u00e0 m\u1ea5u ch\u1ed1t c\u1ee7a m\u1ecdi c\u00f4ng ty, n\u00ean v\u1edbi t\u01b0 c\u00e1ch l\u00e0 c\u1ed1 v\u1ea5n c\u1ee7a b\u1ea1n, ch\u00fang t\u00f4i c\u00f3 th\u1ec3 gi\u00fap b\u1ea3o v\u1ec7 l\u1ee3i \u00edch c\u1ee7a b\u1ea1n khi b\u1ea1n l\u00ean k\u1ebf ho\u1ea1ch b\u00e1n, ph\u00e2n ph\u1ed1i ho\u1eb7c mua h\u00e0ng h\u00f3a v\u00e0 d\u1ecbch v\u1ee5.<\/p>\n<p>H\u01a1n n\u1eefa, s\u1ef1 nh\u1ea1y b\u00e9n trong ng\u00e0nh c\u1ee7a ch\u00fang t\u00f4i c\u00f3 th\u1ec3 b\u00e1o tr\u01b0\u1edbc cho b\u1ea1n v\u1ec1 nh\u1eefng s\u1eeda \u0111\u1ed5i l\u1eadp ph\u00e1p s\u1eafp t\u1edbi; chu\u1ea9n b\u1ecb s\u1edbm tr\u01b0\u1edbc nh\u1eefng thay \u0111\u1ed5i n\u00e0y s\u1ebd gi\u00fap b\u1ea1n ti\u1ebft ki\u1ec7m th\u1eddi gian v\u00e0 ti\u1ec1n b\u1ea1c.<\/p>\n<p>D\u1ecbch v\u1ee5 c\u1ee7a ch\u00fang t\u00f4i c\u0169ng cung c\u1ea5p h\u1ed7 tr\u1ee3 c\u1ea5p ph\u00e9p. Trong su\u1ed1t qu\u00e1 tr\u00ecnh \u0111\u0103ng k\u00fd kinh doanh v\u00e0 trong qu\u00e1 tr\u00ecnh ho\u1ea1t \u0111\u1ed9ng c\u1ee7a b\u1ea1n, c\u00e1c lu\u1eadt s\u01b0 c\u1ee7a ch\u00fang t\u00f4i s\u1ebd \u0111\u1ed3ng h\u00e0nh c\u00f9ng b\u1ea1n trong c\u00e1c \u0111\u01a1n xin c\u1ea5p ph\u00e9p, c\u00e1c phi\u00ean \u0111i\u1ec1u tr\u1ea7n xem x\u00e9t v\u00e0 c\u00e1c l\u1ec7nh \u0111\u00f3ng.<\/p>\n<p>Nguy\u00ean t\u1eafc th\u1ec3 ch\u1ebf c\u1ee7a ch\u00fang t\u00f4i l\u00e0 \u0111\u01b0a ra l\u1eddi khuy\u00ean d\u1ec5 hi\u1ec3u, th\u1ef1c t\u1ebf v\u00e0 gi\u00e1 c\u1ea3 ph\u1ea3i ch\u0103ng \u0111\u1ec3 h\u1ed7 tr\u1ee3 hi\u1ec7u qu\u1ea3 nh\u1ea5t cho c\u00e1c m\u1ee5c ti\u00eau kinh doanh c\u1ee7a b\u1ea1n.<\/p>\n<h2>C\u00e1c th\u1ecfa thu\u1eadn th\u01b0\u01a1ng m\u1ea1i<\/h2>\n<p>Ho\u1ea1t \u0111\u1ed9ng h\u00e0ng ng\u00e0y c\u1ee7a m\u1ed9t c\u00f4ng ty th\u01b0\u1eddng xuy\u00ean h\u01a1n l\u00e0 kh\u00f4ng li\u00ean quan \u0111\u1ebfn c\u00e1c giao d\u1ecbch v\u1edbi b\u00ean th\u1ee9 ba.<\/p>\n<p>Cho d\u00f9 l\u00e0 h\u00e0ng h\u00f3a hay d\u1ecbch v\u1ee5, vi\u1ec7c trao \u0111\u1ed5i c\u1ea7n ph\u1ea3i \u0111\u01b0\u1ee3c th\u1ef1c hi\u1ec7n b\u1eb1ng v\u0103n b\u1ea3n \u0111\u1ec3 \u0111\u1ea3m b\u1ea3o t\u00ednh minh b\u1ea1ch, gi\u00fap gi\u1ea3m b\u1edbt s\u1ef1 tranh ch\u1ea5p trong t\u01b0\u01a1ng lai.<\/p>\n<p>Do \u0111\u00f3, cho d\u00f9 b\u1ea1n l\u00e0 m\u1ed9t doanh nghi\u1ec7p \u0111\u00e3 th\u00e0nh l\u1eadp hay m\u1ed9t c\u00f4ng ty kh\u1edfi nghi\u1ec7p \u0111\u1ecba ph\u01b0\u01a1ng, th\u00ec m\u1ed9t th\u1ecfa thu\u1eadn to\u00e0n di\u1ec7n, \u0111\u01b0\u1ee3c so\u1ea1n th\u1ea3o t\u1ed1t l\u00e0 n\u1ec1n t\u1ea3ng m\u00e0 d\u1ef1a v\u00e0o \u0111\u00f3 s\u1ef1 th\u00e0nh c\u00f4ng c\u1ee7a doanh nghi\u1ec7p b\u1ea1n. M\u1ed9t lu\u1eadt s\u01b0 c\u00f3 kinh nghi\u1ec7m v\u00e0 n\u0103ng l\u1ef1c \u0111\u00e0m ph\u00e1n m\u1ea1nh m\u1ebd l\u00e0 ph\u1ee5 ki\u1ec7n ho\u00e0n h\u1ea3o \u0111\u1ec3 b\u1ea1n \u0111\u1ea1t \u0111\u01b0\u1ee3c k\u1ebft qu\u1ea3 mong mu\u1ed1n.<\/p>\n<p>T\u1ea1i Corporate Counsel, c\u00e1c lu\u1eadt s\u01b0 th\u01b0\u01a1ng m\u1ea1i c\u1ee7a ch\u00fang t\u00f4i \u0111\u01b0\u1ee3c bi\u1ebft l\u00e0 d\u1ef1a v\u00e0o n\u1ec1n t\u1ea3ng ph\u00e1p l\u00fd c\u1ee7a ch\u00fang t\u00f4i v\u00e0 tham kh\u1ea3o \u00fd ki\u1ebfn \u200b\u200bc\u00e1c chuy\u00ean gia kinh doanh \u0111\u1ec3 \u0111\u01b0a ra l\u1eddi khuy\u00ean ch\u1ea5t l\u01b0\u1ee3ng cao cho kh\u00e1ch h\u00e0ng c\u1ee7a ch\u00fang t\u00f4i.<\/p>\n<p>Ch\u00fang t\u00f4i \u0111\u00e3 gi\u00fap c\u00e1c doanh nghi\u1ec7p chu\u1ea9n b\u1ecb v\u00e0 \u0111\u01b0a ra c\u00e1c \u0111i\u1ec1u kho\u1ea3n h\u1ee3p \u0111\u1ed3ng, c\u00e2n nh\u1eafc c\u00e1c quy\u1ec1n v\u00e0 ngh\u0129a v\u1ee5, gi\u1ea3m thi\u1ec3u r\u1ee7i ro v\u00e0 t\u1ed1i \u0111a h\u00f3a ph\u1ea7n th\u01b0\u1edfng, \u0111\u1ed3ng th\u1eddi tr\u00e1nh nh\u1eefng c\u1ea1m b\u1eaby quan tr\u1ecdng.<\/p>\n<p>\u0110\u1ec3 l\u00e0m nh\u01b0 v\u1eady, tr\u01b0\u1edbc ti\u00ean, nh\u00f3m c\u1ee7a ch\u00fang t\u00f4i nghi\u00ean c\u1ee9u t\u1ea7m nh\u00ecn v\u00e0 m\u1ee5c ti\u00eau c\u1ee5 th\u1ec3 c\u1ee7a b\u1ea1n \u0111\u1ec3 ph\u1ea3n \u00e1nh t\u1ed1t nh\u1ea5t m\u1ed1i quan h\u1ec7 c\u1ee7a b\u1ea1n v\u1edbi kh\u00e1ch h\u00e0ng v\u00e0 nh\u00e0 cung c\u1ea5p b\u1eb1ng v\u0103n b\u1ea3n \u0111\u1ed3ng th\u1eddi \u0111\u1ea3m b\u1ea3o gi\u00e1 tr\u1ecb ph\u00e1p l\u00fd c\u1ee7a th\u1ecfa thu\u1eadn c\u1ee7a b\u1ea1n theo c\u01a1 quan t\u00e0i ph\u00e1n c\u1ee7a Vi\u1ec7t Nam.<\/p>\n<p>Ch\u00fang t\u00f4i c\u0169ng \u0111\u00e3 t\u1eebng l\u00e0 c\u1ed1 v\u1ea5n cho c\u00e1c d\u1ef1 \u00e1n th\u01b0\u01a1ng m\u1ea1i xuy\u00ean bi\u00ean gi\u1edbi, ti\u1ebfp t\u1ee5c th\u1ec3 hi\u1ec7n s\u1ef1 h\u1ed7 tr\u1ee3 c\u1ee7a ch\u00fang t\u00f4i \u0111\u1ed1i v\u1edbi c\u00e1c c\u00f4ng ty m\u1ea1o hi\u1ec3m d\u00e1m m\u1edf r\u1ed9ng sang m\u1ed9t th\u1ecb tr\u01b0\u1eddng m\u1edbi v\u00e0 ti\u00ean phong \u0111\u1ed5i m\u1edbi.<\/p>\n<p>C\u00e1c \u0111\u1eb7c t\u00ednh ngh\u1ec1 nghi\u1ec7p c\u1ee7a ch\u00fang t\u00f4i \u0111\u00e3 d\u1eabn \u0111\u1ebfn nhi\u1ec1u m\u1ed1i quan h\u1ec7 b\u1ec1n ch\u1eb7t v\u1edbi kh\u00e1ch h\u00e0ng t\u1eeb nhi\u1ec1u l\u0129nh v\u1ef1c kh\u00e1c nhau.<\/p>\n<p>Ch\u00fang t\u00f4i \u0111\u00e1nh gi\u00e1 cao m\u1ed1i quan h\u1ec7 c\u1ee7a ch\u00fang t\u00f4i v\u1edbi kh\u00e1ch h\u00e0ng c\u0169ng nh\u01b0 s\u1ef1 th\u00e0nh c\u00f4ng l\u00e2u d\u00e0i c\u1ee7a h\u1ecd, gi\u00fap ch\u00fang t\u00f4i tr\u1edf th\u00e0nh m\u1ed9t trong nh\u1eefng c\u00f4ng ty lu\u1eadt th\u01b0\u01a1ng m\u1ea1i h\u00e0ng \u0111\u1ea7u t\u1ea1i Vi\u1ec7t Nam.<\/p>\n<h2>Chu\u1ed7i cung \u1ee9ng, h\u1ee3p \u0111\u1ed3ng ph\u00e2n ph\u1ed1i v\u00e0 tu\u00e2n th\u1ee7<\/h2>\n<p>\u0110i\u1ec1u h\u00e0nh m\u1ed9t doanh nghi\u1ec7p th\u01b0\u01a1ng m\u1ea1i \u0111\u00f2i h\u1ecfi ph\u1ea3i ch\u00fa \u00fd li\u00ean t\u1ee5c \u0111\u1ebfn nh\u1eefng thay \u0111\u1ed5i trong c\u00e1c y\u00eau c\u1ea7u quy \u0111\u1ecbnh, v\u00ec m\u1ed9t sai l\u1ea7m quan li\u00eau c\u00f3 th\u1ec3 g\u00e2y ra s\u1ef1 ch\u1eadm tr\u1ec5 trong ho\u1ea1t \u0111\u1ed9ng c\u1ee7a b\u1ea1n v\u00e0 t\u00e1c \u0111\u1ed9ng ti\u00eau c\u1ef1c \u0111\u1ebfn l\u1ee3i nhu\u1eadn c\u1ee7a b\u1ea1n.<\/p>\n<p>C\u1ee5 th\u1ec3 h\u01a1n, vi\u1ec7c \u0111\u00ecnh ch\u1ec9 trong chu\u1ed7i cung \u1ee9ng v\u00e0 ph\u00e2n ph\u1ed1i c\u00f3 th\u1ec3 g\u00e2y th\u1ea5t v\u1ecdng cho c\u00e1c c\u1ed5 \u0111\u00f4ng \u0111\u1ed1i v\u1edbi c\u00e1c c\u01a1 s\u1edf l\u1edbn v\u00e0 \u0111e d\u1ecda c\u01a1 h\u1ed9i s\u1ed1ng s\u00f3t c\u1ee7a c\u00e1c doanh nghi\u1ec7p nh\u1ecf. Tu\u00e2n th\u1ee7 l\u00e0 ch\u00eca kh\u00f3a \u0111\u1ec3 duy tr\u00ec m\u1ed9t c\u1ed7 m\u00e1y bu\u00f4n b\u00e1n v\u00e0 th\u01b0\u01a1ng m\u1ea1i \u0111\u01b0\u1ee3c b\u00f4i tr\u01a1n.<\/p>\n<p>Tu\u00e2n th\u1ee7 chu\u1ed7i cung \u1ee9ng \u0111\u1eb7c bi\u1ec7t kh\u00f3 v\u00ec n\u00f3 bao g\u1ed3m nhi\u1ec1u ph\u1ea1m vi: b\u1ea3o v\u1ec7 m\u00f4i tr\u01b0\u1eddng, quy\u1ec1n c\u1ee7a ng\u01b0\u1eddi lao \u0111\u1ed9ng, \u0111\u1ea3m b\u1ea3o ch\u1ea5t l\u01b0\u1ee3ng s\u1ea3n ph\u1ea9m, h\u1eadu c\u1ea7n, minh b\u1ea1ch d\u00f2ng ti\u1ec1n, v.v. Trong khi c\u00e1c doanh nghi\u1ec7p \u1edf trong th\u1ecb tr\u01b0\u1eddng n\u1ed9i \u0111\u1ecba ch\u1ec9 t\u1eadp trung v\u00e0o c\u00e1c quy \u0111\u1ecbnh trong n\u01b0\u1edbc, c\u00e1c nh\u00e0 cung c\u1ea5p v\u00e0 nh\u00e0 ph\u00e2n ph\u1ed1i \u0111a qu\u1ed1c gia ph\u1ea3i tu\u00e2n theo c\u00e1c y\u00eau c\u1ea7u xuy\u00ean bi\u00ean gi\u1edbi, do \u0111\u00f3 ph\u1ea3i tu\u00e2n theo c\u00e1c quy \u0111\u1ecbnh nghi\u00eam ng\u1eb7t h\u01a1n.<\/p>\n<p>K\u1ef9 l\u01b0\u1ee1ng trong th\u1ef1c thi v\u00e0 \u0111\u01b0\u1ee3c c\u00e1 nh\u00e2n h\u00f3a trong c\u00e1ch ti\u1ebfp c\u1eadn, c\u00e1c lu\u1eadt s\u01b0 th\u01b0\u01a1ng m\u1ea1i c\u1ee7a Corporate Counsel \u0111\u00e3 \u0111\u00f3ng vai tr\u00f2 c\u1ed1 v\u1ea5n cho c\u00e1c nh\u00e0 s\u1ea3n xu\u1ea5t thu\u1ed9c nhi\u1ec1u ng\u00e0nh kh\u00e1c nhau (c\u00f4ng ngh\u1ec7, th\u1ef1c ph\u1ea9m v\u00e0 \u0111\u1ed3 u\u1ed1ng, \u00f4 t\u00f4, v.v.) v\u1ec1 qu\u1ea3n l\u00fd tu\u00e2n th\u1ee7.<\/p>\n<p>Ch\u00fang t\u00f4i c\u0169ng h\u1ed7 tr\u1ee3 th\u1ef1c hi\u1ec7n c\u00e1c ch\u00ednh s\u00e1ch, th\u1ecfa thu\u1eadn, th\u1ee7 t\u1ee5c v\u00e0 \u0111\u00e0o t\u1ea1o, nh\u1eb1m c\u1ee7ng c\u1ed1 h\u01a1n n\u1eefa s\u1ef1 tu\u00e2n th\u1ee7 trong m\u1ecdi giai \u0111o\u1ea1n c\u1ee7a chu\u1ed7i cung \u1ee9ng v\u00e0 ph\u00e2n ph\u1ed1i.<\/p>\n<p>Kinh nghi\u1ec7m n\u1ed5i ti\u1ebfng c\u1ee7a ch\u00fang t\u00f4i trong l\u0129nh v\u1ef1c n\u00e0y \u0111\u00e3 cho ch\u00fang t\u00f4i kh\u00f4ng ch\u1ec9 k\u1ef9 n\u0103ng chuy\u00ean m\u00f4n v\u1ec1 th\u1ee7 t\u1ee5c gi\u1ea5y t\u1edd m\u00e0 c\u00f2n c\u00f3 t\u1ea7m nh\u00ecn xa \u0111\u1ec3 ph\u00e1t hi\u1ec7n c\u00e1c quy \u0111\u1ecbnh m\u1edbi xu\u1ea5t hi\u1ec7n.<\/p>\n<p>Do \u0111\u00f3, kh\u00e1ch h\u00e0ng c\u1ee7a ch\u00fang t\u00f4i th\u01b0\u1eddng \u0111\u01b0\u1ee3c h\u01b0\u1edfng l\u1ee3i t\u1eeb vi\u1ec7c ho\u1ea1t \u0111\u1ed9ng c\u1ee7a h\u1ecd \u00edt b\u1ecb gi\u00e1n \u0111o\u1ea1n nh\u1ea5t v\u00e0 t\u1ed1i \u0111a h\u00f3a l\u1ee3i nhu\u1eadn.<\/p>\n","protected":false},"excerpt":{"rendered":"<p>Lorem ipsum dolor sit amet, consectetur adipiscing elit, sed do eiusmod tempor ut labore et dolore magna aliqua.<\/p>\n","protected":false},"author":41,"featured_media":83639,"parent":83345,"menu_order":9,"comment_status":"closed","ping_status":"closed","template":"page-practices.php","meta":[],"_links":{"self":[{"href":"https:\/\/corporatecounsels.vn\/vi\/wp-json\/wp\/v2\/pages\/83355"}],"collection":[{"href":"https:\/\/corporatecounsels.vn\/vi\/wp-json\/wp\/v2\/pages"}],"about":[{"href":"https:\/\/corporatecounsels.vn\/vi\/wp-json\/wp\/v2\/types\/page"}],"author":[{"embeddable":true,"href":"https:\/\/corporatecounsels.vn\/vi\/wp-json\/wp\/v2\/users\/41"}],"replies":[{"embeddable":true,"href":"https:\/\/corporatecounsels.vn\/vi\/wp-json\/wp\/v2\/comments?post=83355"}],"version-history":[{"count":3,"href":"https:\/\/corporatecounsels.vn\/vi\/wp-json\/wp\/v2\/pages\/83355\/revisions"}],"predecessor-version":[{"id":84385,"href":"https:\/\/corporatecounsels.vn\/vi\/wp-json\/wp\/v2\/pages\/83355\/revisions\/84385"}],"up":[{"embeddable":true,"href":"https:\/\/corporatecounsels.vn\/vi\/wp-json\/wp\/v2\/pages\/83345"}],"wp:featuredmedia":[{"embeddable":true,"href":"https:\/\/corporatecounsels.vn\/vi\/wp-json\/wp\/v2\/media\/83639"}],"wp:attachment":[{"href":"https:\/\/corporatecounsels.vn\/vi\/wp-json\/wp\/v2\/media?parent=83355"}],"curies":[{"name":"wp","href":"https:\/\/api.w.org\/{rel}","templated":true}]}}