{"id":83353,"date":"2021-11-11T12:01:11","date_gmt":"2021-11-11T05:01:11","guid":{"rendered":"https:\/\/corporatecounsels.vn\/?page_id=83353"},"modified":"2022-12-28T14:57:08","modified_gmt":"2022-12-28T07:57:08","slug":"dich-vu-tu-van-thue","status":"publish","type":"page","link":"https:\/\/corporatecounsels.vn\/vi\/practices\/dich-vu-tu-van-thue\/","title":{"rendered":"D\u1ecbch v\u1ee5 &#038; T\u01b0 v\u1ea5n thu\u1ebf"},"content":{"rendered":"<p>M\u1ed7i khu v\u1ef1c t\u00e0i ph\u00e1n c\u00f3 m\u00e3 s\u1ed1 thu\u1ebf duy nh\u1ea5t; ch\u1ee7 doanh nghi\u1ec7p, n\u01b0\u1edbc ngo\u00e0i v\u00e0 trong n\u01b0\u1edbc, c\u1ea7n \u0111\u01b0\u1ee3c th\u00f4ng b\u00e1o v\u1ec1 c\u00e1c y\u00eau c\u1ea7u thu\u1ebf trong khu v\u1ef1c c\u1ee7a h\u1ecd \u0111\u1ec3 kh\u00f4ng ch\u1ec9 \u0111\u1ea3m b\u1ea3o tu\u00e2n th\u1ee7 m\u00e0 c\u00f2n \u0111\u1ec3 thi\u1ebft k\u1ebf c\u1ea5u tr\u00fac t\u00e0i kh\u00f3a t\u1ed1i \u01b0u h\u00f3a l\u1ee3i nhu\u1eadn nh\u1ea5t.<\/p>\n<p>V\u00ec ng\u00f4n ng\u1eef l\u1eadp ph\u00e1p kh\u00f4ng th\u1ec3 di\u1ec5n gi\u1ea3i m\u1ed9t c\u00e1ch ph\u1ed5 bi\u1ebfn, c\u00e1c lu\u1eadt s\u01b0 thu\u1ebf c\u1ee7a Corporate Counsel \u0111\u01b0\u1ee3c coi l\u00e0 c\u1ea7u n\u1ed1i gi\u1eefa nh\u1eefng ng\u01b0\u1eddi h\u1ee3p ph\u00e1p v\u00e0 c\u00e1c k\u1ebf ho\u1ea1ch thu\u1ebf h\u1ee3p l\u00fd nh\u1ea5t c\u1ee7a h\u1ecd.<\/p>\n<p>Th\u00f4ng th\u1ea1o lu\u1eadt thu\u1ebf khu v\u1ef1c v\u00e0 c\u00e1c quy \u0111\u1ecbnh t\u00e0i ch\u00ednh, c\u00e1c lu\u1eadt s\u01b0 thu\u1ebf qu\u1ed1c t\u1ebf c\u1ee7a ch\u00fang t\u00f4i \u0111\u00e3 cung c\u1ea5p d\u1ecbch v\u1ee5 thu\u1ebf doanh nghi\u1ec7p v\u00e0 t\u01b0 v\u1ea5n cho c\u00e1c c\u00f4ng ty \u0111a qu\u1ed1c gia v\u1ec1 t\u00e1c \u0111\u1ed9ng thu\u1ebf c\u1ee7a c\u1ea5u tr\u00fac v\u00e0 ho\u1ea1t \u0111\u1ed9ng kinh doanh hi\u1ec7n t\u1ea1i c\u1ee7a h\u1ecd theo lu\u1eadt Vi\u1ec7t Nam.<\/p>\n<p>Sau \u0111\u00f3, ch\u00fang t\u00f4i h\u01b0\u1edbng d\u1eabn h\u1ecd c\u00e1ch t\u00ecm v\u00e0 ph\u00e1t tri\u1ec3n m\u1ed9t chi\u1ebfn l\u01b0\u1ee3c c\u00f3 l\u1ee3i h\u01a1n trong khi tu\u00e2n th\u1ee7 m\u00e3 s\u1ed1 thu\u1ebf.<\/p>\n<p>C\u00e1c lu\u1eadt s\u01b0 thu\u1ebf doanh nghi\u1ec7p c\u1ee7a ch\u00fang t\u00f4i l\u00e0 nh\u1eefng ng\u01b0\u1eddi giao ti\u1ebfp tinh vi, h\u1ecd lu\u00f4n ki\u00ean nh\u1eabn v\u00e0 gi\u1ea3i th\u00edch b\u1eb1ng ng\u00f4n ng\u1eef \u0111\u01a1n gi\u1ea3n, d\u1ec5 hi\u1ec3u. Ch\u1ec9 khi \u0111\u00f3, ch\u00fang t\u00f4i m\u1edbi c\u00f3 th\u1ec3 ch\u1eafc ch\u1eafn r\u1eb1ng kh\u00e1ch h\u00e0ng c\u1ee7a m\u00ecnh n\u1eafm ch\u1eafc c\u00e1c chi ti\u1ebft quan tr\u1ecdng.<\/p>\n<p>Cho d\u00f9 b\u1ea1n l\u00e0 m\u1ed9t t\u1ed5 ch\u1ee9c \u0111ang c\u1ed1 g\u1eafng c\u01a1 c\u1ea5u l\u1ea1i t\u00e0i ch\u00ednh c\u1ee7a m\u00ecnh, m\u1ed9t c\u00f4ng ty \u0111ang t\u00ecm ki\u1ebfm m\u1ed9t lu\u1eadt s\u01b0 thu\u1ebf cho doanh nghi\u1ec7p nh\u1ecf, hay m\u1ed9t c\u00e1 nh\u00e2n \u0111ang t\u00ecm ki\u1ebfm m\u1ed9t gi\u1ea3i ph\u00e1p cho c\u00e1c kho\u1ea3n thu\u1ebf th\u1eeba k\u1ebf n\u1eb7ng n\u1ec1, <a href=\"https:\/\/corporatecounsels.vn\/vi\/\">Corporate Counsel<\/a> C\u00f4ng ty lu\u1eadt thu\u1ebf h\u00e0ng \u0111\u1ea7u t\u1ea1i Vi\u1ec7t Nam, s\u1ebd nghi\u00ean c\u1ee9u nhu c\u1ea7u c\u1ee5 th\u1ec3 c\u1ee7a b\u1ea1n so v\u1edbi lu\u1eadt thu\u1ebf v\u00e0 \u0111\u1ec1 ra m\u1ed9t th\u1ecfa thu\u1eadn ti\u1ec1n t\u1ec7 ph\u00f9 h\u1ee3p \u0111\u1ec3 gi\u00fap b\u1ea1n \u0111\u1ea1t \u0111\u01b0\u1ee3c c\u00e1c m\u1ee5c ti\u00eau c\u1ee7a m\u00ecnh.<\/p>\n","protected":false},"excerpt":{"rendered":"<p>Lorem ipsum dolor sit amet, consectetur adipiscing elit, sed do eiusmod tempor ut labore et dolore magna aliqua.<\/p>\n","protected":false},"author":41,"featured_media":83642,"parent":83345,"menu_order":10,"comment_status":"closed","ping_status":"closed","template":"page-practices.php","meta":[],"_links":{"self":[{"href":"https:\/\/corporatecounsels.vn\/vi\/wp-json\/wp\/v2\/pages\/83353"}],"collection":[{"href":"https:\/\/corporatecounsels.vn\/vi\/wp-json\/wp\/v2\/pages"}],"about":[{"href":"https:\/\/corporatecounsels.vn\/vi\/wp-json\/wp\/v2\/types\/page"}],"author":[{"embeddable":true,"href":"https:\/\/corporatecounsels.vn\/vi\/wp-json\/wp\/v2\/users\/41"}],"replies":[{"embeddable":true,"href":"https:\/\/corporatecounsels.vn\/vi\/wp-json\/wp\/v2\/comments?post=83353"}],"version-history":[{"count":3,"href":"https:\/\/corporatecounsels.vn\/vi\/wp-json\/wp\/v2\/pages\/83353\/revisions"}],"predecessor-version":[{"id":84388,"href":"https:\/\/corporatecounsels.vn\/vi\/wp-json\/wp\/v2\/pages\/83353\/revisions\/84388"}],"up":[{"embeddable":true,"href":"https:\/\/corporatecounsels.vn\/vi\/wp-json\/wp\/v2\/pages\/83345"}],"wp:featuredmedia":[{"embeddable":true,"href":"https:\/\/corporatecounsels.vn\/vi\/wp-json\/wp\/v2\/media\/83642"}],"wp:attachment":[{"href":"https:\/\/corporatecounsels.vn\/vi\/wp-json\/wp\/v2\/media?parent=83353"}],"curies":[{"name":"wp","href":"https:\/\/api.w.org\/{rel}","templated":true}]}}