{"id":83351,"date":"2021-11-11T11:57:15","date_gmt":"2021-11-11T04:57:15","guid":{"rendered":"https:\/\/corporatecounsels.vn\/?page_id=83351"},"modified":"2022-12-28T14:51:11","modified_gmt":"2022-12-28T07:51:11","slug":"an-ninh-mang","status":"publish","type":"page","link":"https:\/\/corporatecounsels.vn\/vi\/practices\/an-ninh-mang\/","title":{"rendered":"An Ninh M\u1ea1ng &#038; B\u1ea3o M\u1eadt D\u1eef Li\u1ec7u"},"content":{"rendered":"<p>To\u00e0n c\u1ea7u h\u00f3a \u0111ang v\u01b0\u1ee3t qua c\u00e1c kh\u00eda c\u1ea1nh. Trong th\u1eddi \u0111\u1ea1i m\u00e0 Internet of Things t\u1ea1o \u0111i\u1ec1u ki\u1ec7n cho li\u00ean l\u1ea1c, giao d\u1ecbch v\u00e0 cu\u1ed1i c\u00f9ng l\u00e0 thay \u0111\u1ed5i c\u00e1ch th\u1ee9c ti\u1ebfn h\u00e0nh kinh doanh, lu\u1eadt k\u1ef9 thu\u1eadt s\u1ed1 tr\u1edf n\u00ean c\u1ea7n thi\u1ebft.<\/p>\n<p>\u0110\u1ec3 b\u1ea3o v\u1ec7 ng\u01b0\u1eddi b\u00e1n, ng\u01b0\u1eddi ti\u00eau d\u00f9ng v\u00e0 nh\u00e0 \u0111\u1ea7u t\u01b0 trong th\u1eddi \u0111\u1ea1i m\u1edbi, Lu\u1eadt An ninh m\u1ea1ng c\u1ee7a Vi\u1ec7t Nam h\u01b0\u1edbng t\u1edbi vi\u1ec7c ph\u00e2n c\u00f4ng quy\u1ec1n v\u00e0 ngh\u0129a v\u1ee5 cho c\u00e1c c\u01a1 quan c\u0169ng nh\u01b0 c\u00e1c c\u00f4ng ty v\u00e0 c\u00e1 nh\u00e2n, \u0111\u1ed3ng th\u1eddi tu\u00e2n th\u1ee7 nguy\u00ean t\u1eafc v\u0103n h\u00f3a c\u1ee7a nh\u00e0 n\u01b0\u1edbc.<\/p>\n<p>Th\u00f4ng th\u1ea1o b\u1ed9 lu\u1eadt ph\u00e1p l\u00fd qu\u1ed1c gia, Corporate Counsel, v\u1edbi t\u01b0 c\u00e1ch l\u00e0 c\u00f4ng ty lu\u1eadt An ninh m\u1ea1ng h\u00e0ng \u0111\u1ea7u, do \u0111\u00f3 \u00e1p d\u1ee5ng s\u1ef1 hi\u1ec3u bi\u1ebft c\u1ee7a ch\u00fang t\u00f4i v\u1edbi lu\u1eadt ph\u00e1p \u0111\u1ec3 gi\u00fap c\u00e1c doanh nghi\u1ec7p thu\u1ed9c m\u1ecdi quy m\u00f4 x\u00e1c \u0111\u1ecbnh v\u00e0 t\u1ef1 b\u1ea3o v\u1ec7 m\u00ecnh tr\u01b0\u1edbc nh\u1eefng r\u1ee7i ro do kh\u00f4ng gian m\u1ea1ng g\u00e2y ra.<\/p>\n<p>C\u00e1c d\u1ecbch v\u1ee5 c\u1ee7a ch\u00fang t\u00f4i bao g\u1ed3m ph\u00e2n t\u00edch ph\u00e1p y v\u1ec1 c\u00e1c c\u01a1 s\u1edf h\u1ea1 t\u1ea7ng ph\u00f2ng th\u1ee7 hi\u1ec7n c\u00f3 c\u1ee7a kh\u00e1ch h\u00e0ng, theo sau l\u00e0 t\u01b0 v\u1ea5n t\u00f9y ch\u1ec9nh v\u00e0 quy tr\u00ecnh h\u00e0nh \u0111\u1ed9ng \u0111\u01b0\u1ee3c \u0111\u1ec1 xu\u1ea5t.<\/p>\n<p>Ch\u00fang t\u00f4i kh\u00f4ng ch\u1ec9 d\u1ef1a v\u00e0o n\u1ec1n t\u1ea3ng ph\u00e1p l\u00fd c\u1ee7a m\u00ecnh m\u00e0 c\u00f2n tham kh\u1ea3o \u00fd ki\u1ebfn \u200b\u200bc\u1ee7a c\u00e1c chuy\u00ean gia qu\u1ea3n l\u00fd kh\u1ee7ng ho\u1ea3ng, c\u01a1 quan th\u1ef1c thi ph\u00e1p lu\u1eadt v\u00e0 chuy\u00ean gia c\u00f4ng ngh\u1ec7 \u0111\u1ec3 cung c\u1ea5p c\u00e1c gi\u1ea3i ph\u00e1p c\u00f3 t\u1ea7m c\u1ee1 cao nh\u1ea5t cho kh\u00e1ch h\u00e0ng c\u1ee7a ch\u00fang t\u00f4i.<\/p>\n<p>C\u00e1c lu\u1eadt s\u01b0 v\u1ec1 An ninh m\u1ea1ng c\u1ee7a Corporate Counsel c\u00f3 th\u1ec3 gi\u00fap c\u00e1c doanh nghi\u1ec7p c\u1ee7ng c\u1ed1 th\u00f4ng tin v\u00e0 c\u00e1c ch\u01b0\u01a1ng tr\u00ecnh b\u1ea3o m\u1eadt d\u1eef li\u1ec7u c\u1ee7a h\u1ecd tr\u01b0\u1edbc, trong v\u00e0 sau m\u1ed9t s\u1ef1 ki\u1ec7n m\u1ea1ng nghi\u00eam tr\u1ecdng.<\/p>\n<p>\u0110\u1ec3 mang \u0111\u1ebfn s\u1ef1 hi\u1ec7n di\u1ec7n an t\u00e2m trong nh\u1eefng th\u1eddi \u0111i\u1ec3m c\u0103ng th\u1eb3ng, ch\u00fang t\u00f4i ho\u1ea1t \u0111\u1ed9ng v\u1edbi s\u1ef1 chuy\u00ean nghi\u1ec7p \u0111i\u1ec1m t\u0129nh v\u00e0 phong th\u00e1i tinh t\u1ebf, \u0111\u1ed3ng th\u1eddi mang l\u1ea1i k\u1ebft qu\u1ea3 hi\u1ec7u qu\u1ea3 v\u00e0 linh ho\u1ea1t.<\/p>\n<h2>L\u1eddi khuy\u00ean v\u1ec1 an ninh m\u1ea1ng &amp; Quy\u1ec1n ri\u00eang t\u01b0 d\u1eef li\u1ec7u<\/h2>\n<p>Trong khi c\u00e1c doanh nghi\u1ec7p n\u00ean t\u1eadn d\u1ee5ng l\u1ee3i th\u1ebf c\u1ee7a kh\u00f4ng gian m\u1ea1ng, h\u1ecd n\u00ean c\u1eadp nh\u1eadt th\u00f4ng tin v\u1ec1 nh\u1eefng r\u1ee7i ro li\u00ean quan \u0111\u1ebfn b\u1ea3n ch\u1ea5t v\u00f4 bi\u00ean c\u1ee7a th\u1ebf gi\u1edbi k\u1ef9 thu\u1eadt s\u1ed1 v\u00e0 c\u00e1c t\u00e1c \u0111\u1ed9ng ph\u00e1p l\u00fd c\u1ee7a ch\u00fang.<\/p>\n<p>\u0110\u1ec3 b\u1ea3o v\u1ec7 t\u1ed5 ch\u1ee9c c\u1ee7a h\u1ecd v\u00e0 th\u00f4ng tin c\u1ee7a nh\u00e2n vi\u00ean li\u00ean k\u1ebft, kh\u00e1ch h\u00e0ng v\u00e0 \u0111\u1ed1i t\u00e1c b\u00ean th\u1ee9 ba, c\u00e1c doanh nghi\u1ec7p c\u1ea7n t\u00ecm hi\u1ec3u v\u1ec1 c\u00e1c bi\u1ec7n ph\u00e1p b\u1ea3o v\u1ec7 m\u1edbi nh\u1ea5t, c\u1ea3 v\u1ec1 c\u00f4ng ngh\u1ec7 v\u00e0 chi\u1ebfn l\u01b0\u1ee3c.<\/p>\n<p>V\u1edbi Corporate Counsel, kh\u00e1ch h\u00e0ng c\u1ee7a ch\u00fang t\u00f4i \u0111\u01b0\u1ee3c t\u01b0 v\u1ea5n k\u1ef9 l\u01b0\u1ee1ng v\u1ec1 c\u00e1c quy \u0111\u1ecbnh c\u1ee7a nh\u00e0 n\u01b0\u1edbc li\u00ean quan \u0111\u1ebfn c\u00e1c h\u00e0nh vi trong kh\u00f4ng gian m\u1ea1ng v\u00e0 c\u00e1c t\u00f9y ch\u1ecdn k\u1ef9 thu\u1eadt x\u00e3 h\u1ed9i kh\u00e1c nhau m\u00e0 h\u1ecd c\u00f3 \u0111\u1ec3 gi\u1ea3m thi\u1ec3u thi\u1ec7t h\u1ea1i do vi ph\u1ea1m d\u1eef li\u1ec7u.<\/p>\n<p>Ch\u00fang t\u00f4i \u0111\u00e3 \u0111\u1ed3ng h\u00e0nh c\u00f9ng c\u00e1c c\u00f4ng ty kh\u1edfi nghi\u1ec7p v\u00e0 c\u00e1c c\u00f4ng ty \u0111a qu\u1ed1c gia khi h\u1ecd thi\u1ebft l\u1eadp c\u00e1c ch\u01b0\u01a1ng tr\u00ecnh b\u1ea3o hi\u1ec3m, thi\u1ebft k\u1ebf c\u00e1c ph\u01b0\u01a1ng ph\u00e1p thu th\u1eadp v\u00e0 l\u01b0u tr\u1eef d\u1eef li\u1ec7u an to\u00e0n, th\u1ef1c hi\u1ec7n c\u00e1c cu\u1ed9c di\u1ec5n t\u1eadp \u1ee9ng ph\u00f3 ch\u1ed1ng l\u1ea1i m\u1ed9t cu\u1ed9c t\u1ea5n c\u00f4ng v\u00e0 h\u01a1n th\u1ebf n\u1eefa.<\/p>\n<p>\u0110\u1ed9i ng\u0169 lu\u1eadt s\u01b0 si\u00eang n\u0103ng c\u1ee7a ch\u00fang t\u00f4i c\u0169ng th\u1ef1c hi\u1ec7n \u0111\u00e1nh gi\u00e1 c\u00e1c ch\u00ednh s\u00e1ch b\u1ea3o m\u1eadt hi\u1ec7n c\u00f3 c\u1ee7a kh\u00e1ch h\u00e0ng \u0111\u1ec3 \u0111\u1ea3m b\u1ea3o ch\u00fang h\u1ee3p ph\u00e1p v\u00e0 hi\u1ec7u qu\u1ea3. \u0110\u1ed1i v\u1edbi c\u00e1c t\u1ed5 ch\u1ee9c \u0111ang qu\u1ea3n l\u00fd kh\u1ee7ng ho\u1ea3ng sau vi ph\u1ea1m, d\u1ecbch v\u1ee5 c\u1ee7a ch\u00fang t\u00f4i h\u01b0\u1edbng d\u1eabn h\u1ecd ph\u1ed1i h\u1ee3p v\u1edbi c\u00e1c c\u01a1 quan ch\u1ee9c n\u0103ng th\u00edch h\u1ee3p v\u00e0 \u0111\u1ec1 xu\u1ea5t c\u00e1c chi\u1ebfn l\u01b0\u1ee3c kh\u00f4i ph\u1ee5c.<\/p>\n<p>Lu\u1eadt s\u01b0 t\u01b0 v\u1ea5n doanh nghi\u1ec7p h\u1ee3p t\u00e1c ch\u1eb7t ch\u1ebd v\u1edbi c\u00e1c c\u01a1 quan th\u1ef1c thi ph\u00e1p lu\u1eadt \u0111\u1ec3 n\u1eafm r\u00f5 quy t\u1eafc ph\u00e1p l\u00fd v\u00e0 d\u1ef1 \u0111o\u00e1n nh\u1eefng thay \u0111\u1ed5i trong th\u1ef1c ti\u1ec5n quy \u0111\u1ecbnh.<\/p>\n<p>C\u00e1c m\u1ea1ng l\u01b0\u1edbi li\u00ean quan \u0111\u1ebfn c\u00e1c c\u01a1 quan ch\u00ednh ph\u1ee7 v\u00e0 c\u00e1c chuy\u00ean gia CNTT c\u1ee7a ch\u00fang t\u00f4i c\u00f3 gi\u00e1 tr\u1ecb \u0111\u1eb7c bi\u1ec7t trong vi\u1ec7c chu\u1ea9n b\u1ecb cho c\u00e1c doanh nghi\u1ec7p ch\u1ed1ng l\u1ea1i s\u1ef1 thay \u0111\u1ed5i l\u1edbn c\u1ee7a ti\u1ebfn b\u1ed9 c\u00f4ng ngh\u1ec7 v\u00e0 th\u00edch \u1ee9ng ph\u00e1p l\u00fd trong l\u0129nh v\u1ef1c an ninh m\u1ea1ng v\u00e0 b\u1ea3o m\u1eadt d\u1eef li\u1ec7u.<\/p>\n<p>C\u00f4ng ty c\u1ee7a ch\u00fang t\u00f4i tin r\u1eb1ng l\u1eadp tr\u01b0\u1eddng ch\u1ee7 \u0111\u1ed9ng s\u1ebd gi\u00fap c\u00e1c doanh nghi\u1ec7p gi\u1ea3m thi\u1ec3u r\u1ee7i ro, h\u1ea1n ch\u1ebf tr\u00e1ch nhi\u1ec7m ph\u00e1p l\u00fd v\u00e0 t\u00edch h\u1ee3p t\u1ed1t h\u01a1n c\u00e1c s\u1ea3n ph\u1ea9m k\u1ef9 thu\u1eadt s\u1ed1 v\u00e0o t\u1ed5 ch\u1ee9c c\u1ee7a h\u1ecd.<\/p>\n<h2>An ninh m\u1ea1ng &amp; Ch\u00ednh s\u00e1ch quy\u1ec1n ri\u00eang t\u01b0 d\u1eef li\u1ec7u, S\u1ed5 tay, S\u00e1ch h\u01b0\u1edbng d\u1eabn<\/h2>\n<p>\u0110\u1ec3 chu\u1ea9n b\u1ecb cho c\u00e1c doanh nghi\u1ec7p \u0111\u1ed1i v\u1edbi kh\u00f4ng gian m\u1ea1ng \u0111ang ph\u00e1t tri\u1ec3n nhanh ch\u00f3ng, Lu\u1eadt s\u01b0 Doanh nghi\u1ec7p mu\u1ed1n cung c\u1ea5p c\u00e1c d\u1ecbch v\u1ee5 c\u1ee7a ch\u00fang t\u00f4i \u0111\u1ec3 thi\u1ebft l\u1eadp c\u00e1c ti\u00eau chu\u1ea9n ph\u00f2ng ng\u1eeba: \u0111\u1ed9i ng\u0169 lu\u1eadt s\u01b0 gi\u1ecfi c\u1ee7a ch\u00fang t\u00f4i \u0111\u00e3 \u0111\u00f3ng g\u00f3p v\u00e0o m\u1ed9t s\u1ed1 ch\u00ednh s\u00e1ch an ninh m\u1ea1ng \u0111\u00e1ng g\u1eddm, s\u1ed5 tay, s\u00e1ch h\u01b0\u1edbng d\u1eabn, t\u1ea1i c\u00e1c t\u1eadp \u0111o\u00e0n v\u00e0 doanh nghi\u1ec7p v\u1eeba v\u00e0 nh\u1ecf.<\/p>\n<p>\u0110\u1ed9i ng\u0169 lu\u1eadt s\u01b0 an ninh m\u1ea1ng t\u1ea1i<a href=\"https:\/\/corporatecounsels.vn\/\">Corporate Counsel<\/a> \u0111\u00f3ng vai tr\u00f2 l\u00e0 ngu\u1ed3n l\u1ef1c cho doanh nghi\u1ec7p c\u1ee7a \u0111\u1ec3 t\u0103ng c\u01b0\u1eddng c\u01a1 ch\u1ebf b\u1ea3o v\u1ec7 d\u1eef li\u1ec7u n\u1ed9i b\u1ed9 c\u1ee7a h\u1ecd. Ch\u00fang t\u00f4i t\u1eadn d\u1ee5ng kinh nghi\u1ec7m v\u00e0 tr\u00ecnh \u0111\u1ed9 k\u1ef9 thu\u1eadt s\u1ed1 c\u1eadp nh\u1eadt li\u00ean t\u1ee5c \u0111\u1ec3 h\u1ed7 tr\u1ee3 c\u00e1c c\u00f4ng ty c\u00e0i \u0111\u1eb7t c\u00e1c bi\u1ec7n ph\u00e1p b\u1ea3o v\u1ec7 ch\u1ed1ng l\u1ea1i c\u00e1c cu\u1ed9c t\u1ea5n c\u00f4ng \u0111\u1ed9c h\u1ea1i. \u0110\u00e0o t\u1ea1o nh\u00e2n vi\u00ean, th\u1ecfa thu\u1eadn b\u1ea3o m\u1eadt cho nh\u00e2n vi\u00ean v\u00e0 nh\u00e0 cung c\u1ea5p b\u00ean th\u1ee9 ba, v\u00e0 ki\u1ec3m to\u00e1n b\u1ea3o v\u1ec7 d\u1eef li\u1ec7u l\u00e0 nh\u1eefng v\u00ed d\u1ee5 v\u1ec1 s\u1ef1 \u0111\u00f3ng g\u00f3p c\u1ee7a ch\u00fang t\u00f4i v\u00e0o m\u1ed9t l\u00e1 ch\u1eafn doanh nghi\u1ec7p an to\u00e0n h\u01a1n trong th\u1eddi \u0111\u1ea1i k\u1ef9 thu\u1eadt s\u1ed1.<\/p>\n<p>Nh\u00f3m c\u1ee7a ch\u00fang t\u00f4i c\u0169ng \u0111\u00e3 tham gia v\u00e0o qu\u00e1 tr\u00ecnh thi\u1ebft k\u1ebf v\u00e0 tri\u1ec3n khai c\u00e1c gi\u1ea3i ph\u00e1p cho c\u00e1c v\u1ea5n \u0111\u1ec1 v\u1ec1 quy\u1ec1n ri\u00eang t\u01b0 c\u1ee7a d\u1eef li\u1ec7u xuy\u00ean bi\u00ean gi\u1edbi. Ch\u00fang t\u00f4i c\u00f3 kinh nghi\u1ec7m xem x\u00e9t c\u00e1c \u0111i\u1ec1u kho\u1ea3n h\u1ee3p \u0111\u1ed3ng v\u00e0 quy t\u1eafc c\u1ee7a c\u00f4ng ty v\u00e0 h\u1ea1n ch\u1ebf ch\u00fang \u0111\u1ec3 b\u1ea3o v\u1ec7 vi\u1ec7c truy\u1ec1n d\u1eef li\u1ec7u qu\u1ed1c t\u1ebf kh\u1ecfi vi ph\u1ea1m v\u00e0 r\u00f2 r\u1ec9.<\/p>\n<p>Ngo\u00e0i ra, c\u00e1c lu\u1eadt s\u01b0 An ninh m\u1ea1ng c\u1ee7a ch\u00fang t\u00f4i \u0111\u00e3 s\u1eafp x\u1ebfp c\u00e1c th\u1ee7 t\u1ee5c c\u1ea7n thi\u1ebft (th\u1ee7 t\u1ee5c gi\u1ea5y t\u1edd, \u0111i\u1ec1u tra, \u0111\u1ec7 tr\u00ecnh, v.v.) \u0111\u1ec3 gi\u00fap c\u00e1c c\u00f4ng ty \u0111a qu\u1ed1c gia ho\u00e0n th\u00e0nh vi\u1ec7c tu\u00e2n th\u1ee7 b\u1ea3o v\u1ec7 d\u1eef li\u1ec7u v\u1edbi nhi\u1ec1u h\u01a1n m\u1ed9t khu v\u1ef1c t\u00e0i ph\u00e1n. Ph\u00f2ng ng\u1eeba l\u00e0 ch\u00eca kh\u00f3a: ch\u00fang t\u00f4i th\u1ef1c h\u00e0nh khi ch\u00fang t\u00f4i gi\u1ea3ng v\u00e0 s\u1ebd \u0111\u1ec1 xu\u1ea5t c\u00e1c s\u00e1ng ki\u1ebfn \u200b\u200bph\u00f9 h\u1ee3p \u0111\u1ec3 h\u1ed7 tr\u1ee3 c\u00e1c doanh nghi\u1ec7p khi h\u1ecd s\u1eed d\u1ee5ng c\u00e1c c\u01a1 ch\u1ebf \u0111\u1ec3 qu\u1ea3n l\u00fd t\u1ed1t h\u01a1n c\u00e1c r\u1ee7i ro li\u00ean quan \u0111\u1ebfn kh\u00f4ng gian m\u1ea1ng v\u00e0 quy\u1ec1n ri\u00eang t\u01b0 d\u1eef li\u1ec7u.<\/p>\n","protected":false},"excerpt":{"rendered":"<p>Lorem ipsum dolor sit amet, consectetur adipiscing elit, sed do eiusmod tempor ut labore et dolore magna aliqua.<\/p>\n","protected":false},"author":41,"featured_media":83637,"parent":83345,"menu_order":8,"comment_status":"closed","ping_status":"closed","template":"page-practices.php","meta":[],"_links":{"self":[{"href":"https:\/\/corporatecounsels.vn\/vi\/wp-json\/wp\/v2\/pages\/83351"}],"collection":[{"href":"https:\/\/corporatecounsels.vn\/vi\/wp-json\/wp\/v2\/pages"}],"about":[{"href":"https:\/\/corporatecounsels.vn\/vi\/wp-json\/wp\/v2\/types\/page"}],"author":[{"embeddable":true,"href":"https:\/\/corporatecounsels.vn\/vi\/wp-json\/wp\/v2\/users\/41"}],"replies":[{"embeddable":true,"href":"https:\/\/corporatecounsels.vn\/vi\/wp-json\/wp\/v2\/comments?post=83351"}],"version-history":[{"count":4,"href":"https:\/\/corporatecounsels.vn\/vi\/wp-json\/wp\/v2\/pages\/83351\/revisions"}],"predecessor-version":[{"id":84367,"href":"https:\/\/corporatecounsels.vn\/vi\/wp-json\/wp\/v2\/pages\/83351\/revisions\/84367"}],"up":[{"embeddable":true,"href":"https:\/\/corporatecounsels.vn\/vi\/wp-json\/wp\/v2\/pages\/83345"}],"wp:featuredmedia":[{"embeddable":true,"href":"https:\/\/corporatecounsels.vn\/vi\/wp-json\/wp\/v2\/media\/83637"}],"wp:attachment":[{"href":"https:\/\/corporatecounsels.vn\/vi\/wp-json\/wp\/v2\/media?parent=83351"}],"curies":[{"name":"wp","href":"https:\/\/api.w.org\/{rel}","templated":true}]}}