{"id":83349,"date":"2021-11-11T12:00:17","date_gmt":"2021-11-11T05:00:17","guid":{"rendered":"https:\/\/corporatecounsels.vn\/?page_id=83349"},"modified":"2022-12-28T14:55:43","modified_gmt":"2022-12-28T07:55:43","slug":"bat-dong-san-xay-dung","status":"publish","type":"page","link":"https:\/\/corporatecounsels.vn\/vi\/practices\/bat-dong-san-xay-dung\/","title":{"rendered":"B\u1ea5t \u0111\u1ed9ng s\u1ea3n &#038; X\u00e2y d\u1ef1ng"},"content":{"rendered":"<p>B\u1ea5t \u0111\u1ed9ng s\u1ea3n \u0111\u00e3 tr\u1edf th\u00e0nh m\u1ed9t l\u1ef1a ch\u1ecdn kinh doanh v\u00f4 c\u00f9ng ph\u1ed5 bi\u1ebfn gi\u1eefa c\u00e1c nh\u00e0 ph\u00e1t tri\u1ec3n v\u00e0 \u0111\u1ea7u t\u01b0 v\u00ec t\u00ednh th\u1ef1c t\u1ebf v\u00e0 sinh l\u1ee3i c\u1ee7a n\u00f3.<\/p>\n<p>Ph\u1ea3i n\u00f3i r\u1eb1ng, l\u0129nh v\u1ef1c n\u00e0y kh\u00f4ng ph\u1ea3i l\u00e0 kh\u00f4ng c\u00f3 r\u1ee7i ro v\u00e0 th\u00e1ch th\u1ee9c, \u0111\u1eb7c bi\u1ec7t l\u00e0 khi n\u00f3i \u0111\u1ebfn v\u00f4 s\u1ed1 c\u00e1c t\u00e1c \u0111\u1ed9ng ph\u00e1p l\u00fd xung quanh m\u1ed9t d\u1ef1 \u00e1n ho\u1eb7c b\u1ea5t \u0111\u1ed9ng s\u1ea3n.<\/p>\n<p>\u0110\u1ec3 gi\u00fap c\u00e1c doanh nghi\u1ec7p v\u00e0 c\u00e1 nh\u00e2n ch\u1ee7 nh\u00e0 hi\u1ec3u r\u00f5 h\u01a1n v\u1ec1 t\u00e1c \u0111\u1ed9ng v\u00e0 s\u1ef1 t\u00edch h\u1ee3p c\u1ee7a ph\u00e1p lu\u1eadt \u0111\u1ed1i v\u1edbi ho\u1ea1t \u0111\u1ed9ng \u0111\u1ea7u t\u01b0 c\u1ee7a h\u1ecd, c\u00e1c lu\u1eadt s\u01b0 b\u1ea5t \u0111\u1ed9ng s\u1ea3n c\u1ee7a Corporate Counsel lu\u00f4n s\u1eb5n s\u00e0ng ph\u1ee5c v\u1ee5 b\u1ea1n.<\/p>\n<p>Chuy\u00ean v\u1ec1 giao d\u1ecbch b\u1ea5t \u0111\u1ed9ng s\u1ea3n th\u01b0\u01a1ng m\u1ea1i, lu\u1eadt s\u01b0 c\u1ee7a ch\u00fang t\u00f4i c\u00f3 kinh nghi\u1ec7m \u0111\u1ea1i di\u1ec7n cho c\u00e1c nh\u00e0 ph\u00e1t tri\u1ec3n, ng\u01b0\u1eddi mua, ng\u01b0\u1eddi b\u00e1n, ch\u1ee7 nh\u00e0 v\u00e0 ng\u01b0\u1eddi thu\u00ea.<\/p>\n<p>C\u00e1c t\u00e0i s\u1ea3n m\u00e0 ch\u00fang t\u00f4i \u0111\u00e3 x\u1eed l\u00fd bao g\u1ed3m khu d\u00e2n c\u01b0, khu th\u01b0\u01a1ng m\u1ea1i v\u00e0 khu c\u00f4ng nghi\u1ec7p. S\u1ef1 tham gia c\u1ee7a ch\u00fang t\u00f4i v\u00e0o m\u1ed9t lo\u1ea1t c\u00e1c d\u1ef1 \u00e1n khi\u1ebfn ch\u00fang t\u00f4i tr\u1edf n\u00ean v\u00f4 c\u00f9ng th\u00f4ng th\u1ea1o v\u1ec1 s\u1ef1 ph\u1ee9c t\u1ea1p c\u1ee7a m\u1ecdi giai \u0111o\u1ea1n trong qu\u00e1 tr\u00ecnh ph\u00e1t tri\u1ec3n, gi\u00fap cho l\u1eddi khuy\u00ean c\u1ee7a ch\u00fang t\u00f4i tr\u1edf n\u00ean to\u00e0n di\u1ec7n v\u00e0 hi\u1ec7u qu\u1ea3 h\u01a1n.<\/p>\n<p>Bi\u1ebft r\u1eb1ng kh\u00f4ng c\u00f3 hai d\u1ef1 \u00e1n b\u1ea5t \u0111\u1ed9ng s\u1ea3n n\u00e0o gi\u1ed1ng nhau, c\u00e1c lu\u1eadt s\u01b0 c\u1ee7a ch\u00fang t\u00f4i \u0111\u01b0\u1ee3c \u0111\u00e0o t\u1ea1o \u0111\u1ec3 nghi\u00ean c\u1ee9u c\u00e1c chi ti\u1ebft c\u1ee7a t\u1eebng tr\u01b0\u1eddng h\u1ee3p c\u1ee5 th\u1ec3 v\u00e0 thi\u1ebft k\u1ebf m\u1ed9t quy tr\u00ecnh h\u00e0nh \u0111\u1ed9ng ri\u00eang \u0111\u1ec3 \u0111\u00e1p \u1ee9ng.<\/p>\n<p>Ph\u00e2n t\u00edch nh\u01b0ng kh\u00f4ng thi\u1ebfu s\u00e1ng t\u1ea1o, ch\u00fang t\u00f4i kh\u00f4ng ti\u1ebfc c\u00f4ng s\u1ee9c \u0111\u1ec3 cung c\u1ea5p cho kh\u00e1ch h\u00e0ng nh\u1eefng gi\u1ea3i ph\u00e1p c\u00f3 t\u1ea7m c\u1ee1 cao nh\u1ea5t, nh\u1eefng gi\u1ea3i ph\u00e1p t\u1ed1i \u01b0u h\u00f3a hi\u1ec7u qu\u1ea3 t\u00e0i ch\u00ednh v\u00e0 ph\u00e1p l\u00fd.<\/p>\n<h2>T\u01b0 v\u1ea5n c\u01a1 c\u1ea5u d\u1ef1 \u00e1n<\/h2>\n<p>B\u1eaft tay v\u00e0o m\u1ed9t d\u1ef1 \u00e1n b\u1ea5t \u0111\u1ed9ng s\u1ea3n l\u00e0 m\u1ed9t vi\u1ec7c th\u00fa v\u1ecb nh\u01b0ng c\u0169ng kh\u00f4ng k\u00e9m ph\u1ea7n c\u0103ng th\u1eb3ng. M\u1ed9t nh\u00e0 \u0111\u1ea7u t\u01b0 d\u00e0y d\u1ea1n kinh nghi\u1ec7m s\u1ebd kh\u00f4ng ng\u1ea7n ng\u1ea1i d\u00e0nh s\u1ef1 quan t\u00e2m v\u00e0 ngu\u1ed3n l\u1ef1c b\u1ed5 sung v\u00e0o qu\u00e1 tr\u00ecnh c\u1ea5u tr\u00fac \u0111\u1ec3 ng\u0103n ng\u1eeba nh\u1eefng ph\u1ee9c t\u1ea1p trong giai \u0111o\u1ea1n sau.<\/p>\n<p>\u0110\u1ed9i ng\u0169 b\u1ea5t \u0111\u1ed9ng s\u1ea3n t\u1ea1i Corporate Counsel \u0111\u00e3 v\u00e0 \u0111ang h\u1ed7 tr\u1ee3 c\u00e1c nh\u00e0 \u0111\u1ea7u t\u01b0 \u0111\u1ea3m b\u1ea3o k\u1ebft qu\u1ea3 t\u1ed1t nh\u1ea5t cho c\u00e1c d\u1ef1 \u00e1n c\u1ee7a h\u1ecd.<\/p>\n<p>Trong su\u1ed1t giai \u0111o\u1ea1n l\u1eadp k\u1ebf ho\u1ea1ch, ngo\u00e0i vi\u1ec7c kh\u00e1m ph\u00e1 nh\u1eefng l\u1ee3i th\u1ebf c\u1ee7a con \u0111\u01b0\u1eddng m\u00e0 kh\u00e1ch h\u00e0ng \u0111\u00e3 ch\u1ecdn, ch\u00fang t\u00f4i c\u0169ng xem x\u00e9t v\u00e0 \u0111\u1ec1 xu\u1ea5t c\u00e1c chi\u1ebfn l\u01b0\u1ee3c c\u1ea5u tr\u00fac thay th\u1ebf \u0111\u00e1p \u1ee9ng nhu c\u1ea7u kinh doanh c\u1ee7a b\u1ea1n m\u1ed9t c\u00e1ch t\u1ed1i \u01b0u nh\u1ea5t.<\/p>\n<p>C\u00f3 k\u1ebf ho\u1ea1ch c\u1ea5u tr\u00fac ph\u00f9 h\u1ee3p nh\u1ea5t s\u1ebd \u0111\u1ea3m b\u1ea3o d\u1ef1 \u00e1n n\u1eb1m trong ph\u1ea1m vi ng\u00e2n s\u00e1ch v\u00e0 ho\u00e0n th\u00e0nh \u0111\u00fang th\u1eddi h\u1ea1n.<\/p>\n<p>Ph\u1ea3i n\u00f3i r\u1eb1ng, lu\u1eadt s\u01b0 c\u1ee7a ch\u00fang t\u00f4i c\u00f3 th\u1ec3 ph\u1ee5c v\u1ee5 \u1edf b\u1ea5t k\u1ef3 giai \u0111o\u1ea1n n\u00e0o c\u1ee7a quy tr\u00ecnh. Hi\u1ec3u r\u1eb1ng m\u1ed7i c\u1ea5u tr\u00fac c\u00f3 m\u1ed9t lo\u1ea1t c\u00e1c t\u00e1c \u0111\u1ed9ng t\u00e0i ch\u00ednh, ph\u00e1p l\u00fd v\u00e0 thu\u1ebf ri\u00eang, ch\u00fang t\u00f4i bi\u1ebft c\u00e1ch truy\u1ec1n kinh nghi\u1ec7m r\u1ed9ng r\u00e3i c\u1ee7a m\u00ecnh \u0111\u1ec3 ph\u00e1t hi\u1ec7n nh\u1eefng \u0111i\u1ec3m y\u1ebfu quan tr\u1ecdng trong m\u1ed9t k\u1ebf ho\u1ea1ch v\u00e0 ph\u1ea3n \u1ee9ng k\u1ecbp th\u1eddi v\u1edbi ch\u00fang.<\/p>\n<p>Do \u0111\u00f3, chuy\u00ean m\u00f4n v\u00e0 m\u1ea1ng l\u01b0\u1edbi to\u00e0n di\u1ec7n c\u1ee7a ch\u00fang t\u00f4i v\u1edbi c\u00e1c c\u00f4ng ty quan tr\u1ecdng trong ng\u00e0nh s\u1ebd ch\u1ee9ng t\u1ecf l\u00e0 m\u1ed9t t\u00e0i s\u1ea3n b\u1ea5t c\u1ee9 khi n\u00e0o b\u1ea1n c\u1ea7n xoay v\u00f2ng.<\/p>\n<p>Ch\u00fang t\u00f4i am hi\u1ec3u, nh\u1ea1y b\u00e9n v\u00e0 k\u1ebft n\u1ed1i t\u1ed1t, do \u0111\u00f3, kh\u00e1ch h\u00e0ng c\u1ee7a ch\u00fang t\u00f4i c\u00f3 th\u1ec3 tin t\u01b0\u1edfng r\u1eb1ng lu\u1eadt s\u01b0 t\u01b0 v\u1ea5n c\u1ee7a ch\u00fang t\u00f4i l\u00e0 nh\u1eefng ng\u01b0\u1eddi chuy\u00ean nghi\u1ec7p, \u0111\u01b0\u1ee3c nghi\u00ean c\u1ee9u k\u1ef9 l\u01b0\u1ee1ng v\u00e0 \u0111\u01b0\u1ee3c t\u00f9y ch\u1ec9nh cho ph\u00f9 h\u1ee3p v\u1edbi ho\u00e0n c\u1ea3nh c\u1ee5 th\u1ec3 v\u00e0 k\u1ebft qu\u1ea3 mong mu\u1ed1n c\u1ee7a h\u1ecd.<\/p>\n<h2>T\u01b0 v\u1ea5n &amp; C\u1ea5p ph\u00e9p b\u1ea5t \u0111\u1ed9ng s\u1ea3n, x\u00e2y d\u1ef1ng<\/h2>\n<p>\u0110\u1ec3 b\u1ed5 sung cho c\u00e1c nh\u00e0 ph\u00e1t tri\u1ec3n, c\u00e1c lu\u1eadt s\u01b0 t\u1ea1i Corporate Counsel s\u1eb5n s\u00e0ng \u00e1p d\u1ee5ng ki\u1ebfn \u200b\u200bth\u1ee9c chuy\u00ean m\u00f4n, kinh nghi\u1ec7m v\u00e0 m\u1ea1ng l\u01b0\u1edbi c\u1ee7a ch\u00fang t\u00f4i \u0111\u1ec3 gi\u00fap kh\u00e1ch h\u00e0ng c\u1ee7a ch\u00fang t\u00f4i \u0111\u1ea1t \u0111\u01b0\u1ee3c k\u1ebft qu\u1ea3 kinh doanh c\u1ee7a h\u1ecd.<\/p>\n<p>Kh\u00e1ch h\u00e0ng c\u1ee7a ch\u00fang t\u00f4i th\u01b0\u1eddng t\u00ecm th\u1ea5y s\u1ef1 h\u00e0i l\u00f2ng trong c\u00e1c gi\u1ea3i ph\u00e1p ph\u00e1p l\u00fd th\u00f4ng minh, s\u00e1ng t\u1ea1o v\u00e0 hi\u1ec7u qu\u1ea3 c\u1ee7a ch\u00fang t\u00f4i \u0111\u1ec3 \u0111\u01b0a c\u00e1c d\u1ef1 \u00e1n c\u1ee7a h\u1ecd th\u00e0nh hi\u1ec7n th\u1ef1c, cho ph\u00e9p h\u1ecd t\u00e1c \u0111\u1ed9ng t\u00edch c\u1ef1c \u0111\u1ebfn n\u1ec1n kinh t\u1ebf khu v\u1ef1c v\u00e0 h\u01a1n th\u1ebf n\u1eefa.<\/p>\n<p>Trong nh\u1eefng n\u0103m g\u1ea7n \u0111\u00e2y, lu\u1eadt b\u1ea5t \u0111\u1ed9ng s\u1ea3n \u0111\u00e3 ph\u00e1t tri\u1ec3n kh\u00e1 nhanh ch\u00f3ng, bao g\u1ed3m c\u00e1c quy \u0111\u1ecbnh v\u1ec1 m\u00f4i tr\u01b0\u1eddng, thay \u0111\u1ed5i lu\u1eadt thu\u1ebf, quy chu\u1ea9n x\u00e2y d\u1ef1ng v\u00e0 h\u1ea1n ch\u1ebf quy ho\u1ea1ch, v\u00e0 gi\u1ea5y ph\u00e9p x\u00e2y d\u1ef1ng.<\/p>\n<p>Ch\u00fang t\u00f4i \u0111\u00e3 l\u00e0m vi\u1ec7c v\u1edbi c\u00e1c nh\u00e0 ph\u00e1t tri\u1ec3n b\u1ea5t \u0111\u1ed9ng s\u1ea3n l\u1edbn v\u00e0 nh\u1ecf \u0111\u1ec3 t\u01b0 v\u1ea5n cho h\u1ecd v\u1ec1 t\u00e1c \u0111\u1ed9ng ph\u00e1p l\u00fd c\u1ee7a c\u00e1c d\u1ef1 \u00e1n c\u1ee7a h\u1ecd v\u00e0 c\u00e1ch b\u1ea3o v\u1ec7 ch\u00fang t\u1ed1t h\u01a1n kh\u1ecfi s\u1ef1 c\u1ed1 l\u1ed9 di\u1ec7n.<\/p>\n<p>Ch\u00fang t\u00f4i c\u0169ng tham gia v\u00e0o vi\u1ec7c chu\u1ea9n b\u1ecb v\u00e0 xem x\u00e9t c\u00e1c \u0111\u01a1n g\u1eedi \u0111\u1ebfn c\u00e1c c\u01a1 quan Nh\u00e0 n\u01b0\u1edbc c\u00f3 th\u1ea9m quy\u1ec1n trong m\u1ecdi giai \u0111o\u1ea1n c\u1ee7a li\u00ean doanh.<\/p>\n<p>Nhi\u1ec1u n\u0103m th\u1ef1c h\u00e0nh c\u1ee7a ch\u00fang t\u00f4i \u0111\u00e3 r\u00e8n luy\u1ec7n cho ch\u00fang t\u00f4i kh\u1ea3 n\u0103ng tu\u00e2n th\u1ee7 quan li\u00eau v\u1edbi t\u1ed1c \u0111\u1ed9 tuy\u1ec7t v\u1eddi m\u00e0 kh\u00f4ng \u1ea3nh h\u01b0\u1edfng \u0111\u1ebfn s\u1ef1 t\u1ec9 m\u1ec9.<\/p>\n<p>Ngo\u00e0i c\u00e1c c\u01a1 quan ch\u00ednh ph\u1ee7 c\u00f3 li\u00ean quan, m\u1ea1ng l\u01b0\u1edbi c\u1ee7a ch\u00fang t\u00f4i c\u0169ng k\u1ebft n\u1ed1i ch\u00fang t\u00f4i v\u1edbi c\u00e1c nh\u00e0 th\u1ea7u v\u00e0 nh\u00e0 t\u00e0i ch\u00ednh, nh\u1eefng ng\u01b0\u1eddi cho ch\u00fang t\u00f4i th\u00f4ng tin chi ti\u1ebft v\u1ec1 l\u0129nh v\u1ef1c quan tr\u1ecdng gi\u00fap t\u0103ng th\u00eam ch\u1ea5t l\u01b0\u1ee3ng c\u00f4ng vi\u1ec7c c\u1ee7a ch\u00fang t\u00f4i.<\/p>\n<p>V\u1edbi kh\u1ea3 n\u0103ng b\u1ea3n \u0111\u1ecba h\u00f3a c\u00e1c chi ti\u1ebft c\u1ee5 th\u1ec3 c\u1ee7a d\u1ef1 \u00e1n c\u1ee7a kh\u00e1ch h\u00e0ng trong lu\u1eadt ph\u00e1p Vi\u1ec7t Nam, ch\u00fang t\u00f4i nhanh ch\u00f3ng t\u00ecm ra k\u1ebft qu\u1ea3 ph\u00f9 h\u1ee3p, t\u1eadp trung v\u00e0o gi\u00e1 tr\u1ecb v\u00e0 kh\u1ea3 thi v\u1ec1 m\u1eb7t th\u01b0\u01a1ng m\u1ea1i, khi\u1ebfn ch\u00fang t\u00f4i tr\u1edf th\u00e0nh m\u1ed9t trong nh\u1eefng c\u00f4ng ty lu\u1eadt b\u1ea5t \u0111\u1ed9ng s\u1ea3n \u0111\u01b0\u1ee3c s\u0103n \u0111\u00f3n nh\u1ea5t trong khu v\u1ef1c.<\/p>\n<h2>H\u1ee3p \u0111\u1ed3ng cho thu\u00ea, EPC, x\u00e2y d\u1ef1ng, qu\u1ea3n l\u00fd<\/h2>\n<p>Cho d\u00f9 b\u1ea1n \u0111ang mua c\u0103n nh\u00e0 \u0111\u1ea7u ti\u00ean hay \u0111ang cho thu\u00ea b\u1ea5t \u0111\u1ed9ng s\u1ea3n, Lu\u1eadt s\u01b0 Doanh nghi\u1ec7p c\u00f3 th\u1ec3 h\u01b0\u1edbng d\u1eabn b\u1ea1n m\u1ed9t c\u00e1ch to\u00e0n di\u1ec7n v\u1ec1 th\u1ecb tr\u01b0\u1eddng b\u1ea5t \u0111\u1ed9ng s\u1ea3n ph\u1ee9c t\u1ea1p t\u1ea1i Vi\u1ec7t Nam.<\/p>\n<p>C\u00e1c lu\u1eadt s\u01b0 b\u1ea5t \u0111\u1ed9ng s\u1ea3n c\u1ee7a ch\u00fang t\u00f4i c\u00f3 hi\u1ec3u bi\u1ebft c\u1ea7n thi\u1ebft v\u1ec1 lu\u1eadt ph\u00e1p v\u00e0 ki\u1ebfn \u200b\u200bth\u1ee9c v\u1ec1 ng\u00e0nh \u0111\u1ec3 gi\u00fap b\u1ea1n chu\u1ea9n b\u1ecb v\u00e0 xem x\u00e9t b\u1ea5t k\u1ef3 th\u1ecfa thu\u1eadn n\u00e0o c\u00f3 gi\u00e1 tr\u1ecb ph\u00e1p l\u00fd, t\u01b0 v\u1ea5n v\u1ec1 c\u00e1c th\u1ee7 t\u1ee5c giao d\u1ecbch v\u00e0 h\u01b0\u1edbng d\u1eabn b\u1ea1n th\u00f4ng qua c\u00e1c ch\u00ednh s\u00e1ch b\u1ea3o hi\u1ec3m c\u00f3 th\u1ec3 c\u00f3.<\/p>\n<p>V\u00ec m\u1ed7i v\u1ea5n \u0111\u1ec1 b\u1ea5t \u0111\u1ed9ng s\u1ea3n v\u00e0 nh\u00e0 \u1edf l\u00e0 duy nh\u1ea5t v\u1ec1 \u0111i\u1ec1u ki\u1ec7n \u0111\u1ecba h\u00ecnh v\u00e0 t\u00e0i ch\u00ednh, c\u00e1c lu\u1eadt s\u01b0 c\u1ee7a ch\u00fang t\u00f4i c\u00f3 kh\u1ea3 n\u0103ng nh\u1ea1y b\u00e9n chuy\u00ean nghi\u1ec7p \u0111\u1ec3 th\u1ef1c hi\u1ec7n \u0111\u00e1nh gi\u00e1 c\u1ea9n th\u1eadn t\u1eebng tr\u01b0\u1eddng h\u1ee3p sau \u0111\u00f3 \u0111i\u1ec1u ch\u1ec9nh c\u00e1c \u0111i\u1ec1u kho\u1ea3n h\u1ee3p \u0111\u1ed3ng t\u01b0\u01a1ng \u1ee9ng.<\/p>\n<p>Khi l\u00e0m nh\u01b0 v\u1eady, ch\u00fang t\u00f4i nh\u1eb1m m\u1ee5c \u0111\u00edch tr\u00e1nh nh\u1eefng ph\u1ee9c t\u1ea1p c\u00f3 th\u1ec3 x\u1ea3y ra c\u00f3 th\u1ec3 ph\u00e1t sinh chi ph\u00ed, g\u00e2y ch\u1eadm tr\u1ec5 v\u00e0 d\u1eabn \u0111\u1ebfn xung \u0111\u1ed9t tranh ch\u1ea5p.<\/p>\n<p>Khi gi\u1ea3i quy\u1ebft c\u00e1c tr\u01b0\u1eddng h\u1ee3p ch\u1ee7 nh\u00e0 v\u00e0 x\u00e2y d\u1ef1ng, ch\u00fang t\u00f4i hi\u1ec3u r\u1eb1ng qu\u1ea3n l\u00fd chi ph\u00ed v\u00e0 th\u1eddi gian \u0111\u00f3ng m\u1ed9t vai tr\u00f2 quan tr\u1ecdng trong qu\u00e1 tr\u00ecnh ra quy\u1ebft \u0111\u1ecbnh c\u1ee7a kh\u00e1ch h\u00e0ng.<\/p>\n<p>S\u1ef1 ch\u1eadm tr\u1ec5 c\u00f3 th\u1ec3 khi\u1ebfn gi\u00e1 th\u1ecb tr\u01b0\u1eddng t\u0103ng \u0111\u1ed9t bi\u1ebfn ho\u1eb7c c\u00e1c nh\u00e0 th\u1ea7u r\u00fat lui. V\u00ec v\u1eady, c\u00e1c lu\u1eadt s\u01b0 b\u1ea5t \u0111\u1ed9ng s\u1ea3n c\u1ee7a ch\u00fang t\u00f4i cam k\u1ebft l\u00e0m vi\u1ec7c ch\u0103m ch\u1ec9 nh\u1ea5t \u0111\u1ec3 cung c\u1ea5p c\u00e1c t\u01b0 v\u1ea5n v\u00e0 s\u1ea3n ph\u1ea9m hi\u1ec7u qu\u1ea3 v\u00e0 ch\u00ednh x\u00e1c, nh\u1eb1m gi\u1ea3m thi\u1ec3u t\u00e1c \u0111\u1ed9ng t\u1eeb bi\u1ebfn \u0111\u1ed9ng th\u1ecb tr\u01b0\u1eddng tr\u01b0\u1edbc khi k\u1ebft th\u00fac.<\/p>\n<p>S\u1ef1 chuy\u00ean nghi\u1ec7p \u0111\u1ea3m b\u1ea3o c\u1ee7a <a href=\"https:\/\/corporatecounsels.vn\/vi\/\">Lu\u1eadt s\u01b0 doanh nghi\u1ec7p<\/a> th\u1eadn tr\u1ecdng, nhanh ch\u00f3ng v\u00e0 hi\u1ec7u qu\u1ea3 gi\u00fap cung c\u1ea5p cho kh\u00e1ch h\u00e0ng c\u1ee7a ch\u00fang t\u00f4i kh\u1ea3 n\u0103ng \u0111i\u1ec1u h\u01b0\u1edbng r\u00f5 r\u00e0ng v\u00e0 hi\u1ec7u qu\u1ea3 v\u1ec1 chi ph\u00ed th\u00f4ng qua c\u00e1c th\u1ee7 t\u1ee5c ph\u00e1p l\u00fd ph\u1ee9c t\u1ea1p.<\/p>\n<p>M\u1ee5c ti\u00eau cu\u1ed1i c\u00f9ng c\u1ee7a ch\u00fang t\u00f4i l\u00e0 gi\u00fap kh\u00e1ch h\u00e0ng c\u1ee7a m\u00ecnh \u0111\u1ea3m b\u1ea3o c\u00e1c giao d\u1ecbch li\u00ean quan \u0111\u1ebfn b\u1ea5t \u0111\u1ed9ng s\u1ea3n an to\u00e0n, nhanh ch\u00f3ng v\u00e0 su\u00f4n s\u1ebb khi h\u1ecd \u0111ang \u0111\u1ea7u t\u01b0 v\u00e0 x\u00e2y d\u1ef1ng cu\u1ed9c s\u1ed1ng t\u1ea1i ng\u00f4i nh\u00e0 ti\u1ebfp theo c\u1ee7a m\u00ecnh.<\/p>\n","protected":false},"excerpt":{"rendered":"<p>Lorem ipsum dolor sit amet, consectetur adipiscing elit, sed do eiusmod tempor ut labore et dolore magna aliqua.<\/p>\n","protected":false},"author":41,"featured_media":83630,"parent":83345,"menu_order":6,"comment_status":"closed","ping_status":"closed","template":"page-practices.php","meta":[],"_links":{"self":[{"href":"https:\/\/corporatecounsels.vn\/vi\/wp-json\/wp\/v2\/pages\/83349"}],"collection":[{"href":"https:\/\/corporatecounsels.vn\/vi\/wp-json\/wp\/v2\/pages"}],"about":[{"href":"https:\/\/corporatecounsels.vn\/vi\/wp-json\/wp\/v2\/types\/page"}],"author":[{"embeddable":true,"href":"https:\/\/corporatecounsels.vn\/vi\/wp-json\/wp\/v2\/users\/41"}],"replies":[{"embeddable":true,"href":"https:\/\/corporatecounsels.vn\/vi\/wp-json\/wp\/v2\/comments?post=83349"}],"version-history":[{"count":4,"href":"https:\/\/corporatecounsels.vn\/vi\/wp-json\/wp\/v2\/pages\/83349\/revisions"}],"predecessor-version":[{"id":84382,"href":"https:\/\/corporatecounsels.vn\/vi\/wp-json\/wp\/v2\/pages\/83349\/revisions\/84382"}],"up":[{"embeddable":true,"href":"https:\/\/corporatecounsels.vn\/vi\/wp-json\/wp\/v2\/pages\/83345"}],"wp:featuredmedia":[{"embeddable":true,"href":"https:\/\/corporatecounsels.vn\/vi\/wp-json\/wp\/v2\/media\/83630"}],"wp:attachment":[{"href":"https:\/\/corporatecounsels.vn\/vi\/wp-json\/wp\/v2\/media?parent=83349"}],"curies":[{"name":"wp","href":"https:\/\/api.w.org\/{rel}","templated":true}]}}