{"id":83344,"date":"2021-10-20T11:20:06","date_gmt":"2021-10-20T04:20:06","guid":{"rendered":"https:\/\/corporatecounsels.vn\/antitrust-competition-law-compliance\/"},"modified":"2022-12-28T14:49:19","modified_gmt":"2022-12-28T07:49:19","slug":"luat-canh-tranh","status":"publish","type":"page","link":"https:\/\/corporatecounsels.vn\/vi\/practices\/luat-canh-tranh\/","title":{"rendered":"Lu\u1eadt C\u1ea1nh tranh &#038; Ch\u1ed1ng \u0111\u1ed9c quy\u1ec1n"},"content":{"rendered":"<p>Ch\u1ed1ng \u0111\u1ed9c quy\u1ec1n, hay lu\u1eadt c\u1ea1nh tranh, l\u00e0 m\u1ed9t \u0111\u1ea1o lu\u1eadt \u0111\u01b0\u1ee3c thi\u1ebft k\u1ebf \u0111\u1ec3 h\u1ea1n ch\u1ebf s\u1ef1 th\u1ed1ng l\u0129nh th\u1ecb tr\u01b0\u1eddng v\u00e0 \u0111i\u1ec1u ch\u1ec9nh c\u00e1c ho\u1ea1t \u0111\u1ed9ng kinh doanh. T\u1ea1i Vi\u1ec7t Nam, lu\u1eadt m\u1edf r\u1ed9ng cho t\u1ea5t c\u1ea3 c\u00e1c ch\u1ee7 th\u1ec3 trong v\u00e0 ngo\u00e0i n\u01b0\u1edbc c\u00f3 kh\u1ea3 n\u0103ng \u1ea3nh h\u01b0\u1edfng \u0111\u1ebfn c\u1ea1nh tranh th\u1ecb tr\u01b0\u1eddng trong n\u01b0\u1edbc.<\/p>\n<p>L\u00e0 m\u1ed9t c\u00f4ng ty lu\u1eadt \u0111\u1ecba ph\u01b0\u01a1ng, Lu\u1eadt s\u01b0 Doanh nghi\u1ec7p c\u00f3 l\u1ee3i th\u1ebf l\u00e0 hi\u1ec3u bi\u1ebft s\u00e2u s\u1eafc v\u1ec1 c\u01a1 quan ch\u1ed1ng khi\u1ebfu n\u1ea1i \u1edf \u0111\u1ecba ph\u01b0\u01a1ng. \u0110i\u1ec1u \u0111\u00f3, c\u00f9ng v\u1edbi s\u1ef1 hi\u1ec3u bi\u1ebft c\u1ee7a ch\u00fang t\u00f4i v\u1ec1 c\u00e1c ch\u00ednh s\u00e1ch ch\u1ed1ng \u0111\u1ed9c quy\u1ec1n v\u00e0 c\u1ea1nh tranh, gi\u00fap ch\u00fang t\u00f4i tr\u1edf th\u00e0nh nh\u1eefng lu\u1eadt s\u01b0 h\u00e0ng \u0111\u1ea7u \u0111\u1ec3 \u0111i\u1ec1u h\u01b0\u1edbng qu\u00e1 tr\u00ecnh \u0111i\u1ec1u tra v\u00e0 ph\u00ea duy\u1ec7t. Nh\u00f3m ch\u1ed1ng \u0111\u1ed9c quy\u1ec1n v\u00e0 c\u1ea1nh tranh c\u1ee7a ch\u00fang t\u00f4i bao g\u1ed3m c\u00e1c lu\u1eadt s\u01b0 d\u00e0y d\u1ea1n kinh nghi\u1ec7m v\u1edbi s\u1ef1 s\u1eafc s\u1ea3o v\u00e0 hi\u1ec7u qu\u1ea3 s\u1ebd mang \u0111\u1ebfn gi\u1ea3i ph\u00e1p th\u00f4ng minh nh\u1ea5t. Ch\u00fang t\u00f4i kh\u00f4ng n\u00e9 tr\u00e1nh m\u1ed9t tr\u01b0\u1eddng h\u1ee3p c\u00f3 ho\u00e0n c\u1ea3nh kh\u00f3 kh\u0103n, \u0111\u00f3 l\u00e0 l\u00fd do t\u1ea1i sao kh\u00e1ch h\u00e0ng c\u1ee7a ch\u00fang t\u00f4i \u0111\u00e3 \u0111\u1eb7t ni\u1ec1m tin v\u00e0o ch\u00fang t\u00f4i khi ti\u1ec1n \u0111\u1eb7t c\u1ecdc l\u00e0 cao nh\u1ea5t.<\/p>\n<p>Ch\u00fang t\u00f4i \u0111\u00e3 ch\u1ee9ng ki\u1ebfn \u200b\u200bc\u00e1c c\u00f4ng ty tr\u1ea3i qua c\u0103ng th\u1eb3ng v\u00e0 b\u1ecb ti\u00eau hao th\u1eddi gian v\u00e0 c\u00f4ng s\u1ee9c c\u1ee7a h\u1ecd b\u1edfi qu\u00e1 tr\u00ecnh \u0111i\u1ec1u tra c\u1ee7a ch\u00ednh ph\u1ee7. V\u00ec l\u00fd do \u0111\u00f3, Lu\u1eadt s\u01b0 t\u01b0 v\u1ea5n doanh nghi\u1ec7p mu\u1ed1n s\u1eed d\u1ee5ng chuy\u00ean m\u00f4n c\u1ee7a ch\u00fang t\u00f4i \u0111\u1ec3 n\u00e2ng cao g\u00e1nh n\u1eb7ng t\u1eeb kh\u00e1ch h\u00e0ng, gi\u00fap h\u1ecd chuy\u1ec3n h\u01b0\u1edbng ngu\u1ed3n l\u1ef1c c\u1ee7a m\u00ecnh \u0111\u1ebfn chuy\u00ean m\u00f4n c\u1ee7a h\u1ecd v\u00e0 b\u1ea3o v\u1ec7 l\u1ee3i \u00edch h\u1ee3p ph\u00e1p c\u1ee7a h\u1ecd.<\/p>\n<h2>T\u01b0 v\u1ea5n Lu\u1eadt C\u1ea1nh tranh &amp; Ch\u1ed1ng \u0111\u1ed9c quy\u1ec1n<\/h2>\n<p>\u0110\u1ed9i ng\u0169 lu\u1eadt s\u01b0 l\u00e0nh ngh\u1ec1 v\u00e0 kinh nghi\u1ec7m t\u1eadp th\u1ec3 c\u1ee7a ch\u00fang t\u00f4i v\u1edbi c\u00e1c c\u01a1 quan th\u1ef1c thi ph\u00e1p lu\u1eadt t\u1ea1i Vi\u1ec7t Nam l\u00e0 nh\u1eefng y\u1ebfu t\u1ed1 kh\u00f4ng th\u1ec3 thi\u1ebfu trong vi\u1ec7c th\u00e0nh l\u1eadp Lu\u1eadt s\u01b0 T\u01b0 v\u1ea5n Doanh nghi\u1ec7p v\u1edbi t\u01b0 c\u00e1ch l\u00e0 m\u1ed9t trong nh\u1eefng c\u1ed1 v\u1ea5n ph\u00e1p lu\u1eadt H\u00e0ng \u0111\u1ea7u v\u1ec1 Lu\u1eadt C\u1ea1nh tranh &amp; Ch\u1ed1ng \u0110\u1ed9c quy\u1ec1n. C\u00e1c cu\u1ed9c \u0111\u00e0m ph\u00e1n th\u01b0\u1eddng xuy\u00ean c\u1ee7a ch\u00fang t\u00f4i v\u1edbi c\u00e1c c\u01a1 quan ch\u00ednh ph\u1ee7 v\u1ec1 vi\u1ec7c tu\u00e2n th\u1ee7 ch\u1ed1ng \u0111\u1ed9c quy\u1ec1n \u0111\u00e3 cho ch\u00fang t\u00f4i c\u00e1i nh\u00ecn s\u00e2u s\u1eafc \u0111\u00e1ng kinh ng\u1ea1c v\u1ec1 c\u00e1c c\u01a1 ch\u1ebf c\u1ee7a quy \u0111\u1ecbnh m\u00e0 c\u00f2n t\u1ea1o n\u00ean uy t\u00edn v\u1eefng ch\u1eafc c\u1ee7a ch\u00fang t\u00f4i v\u1edbi t\u01b0 c\u00e1ch l\u00e0 ng\u01b0\u1eddi h\u00e0nh ngh\u1ec1 ph\u00e1p l\u00fd v\u00e0 ng\u01b0\u1eddi \u0111\u1ea1i di\u1ec7n.<\/p>\n<p>Do \u0111\u00f3, c\u00e1c lu\u1eadt s\u01b0 ch\u1ed1ng \u0111\u1ed9c quy\u1ec1n c\u1ee7a ch\u00fang t\u00f4i c\u00f3 c\u00e1c c\u00f4ng c\u1ee5 \u0111\u1ec3 ph\u00e2n t\u00edch t\u00ecnh hu\u1ed1ng c\u1ee5 th\u1ec3, t\u00f9y ch\u1ec9nh gi\u1ea3i ph\u00e1p \u0111\u1ec3 ng\u0103n ch\u1eb7n ho\u1eb7c \u0111\u00ecnh ch\u1ec9 c\u00e1c cu\u1ed9c \u0111i\u1ec1u tra c\u1ee7a ch\u00ednh ph\u1ee7 v\u00e0 gi\u00fap kh\u00e1ch h\u00e0ng c\u1ee7a ch\u00fang t\u00f4i c\u00f3 \u0111\u01b0\u1ee3c quy\u1ec1n mi\u1ec5n tr\u1eeb trong c\u00e1c tr\u01b0\u1eddng h\u1ee3p ch\u1ed1ng c\u1ea1nh tranh.<\/p>\n<h2>H\u1ed3 s\u01a1 s\u00e1p nh\u1eadp<\/h2>\n<p>D\u1ef1a v\u00e0o m\u1ed1i quan h\u1ec7 b\u1ec1n ch\u1eb7t c\u1ee7a ch\u00fang t\u00f4i v\u1edbi c\u00e1c quan ch\u1ee9c ch\u1ed1ng ph\u00e2n chia, c\u00e1c lu\u1eadt s\u01b0 c\u1ee7a ch\u00fang t\u00f4i \u0111\u00e3 th\u00e0nh c\u00f4ng l\u1edbn trong vi\u1ec7c xin mi\u1ec5n tr\u1eeb ch\u1ed1ng \u0111\u1ed9c quy\u1ec1n v\u00e0 x\u00f3a th\u00f4ng tin h\u1ee3p nh\u1ea5t cho nhi\u1ec1u v\u1ee5 s\u00e1p nh\u1eadp t\u1ea1i Vi\u1ec7t Nam trong khi v\u1eabn gi\u1eef \u0111\u01b0\u1ee3c t\u00ednh to\u00e0n v\u1eb9n v\u00e0 c\u1ea5u tr\u00fac c\u1ee7a giao d\u1ecbch nh\u01b0 d\u1ef1 \u0111\u1ecbnh ban \u0111\u1ea7u c\u1ee7a kh\u00e1ch h\u00e0ng. Nh\u1eefng n\u0103m ho\u1ea1t \u0111\u1ed9ng trong ng\u00e0nh c\u1ee7a ch\u00fang t\u00f4i c\u0169ng \u0111\u00e3 cho ch\u00fang t\u00f4i r\u1ea5t nhi\u1ec1u kh\u1ea3 n\u0103ng \u0111\u1ec3 gi\u1ea3i quy\u1ebft m\u1ecdi xung \u0111\u1ed9t v\u00e0 \u00e1p d\u1ee5ng b\u1ea5t k\u1ef3 bi\u1ec7n ph\u00e1p kh\u1eafc ph\u1ee5c n\u00e0o \u0111\u1ec3 c\u00f3 \u0111\u01b0\u1ee3c s\u1ef1 ch\u1ea5p thu\u1eadn c\u1ee7a c\u01a1 quan Nh\u00e0 n\u01b0\u1edbc th\u00edch h\u1ee3p.<\/p>\n<p>R\u1ea5t hi\u1ebfm khi c\u00e1c d\u1ef1 \u00e1n s\u00e1p nh\u1eadp c\u1ee7a kh\u00e1ch h\u00e0ng c\u1ee7a ch\u00fang t\u00f4i ph\u1ea3i \u0111\u01b0a ra t\u00f2a, \u0111i\u1ec1u n\u00e0y c\u00e0ng minh ch\u1ee9ng cho n\u0103ng l\u1ef1c c\u1ee7a ch\u00fang t\u00f4i. C\u00e1c d\u1ecbch v\u1ee5 ph\u00e1p l\u00fd c\u1ee7a ch\u00fang t\u00f4i bao g\u1ed3m t\u01b0 v\u1ea5n v\u1ec1 lu\u1eadt ch\u1ed1ng \u0111\u1ed9c quy\u1ec1n qu\u1ed1c gia v\u00e0 c\u1ea5u tr\u00fac c\u1ee7a th\u1ecfa thu\u1eadn, so\u1ea1n th\u1ea3o t\u00e0i li\u1ec7u v\u00e0 b\u1ea3n tr\u00ecnh b\u00e0y, ph\u1ea3n h\u1ed3i c\u00e1c bi\u1ec7n ph\u00e1p kh\u1eafc ph\u1ee5c trong qu\u00e1 tr\u00ecnh \u0111i\u1ec1u tra v\u00e0 kh\u1edfi ki\u1ec7n m\u1ed9t th\u00e1ch th\u1ee9c ch\u1ed1ng \u0111\u1ed9c quy\u1ec1n n\u1ebfu c\u1ea7n thi\u1ebft.<\/p>\n","protected":false},"excerpt":{"rendered":"<p>Lorem ipsum dolor sit amet, consectetur adipiscing elit, sed do eiusmod tempor ut labore et dolore magna aliqua.<\/p>\n","protected":false},"author":41,"featured_media":83605,"parent":83345,"menu_order":1,"comment_status":"closed","ping_status":"closed","template":"page-practices.php","meta":[],"_links":{"self":[{"href":"https:\/\/corporatecounsels.vn\/vi\/wp-json\/wp\/v2\/pages\/83344"}],"collection":[{"href":"https:\/\/corporatecounsels.vn\/vi\/wp-json\/wp\/v2\/pages"}],"about":[{"href":"https:\/\/corporatecounsels.vn\/vi\/wp-json\/wp\/v2\/types\/page"}],"author":[{"embeddable":true,"href":"https:\/\/corporatecounsels.vn\/vi\/wp-json\/wp\/v2\/users\/41"}],"replies":[{"embeddable":true,"href":"https:\/\/corporatecounsels.vn\/vi\/wp-json\/wp\/v2\/comments?post=83344"}],"version-history":[{"count":3,"href":"https:\/\/corporatecounsels.vn\/vi\/wp-json\/wp\/v2\/pages\/83344\/revisions"}],"predecessor-version":[{"id":84357,"href":"https:\/\/corporatecounsels.vn\/vi\/wp-json\/wp\/v2\/pages\/83344\/revisions\/84357"}],"up":[{"embeddable":true,"href":"https:\/\/corporatecounsels.vn\/vi\/wp-json\/wp\/v2\/pages\/83345"}],"wp:featuredmedia":[{"embeddable":true,"href":"https:\/\/corporatecounsels.vn\/vi\/wp-json\/wp\/v2\/media\/83605"}],"wp:attachment":[{"href":"https:\/\/corporatecounsels.vn\/vi\/wp-json\/wp\/v2\/media?parent=83344"}],"curies":[{"name":"wp","href":"https:\/\/api.w.org\/{rel}","templated":true}]}}